{"id":3057,"date":"2021-03-03T14:17:48","date_gmt":"2021-03-03T12:17:48","guid":{"rendered":"https:\/\/www.malpelo.org\/?page_id=3057"},"modified":"2021-03-08T15:25:59","modified_gmt":"2021-03-08T13:25:59","slug":"maria-munoz","status":"publish","type":"page","link":"https:\/\/www.malpelo.org\/fr\/qui-sommes-nous\/maria-munoz\/","title":{"rendered":"Mar\u00eda Mu\u00f1oz"},"content":{"rendered":"<div class=\"wpb-content-wrapper\"><p>[vc_section][vc_row][vc_column width=\u00a0\u00bb2\/3&Prime;][vc_column_text]<\/p>\n<h3>Trajectoire<\/h3>\n<p><strong>Mar\u00eda Mu\u00f1oz<\/strong> (Valence, Espagne). Ses parents sont n\u00e9s \u00e0 Chera (Guadalajara) et Panticosa (Pyr\u00e9n\u00e9es aragonaises) et elle grandit \u00e0 Valence o\u00f9 \u00e9tudie de la musique et pratique la comp\u00e9tition d&rsquo;athl\u00e9tisme. Elle d\u00e9marre aussi l\u00e0 \u00e9tudes de danse et ensuite continue \u00e0 Amsterdam et Barcelone. Elle a sa premi\u00e8re exp\u00e9rience professionnelle avec la compagnie japonaise r\u00e9sidente en Hollande Shusaku &amp; Dormu Dance Theater dans le spectacle \u00ab\u00a0Era\u00a0\u00bb en 1982. En 1985, la formation de La Dux avec Maria Ant\u00f2nia Oliver marque le d\u00e9but de sa carri\u00e8re personnelle dans la cr\u00e9ation sc\u00e9nique. En 1988, elle collabore avec Pep Ramis dans la cr\u00e9ation su solo \u00ab\u00a0Cuarto Trastero\u00a0\u00bb et en 1989, ils forment le groupe Mal Pelo auquel partagent depuis la cr\u00e9ation et la direction. Au sein du groupe, elle d\u00e9veloppe une facette de recherche et p\u00e9dagogie du mouvement. Aussi elle \u00e9dite et stimule la cr\u00e9ation de textes pour la sc\u00e8ne. Actuellement elle es chor\u00e9graphe, danseuse et directrice du Centre de Cr\u00e9ation L\u2019animal a l\u2019esquena \u00e0 Celr\u00e0, Girona.<\/p>\n\n<p>[\/vc_column_text][\/vc_column][vc_column width=\u00a0\u00bb1\/3&Prime;][vc_column_text]<\/p>\n<h3>Liens d&rsquo;int\u00e9r\u00eat<\/h3>\n<p>[\/vc_column_text][vc_btn title=\u00a0\u00bbVoir CV Maria Mu\u00f1oz\u00a0\u00bb style=\u00a0\u00bbclassic\u00a0\u00bb shape=\u00a0\u00bbsquare\u00a0\u00bb color=\u00a0\u00bbblack\u00a0\u00bb i_align=\u00a0\u00bbright\u00a0\u00bb i_icon_fontawesome=\u00a0\u00bb\u00a0\u00bb add_icon=\u00a0\u00bbtrue\u00a0\u00bb link=\u00a0\u00bburl:https%3A%2F%2Fwww.malpelo.org%2Fwp-content%2Fuploads%2F2021%2F03%2FFR_CV_Maria-Munoz.pdf||target:%20_blank|\u00a0\u00bb][\/vc_column][\/vc_row][\/vc_section][vc_row][vc_column][vc_images_carousel images=\u00a0\u00bb804,383,387,165,1340,1892,1896,1900,1904,1908,1912,1920,1924,1928&Prime; img_size=\u00a0\u00bb800&#215;600&Prime; autoplay=\u00a0\u00bbyes\u00a0\u00bb][\/vc_column][\/vc_row]<\/p>\n<\/div>","protected":false},"excerpt":{"rendered":"<p>[vc_section][vc_row][vc_column width=\u00a0\u00bb2\/3&Prime;][vc_column_text] Trajectoire Mar\u00eda Mu\u00f1oz (Valence, Espagne). Ses parents sont n\u00e9s \u00e0 Chera (Guadalajara) et Panticosa (Pyr\u00e9n\u00e9es aragonaises) et elle grandit \u00e0 Valence o\u00f9 \u00e9tudie de la musique et pratique la comp\u00e9tition d&rsquo;athl\u00e9tisme. Elle d\u00e9marre aussi l\u00e0 \u00e9tudes de danse et ensuite continue \u00e0 Amsterdam et Barcelone. Elle a sa premi\u00e8re exp\u00e9rience professionnelle avec la [&hellip;]<\/p>\n","protected":false},"author":1,"featured_media":872,"parent":3054,"menu_order":0,"comment_status":"closed","ping_status":"closed","template":"","meta":{"_acf_changed":false,"footnotes":""},"class_list":["post-3057","page","type-page","status-publish","hentry"],"acf":[],"yoast_head":"<!-- This site is optimized with the Yoast SEO plugin v27.4 - https:\/\/yoast.com\/product\/yoast-seo-wordpress\/ -->\n<title>Mar\u00eda Mu\u00f1oz - Mal Pelo<\/title>\n<meta name=\"robots\" content=\"index, follow, max-snippet:-1, max-image-preview:large, max-video-preview:-1\" \/>\n<link rel=\"canonical\" href=\"https:\/\/www.malpelo.org\/fr\/qui-sommes-nous\/maria-munoz\/\" \/>\n<meta property=\"og:locale\" content=\"fr_FR\" \/>\n<meta property=\"og:type\" content=\"article\" \/>\n<meta property=\"og:title\" content=\"Mar\u00eda Mu\u00f1oz - Mal Pelo\" \/>\n<meta property=\"og:description\" content=\"[vc_section][vc_row][vc_column width=\u00a0\u00bb2\/3&Prime;][vc_column_text] Trajectoire Mar\u00eda Mu\u00f1oz (Valence, Espagne). Ses parents sont n\u00e9s \u00e0 Chera (Guadalajara) et Panticosa (Pyr\u00e9n\u00e9es aragonaises) et elle grandit \u00e0 Valence o\u00f9 \u00e9tudie de la musique et pratique la comp\u00e9tition d&rsquo;athl\u00e9tisme. Elle d\u00e9marre aussi l\u00e0 \u00e9tudes de danse et ensuite continue \u00e0 Amsterdam et Barcelone. Elle a sa premi\u00e8re exp\u00e9rience professionnelle avec la [&hellip;]\" \/>\n<meta property=\"og:url\" content=\"https:\/\/www.malpelo.org\/fr\/qui-sommes-nous\/maria-munoz\/\" \/>\n<meta property=\"og:site_name\" content=\"Mal Pelo\" \/>\n<meta property=\"article:modified_time\" content=\"2021-03-08T13:25:59+00:00\" \/>\n<meta property=\"og:image\" content=\"https:\/\/www.malpelo.org\/wp-content\/uploads\/2020\/04\/Bach-e1586860939968.png\" \/>\n\t<meta property=\"og:image:width\" content=\"2380\" \/>\n\t<meta property=\"og:image:height\" content=\"1337\" \/>\n\t<meta property=\"og:image:type\" content=\"image\/png\" \/>\n<meta name=\"twitter:card\" content=\"summary_large_image\" \/>\n<meta name=\"twitter:label1\" content=\"Dur\u00e9e de lecture estim\u00e9e\" \/>\n\t<meta name=\"twitter:data1\" content=\"1 minute\" \/>\n<script type=\"application\/ld+json\" class=\"yoast-schema-graph\">{\"@context\":\"https:\\\/\\\/schema.org\",\"@graph\":[{\"@type\":\"WebPage\",\"@id\":\"https:\\\/\\\/www.malpelo.org\\\/fr\\\/qui-sommes-nous\\\/maria-munoz\\\/\",\"url\":\"https:\\\/\\\/www.malpelo.org\\\/fr\\\/qui-sommes-nous\\\/maria-munoz\\\/\",\"name\":\"Mar\u00eda Mu\u00f1oz - Mal Pelo\",\"isPartOf\":{\"@id\":\"https:\\\/\\\/www.malpelo.org\\\/#website\"},\"primaryImageOfPage\":{\"@id\":\"https:\\\/\\\/www.malpelo.org\\\/fr\\\/qui-sommes-nous\\\/maria-munoz\\\/#primaryimage\"},\"image\":{\"@id\":\"https:\\\/\\\/www.malpelo.org\\\/fr\\\/qui-sommes-nous\\\/maria-munoz\\\/#primaryimage\"},\"thumbnailUrl\":\"https:\\\/\\\/www.malpelo.org\\\/wp-content\\\/uploads\\\/2020\\\/04\\\/Bach-e1586860939968.png\",\"datePublished\":\"2021-03-03T12:17:48+00:00\",\"dateModified\":\"2021-03-08T13:25:59+00:00\",\"breadcrumb\":{\"@id\":\"https:\\\/\\\/www.malpelo.org\\\/fr\\\/qui-sommes-nous\\\/maria-munoz\\\/#breadcrumb\"},\"inLanguage\":\"fr-FR\",\"potentialAction\":[{\"@type\":\"ReadAction\",\"target\":[\"https:\\\/\\\/www.malpelo.org\\\/fr\\\/qui-sommes-nous\\\/maria-munoz\\\/\"]}]},{\"@type\":\"ImageObject\",\"inLanguage\":\"fr-FR\",\"@id\":\"https:\\\/\\\/www.malpelo.org\\\/fr\\\/qui-sommes-nous\\\/maria-munoz\\\/#primaryimage\",\"url\":\"https:\\\/\\\/www.malpelo.org\\\/wp-content\\\/uploads\\\/2020\\\/04\\\/Bach-e1586860939968.png\",\"contentUrl\":\"https:\\\/\\\/www.malpelo.org\\\/wp-content\\\/uploads\\\/2020\\\/04\\\/Bach-e1586860939968.png\",\"width\":2380,\"height\":1337},{\"@type\":\"BreadcrumbList\",\"@id\":\"https:\\\/\\\/www.malpelo.org\\\/fr\\\/qui-sommes-nous\\\/maria-munoz\\\/#breadcrumb\",\"itemListElement\":[{\"@type\":\"ListItem\",\"position\":1,\"name\":\"Inici\",\"item\":\"https:\\\/\\\/www.malpelo.org\\\/fr\\\/\"},{\"@type\":\"ListItem\",\"position\":2,\"name\":\"Qui sommes nous\",\"item\":\"https:\\\/\\\/www.malpelo.org\\\/fr\\\/qui-sommes-nous\\\/\"},{\"@type\":\"ListItem\",\"position\":3,\"name\":\"Mar\u00eda Mu\u00f1oz\"}]},{\"@type\":\"WebSite\",\"@id\":\"https:\\\/\\\/www.malpelo.org\\\/#website\",\"url\":\"https:\\\/\\\/www.malpelo.org\\\/\",\"name\":\"Mal Pelo\",\"description\":\"Mal Pelo\",\"potentialAction\":[{\"@type\":\"SearchAction\",\"target\":{\"@type\":\"EntryPoint\",\"urlTemplate\":\"https:\\\/\\\/www.malpelo.org\\\/?s={search_term_string}\"},\"query-input\":{\"@type\":\"PropertyValueSpecification\",\"valueRequired\":true,\"valueName\":\"search_term_string\"}}],\"inLanguage\":\"fr-FR\"}]}<\/script>\n<!-- \/ Yoast SEO plugin. -->","yoast_head_json":{"title":"Mar\u00eda Mu\u00f1oz - Mal Pelo","robots":{"index":"index","follow":"follow","max-snippet":"max-snippet:-1","max-image-preview":"max-image-preview:large","max-video-preview":"max-video-preview:-1"},"canonical":"https:\/\/www.malpelo.org\/fr\/qui-sommes-nous\/maria-munoz\/","og_locale":"fr_FR","og_type":"article","og_title":"Mar\u00eda Mu\u00f1oz - Mal Pelo","og_description":"[vc_section][vc_row][vc_column width=\u00a0\u00bb2\/3&Prime;][vc_column_text] Trajectoire Mar\u00eda Mu\u00f1oz (Valence, Espagne). Ses parents sont n\u00e9s \u00e0 Chera (Guadalajara) et Panticosa (Pyr\u00e9n\u00e9es aragonaises) et elle grandit \u00e0 Valence o\u00f9 \u00e9tudie de la musique et pratique la comp\u00e9tition d&rsquo;athl\u00e9tisme. Elle d\u00e9marre aussi l\u00e0 \u00e9tudes de danse et ensuite continue \u00e0 Amsterdam et Barcelone. Elle a sa premi\u00e8re exp\u00e9rience professionnelle avec la [&hellip;]","og_url":"https:\/\/www.malpelo.org\/fr\/qui-sommes-nous\/maria-munoz\/","og_site_name":"Mal Pelo","article_modified_time":"2021-03-08T13:25:59+00:00","og_image":[{"width":2380,"height":1337,"url":"https:\/\/www.malpelo.org\/wp-content\/uploads\/2020\/04\/Bach-e1586860939968.png","type":"image\/png"}],"twitter_card":"summary_large_image","twitter_misc":{"Dur\u00e9e de lecture estim\u00e9e":"1 minute"},"schema":{"@context":"https:\/\/schema.org","@graph":[{"@type":"WebPage","@id":"https:\/\/www.malpelo.org\/fr\/qui-sommes-nous\/maria-munoz\/","url":"https:\/\/www.malpelo.org\/fr\/qui-sommes-nous\/maria-munoz\/","name":"Mar\u00eda Mu\u00f1oz - Mal Pelo","isPartOf":{"@id":"https:\/\/www.malpelo.org\/#website"},"primaryImageOfPage":{"@id":"https:\/\/www.malpelo.org\/fr\/qui-sommes-nous\/maria-munoz\/#primaryimage"},"image":{"@id":"https:\/\/www.malpelo.org\/fr\/qui-sommes-nous\/maria-munoz\/#primaryimage"},"thumbnailUrl":"https:\/\/www.malpelo.org\/wp-content\/uploads\/2020\/04\/Bach-e1586860939968.png","datePublished":"2021-03-03T12:17:48+00:00","dateModified":"2021-03-08T13:25:59+00:00","breadcrumb":{"@id":"https:\/\/www.malpelo.org\/fr\/qui-sommes-nous\/maria-munoz\/#breadcrumb"},"inLanguage":"fr-FR","potentialAction":[{"@type":"ReadAction","target":["https:\/\/www.malpelo.org\/fr\/qui-sommes-nous\/maria-munoz\/"]}]},{"@type":"ImageObject","inLanguage":"fr-FR","@id":"https:\/\/www.malpelo.org\/fr\/qui-sommes-nous\/maria-munoz\/#primaryimage","url":"https:\/\/www.malpelo.org\/wp-content\/uploads\/2020\/04\/Bach-e1586860939968.png","contentUrl":"https:\/\/www.malpelo.org\/wp-content\/uploads\/2020\/04\/Bach-e1586860939968.png","width":2380,"height":1337},{"@type":"BreadcrumbList","@id":"https:\/\/www.malpelo.org\/fr\/qui-sommes-nous\/maria-munoz\/#breadcrumb","itemListElement":[{"@type":"ListItem","position":1,"name":"Inici","item":"https:\/\/www.malpelo.org\/fr\/"},{"@type":"ListItem","position":2,"name":"Qui sommes nous","item":"https:\/\/www.malpelo.org\/fr\/qui-sommes-nous\/"},{"@type":"ListItem","position":3,"name":"Mar\u00eda Mu\u00f1oz"}]},{"@type":"WebSite","@id":"https:\/\/www.malpelo.org\/#website","url":"https:\/\/www.malpelo.org\/","name":"Mal Pelo","description":"Mal Pelo","potentialAction":[{"@type":"SearchAction","target":{"@type":"EntryPoint","urlTemplate":"https:\/\/www.malpelo.org\/?s={search_term_string}"},"query-input":{"@type":"PropertyValueSpecification","valueRequired":true,"valueName":"search_term_string"}}],"inLanguage":"fr-FR"}]}},"_links":{"self":[{"href":"https:\/\/www.malpelo.org\/fr\/wp-json\/wp\/v2\/pages\/3057","targetHints":{"allow":["GET"]}}],"collection":[{"href":"https:\/\/www.malpelo.org\/fr\/wp-json\/wp\/v2\/pages"}],"about":[{"href":"https:\/\/www.malpelo.org\/fr\/wp-json\/wp\/v2\/types\/page"}],"author":[{"embeddable":true,"href":"https:\/\/www.malpelo.org\/fr\/wp-json\/wp\/v2\/users\/1"}],"replies":[{"embeddable":true,"href":"https:\/\/www.malpelo.org\/fr\/wp-json\/wp\/v2\/comments?post=3057"}],"version-history":[{"count":5,"href":"https:\/\/www.malpelo.org\/fr\/wp-json\/wp\/v2\/pages\/3057\/revisions"}],"predecessor-version":[{"id":3113,"href":"https:\/\/www.malpelo.org\/fr\/wp-json\/wp\/v2\/pages\/3057\/revisions\/3113"}],"up":[{"embeddable":true,"href":"https:\/\/www.malpelo.org\/fr\/wp-json\/wp\/v2\/pages\/3054"}],"wp:featuredmedia":[{"embeddable":true,"href":"https:\/\/www.malpelo.org\/fr\/wp-json\/wp\/v2\/media\/872"}],"wp:attachment":[{"href":"https:\/\/www.malpelo.org\/fr\/wp-json\/wp\/v2\/media?parent=3057"}],"curies":[{"name":"wp","href":"https:\/\/api.w.org\/{rel}","templated":true}]}}