{"id":3039,"date":"2021-03-03T13:48:44","date_gmt":"2021-03-03T11:48:44","guid":{"rendered":"https:\/\/www.malpelo.org\/?page_id=3039"},"modified":"2024-02-23T14:51:10","modified_gmt":"2024-02-23T12:51:10","slug":"altres","status":"publish","type":"page","link":"https:\/\/www.malpelo.org\/fr\/altres\/","title":{"rendered":"NEWS"},"content":{"rendered":"<div class=\"wpb-content-wrapper\"><p>[vc_row][vc_column css=\u00a0\u00bb.vc_custom_1603813558177{margin-top: 12px !important;}\u00a0\u00bb]    \n    \n        <!-- the list loop -->\n        <div class=\"shows-grid\">\n                    <a href=\"https:\/\/www.malpelo.org\/fr\/show\/we-nous-et-les-temps-nouvelle-creation-2025\/\" title=\"WE nous et les temps, nouvelle cr\u00e9ation 2025\" class=\"show row align-items-center mb-4\">\n                <div class=\"show__image col-md-6\">\n                    <img loading=\"lazy\" decoding=\"async\" width=\"690\" height=\"400\" src=\"https:\/\/www.malpelo.org\/wp-content\/uploads\/2022\/10\/POSTAL-WE-FRANCES-690x400.jpg\" class=\"img-fluid mb-2 mb-md-0 wp-post-image\" alt=\"\" \/>                <\/div>\n                <div class=\"col-md-6\">\n                    <div class=\"show__content p-md-4\">\n                        <div class=\"show__subtitle\">Nouvelle cr\u00e9ation<\/div>\n                        <h2>WE nous et les temps, nouvelle cr\u00e9ation 2025<\/h2>\n                        <div class=\"show__excerpt\"><p>Le projet artistique s\u2019organisera en diff\u00e9rentes \u00e9tapes de travail, sous forme de laboratoires de cr\u00e9ations en 2024 \u00e0 travers lequel nous m\u00e8nerons une recherche sur le langage du groupe et le langage individuel de chaque interpr\u00e8te. L\u2019objectif est de transmettre des connaissances et des outils de travail au cours des sessions, et d\u2019int\u00e9grer \u00e0 long [&hellip;]<\/p>\n<\/div>\n                        <span class=\"btn btn-outline-primary\" target=\"_blank\" download>+ Info<\/span>\n                    <\/div>\n                <\/div>\n            <\/a>\n                    <a href=\"https:\/\/www.malpelo.org\/fr\/show\/we\/\" title=\"WE\" class=\"show row align-items-center mb-4\">\n                <div class=\"show__image col-md-6\">\n                    <img loading=\"lazy\" decoding=\"async\" width=\"690\" height=\"400\" src=\"https:\/\/www.malpelo.org\/wp-content\/uploads\/2025\/03\/MP-WE_1566web\u00a9Tristan-Perez-Martin-690x400.jpg\" class=\"img-fluid mb-2 mb-md-0 wp-post-image\" alt=\"\" \/>                <\/div>\n                <div class=\"col-md-6\">\n                    <div class=\"show__content p-md-4\">\n                        <div class=\"show__subtitle\">NOUVELLE CR\u00c9ATION 2025<\/div>\n                        <h2>WE<\/h2>\n                        <div class=\"show__excerpt\"><p>&nbsp; Qu\u2019allons-nous l\u00e9guer aux nouvelles g\u00e9n\u00e9rations? WE, nous, une communaut\u00e9 qui nous d\u00e9finit en tant qu\u2019individus ? Un sentiment d\u2019appartenance, mais \u00e0 quoi ? \u00c0 travers le temps et les g\u00e9n\u00e9rations, nous questionnons encore au sujet de notre identit\u00e9, notre appartenance, notre futur. Le n\u00f4tre ?<\/p>\n<\/div>\n                        <span class=\"btn btn-outline-primary\" target=\"_blank\" download>+ Info<\/span>\n                    <\/div>\n                <\/div>\n            <\/a>\n                    <a href=\"https:\/\/www.malpelo.org\/fr\/show\/orfeo-ed-euridice\/\" title=\"Orfeo ed Euridice\" class=\"show row align-items-center mb-4\">\n                <div class=\"show__image col-md-6\">\n                    <img loading=\"lazy\" decoding=\"async\" width=\"690\" height=\"400\" src=\"https:\/\/www.malpelo.org\/wp-content\/uploads\/2025\/12\/COMPO--690x400.jpg\" class=\"img-fluid mb-2 mb-md-0 wp-post-image\" alt=\"\" \/>                <\/div>\n                <div class=\"col-md-6\">\n                    <div class=\"show__content p-md-4\">\n                        <div class=\"show__subtitle\">NOUVELLE CR\u00c9ATION 2026<\/div>\n                        <h2>Orfeo ed Euridice<\/h2>\n                        <div class=\"show__excerpt\"><p>Pour la premi\u00e8re fois, MAL PELO assure la direction sc\u00e9nique et chor\u00e9graphique d\u2019un op\u00e9ra classique : ORFEO ed EURIDICE de C. W. Gluck. En 2025, Jos\u00e9 Luis Rivero, directeur artistique de l\u2019Auditorio de Tenerife, propose \u00e0 Mar\u00eda Mu\u00f1oz et Pep Ramis d\u2019assumer la direction sc\u00e9nique et chor\u00e9graphique de l\u2019op\u00e9ra Orph\u00e9e et Eurydice, guid\u00e9s par le [&hellip;]<\/p>\n<\/div>\n                        <span class=\"btn btn-outline-primary\" target=\"_blank\" download>+ Info<\/span>\n                    <\/div>\n                <\/div>\n            <\/a>\n                <!-- end of the loop -->\n        <\/div>\n                    \n    [\/vc_column][\/vc_row]<\/p>\n<\/div>","protected":false},"excerpt":{"rendered":"<p>[vc_row][vc_column css=\u00a0\u00bb.vc_custom_1603813558177{margin-top: 12px !important;}\u00a0\u00bb][\/vc_column][\/vc_row]<\/p>\n","protected":false},"author":1,"featured_media":0,"parent":0,"menu_order":0,"comment_status":"closed","ping_status":"closed","template":"","meta":{"_acf_changed":false,"footnotes":""},"class_list":["post-3039","page","type-page","status-publish","hentry"],"acf":[],"yoast_head":"<!-- This site is optimized with the Yoast SEO plugin v27.4 - https:\/\/yoast.com\/product\/yoast-seo-wordpress\/ -->\n<title>NEWS - Mal Pelo<\/title>\n<meta name=\"robots\" content=\"index, follow, max-snippet:-1, max-image-preview:large, max-video-preview:-1\" \/>\n<link rel=\"canonical\" href=\"https:\/\/www.malpelo.org\/fr\/altres\/\" \/>\n<meta property=\"og:locale\" content=\"fr_FR\" \/>\n<meta property=\"og:type\" content=\"article\" \/>\n<meta property=\"og:title\" content=\"NEWS - Mal Pelo\" \/>\n<meta property=\"og:description\" content=\"[vc_row][vc_column css=\u00a0\u00bb.vc_custom_1603813558177{margin-top: 12px !important;}\u00a0\u00bb][\/vc_column][\/vc_row]\" \/>\n<meta property=\"og:url\" content=\"https:\/\/www.malpelo.org\/fr\/altres\/\" \/>\n<meta property=\"og:site_name\" content=\"Mal Pelo\" \/>\n<meta property=\"article:modified_time\" content=\"2024-02-23T12:51:10+00:00\" \/>\n<meta name=\"twitter:card\" content=\"summary_large_image\" \/>\n<meta name=\"twitter:label1\" content=\"Dur\u00e9e de lecture estim\u00e9e\" \/>\n\t<meta name=\"twitter:data1\" content=\"1 minute\" \/>\n<script type=\"application\/ld+json\" class=\"yoast-schema-graph\">{\"@context\":\"https:\\\/\\\/schema.org\",\"@graph\":[{\"@type\":\"WebPage\",\"@id\":\"https:\\\/\\\/www.malpelo.org\\\/fr\\\/altres\\\/\",\"url\":\"https:\\\/\\\/www.malpelo.org\\\/fr\\\/altres\\\/\",\"name\":\"NEWS - Mal Pelo\",\"isPartOf\":{\"@id\":\"https:\\\/\\\/www.malpelo.org\\\/#website\"},\"datePublished\":\"2021-03-03T11:48:44+00:00\",\"dateModified\":\"2024-02-23T12:51:10+00:00\",\"breadcrumb\":{\"@id\":\"https:\\\/\\\/www.malpelo.org\\\/fr\\\/altres\\\/#breadcrumb\"},\"inLanguage\":\"fr-FR\",\"potentialAction\":[{\"@type\":\"ReadAction\",\"target\":[\"https:\\\/\\\/www.malpelo.org\\\/fr\\\/altres\\\/\"]}]},{\"@type\":\"BreadcrumbList\",\"@id\":\"https:\\\/\\\/www.malpelo.org\\\/fr\\\/altres\\\/#breadcrumb\",\"itemListElement\":[{\"@type\":\"ListItem\",\"position\":1,\"name\":\"Inici\",\"item\":\"https:\\\/\\\/www.malpelo.org\\\/fr\\\/\"},{\"@type\":\"ListItem\",\"position\":2,\"name\":\"NEWS\"}]},{\"@type\":\"WebSite\",\"@id\":\"https:\\\/\\\/www.malpelo.org\\\/#website\",\"url\":\"https:\\\/\\\/www.malpelo.org\\\/\",\"name\":\"Mal Pelo\",\"description\":\"Mal Pelo\",\"potentialAction\":[{\"@type\":\"SearchAction\",\"target\":{\"@type\":\"EntryPoint\",\"urlTemplate\":\"https:\\\/\\\/www.malpelo.org\\\/?s={search_term_string}\"},\"query-input\":{\"@type\":\"PropertyValueSpecification\",\"valueRequired\":true,\"valueName\":\"search_term_string\"}}],\"inLanguage\":\"fr-FR\"}]}<\/script>\n<!-- \/ Yoast SEO plugin. -->","yoast_head_json":{"title":"NEWS - Mal Pelo","robots":{"index":"index","follow":"follow","max-snippet":"max-snippet:-1","max-image-preview":"max-image-preview:large","max-video-preview":"max-video-preview:-1"},"canonical":"https:\/\/www.malpelo.org\/fr\/altres\/","og_locale":"fr_FR","og_type":"article","og_title":"NEWS - Mal Pelo","og_description":"[vc_row][vc_column css=\u00a0\u00bb.vc_custom_1603813558177{margin-top: 12px !important;}\u00a0\u00bb][\/vc_column][\/vc_row]","og_url":"https:\/\/www.malpelo.org\/fr\/altres\/","og_site_name":"Mal Pelo","article_modified_time":"2024-02-23T12:51:10+00:00","twitter_card":"summary_large_image","twitter_misc":{"Dur\u00e9e de lecture estim\u00e9e":"1 minute"},"schema":{"@context":"https:\/\/schema.org","@graph":[{"@type":"WebPage","@id":"https:\/\/www.malpelo.org\/fr\/altres\/","url":"https:\/\/www.malpelo.org\/fr\/altres\/","name":"NEWS - Mal Pelo","isPartOf":{"@id":"https:\/\/www.malpelo.org\/#website"},"datePublished":"2021-03-03T11:48:44+00:00","dateModified":"2024-02-23T12:51:10+00:00","breadcrumb":{"@id":"https:\/\/www.malpelo.org\/fr\/altres\/#breadcrumb"},"inLanguage":"fr-FR","potentialAction":[{"@type":"ReadAction","target":["https:\/\/www.malpelo.org\/fr\/altres\/"]}]},{"@type":"BreadcrumbList","@id":"https:\/\/www.malpelo.org\/fr\/altres\/#breadcrumb","itemListElement":[{"@type":"ListItem","position":1,"name":"Inici","item":"https:\/\/www.malpelo.org\/fr\/"},{"@type":"ListItem","position":2,"name":"NEWS"}]},{"@type":"WebSite","@id":"https:\/\/www.malpelo.org\/#website","url":"https:\/\/www.malpelo.org\/","name":"Mal Pelo","description":"Mal Pelo","potentialAction":[{"@type":"SearchAction","target":{"@type":"EntryPoint","urlTemplate":"https:\/\/www.malpelo.org\/?s={search_term_string}"},"query-input":{"@type":"PropertyValueSpecification","valueRequired":true,"valueName":"search_term_string"}}],"inLanguage":"fr-FR"}]}},"_links":{"self":[{"href":"https:\/\/www.malpelo.org\/fr\/wp-json\/wp\/v2\/pages\/3039","targetHints":{"allow":["GET"]}}],"collection":[{"href":"https:\/\/www.malpelo.org\/fr\/wp-json\/wp\/v2\/pages"}],"about":[{"href":"https:\/\/www.malpelo.org\/fr\/wp-json\/wp\/v2\/types\/page"}],"author":[{"embeddable":true,"href":"https:\/\/www.malpelo.org\/fr\/wp-json\/wp\/v2\/users\/1"}],"replies":[{"embeddable":true,"href":"https:\/\/www.malpelo.org\/fr\/wp-json\/wp\/v2\/comments?post=3039"}],"version-history":[{"count":2,"href":"https:\/\/www.malpelo.org\/fr\/wp-json\/wp\/v2\/pages\/3039\/revisions"}],"predecessor-version":[{"id":4077,"href":"https:\/\/www.malpelo.org\/fr\/wp-json\/wp\/v2\/pages\/3039\/revisions\/4077"}],"wp:attachment":[{"href":"https:\/\/www.malpelo.org\/fr\/wp-json\/wp\/v2\/media?parent=3039"}],"curies":[{"name":"wp","href":"https:\/\/api.w.org\/{rel}","templated":true}]}}