{"id":2989,"date":"2020-03-05T17:58:06","date_gmt":"2020-03-05T15:58:06","guid":{"rendered":"https:\/\/www.malpelo.org\/en-gira\/"},"modified":"2021-03-03T10:59:46","modified_gmt":"2021-03-03T08:59:46","slug":"en-gira","status":"publish","type":"page","link":"https:\/\/www.malpelo.org\/fr\/en-gira\/","title":{"rendered":"Spectacles en tourn\u00e9e"},"content":{"rendered":"<div class=\"wpb-content-wrapper\"><p>[vc_section][vc_row][vc_column]    \n    \n        <!-- the list loop -->\n        <div class=\"shows-grid\">\n                    <a href=\"https:\/\/www.malpelo.org\/fr\/show\/we\/\" title=\"WE\" class=\"show row align-items-center mb-4\">\n                <div class=\"show__image col-md-6\">\n                    <img loading=\"lazy\" decoding=\"async\" width=\"690\" height=\"400\" src=\"https:\/\/www.malpelo.org\/wp-content\/uploads\/2025\/03\/MP-WE_1566web\u00a9Tristan-Perez-Martin-690x400.jpg\" class=\"img-fluid mb-2 mb-md-0 wp-post-image\" alt=\"\" \/>                <\/div>\n                <div class=\"col-md-6\">\n                    <div class=\"show__content p-md-4\">\n                        <div class=\"show__subtitle\">NOUVELLE CR\u00c9ATION 2025<\/div>\n                        <h2>WE<\/h2>\n                        <div class=\"show__excerpt\"><p>&nbsp; Qu\u2019allons-nous l\u00e9guer aux nouvelles g\u00e9n\u00e9rations? WE, nous, une communaut\u00e9 qui nous d\u00e9finit en tant qu\u2019individus ? Un sentiment d\u2019appartenance, mais \u00e0 quoi ? \u00c0 travers le temps et les g\u00e9n\u00e9rations, nous questionnons encore au sujet de notre identit\u00e9, notre appartenance, notre futur. Le n\u00f4tre ?<\/p>\n<\/div>\n                        <span class=\"btn btn-outline-primary\" target=\"_blank\" download>+ Info<\/span>\n                    <\/div>\n                <\/div>\n            <\/a>\n                    <a href=\"https:\/\/www.malpelo.org\/fr\/show\/bach\/\" title=\"Bach\" class=\"show row align-items-center mb-4\">\n                <div class=\"show__image col-md-6\">\n                    <img loading=\"lazy\" decoding=\"async\" width=\"690\" height=\"400\" src=\"https:\/\/www.malpelo.org\/wp-content\/uploads\/2020\/06\/BACH-2-4451-14-15x20-1-1024x669-2-690x400.jpg\" class=\"img-fluid mb-2 mb-md-0 wp-post-image\" alt=\"\" \/>                <\/div>\n                <div class=\"col-md-6\">\n                    <div class=\"show__content p-md-4\">\n                        <div class=\"show__subtitle\">Bach Project I<\/div>\n                        <h2>Bach<\/h2>\n                        <div class=\"show__excerpt\"><p>Un solo interpret\u00e9 par Mar\u00eda Mu\u00f1oz ou Federica Porello dans lequel la musique de Bach accompagne le mouvement pur des danseuses.<\/p>\n<\/div>\n                        <span class=\"btn btn-outline-primary\" target=\"_blank\" download>+ Info<\/span>\n                    <\/div>\n                <\/div>\n            <\/a>\n                    <a href=\"https:\/\/www.malpelo.org\/fr\/show\/double-infinite\/\" title=\"Double Infinite. The Bluebird Call\" class=\"show row align-items-center mb-4\">\n                <div class=\"show__image col-md-6\">\n                    <img loading=\"lazy\" decoding=\"async\" width=\"690\" height=\"400\" src=\"https:\/\/www.malpelo.org\/wp-content\/uploads\/2023\/02\/MP-TBCLAB_1289hdretoc\u00a9Tristan-Perez-Martin-copia-690x400.jpg\" class=\"img-fluid mb-2 mb-md-0 wp-post-image\" alt=\"\" \/>                <\/div>\n                <div class=\"col-md-6\">\n                    <div class=\"show__content p-md-4\">\n                        <div class=\"show__subtitle\">.<\/div>\n                        <h2>Double Infinite. The Bluebird Call<\/h2>\n                        <div class=\"show__excerpt\"><p>Double infinite. The Bluebird Call<\/p>\n<\/div>\n                        <span class=\"btn btn-outline-primary\" target=\"_blank\" download>+ Info<\/span>\n                    <\/div>\n                <\/div>\n            <\/a>\n                    <a href=\"https:\/\/www.malpelo.org\/fr\/show\/orfeo-ed-euridice\/\" title=\"Orfeo ed Euridice\" class=\"show row align-items-center mb-4\">\n                <div class=\"show__image col-md-6\">\n                    <img loading=\"lazy\" decoding=\"async\" width=\"690\" height=\"400\" src=\"https:\/\/www.malpelo.org\/wp-content\/uploads\/2025\/12\/COMPO--690x400.jpg\" class=\"img-fluid mb-2 mb-md-0 wp-post-image\" alt=\"\" \/>                <\/div>\n                <div class=\"col-md-6\">\n                    <div class=\"show__content p-md-4\">\n                        <div class=\"show__subtitle\">NOUVELLE CR\u00c9ATION 2026<\/div>\n                        <h2>Orfeo ed Euridice<\/h2>\n                        <div class=\"show__excerpt\"><p>Pour la premi\u00e8re fois, MAL PELO assure la direction sc\u00e9nique et chor\u00e9graphique d\u2019un op\u00e9ra classique : ORFEO ed EURIDICE de C. W. Gluck. En 2025, Jos\u00e9 Luis Rivero, directeur artistique de l\u2019Auditorio de Tenerife, propose \u00e0 Mar\u00eda Mu\u00f1oz et Pep Ramis d\u2019assumer la direction sc\u00e9nique et chor\u00e9graphique de l\u2019op\u00e9ra Orph\u00e9e et Eurydice, guid\u00e9s par le [&hellip;]<\/p>\n<\/div>\n                        <span class=\"btn btn-outline-primary\" target=\"_blank\" download>+ Info<\/span>\n                    <\/div>\n                <\/div>\n            <\/a>\n                    <a href=\"https:\/\/www.malpelo.org\/fr\/show\/inventions\/\" title=\"Inventions\" class=\"show row align-items-center mb-4\">\n                <div class=\"show__image col-md-6\">\n                    <img loading=\"lazy\" decoding=\"async\" width=\"690\" height=\"400\" src=\"https:\/\/www.malpelo.org\/wp-content\/uploads\/2020\/06\/LPH3383011-690x400.jpg\" class=\"img-fluid mb-2 mb-md-0 wp-post-image\" alt=\"\" \/>                <\/div>\n                <div class=\"col-md-6\">\n                    <div class=\"show__content p-md-4\">\n                        <div class=\"show__subtitle\">Bach Project III<\/div>\n                        <h2>Inventions<\/h2>\n                        <div class=\"show__excerpt\"><p>Cr\u00e9ation pour espaces singuliers.<\/p>\n<\/div>\n                        <span class=\"btn btn-outline-primary\" target=\"_blank\" download>+ Info<\/span>\n                    <\/div>\n                <\/div>\n            <\/a>\n                    <a href=\"https:\/\/www.malpelo.org\/fr\/show\/on-goldberg-variations-variations\/\" title=\"On Goldberg Variations\/Variations\" class=\"show row align-items-center mb-4\">\n                <div class=\"show__image col-md-6\">\n                    <img loading=\"lazy\" decoding=\"async\" width=\"690\" height=\"400\" src=\"https:\/\/www.malpelo.org\/wp-content\/uploads\/2020\/06\/MP-OGV_2179_Tristan-Perez-Martin-bin-690x400.jpg\" class=\"img-fluid mb-2 mb-md-0 wp-post-image\" alt=\"\" \/>                <\/div>\n                <div class=\"col-md-6\">\n                    <div class=\"show__content p-md-4\">\n                        <div class=\"show__subtitle\">Bach Project II<\/div>\n                        <h2>On Goldberg Variations\/Variations<\/h2>\n                        <div class=\"show__excerpt\"><p>La danse, la voix de John Berger et quelques textes propres se r\u00e9unissent pour construire cette approche de Mal Pelo au univers de J.S. Bach.<\/p>\n<\/div>\n                        <span class=\"btn btn-outline-primary\" target=\"_blank\" download>+ Info<\/span>\n                    <\/div>\n                <\/div>\n            <\/a>\n                    <a href=\"https:\/\/www.malpelo.org\/fr\/show\/the-mountain\/\" title=\"THE MOUNTAIN, THE TRUTH &#038; THE PARADISE\" class=\"show row align-items-center mb-4\">\n                <div class=\"show__image col-md-6\">\n                    <img loading=\"lazy\" decoding=\"async\" width=\"690\" height=\"400\" src=\"https:\/\/www.malpelo.org\/wp-content\/uploads\/2020\/06\/MP-MTP_1154hd\u220fTristan-Perez-Martin-690x400.jpg\" class=\"img-fluid mb-2 mb-md-0 wp-post-image\" alt=\"\" \/>                <\/div>\n                <div class=\"col-md-6\">\n                    <div class=\"show__content p-md-4\">\n                        <div class=\"show__subtitle\">.<\/div>\n                        <h2>THE MOUNTAIN, THE TRUTH &#038; THE PARADISE<\/h2>\n                        <div class=\"show__excerpt\"><p>Pep Ramis pr\u00e9sente un solo dans un espace blanc et nu. Un voyage changeant et passionnant.<\/p>\n<\/div>\n                        <span class=\"btn btn-outline-primary\" target=\"_blank\" download>+ Info<\/span>\n                    <\/div>\n                <\/div>\n            <\/a>\n                    <a href=\"https:\/\/www.malpelo.org\/fr\/show\/highlands\/\" title=\"Highlands\" class=\"show row align-items-center mb-4\">\n                <div class=\"show__image col-md-6\">\n                    <img loading=\"lazy\" decoding=\"async\" width=\"690\" height=\"400\" src=\"https:\/\/www.malpelo.org\/wp-content\/uploads\/2020\/05\/MP-HL_2653web\u00a9Tristan-Perez-Martin-690x400.jpg\" class=\"img-fluid mb-2 mb-md-0 wp-post-image\" alt=\"\" \/>                <\/div>\n                <div class=\"col-md-6\">\n                    <div class=\"show__content p-md-4\">\n                        <div class=\"show__subtitle\">Bach Project IV <\/div>\n                        <h2>Highlands<\/h2>\n                        <div class=\"show__excerpt\"><p>Highlands est le titre de la nouvelle cr\u00e9ation de Mal Pelo. Un spectacle qui clot le projet Bach, dernier opus de la t\u00e9tralogie sur la musique de Bach.<\/p>\n<\/div>\n                        <span class=\"btn btn-outline-primary\" target=\"_blank\" download>+ Info<\/span>\n                    <\/div>\n                <\/div>\n            <\/a>\n                    <a href=\"https:\/\/www.malpelo.org\/fr\/show\/de-haber-nacido\/\" title=\"De haber nacido\" class=\"show row align-items-center mb-4\">\n                <div class=\"show__image col-md-6\">\n                    <img loading=\"lazy\" decoding=\"async\" width=\"640\" height=\"394\" src=\"https:\/\/www.malpelo.org\/wp-content\/uploads\/2022\/11\/ojos.jpg\" class=\"img-fluid mb-2 mb-md-0 wp-post-image\" alt=\"\" srcset=\"https:\/\/www.malpelo.org\/wp-content\/uploads\/2022\/11\/ojos.jpg 640w, https:\/\/www.malpelo.org\/wp-content\/uploads\/2022\/11\/ojos-300x185.jpg 300w\" sizes=\"auto, (max-width: 640px) 100vw, 640px\" \/>                <\/div>\n                <div class=\"col-md-6\">\n                    <div class=\"show__content p-md-4\">\n                        <div class=\"show__subtitle\">Di\u00e1logo contempor\u00e1neo a partir de 'La vida es sue\u00f1o'<\/div>\n                        <h2>De haber nacido<\/h2>\n                        <div class=\"show__excerpt\"><p>La Compa\u00f1\u00eda Nacional de Teatro Cl\u00e1sico propone esta temporada un acercamiento a &lsquo;La vida es sue\u00f1o&rsquo; desde diferentes disciplinas esc\u00e9nicas alrededor de &lsquo;La Vida es Sue\u00f1o&rsquo; de Calder\u00f3n de la Barca. La compa\u00f1\u00eda de danza Mal Pelo nos propone una\u00a0aproximaci\u00f3n desde el lenguaje coreogr\u00e1fico,\u00a0otra radiograf\u00eda del alma de la obra a trav\u00e9s del movimiento, los [&hellip;]<\/p>\n<\/div>\n                        <span class=\"btn btn-outline-primary\" target=\"_blank\" download>+ Info<\/span>\n                    <\/div>\n                <\/div>\n            <\/a>\n                <!-- end of the loop -->\n        <\/div>\n                    \n    [\/vc_column][\/vc_row][\/vc_section]<\/p>\n<\/div>","protected":false},"excerpt":{"rendered":"<p>[vc_section][vc_row][vc_column][\/vc_column][\/vc_row][\/vc_section]<\/p>\n","protected":false},"author":1,"featured_media":0,"parent":0,"menu_order":0,"comment_status":"closed","ping_status":"closed","template":"","meta":{"_acf_changed":false,"footnotes":""},"class_list":["post-2989","page","type-page","status-publish","hentry"],"acf":[],"yoast_head":"<!-- This site is optimized with the Yoast SEO plugin v27.3 - https:\/\/yoast.com\/product\/yoast-seo-wordpress\/ -->\n<title>Spectacles en tourn\u00e9e - Mal Pelo<\/title>\n<meta name=\"robots\" content=\"index, follow, max-snippet:-1, max-image-preview:large, max-video-preview:-1\" \/>\n<link rel=\"canonical\" href=\"https:\/\/www.malpelo.org\/fr\/en-gira\/\" \/>\n<meta property=\"og:locale\" content=\"fr_FR\" \/>\n<meta property=\"og:type\" content=\"article\" \/>\n<meta property=\"og:title\" content=\"Spectacles en tourn\u00e9e - Mal Pelo\" \/>\n<meta property=\"og:description\" content=\"[vc_section][vc_row][vc_column][\/vc_column][\/vc_row][\/vc_section]\" \/>\n<meta property=\"og:url\" content=\"https:\/\/www.malpelo.org\/fr\/en-gira\/\" \/>\n<meta property=\"og:site_name\" content=\"Mal Pelo\" \/>\n<meta property=\"article:modified_time\" content=\"2021-03-03T08:59:46+00:00\" \/>\n<meta name=\"twitter:card\" content=\"summary_large_image\" \/>\n<script type=\"application\/ld+json\" class=\"yoast-schema-graph\">{\"@context\":\"https:\\\/\\\/schema.org\",\"@graph\":[{\"@type\":\"WebPage\",\"@id\":\"https:\\\/\\\/www.malpelo.org\\\/fr\\\/en-gira\\\/\",\"url\":\"https:\\\/\\\/www.malpelo.org\\\/fr\\\/en-gira\\\/\",\"name\":\"Spectacles en tourn\u00e9e - Mal Pelo\",\"isPartOf\":{\"@id\":\"https:\\\/\\\/www.malpelo.org\\\/#website\"},\"datePublished\":\"2020-03-05T15:58:06+00:00\",\"dateModified\":\"2021-03-03T08:59:46+00:00\",\"breadcrumb\":{\"@id\":\"https:\\\/\\\/www.malpelo.org\\\/fr\\\/en-gira\\\/#breadcrumb\"},\"inLanguage\":\"fr-FR\",\"potentialAction\":[{\"@type\":\"ReadAction\",\"target\":[\"https:\\\/\\\/www.malpelo.org\\\/fr\\\/en-gira\\\/\"]}]},{\"@type\":\"BreadcrumbList\",\"@id\":\"https:\\\/\\\/www.malpelo.org\\\/fr\\\/en-gira\\\/#breadcrumb\",\"itemListElement\":[{\"@type\":\"ListItem\",\"position\":1,\"name\":\"Inici\",\"item\":\"https:\\\/\\\/www.malpelo.org\\\/fr\\\/\"},{\"@type\":\"ListItem\",\"position\":2,\"name\":\"Spectacles en tourn\u00e9e\"}]},{\"@type\":\"WebSite\",\"@id\":\"https:\\\/\\\/www.malpelo.org\\\/#website\",\"url\":\"https:\\\/\\\/www.malpelo.org\\\/\",\"name\":\"Mal Pelo\",\"description\":\"Mal Pelo\",\"potentialAction\":[{\"@type\":\"SearchAction\",\"target\":{\"@type\":\"EntryPoint\",\"urlTemplate\":\"https:\\\/\\\/www.malpelo.org\\\/?s={search_term_string}\"},\"query-input\":{\"@type\":\"PropertyValueSpecification\",\"valueRequired\":true,\"valueName\":\"search_term_string\"}}],\"inLanguage\":\"fr-FR\"}]}<\/script>\n<!-- \/ Yoast SEO plugin. -->","yoast_head_json":{"title":"Spectacles en tourn\u00e9e - Mal Pelo","robots":{"index":"index","follow":"follow","max-snippet":"max-snippet:-1","max-image-preview":"max-image-preview:large","max-video-preview":"max-video-preview:-1"},"canonical":"https:\/\/www.malpelo.org\/fr\/en-gira\/","og_locale":"fr_FR","og_type":"article","og_title":"Spectacles en tourn\u00e9e - Mal Pelo","og_description":"[vc_section][vc_row][vc_column][\/vc_column][\/vc_row][\/vc_section]","og_url":"https:\/\/www.malpelo.org\/fr\/en-gira\/","og_site_name":"Mal Pelo","article_modified_time":"2021-03-03T08:59:46+00:00","twitter_card":"summary_large_image","schema":{"@context":"https:\/\/schema.org","@graph":[{"@type":"WebPage","@id":"https:\/\/www.malpelo.org\/fr\/en-gira\/","url":"https:\/\/www.malpelo.org\/fr\/en-gira\/","name":"Spectacles en tourn\u00e9e - Mal Pelo","isPartOf":{"@id":"https:\/\/www.malpelo.org\/#website"},"datePublished":"2020-03-05T15:58:06+00:00","dateModified":"2021-03-03T08:59:46+00:00","breadcrumb":{"@id":"https:\/\/www.malpelo.org\/fr\/en-gira\/#breadcrumb"},"inLanguage":"fr-FR","potentialAction":[{"@type":"ReadAction","target":["https:\/\/www.malpelo.org\/fr\/en-gira\/"]}]},{"@type":"BreadcrumbList","@id":"https:\/\/www.malpelo.org\/fr\/en-gira\/#breadcrumb","itemListElement":[{"@type":"ListItem","position":1,"name":"Inici","item":"https:\/\/www.malpelo.org\/fr\/"},{"@type":"ListItem","position":2,"name":"Spectacles en tourn\u00e9e"}]},{"@type":"WebSite","@id":"https:\/\/www.malpelo.org\/#website","url":"https:\/\/www.malpelo.org\/","name":"Mal Pelo","description":"Mal Pelo","potentialAction":[{"@type":"SearchAction","target":{"@type":"EntryPoint","urlTemplate":"https:\/\/www.malpelo.org\/?s={search_term_string}"},"query-input":{"@type":"PropertyValueSpecification","valueRequired":true,"valueName":"search_term_string"}}],"inLanguage":"fr-FR"}]}},"_links":{"self":[{"href":"https:\/\/www.malpelo.org\/fr\/wp-json\/wp\/v2\/pages\/2989","targetHints":{"allow":["GET"]}}],"collection":[{"href":"https:\/\/www.malpelo.org\/fr\/wp-json\/wp\/v2\/pages"}],"about":[{"href":"https:\/\/www.malpelo.org\/fr\/wp-json\/wp\/v2\/types\/page"}],"author":[{"embeddable":true,"href":"https:\/\/www.malpelo.org\/fr\/wp-json\/wp\/v2\/users\/1"}],"replies":[{"embeddable":true,"href":"https:\/\/www.malpelo.org\/fr\/wp-json\/wp\/v2\/comments?post=2989"}],"version-history":[{"count":2,"href":"https:\/\/www.malpelo.org\/fr\/wp-json\/wp\/v2\/pages\/2989\/revisions"}],"predecessor-version":[{"id":2991,"href":"https:\/\/www.malpelo.org\/fr\/wp-json\/wp\/v2\/pages\/2989\/revisions\/2991"}],"wp:attachment":[{"href":"https:\/\/www.malpelo.org\/fr\/wp-json\/wp\/v2\/media?parent=2989"}],"curies":[{"name":"wp","href":"https:\/\/api.w.org\/{rel}","templated":true}]}}