{"id":2942,"date":"2021-03-03T14:09:11","date_gmt":"2021-03-03T12:09:11","guid":{"rendered":"https:\/\/www.malpelo.org\/?page_id=2942"},"modified":"2025-03-24T14:24:32","modified_gmt":"2025-03-24T12:24:32","slug":"start","status":"publish","type":"page","link":"https:\/\/www.malpelo.org\/fr\/","title":{"rendered":"Start"},"content":{"rendered":"<div class=\"wpb-content-wrapper\"><p>[vc_section css=\u00a0\u00bb.vc_custom_1591262090652{padding-top: 3rem !important;padding-bottom: 3rem !important;background-color: #eeeeee !important;}\u00a0\u00bb][vc_row][vc_column][vc_column_text]<\/p>\n<h2 style=\"text-align: center;\">Diary<\/h2>\n<p>[\/vc_column_text]    \n    <div class=\"events-list--single\" x-data=\"infiniteScroll('upcoming', '', 4)\">\n                                    <h2 class=\"text-center\">Upcoming dates<\/h2>\n                            <div class=\"events-list__items\">\n            <template x-for=\"item in items\">\n            \n                <div class=\"events-list__item text-center text-md-left\">\n                    <div class=\"event d-flex flex-column flex-md-row align-items-center justify-content-between\">\n                        <div class=\"event__date\">\n                            <div class=\"event__date__top\" x-text=\"item.date\"><\/div>\n                            <div class=\"event__date__bottom\" x-text=\"item.year\"><\/div>\n                        <\/div>\n                        <div class=\"event__data\">\n                            <h2 x-html=\"item.show\"><\/h2>\n                            <div class=\"d-flex flex-column flex-md-row\">\n                                <strong class=\"event__title mr-2\" x-html=\"item.title\"><\/strong>\n                                <div class=\"event__town\" x-html=\"item.town\"><\/div>\n                            <\/div>\n                        <\/div>\n                        <div class=\"event__tickets\" x-show=\"item.upcoming\">\n                            <a x-bind:href=\"item.tickets.link\" class=\"btn btn-outline-primary\" x-bind:title=\"item.tickets.label\" x-text=\"item.tickets.label\"><\/a>\n                        <\/div>\n                    <\/div>\n                <\/div>\n            <\/template>\n            <div class=\"text-center\" id=\"infinite-scroll-trigger\">\n                <span>Loading...<\/span>\n            <\/div>\n        <\/div>\n    <\/div>\n\n\n    [vc_btn title=\u00a0\u00bbToutes\u00a0\u00bb style=\u00a0\u00bbflat\u00a0\u00bb shape=\u00a0\u00bbsquare\u00a0\u00bb color=\u00a0\u00bbblack\u00a0\u00bb align=\u00a0\u00bbcenter\u00a0\u00bb link=\u00a0\u00bburl:https%3A%2F%2Fwww.malpelo.org%2Fagenda%2F|title:Agenda||\u00a0\u00bb][\/vc_column][\/vc_row][vc_row][vc_column][vc_row_inner][vc_column_inner][vc_separator][\/vc_column_inner][\/vc_row_inner][\/vc_column][\/vc_row][vc_row][vc_column][vc_column_text][\/vc_column_text][\/vc_column][\/vc_row][vc_row][vc_column][vc_empty_space][\/vc_column][\/vc_row][\/vc_section][vc_section][vc_row][vc_column][vc_column_text]<\/p>\n<h2 style=\"text-align: center;\">Work on tour<\/h2>\n<p>[\/vc_column_text]    \n    \n        <!-- the list loop -->\n        <div class=\"shows-grid\">\n                    <a href=\"https:\/\/www.malpelo.org\/fr\/show\/we\/\" title=\"WE\" class=\"show row align-items-center mb-4\">\n                <div class=\"show__image col-md-6\">\n                    <img loading=\"lazy\" decoding=\"async\" width=\"690\" height=\"400\" src=\"https:\/\/www.malpelo.org\/wp-content\/uploads\/2025\/03\/MP-WE_1566web\u00a9Tristan-Perez-Martin-690x400.jpg\" class=\"img-fluid mb-2 mb-md-0 wp-post-image\" alt=\"\" \/>                <\/div>\n                <div class=\"col-md-6\">\n                    <div class=\"show__content p-md-4\">\n                        <div class=\"show__subtitle\">NOUVELLE CR\u00c9ATION 2025<\/div>\n                        <h2>WE<\/h2>\n                        <div class=\"show__excerpt\"><p>&nbsp; Qu\u2019allons-nous l\u00e9guer aux nouvelles g\u00e9n\u00e9rations? WE, nous, une communaut\u00e9 qui nous d\u00e9finit en tant qu\u2019individus ? Un sentiment d\u2019appartenance, mais \u00e0 quoi ? \u00c0 travers le temps et les g\u00e9n\u00e9rations, nous questionnons encore au sujet de notre identit\u00e9, notre appartenance, notre futur. Le n\u00f4tre ?<\/p>\n<\/div>\n                        <span class=\"btn btn-outline-primary\" target=\"_blank\" download>+ Info<\/span>\n                    <\/div>\n                <\/div>\n            <\/a>\n                    <a href=\"https:\/\/www.malpelo.org\/fr\/show\/orfeo-ed-euridice\/\" title=\"Orfeo ed Euridice\" class=\"show row align-items-center mb-4\">\n                <div class=\"show__image col-md-6\">\n                    <img loading=\"lazy\" decoding=\"async\" width=\"690\" height=\"400\" src=\"https:\/\/www.malpelo.org\/wp-content\/uploads\/2025\/12\/COMPO--690x400.jpg\" class=\"img-fluid mb-2 mb-md-0 wp-post-image\" alt=\"\" \/>                <\/div>\n                <div class=\"col-md-6\">\n                    <div class=\"show__content p-md-4\">\n                        <div class=\"show__subtitle\">NOUVELLE CR\u00c9ATION 2026<\/div>\n                        <h2>Orfeo ed Euridice<\/h2>\n                        <div class=\"show__excerpt\"><p>Pour la premi\u00e8re fois, MAL PELO assure la direction sc\u00e9nique et chor\u00e9graphique d\u2019un op\u00e9ra classique : ORFEO ed EURIDICE de C. W. Gluck. En 2025, Jos\u00e9 Luis Rivero, directeur artistique de l\u2019Auditorio de Tenerife, propose \u00e0 Mar\u00eda Mu\u00f1oz et Pep Ramis d\u2019assumer la direction sc\u00e9nique et chor\u00e9graphique de l\u2019op\u00e9ra Orph\u00e9e et Eurydice, guid\u00e9s par le [&hellip;]<\/p>\n<\/div>\n                        <span class=\"btn btn-outline-primary\" target=\"_blank\" download>+ Info<\/span>\n                    <\/div>\n                <\/div>\n            <\/a>\n                    <a href=\"https:\/\/www.malpelo.org\/fr\/show\/bach\/\" title=\"Bach\" class=\"show row align-items-center mb-4\">\n                <div class=\"show__image col-md-6\">\n                    <img loading=\"lazy\" decoding=\"async\" width=\"690\" height=\"400\" src=\"https:\/\/www.malpelo.org\/wp-content\/uploads\/2020\/06\/BACH-2-4451-14-15x20-1-1024x669-2-690x400.jpg\" class=\"img-fluid mb-2 mb-md-0 wp-post-image\" alt=\"\" \/>                <\/div>\n                <div class=\"col-md-6\">\n                    <div class=\"show__content p-md-4\">\n                        <div class=\"show__subtitle\">Bach Project I<\/div>\n                        <h2>Bach<\/h2>\n                        <div class=\"show__excerpt\"><p>Un solo interpret\u00e9 par Mar\u00eda Mu\u00f1oz ou Federica Porello dans lequel la musique de Bach accompagne le mouvement pur des danseuses.<\/p>\n<\/div>\n                        <span class=\"btn btn-outline-primary\" target=\"_blank\" download>+ Info<\/span>\n                    <\/div>\n                <\/div>\n            <\/a>\n                    <a href=\"https:\/\/www.malpelo.org\/fr\/show\/double-infinite\/\" title=\"Double Infinite. The Bluebird Call\" class=\"show row align-items-center mb-4\">\n                <div class=\"show__image col-md-6\">\n                    <img loading=\"lazy\" decoding=\"async\" width=\"690\" height=\"400\" src=\"https:\/\/www.malpelo.org\/wp-content\/uploads\/2023\/02\/MP-TBCLAB_1289hdretoc\u00a9Tristan-Perez-Martin-copia-690x400.jpg\" class=\"img-fluid mb-2 mb-md-0 wp-post-image\" alt=\"\" \/>                <\/div>\n                <div class=\"col-md-6\">\n                    <div class=\"show__content p-md-4\">\n                        <div class=\"show__subtitle\">.<\/div>\n                        <h2>Double Infinite. The Bluebird Call<\/h2>\n                        <div class=\"show__excerpt\"><p>Double infinite. The Bluebird Call<\/p>\n<\/div>\n                        <span class=\"btn btn-outline-primary\" target=\"_blank\" download>+ Info<\/span>\n                    <\/div>\n                <\/div>\n            <\/a>\n                    <a href=\"https:\/\/www.malpelo.org\/fr\/show\/inventions\/\" title=\"Inventions\" class=\"show row align-items-center mb-4\">\n                <div class=\"show__image col-md-6\">\n                    <img loading=\"lazy\" decoding=\"async\" width=\"690\" height=\"400\" src=\"https:\/\/www.malpelo.org\/wp-content\/uploads\/2020\/06\/LPH3383011-690x400.jpg\" class=\"img-fluid mb-2 mb-md-0 wp-post-image\" alt=\"\" \/>                <\/div>\n                <div class=\"col-md-6\">\n                    <div class=\"show__content p-md-4\">\n                        <div class=\"show__subtitle\">Bach Project III<\/div>\n                        <h2>Inventions<\/h2>\n                        <div class=\"show__excerpt\"><p>Cr\u00e9ation pour espaces singuliers.<\/p>\n<\/div>\n                        <span class=\"btn btn-outline-primary\" target=\"_blank\" download>+ Info<\/span>\n                    <\/div>\n                <\/div>\n            <\/a>\n                    <a href=\"https:\/\/www.malpelo.org\/fr\/show\/on-goldberg-variations-variations\/\" title=\"On Goldberg Variations\/Variations\" class=\"show row align-items-center mb-4\">\n                <div class=\"show__image col-md-6\">\n                    <img loading=\"lazy\" decoding=\"async\" width=\"690\" height=\"400\" src=\"https:\/\/www.malpelo.org\/wp-content\/uploads\/2020\/06\/MP-OGV_2179_Tristan-Perez-Martin-bin-690x400.jpg\" class=\"img-fluid mb-2 mb-md-0 wp-post-image\" alt=\"\" \/>                <\/div>\n                <div class=\"col-md-6\">\n                    <div class=\"show__content p-md-4\">\n                        <div class=\"show__subtitle\">Bach Project II<\/div>\n                        <h2>On Goldberg Variations\/Variations<\/h2>\n                        <div class=\"show__excerpt\"><p>La danse, la voix de John Berger et quelques textes propres se r\u00e9unissent pour construire cette approche de Mal Pelo au univers de J.S. Bach.<\/p>\n<\/div>\n                        <span class=\"btn btn-outline-primary\" target=\"_blank\" download>+ Info<\/span>\n                    <\/div>\n                <\/div>\n            <\/a>\n                    <a href=\"https:\/\/www.malpelo.org\/fr\/show\/the-mountain\/\" title=\"THE MOUNTAIN, THE TRUTH &#038; THE PARADISE\" class=\"show row align-items-center mb-4\">\n                <div class=\"show__image col-md-6\">\n                    <img loading=\"lazy\" decoding=\"async\" width=\"690\" height=\"400\" src=\"https:\/\/www.malpelo.org\/wp-content\/uploads\/2020\/06\/MP-MTP_1154hd\u220fTristan-Perez-Martin-690x400.jpg\" class=\"img-fluid mb-2 mb-md-0 wp-post-image\" alt=\"\" \/>                <\/div>\n                <div class=\"col-md-6\">\n                    <div class=\"show__content p-md-4\">\n                        <div class=\"show__subtitle\">.<\/div>\n                        <h2>THE MOUNTAIN, THE TRUTH &#038; THE PARADISE<\/h2>\n                        <div class=\"show__excerpt\"><p>Pep Ramis pr\u00e9sente un solo dans un espace blanc et nu. Un voyage changeant et passionnant.<\/p>\n<\/div>\n                        <span class=\"btn btn-outline-primary\" target=\"_blank\" download>+ Info<\/span>\n                    <\/div>\n                <\/div>\n            <\/a>\n                <!-- end of the loop -->\n        <\/div>\n                    \n    [\/vc_column][\/vc_row][\/vc_section][vc_section][vc_row][vc_column][vc_column_text]<\/p>\n<h2 style=\"text-align: center;\">News<\/h2>\n<p>[\/vc_column_text]    \n    \n        <!-- the list loop -->\n        <div class=\"shows-grid\">\n                    <a href=\"https:\/\/www.malpelo.org\/fr\/show\/we-nous-et-les-temps-nouvelle-creation-2025\/\" title=\"WE nous et les temps, nouvelle cr\u00e9ation 2025\" class=\"show row align-items-center mb-4\">\n                <div class=\"show__image col-md-6\">\n                    <img loading=\"lazy\" decoding=\"async\" width=\"690\" height=\"400\" src=\"https:\/\/www.malpelo.org\/wp-content\/uploads\/2022\/10\/POSTAL-WE-FRANCES-690x400.jpg\" class=\"img-fluid mb-2 mb-md-0 wp-post-image\" alt=\"\" \/>                <\/div>\n                <div class=\"col-md-6\">\n                    <div class=\"show__content p-md-4\">\n                        <div class=\"show__subtitle\">Nouvelle cr\u00e9ation<\/div>\n                        <h2>WE nous et les temps, nouvelle cr\u00e9ation 2025<\/h2>\n                        <div class=\"show__excerpt\"><p>Le projet artistique s\u2019organisera en diff\u00e9rentes \u00e9tapes de travail, sous forme de laboratoires de cr\u00e9ations en 2024 \u00e0 travers lequel nous m\u00e8nerons une recherche sur le langage du groupe et le langage individuel de chaque interpr\u00e8te. L\u2019objectif est de transmettre des connaissances et des outils de travail au cours des sessions, et d\u2019int\u00e9grer \u00e0 long [&hellip;]<\/p>\n<\/div>\n                        <span class=\"btn btn-outline-primary\" target=\"_blank\" download>+ Info<\/span>\n                    <\/div>\n                <\/div>\n            <\/a>\n                <!-- end of the loop -->\n        <\/div>\n                    \n    [\/vc_column][\/vc_row][\/vc_section][vc_section css=\u00a0\u00bb.vc_custom_1592900218468{background-color: #eeeeee !important;}\u00a0\u00bb][vc_row][vc_column]\t<div id=\"carouselExampleIndicators\" class=\"carousel slide reviews-slide\" data-ride=\"carousel\">\n\t\t<ol class=\"carousel-indicators\">\n\t\t\t\t\t\t\t<li data-target=\"#carouselExampleIndicators\" data-slide-to=\"0\" class=\"active\"><\/li>\n\t\t\t\t\t\t\t<li data-target=\"#carouselExampleIndicators\" data-slide-to=\"1\" class=\"\"><\/li>\n\t\t\t\t\t\t\t<li data-target=\"#carouselExampleIndicators\" data-slide-to=\"2\" class=\"\"><\/li>\n\t\t\t\t\t<\/ol>\n        <div class=\"carousel-inner\">\n\t\t\t\t<div class=\"carousel-item active\">\n\t\t<h3><\/h3>\n\t\t<div>\u00ab\u00a0Her stage presence, raw and undeniable, is that of a magnetic actress: her movements don\u2019t just dance, they sculpt the space, ironical, despising anything merely agreeable.\u00a0\u00bb<\/div>\n\t\tOn Mar\u00eda Mu\u00f1oz in <i>Bach<\/i>. AF. Le C\u00e9sar\t<\/div>\n\t\t<div class=\"carousel-item\">\n\t\t<h3><\/h3>\n\t\t<div>\u201c\u00ab\u201c<i>On Goldberg Variations\/Variations<\/i> is a beautiful and magnificent piece resulting from a research and creation workshop by Mal Pelo, that has become one best dance companies in Spain.\u201d<\/div>\n\t\tMarta Carrasco. ABC de Sevilla. 01\/20\t<\/div>\n\t\t<div class=\"carousel-item\">\n\t\t<h3><\/h3>\n\t\t<div>\u201cAs is usual in montages by Mal Pelo, the set is judged to the millimetre. That is to say, very well anchored.\u201d<\/div>\n\t\tCarmen del Val. El Pa\u00eds\u201d\t<\/div>\n\t\t\t<\/div>\n\t\t<a class=\"carousel-control-prev\" href=\"#carouselExampleIndicators\" role=\"button\" data-slide=\"prev\">\n\t\t\t<span class=\"carousel-control-prev-icon\" aria-hidden=\"true\"><\/span>\n\t\t\t<span class=\"sr-only\">Previous<\/span>\n\t\t<\/a>\n\t\t<a class=\"carousel-control-next\" href=\"#carouselExampleIndicators\" role=\"button\" data-slide=\"next\">\n\t\t\t<span class=\"carousel-control-next-icon\" aria-hidden=\"true\"><\/span>\n\t\t\t<span class=\"sr-only\">Next<\/span>\n\t\t<\/a>\n\t<\/div>\n\t[\/vc_column][\/vc_row][vc_row][vc_column css=\u00a0\u00bb.vc_custom_1607592211983{margin-bottom: 3rem !important;}\u00a0\u00bb][vc_empty_space][vc_column_text]<\/p>\n<p style=\"text-align: right;\">*<em>The photographs on this web page are by Jordi Bover, Trist\u00e1n P\u00e9rez-Mart\u00edn and Mal Pelo, among others.<\/em><\/p>\n<p>[\/vc_column_text][\/vc_column][\/vc_row][\/vc_section][vc_section][vc_row][vc_column width=\u00a0\u00bb1\/6&Prime;][\/vc_column][vc_column width=\u00a0\u00bb2\/3&Prime;][vc_column_text]<\/p>\n<h3 style=\"text-align: center;\"><b>If you\u2019d like to receive news about Mal Pelo, please subscribe to our newsletter<\/b><\/h3>\n<p>[mc4wp_form id=\u00a0\u00bb647&Prime;][\/vc_column_text][\/vc_column][vc_column width=\u00a0\u00bb1\/6&Prime;][\/vc_column][\/vc_row][vc_row][vc_column][vc_empty_space][\/vc_column][\/vc_row][\/vc_section]<\/p>\n<\/div>","protected":false},"excerpt":{"rendered":"<p>[vc_section css=\u00a0\u00bb.vc_custom_1591262090652{padding-top: 3rem !important;padding-bottom: 3rem !important;background-color: #eeeeee !important;}\u00a0\u00bb][vc_row][vc_column][vc_column_text] Diary [\/vc_column_text][vc_btn title=\u00a0\u00bbToutes\u00a0\u00bb style=\u00a0\u00bbflat\u00a0\u00bb shape=\u00a0\u00bbsquare\u00a0\u00bb color=\u00a0\u00bbblack\u00a0\u00bb align=\u00a0\u00bbcenter\u00a0\u00bb link=\u00a0\u00bburl:https%3A%2F%2Fwww.malpelo.org%2Fagenda%2F|title:Agenda||\u00a0\u00bb][\/vc_column][\/vc_row][vc_row][vc_column][vc_row_inner][vc_column_inner][vc_separator][\/vc_column_inner][\/vc_row_inner][\/vc_column][\/vc_row][vc_row][vc_column][vc_column_text][\/vc_column_text][\/vc_column][\/vc_row][vc_row][vc_column][vc_empty_space][\/vc_column][\/vc_row][\/vc_section][vc_section][vc_row][vc_column][vc_column_text] Work on tour [\/vc_column_text][\/vc_column][\/vc_row][\/vc_section][vc_section][vc_row][vc_column][vc_column_text] News [\/vc_column_text][\/vc_column][\/vc_row][\/vc_section][vc_section css=\u00a0\u00bb.vc_custom_1592900218468{background-color: #eeeeee !important;}\u00a0\u00bb][vc_row][vc_column][\/vc_column][\/vc_row][vc_row][vc_column css=\u00a0\u00bb.vc_custom_1607592211983{margin-bottom: 3rem !important;}\u00a0\u00bb][vc_empty_space][vc_column_text] *The photographs on this web page are by Jordi Bover, Trist\u00e1n P\u00e9rez-Mart\u00edn and Mal Pelo, among others. [\/vc_column_text][\/vc_column][\/vc_row][\/vc_section][vc_section][vc_row][vc_column width=\u00a0\u00bb1\/6&Prime;][\/vc_column][vc_column width=\u00a0\u00bb2\/3&Prime;][vc_column_text] If you\u2019d like to receive news about [&hellip;]<\/p>\n","protected":false},"author":1,"featured_media":0,"parent":0,"menu_order":0,"comment_status":"closed","ping_status":"open","template":"","meta":{"_acf_changed":false,"footnotes":""},"class_list":["post-2942","page","type-page","status-publish","hentry"],"acf":[],"yoast_head":"<!-- This site is optimized with the Yoast SEO plugin v27.4 - https:\/\/yoast.com\/product\/yoast-seo-wordpress\/ -->\n<title>Start - Mal Pelo<\/title>\n<meta name=\"robots\" content=\"index, follow, max-snippet:-1, max-image-preview:large, max-video-preview:-1\" \/>\n<link rel=\"canonical\" href=\"https:\/\/www.malpelo.org\/fr\/\" \/>\n<meta property=\"og:locale\" content=\"fr_FR\" \/>\n<meta property=\"og:type\" content=\"article\" \/>\n<meta property=\"og:title\" content=\"Start - Mal Pelo\" \/>\n<meta property=\"og:description\" content=\"[vc_section css=\u00a0\u00bb.vc_custom_1591262090652{padding-top: 3rem !important;padding-bottom: 3rem !important;background-color: #eeeeee !important;}\u00a0\u00bb][vc_row][vc_column][vc_column_text] Diary [\/vc_column_text][vc_btn title=\u00a0\u00bbToutes\u00a0\u00bb style=\u00a0\u00bbflat\u00a0\u00bb shape=\u00a0\u00bbsquare\u00a0\u00bb color=\u00a0\u00bbblack\u00a0\u00bb align=\u00a0\u00bbcenter\u00a0\u00bb link=\u00a0\u00bburl:https%3A%2F%2Fwww.malpelo.org%2Fagenda%2F|title:Agenda||\u00a0\u00bb][\/vc_column][\/vc_row][vc_row][vc_column][vc_row_inner][vc_column_inner][vc_separator][\/vc_column_inner][\/vc_row_inner][\/vc_column][\/vc_row][vc_row][vc_column][vc_column_text][\/vc_column_text][\/vc_column][\/vc_row][vc_row][vc_column][vc_empty_space][\/vc_column][\/vc_row][\/vc_section][vc_section][vc_row][vc_column][vc_column_text] Work on tour [\/vc_column_text][\/vc_column][\/vc_row][\/vc_section][vc_section][vc_row][vc_column][vc_column_text] News [\/vc_column_text][\/vc_column][\/vc_row][\/vc_section][vc_section css=\u00a0\u00bb.vc_custom_1592900218468{background-color: #eeeeee !important;}\u00a0\u00bb][vc_row][vc_column][\/vc_column][\/vc_row][vc_row][vc_column css=\u00a0\u00bb.vc_custom_1607592211983{margin-bottom: 3rem !important;}\u00a0\u00bb][vc_empty_space][vc_column_text] *The photographs on this web page are by Jordi Bover, Trist\u00e1n P\u00e9rez-Mart\u00edn and Mal Pelo, among others. [\/vc_column_text][\/vc_column][\/vc_row][\/vc_section][vc_section][vc_row][vc_column width=\u00a0\u00bb1\/6&Prime;][\/vc_column][vc_column width=\u00a0\u00bb2\/3&Prime;][vc_column_text] If you\u2019d like to receive news about [&hellip;]\" \/>\n<meta property=\"og:url\" content=\"https:\/\/www.malpelo.org\/fr\/\" \/>\n<meta property=\"og:site_name\" content=\"Mal Pelo\" \/>\n<meta property=\"article:modified_time\" content=\"2025-03-24T12:24:32+00:00\" \/>\n<meta name=\"twitter:card\" content=\"summary_large_image\" \/>\n<meta name=\"twitter:label1\" content=\"Dur\u00e9e de lecture estim\u00e9e\" \/>\n\t<meta name=\"twitter:data1\" content=\"1 minute\" \/>\n<script type=\"application\/ld+json\" class=\"yoast-schema-graph\">{\"@context\":\"https:\\\/\\\/schema.org\",\"@graph\":[{\"@type\":\"WebPage\",\"@id\":\"https:\\\/\\\/www.malpelo.org\\\/fr\\\/\",\"url\":\"https:\\\/\\\/www.malpelo.org\\\/fr\\\/\",\"name\":\"Start - Mal Pelo\",\"isPartOf\":{\"@id\":\"https:\\\/\\\/www.malpelo.org\\\/#website\"},\"datePublished\":\"2021-03-03T12:09:11+00:00\",\"dateModified\":\"2025-03-24T12:24:32+00:00\",\"breadcrumb\":{\"@id\":\"https:\\\/\\\/www.malpelo.org\\\/fr\\\/#breadcrumb\"},\"inLanguage\":\"fr-FR\",\"potentialAction\":[{\"@type\":\"ReadAction\",\"target\":[\"https:\\\/\\\/www.malpelo.org\\\/fr\\\/\"]}]},{\"@type\":\"BreadcrumbList\",\"@id\":\"https:\\\/\\\/www.malpelo.org\\\/fr\\\/#breadcrumb\",\"itemListElement\":[{\"@type\":\"ListItem\",\"position\":1,\"name\":\"Inici\",\"item\":\"https:\\\/\\\/www.malpelo.org\\\/fr\\\/\"},{\"@type\":\"ListItem\",\"position\":2,\"name\":\"Start\"}]},{\"@type\":\"WebSite\",\"@id\":\"https:\\\/\\\/www.malpelo.org\\\/#website\",\"url\":\"https:\\\/\\\/www.malpelo.org\\\/\",\"name\":\"Mal Pelo\",\"description\":\"Mal Pelo\",\"potentialAction\":[{\"@type\":\"SearchAction\",\"target\":{\"@type\":\"EntryPoint\",\"urlTemplate\":\"https:\\\/\\\/www.malpelo.org\\\/?s={search_term_string}\"},\"query-input\":{\"@type\":\"PropertyValueSpecification\",\"valueRequired\":true,\"valueName\":\"search_term_string\"}}],\"inLanguage\":\"fr-FR\"}]}<\/script>\n<!-- \/ Yoast SEO plugin. -->","yoast_head_json":{"title":"Start - Mal Pelo","robots":{"index":"index","follow":"follow","max-snippet":"max-snippet:-1","max-image-preview":"max-image-preview:large","max-video-preview":"max-video-preview:-1"},"canonical":"https:\/\/www.malpelo.org\/fr\/","og_locale":"fr_FR","og_type":"article","og_title":"Start - Mal Pelo","og_description":"[vc_section css=\u00a0\u00bb.vc_custom_1591262090652{padding-top: 3rem !important;padding-bottom: 3rem !important;background-color: #eeeeee !important;}\u00a0\u00bb][vc_row][vc_column][vc_column_text] Diary [\/vc_column_text][vc_btn title=\u00a0\u00bbToutes\u00a0\u00bb style=\u00a0\u00bbflat\u00a0\u00bb shape=\u00a0\u00bbsquare\u00a0\u00bb color=\u00a0\u00bbblack\u00a0\u00bb align=\u00a0\u00bbcenter\u00a0\u00bb link=\u00a0\u00bburl:https%3A%2F%2Fwww.malpelo.org%2Fagenda%2F|title:Agenda||\u00a0\u00bb][\/vc_column][\/vc_row][vc_row][vc_column][vc_row_inner][vc_column_inner][vc_separator][\/vc_column_inner][\/vc_row_inner][\/vc_column][\/vc_row][vc_row][vc_column][vc_column_text][\/vc_column_text][\/vc_column][\/vc_row][vc_row][vc_column][vc_empty_space][\/vc_column][\/vc_row][\/vc_section][vc_section][vc_row][vc_column][vc_column_text] Work on tour [\/vc_column_text][\/vc_column][\/vc_row][\/vc_section][vc_section][vc_row][vc_column][vc_column_text] News [\/vc_column_text][\/vc_column][\/vc_row][\/vc_section][vc_section css=\u00a0\u00bb.vc_custom_1592900218468{background-color: #eeeeee !important;}\u00a0\u00bb][vc_row][vc_column][\/vc_column][\/vc_row][vc_row][vc_column css=\u00a0\u00bb.vc_custom_1607592211983{margin-bottom: 3rem !important;}\u00a0\u00bb][vc_empty_space][vc_column_text] *The photographs on this web page are by Jordi Bover, Trist\u00e1n P\u00e9rez-Mart\u00edn and Mal Pelo, among others. [\/vc_column_text][\/vc_column][\/vc_row][\/vc_section][vc_section][vc_row][vc_column width=\u00a0\u00bb1\/6&Prime;][\/vc_column][vc_column width=\u00a0\u00bb2\/3&Prime;][vc_column_text] If you\u2019d like to receive news about [&hellip;]","og_url":"https:\/\/www.malpelo.org\/fr\/","og_site_name":"Mal Pelo","article_modified_time":"2025-03-24T12:24:32+00:00","twitter_card":"summary_large_image","twitter_misc":{"Dur\u00e9e de lecture estim\u00e9e":"1 minute"},"schema":{"@context":"https:\/\/schema.org","@graph":[{"@type":"WebPage","@id":"https:\/\/www.malpelo.org\/fr\/","url":"https:\/\/www.malpelo.org\/fr\/","name":"Start - Mal Pelo","isPartOf":{"@id":"https:\/\/www.malpelo.org\/#website"},"datePublished":"2021-03-03T12:09:11+00:00","dateModified":"2025-03-24T12:24:32+00:00","breadcrumb":{"@id":"https:\/\/www.malpelo.org\/fr\/#breadcrumb"},"inLanguage":"fr-FR","potentialAction":[{"@type":"ReadAction","target":["https:\/\/www.malpelo.org\/fr\/"]}]},{"@type":"BreadcrumbList","@id":"https:\/\/www.malpelo.org\/fr\/#breadcrumb","itemListElement":[{"@type":"ListItem","position":1,"name":"Inici","item":"https:\/\/www.malpelo.org\/fr\/"},{"@type":"ListItem","position":2,"name":"Start"}]},{"@type":"WebSite","@id":"https:\/\/www.malpelo.org\/#website","url":"https:\/\/www.malpelo.org\/","name":"Mal Pelo","description":"Mal Pelo","potentialAction":[{"@type":"SearchAction","target":{"@type":"EntryPoint","urlTemplate":"https:\/\/www.malpelo.org\/?s={search_term_string}"},"query-input":{"@type":"PropertyValueSpecification","valueRequired":true,"valueName":"search_term_string"}}],"inLanguage":"fr-FR"}]}},"_links":{"self":[{"href":"https:\/\/www.malpelo.org\/fr\/wp-json\/wp\/v2\/pages\/2942","targetHints":{"allow":["GET"]}}],"collection":[{"href":"https:\/\/www.malpelo.org\/fr\/wp-json\/wp\/v2\/pages"}],"about":[{"href":"https:\/\/www.malpelo.org\/fr\/wp-json\/wp\/v2\/types\/page"}],"author":[{"embeddable":true,"href":"https:\/\/www.malpelo.org\/fr\/wp-json\/wp\/v2\/users\/1"}],"replies":[{"embeddable":true,"href":"https:\/\/www.malpelo.org\/fr\/wp-json\/wp\/v2\/comments?post=2942"}],"version-history":[{"count":11,"href":"https:\/\/www.malpelo.org\/fr\/wp-json\/wp\/v2\/pages\/2942\/revisions"}],"predecessor-version":[{"id":3862,"href":"https:\/\/www.malpelo.org\/fr\/wp-json\/wp\/v2\/pages\/2942\/revisions\/3862"}],"wp:attachment":[{"href":"https:\/\/www.malpelo.org\/fr\/wp-json\/wp\/v2\/media?parent=2942"}],"curies":[{"name":"wp","href":"https:\/\/api.w.org\/{rel}","templated":true}]}}