{"id":3662,"date":"2022-07-18T16:31:24","date_gmt":"2022-07-18T14:31:24","guid":{"rendered":"https:\/\/www.malpelo.org\/quienes-somos\/dan-tepfer-copy\/"},"modified":"2022-07-18T16:41:30","modified_gmt":"2022-07-18T14:41:30","slug":"august-viladomat","status":"publish","type":"page","link":"https:\/\/www.malpelo.org\/es\/quienes-somos\/august-viladomat\/","title":{"rendered":"August Viladomat"},"content":{"rendered":"<div class=\"wpb-content-wrapper\">[vc_section][vc_row][vc_column][vc_column_text]\r\n<h3>Trayectoria<\/h3>\r\n[\/vc_column_text][vc_column_text]<b>August Viladomat, dise\u00f1o iluminaci\u00f3n y t\u00e9cnico en gira<span class=\"Apple-converted-space\">\u00a0<\/span><\/b>\r\n\r\nIluminador y t\u00e9cnico de teatro. Desde 1997 trabaja como t\u00e9cnico de escenario e iluminador en diferentes \u00e1mbitos. Comienza en el Teatro Municipal de Banyoles, trabaja como jefe t\u00e9cnico en el Teatro de Salt y finalmente se establece como free lance compaginando el dise\u00f1o de espect\u00e1culos de danza y teatro y la direcci\u00f3n t\u00e9cnica de El animal en la espalda y Mal Pelo durante a\u00f1os. En 2009 establece su propia empresa de servicios Punt de Fuga.<span class=\"Apple-converted-space\">\u00a0<\/span>\r\n\r\n&nbsp;\r\n\r\n[\/vc_column_text][\/vc_column][\/vc_row][\/vc_section][vc_row][vc_column][vc_images_carousel images=\u00bb1167&#8243; img_size=\u00bb800&#215;600&#8243;][\/vc_column][\/vc_row]<!-- \/wp:post-content --><\/div>","protected":false},"excerpt":{"rendered":"<p>[vc_section][vc_row][vc_column][vc_column_text] Trayectoria [\/vc_column_text][vc_column_text]August Viladomat, dise\u00f1o iluminaci\u00f3n y t\u00e9cnico en gira\u00a0 Iluminador y t\u00e9cnico de teatro. Desde 1997 trabaja como t\u00e9cnico de escenario e iluminador en diferentes \u00e1mbitos. Comienza en el Teatro Municipal de Banyoles, trabaja como jefe t\u00e9cnico en el Teatro de Salt y finalmente se establece como free lance compaginando el dise\u00f1o de espect\u00e1culos [&hellip;]<\/p>\n","protected":false},"author":1,"featured_media":0,"parent":2531,"menu_order":0,"comment_status":"closed","ping_status":"closed","template":"","meta":{"_acf_changed":false,"footnotes":""},"class_list":["post-3662","page","type-page","status-publish","hentry"],"acf":[],"yoast_head":"<!-- This site is optimized with the Yoast SEO plugin v27.4 - https:\/\/yoast.com\/product\/yoast-seo-wordpress\/ -->\n<title>August Viladomat - Mal Pelo<\/title>\n<meta name=\"robots\" content=\"index, follow, max-snippet:-1, max-image-preview:large, max-video-preview:-1\" \/>\n<link rel=\"canonical\" href=\"https:\/\/www.malpelo.org\/es\/quienes-somos\/august-viladomat\/\" \/>\n<meta property=\"og:locale\" content=\"es_ES\" \/>\n<meta property=\"og:type\" content=\"article\" \/>\n<meta property=\"og:title\" content=\"August Viladomat - Mal Pelo\" \/>\n<meta property=\"og:description\" content=\"[vc_section][vc_row][vc_column][vc_column_text] Trayectoria [\/vc_column_text][vc_column_text]August Viladomat, dise\u00f1o iluminaci\u00f3n y t\u00e9cnico en gira\u00a0 Iluminador y t\u00e9cnico de teatro. Desde 1997 trabaja como t\u00e9cnico de escenario e iluminador en diferentes \u00e1mbitos. Comienza en el Teatro Municipal de Banyoles, trabaja como jefe t\u00e9cnico en el Teatro de Salt y finalmente se establece como free lance compaginando el dise\u00f1o de espect\u00e1culos [&hellip;]\" \/>\n<meta property=\"og:url\" content=\"https:\/\/www.malpelo.org\/es\/quienes-somos\/august-viladomat\/\" \/>\n<meta property=\"og:site_name\" content=\"Mal Pelo\" \/>\n<meta property=\"article:modified_time\" content=\"2022-07-18T14:41:30+00:00\" \/>\n<meta name=\"twitter:card\" content=\"summary_large_image\" \/>\n<meta name=\"twitter:label1\" content=\"Tiempo de lectura\" \/>\n\t<meta name=\"twitter:data1\" content=\"2 minutos\" \/>\n<script type=\"application\/ld+json\" class=\"yoast-schema-graph\">{\"@context\":\"https:\\\/\\\/schema.org\",\"@graph\":[{\"@type\":\"WebPage\",\"@id\":\"https:\\\/\\\/www.malpelo.org\\\/es\\\/quienes-somos\\\/august-viladomat\\\/\",\"url\":\"https:\\\/\\\/www.malpelo.org\\\/es\\\/quienes-somos\\\/august-viladomat\\\/\",\"name\":\"August Viladomat - Mal Pelo\",\"isPartOf\":{\"@id\":\"https:\\\/\\\/www.malpelo.org\\\/#website\"},\"datePublished\":\"2022-07-18T14:31:24+00:00\",\"dateModified\":\"2022-07-18T14:41:30+00:00\",\"breadcrumb\":{\"@id\":\"https:\\\/\\\/www.malpelo.org\\\/es\\\/quienes-somos\\\/august-viladomat\\\/#breadcrumb\"},\"inLanguage\":\"es\",\"potentialAction\":[{\"@type\":\"ReadAction\",\"target\":[\"https:\\\/\\\/www.malpelo.org\\\/es\\\/quienes-somos\\\/august-viladomat\\\/\"]}]},{\"@type\":\"BreadcrumbList\",\"@id\":\"https:\\\/\\\/www.malpelo.org\\\/es\\\/quienes-somos\\\/august-viladomat\\\/#breadcrumb\",\"itemListElement\":[{\"@type\":\"ListItem\",\"position\":1,\"name\":\"Inici\",\"item\":\"https:\\\/\\\/www.malpelo.org\\\/es\\\/\"},{\"@type\":\"ListItem\",\"position\":2,\"name\":\"Qui\u00e9nes somos\",\"item\":\"https:\\\/\\\/www.malpelo.org\\\/es\\\/quienes-somos\\\/\"},{\"@type\":\"ListItem\",\"position\":3,\"name\":\"August Viladomat\"}]},{\"@type\":\"WebSite\",\"@id\":\"https:\\\/\\\/www.malpelo.org\\\/#website\",\"url\":\"https:\\\/\\\/www.malpelo.org\\\/\",\"name\":\"Mal Pelo\",\"description\":\"Mal Pelo\",\"potentialAction\":[{\"@type\":\"SearchAction\",\"target\":{\"@type\":\"EntryPoint\",\"urlTemplate\":\"https:\\\/\\\/www.malpelo.org\\\/?s={search_term_string}\"},\"query-input\":{\"@type\":\"PropertyValueSpecification\",\"valueRequired\":true,\"valueName\":\"search_term_string\"}}],\"inLanguage\":\"es\"}]}<\/script>\n<!-- \/ Yoast SEO plugin. -->","yoast_head_json":{"title":"August Viladomat - Mal Pelo","robots":{"index":"index","follow":"follow","max-snippet":"max-snippet:-1","max-image-preview":"max-image-preview:large","max-video-preview":"max-video-preview:-1"},"canonical":"https:\/\/www.malpelo.org\/es\/quienes-somos\/august-viladomat\/","og_locale":"es_ES","og_type":"article","og_title":"August Viladomat - Mal Pelo","og_description":"[vc_section][vc_row][vc_column][vc_column_text] Trayectoria [\/vc_column_text][vc_column_text]August Viladomat, dise\u00f1o iluminaci\u00f3n y t\u00e9cnico en gira\u00a0 Iluminador y t\u00e9cnico de teatro. Desde 1997 trabaja como t\u00e9cnico de escenario e iluminador en diferentes \u00e1mbitos. Comienza en el Teatro Municipal de Banyoles, trabaja como jefe t\u00e9cnico en el Teatro de Salt y finalmente se establece como free lance compaginando el dise\u00f1o de espect\u00e1culos [&hellip;]","og_url":"https:\/\/www.malpelo.org\/es\/quienes-somos\/august-viladomat\/","og_site_name":"Mal Pelo","article_modified_time":"2022-07-18T14:41:30+00:00","twitter_card":"summary_large_image","twitter_misc":{"Tiempo de lectura":"2 minutos"},"schema":{"@context":"https:\/\/schema.org","@graph":[{"@type":"WebPage","@id":"https:\/\/www.malpelo.org\/es\/quienes-somos\/august-viladomat\/","url":"https:\/\/www.malpelo.org\/es\/quienes-somos\/august-viladomat\/","name":"August Viladomat - Mal Pelo","isPartOf":{"@id":"https:\/\/www.malpelo.org\/#website"},"datePublished":"2022-07-18T14:31:24+00:00","dateModified":"2022-07-18T14:41:30+00:00","breadcrumb":{"@id":"https:\/\/www.malpelo.org\/es\/quienes-somos\/august-viladomat\/#breadcrumb"},"inLanguage":"es","potentialAction":[{"@type":"ReadAction","target":["https:\/\/www.malpelo.org\/es\/quienes-somos\/august-viladomat\/"]}]},{"@type":"BreadcrumbList","@id":"https:\/\/www.malpelo.org\/es\/quienes-somos\/august-viladomat\/#breadcrumb","itemListElement":[{"@type":"ListItem","position":1,"name":"Inici","item":"https:\/\/www.malpelo.org\/es\/"},{"@type":"ListItem","position":2,"name":"Qui\u00e9nes somos","item":"https:\/\/www.malpelo.org\/es\/quienes-somos\/"},{"@type":"ListItem","position":3,"name":"August Viladomat"}]},{"@type":"WebSite","@id":"https:\/\/www.malpelo.org\/#website","url":"https:\/\/www.malpelo.org\/","name":"Mal Pelo","description":"Mal Pelo","potentialAction":[{"@type":"SearchAction","target":{"@type":"EntryPoint","urlTemplate":"https:\/\/www.malpelo.org\/?s={search_term_string}"},"query-input":{"@type":"PropertyValueSpecification","valueRequired":true,"valueName":"search_term_string"}}],"inLanguage":"es"}]}},"_links":{"self":[{"href":"https:\/\/www.malpelo.org\/es\/wp-json\/wp\/v2\/pages\/3662","targetHints":{"allow":["GET"]}}],"collection":[{"href":"https:\/\/www.malpelo.org\/es\/wp-json\/wp\/v2\/pages"}],"about":[{"href":"https:\/\/www.malpelo.org\/es\/wp-json\/wp\/v2\/types\/page"}],"author":[{"embeddable":true,"href":"https:\/\/www.malpelo.org\/es\/wp-json\/wp\/v2\/users\/1"}],"replies":[{"embeddable":true,"href":"https:\/\/www.malpelo.org\/es\/wp-json\/wp\/v2\/comments?post=3662"}],"version-history":[{"count":2,"href":"https:\/\/www.malpelo.org\/es\/wp-json\/wp\/v2\/pages\/3662\/revisions"}],"predecessor-version":[{"id":3664,"href":"https:\/\/www.malpelo.org\/es\/wp-json\/wp\/v2\/pages\/3662\/revisions\/3664"}],"up":[{"embeddable":true,"href":"https:\/\/www.malpelo.org\/es\/wp-json\/wp\/v2\/pages\/2531"}],"wp:attachment":[{"href":"https:\/\/www.malpelo.org\/es\/wp-json\/wp\/v2\/media?parent=3662"}],"curies":[{"name":"wp","href":"https:\/\/api.w.org\/{rel}","templated":true}]}}