{"id":3658,"date":"2022-07-18T16:25:01","date_gmt":"2022-07-18T14:25:01","guid":{"rendered":"https:\/\/www.malpelo.org\/quienes-somos\/dan-tepfer-copy\/"},"modified":"2022-11-02T13:53:47","modified_gmt":"2022-11-02T11:53:47","slug":"fanny-thollot","status":"publish","type":"page","link":"https:\/\/www.malpelo.org\/es\/quienes-somos\/fanny-thollot\/","title":{"rendered":"Fanny Thollot"},"content":{"rendered":"<div class=\"wpb-content-wrapper\">[vc_section][vc_row][vc_column][vc_column_text]\r\n<h3>Trayectoria<\/h3>\r\n[\/vc_column_text][vc_column_text]<b>Fanny Thollot, compositora y direcci\u00f3n sonora<span class=\"Apple-converted-space\">\u00a0<\/span><\/b>\r\n\r\nSaint Etienne, Francia. Diplomada por la \u00c9cole Nationale Sup\u00e9rieure des Arts et Techniques du Th\u00e9\u00e2tre de Lyon (Francia). Es m\u00fasico especialista en propuestas interactivas, trabaja en busca de universos sonoros, b\u00e1sicamente con la compa\u00f1\u00eda catalano-francesa Bar\u00f3 d&#8217;Evel Cirk Cie (Toulouse). Se interesa en la circulaci\u00f3n del sonido y en la composici\u00f3n en el espacio. Utiliza los principios de transformaci\u00f3n de sonidos en escena, de re-mix de grabaciones en directo. Desde 2013 colabora habitualmente con Mal Pelo en la composici\u00f3n y direcci\u00f3n de las bandas sonoras de los espect\u00e1culos.<span class=\"Apple-converted-space\">\u00a0<\/span>\r\n\r\n&nbsp;\r\n\r\n[\/vc_column_text][\/vc_column][\/vc_row][\/vc_section][vc_row][vc_column][vc_images_carousel images=\u00bb1170,1194&#8243; img_size=\u00bb800&#215;600&#8243;][\/vc_column][\/vc_row]<!-- \/wp:post-content --><\/div>","protected":false},"excerpt":{"rendered":"<p>[vc_section][vc_row][vc_column][vc_column_text] Trayectoria [\/vc_column_text][vc_column_text]Fanny Thollot, compositora y direcci\u00f3n sonora\u00a0 Saint Etienne, Francia. Diplomada por la \u00c9cole Nationale Sup\u00e9rieure des Arts et Techniques du Th\u00e9\u00e2tre de Lyon (Francia). Es m\u00fasico especialista en propuestas interactivas, trabaja en busca de universos sonoros, b\u00e1sicamente con la compa\u00f1\u00eda catalano-francesa Bar\u00f3 d&#8217;Evel Cirk Cie (Toulouse). Se interesa en la circulaci\u00f3n del sonido [&hellip;]<\/p>\n","protected":false},"author":1,"featured_media":0,"parent":2531,"menu_order":0,"comment_status":"closed","ping_status":"closed","template":"","meta":{"_acf_changed":false,"footnotes":""},"class_list":["post-3658","page","type-page","status-publish","hentry"],"acf":[],"yoast_head":"<!-- This site is optimized with the Yoast SEO plugin v27.3 - https:\/\/yoast.com\/product\/yoast-seo-wordpress\/ -->\n<title>Fanny Thollot - Mal Pelo<\/title>\n<meta name=\"robots\" content=\"index, follow, max-snippet:-1, max-image-preview:large, max-video-preview:-1\" \/>\n<link rel=\"canonical\" href=\"https:\/\/www.malpelo.org\/es\/quienes-somos\/fanny-thollot\/\" \/>\n<meta property=\"og:locale\" content=\"es_ES\" \/>\n<meta property=\"og:type\" content=\"article\" \/>\n<meta property=\"og:title\" content=\"Fanny Thollot - Mal Pelo\" \/>\n<meta property=\"og:description\" content=\"[vc_section][vc_row][vc_column][vc_column_text] Trayectoria [\/vc_column_text][vc_column_text]Fanny Thollot, compositora y direcci\u00f3n sonora\u00a0 Saint Etienne, Francia. Diplomada por la \u00c9cole Nationale Sup\u00e9rieure des Arts et Techniques du Th\u00e9\u00e2tre de Lyon (Francia). Es m\u00fasico especialista en propuestas interactivas, trabaja en busca de universos sonoros, b\u00e1sicamente con la compa\u00f1\u00eda catalano-francesa Bar\u00f3 d&#8217;Evel Cirk Cie (Toulouse). Se interesa en la circulaci\u00f3n del sonido [&hellip;]\" \/>\n<meta property=\"og:url\" content=\"https:\/\/www.malpelo.org\/es\/quienes-somos\/fanny-thollot\/\" \/>\n<meta property=\"og:site_name\" content=\"Mal Pelo\" \/>\n<meta property=\"article:modified_time\" content=\"2022-11-02T11:53:47+00:00\" \/>\n<meta name=\"twitter:card\" content=\"summary_large_image\" \/>\n<meta name=\"twitter:label1\" content=\"Tiempo de lectura\" \/>\n\t<meta name=\"twitter:data1\" content=\"1 minuto\" \/>\n<script type=\"application\/ld+json\" class=\"yoast-schema-graph\">{\"@context\":\"https:\\\/\\\/schema.org\",\"@graph\":[{\"@type\":\"WebPage\",\"@id\":\"https:\\\/\\\/www.malpelo.org\\\/es\\\/quienes-somos\\\/fanny-thollot\\\/\",\"url\":\"https:\\\/\\\/www.malpelo.org\\\/es\\\/quienes-somos\\\/fanny-thollot\\\/\",\"name\":\"Fanny Thollot - Mal Pelo\",\"isPartOf\":{\"@id\":\"https:\\\/\\\/www.malpelo.org\\\/#website\"},\"datePublished\":\"2022-07-18T14:25:01+00:00\",\"dateModified\":\"2022-11-02T11:53:47+00:00\",\"breadcrumb\":{\"@id\":\"https:\\\/\\\/www.malpelo.org\\\/es\\\/quienes-somos\\\/fanny-thollot\\\/#breadcrumb\"},\"inLanguage\":\"es\",\"potentialAction\":[{\"@type\":\"ReadAction\",\"target\":[\"https:\\\/\\\/www.malpelo.org\\\/es\\\/quienes-somos\\\/fanny-thollot\\\/\"]}]},{\"@type\":\"BreadcrumbList\",\"@id\":\"https:\\\/\\\/www.malpelo.org\\\/es\\\/quienes-somos\\\/fanny-thollot\\\/#breadcrumb\",\"itemListElement\":[{\"@type\":\"ListItem\",\"position\":1,\"name\":\"Inici\",\"item\":\"https:\\\/\\\/www.malpelo.org\\\/es\\\/\"},{\"@type\":\"ListItem\",\"position\":2,\"name\":\"Qui\u00e9nes somos\",\"item\":\"https:\\\/\\\/www.malpelo.org\\\/es\\\/quienes-somos\\\/\"},{\"@type\":\"ListItem\",\"position\":3,\"name\":\"Fanny Thollot\"}]},{\"@type\":\"WebSite\",\"@id\":\"https:\\\/\\\/www.malpelo.org\\\/#website\",\"url\":\"https:\\\/\\\/www.malpelo.org\\\/\",\"name\":\"Mal Pelo\",\"description\":\"Mal Pelo\",\"potentialAction\":[{\"@type\":\"SearchAction\",\"target\":{\"@type\":\"EntryPoint\",\"urlTemplate\":\"https:\\\/\\\/www.malpelo.org\\\/?s={search_term_string}\"},\"query-input\":{\"@type\":\"PropertyValueSpecification\",\"valueRequired\":true,\"valueName\":\"search_term_string\"}}],\"inLanguage\":\"es\"}]}<\/script>\n<!-- \/ Yoast SEO plugin. -->","yoast_head_json":{"title":"Fanny Thollot - Mal Pelo","robots":{"index":"index","follow":"follow","max-snippet":"max-snippet:-1","max-image-preview":"max-image-preview:large","max-video-preview":"max-video-preview:-1"},"canonical":"https:\/\/www.malpelo.org\/es\/quienes-somos\/fanny-thollot\/","og_locale":"es_ES","og_type":"article","og_title":"Fanny Thollot - Mal Pelo","og_description":"[vc_section][vc_row][vc_column][vc_column_text] Trayectoria [\/vc_column_text][vc_column_text]Fanny Thollot, compositora y direcci\u00f3n sonora\u00a0 Saint Etienne, Francia. Diplomada por la \u00c9cole Nationale Sup\u00e9rieure des Arts et Techniques du Th\u00e9\u00e2tre de Lyon (Francia). Es m\u00fasico especialista en propuestas interactivas, trabaja en busca de universos sonoros, b\u00e1sicamente con la compa\u00f1\u00eda catalano-francesa Bar\u00f3 d&#8217;Evel Cirk Cie (Toulouse). Se interesa en la circulaci\u00f3n del sonido [&hellip;]","og_url":"https:\/\/www.malpelo.org\/es\/quienes-somos\/fanny-thollot\/","og_site_name":"Mal Pelo","article_modified_time":"2022-11-02T11:53:47+00:00","twitter_card":"summary_large_image","twitter_misc":{"Tiempo de lectura":"1 minuto"},"schema":{"@context":"https:\/\/schema.org","@graph":[{"@type":"WebPage","@id":"https:\/\/www.malpelo.org\/es\/quienes-somos\/fanny-thollot\/","url":"https:\/\/www.malpelo.org\/es\/quienes-somos\/fanny-thollot\/","name":"Fanny Thollot - Mal Pelo","isPartOf":{"@id":"https:\/\/www.malpelo.org\/#website"},"datePublished":"2022-07-18T14:25:01+00:00","dateModified":"2022-11-02T11:53:47+00:00","breadcrumb":{"@id":"https:\/\/www.malpelo.org\/es\/quienes-somos\/fanny-thollot\/#breadcrumb"},"inLanguage":"es","potentialAction":[{"@type":"ReadAction","target":["https:\/\/www.malpelo.org\/es\/quienes-somos\/fanny-thollot\/"]}]},{"@type":"BreadcrumbList","@id":"https:\/\/www.malpelo.org\/es\/quienes-somos\/fanny-thollot\/#breadcrumb","itemListElement":[{"@type":"ListItem","position":1,"name":"Inici","item":"https:\/\/www.malpelo.org\/es\/"},{"@type":"ListItem","position":2,"name":"Qui\u00e9nes somos","item":"https:\/\/www.malpelo.org\/es\/quienes-somos\/"},{"@type":"ListItem","position":3,"name":"Fanny Thollot"}]},{"@type":"WebSite","@id":"https:\/\/www.malpelo.org\/#website","url":"https:\/\/www.malpelo.org\/","name":"Mal Pelo","description":"Mal Pelo","potentialAction":[{"@type":"SearchAction","target":{"@type":"EntryPoint","urlTemplate":"https:\/\/www.malpelo.org\/?s={search_term_string}"},"query-input":{"@type":"PropertyValueSpecification","valueRequired":true,"valueName":"search_term_string"}}],"inLanguage":"es"}]}},"_links":{"self":[{"href":"https:\/\/www.malpelo.org\/es\/wp-json\/wp\/v2\/pages\/3658","targetHints":{"allow":["GET"]}}],"collection":[{"href":"https:\/\/www.malpelo.org\/es\/wp-json\/wp\/v2\/pages"}],"about":[{"href":"https:\/\/www.malpelo.org\/es\/wp-json\/wp\/v2\/types\/page"}],"author":[{"embeddable":true,"href":"https:\/\/www.malpelo.org\/es\/wp-json\/wp\/v2\/users\/1"}],"replies":[{"embeddable":true,"href":"https:\/\/www.malpelo.org\/es\/wp-json\/wp\/v2\/comments?post=3658"}],"version-history":[{"count":4,"href":"https:\/\/www.malpelo.org\/es\/wp-json\/wp\/v2\/pages\/3658\/revisions"}],"predecessor-version":[{"id":3745,"href":"https:\/\/www.malpelo.org\/es\/wp-json\/wp\/v2\/pages\/3658\/revisions\/3745"}],"up":[{"embeddable":true,"href":"https:\/\/www.malpelo.org\/es\/wp-json\/wp\/v2\/pages\/2531"}],"wp:attachment":[{"href":"https:\/\/www.malpelo.org\/es\/wp-json\/wp\/v2\/media?parent=3658"}],"curies":[{"name":"wp","href":"https:\/\/api.w.org\/{rel}","templated":true}]}}