{"id":3654,"date":"2022-07-18T16:18:34","date_gmt":"2022-07-18T14:18:34","guid":{"rendered":"https:\/\/www.malpelo.org\/quienes-somos\/dan-tepfer-copy\/"},"modified":"2022-07-18T16:21:46","modified_gmt":"2022-07-18T14:21:46","slug":"daniel-claret","status":"publish","type":"page","link":"https:\/\/www.malpelo.org\/es\/quienes-somos\/daniel-claret\/","title":{"rendered":"Daniel Claret"},"content":{"rendered":"<div class=\"wpb-content-wrapper\">[vc_section][vc_row][vc_column][vc_column_text]\r\n<h3>Trayectoria<\/h3>\r\n[\/vc_column_text][vc_column_text]<b>Daniel Claret, violoncelo<span class=\"Apple-converted-space\">\u00a0<\/span><\/b>\r\n\r\nNacido en Barcelona en 1987, a los 13 a\u00f1os se convierte en el miembro fundador m\u00e1s joven de la Joven Orquesta Nacional de C\u00e1mara de Andorra (JONCA). Poco despu\u00e9s, comienza a asistir regularmente a los encuentros de la Orquesta Sinf\u00f3nica Siglo XXI (OSSXXI), dirigida por Jordi Mora. A los 18 a\u00f1os entra en la Clase de Perfeccionamiento de la Escuela de M\u00fasica \u00abVictoria de los \u00c1ngeles\u00bb, en Sant Cugat del Vall\u00e8s donde trabaja con maestros como Bernard Greenhouse, Laurence Lesser, Radu Aldulescu o Gary Hoffman. Con el profesor Peter Thiemann, cursa los estudios superiores de violonchelo en el Conservatorio del Liceo de Barcelona, donde se inicia en el mundo de la m\u00fasica de c\u00e1mara. Posteriormente, se traslada a Augsburgo, Alemania, para realizar un Master en Leopold-Mozart-Zentrum con el violonchelista Julius Berger. A los 23 a\u00f1os debuta como solista en el Palau de la M\u00fasica Catalana. Ha realizado actuaciones como solista con la Orquesta Nacional Cl\u00e1sica de Andorra (ONCA), el OSSXXI, la Orquesta Camera Musicae (OCM), la Bruckner Akademie Orchester (BAO) o la Cobla Sant Jordi-Ciutat de Barcelona y ser violonchelo solista de la OCM durante 6 a\u00f1os. Actualmente, colabora con la Orquesta Sinf\u00f3nica de Barcelona (OBC), la Orquesta del Gran Teatro del Liceo de Barcelona y la ONCA.<span class=\"Apple-converted-space\">\u00a0<\/span>\r\n\r\n&nbsp;\r\n\r\n[\/vc_column_text][\/vc_column][\/vc_row][\/vc_section][vc_row][vc_column][vc_images_carousel images=\u00bb3220,1798,3574&#8243; img_size=\u00bb800&#215;600&#8243;][\/vc_column][\/vc_row]<!-- \/wp:post-content --><\/div>","protected":false},"excerpt":{"rendered":"<p>[vc_section][vc_row][vc_column][vc_column_text] Trayectoria [\/vc_column_text][vc_column_text]Daniel Claret, violoncelo\u00a0 Nacido en Barcelona en 1987, a los 13 a\u00f1os se convierte en el miembro fundador m\u00e1s joven de la Joven Orquesta Nacional de C\u00e1mara de Andorra (JONCA). Poco despu\u00e9s, comienza a asistir regularmente a los encuentros de la Orquesta Sinf\u00f3nica Siglo XXI (OSSXXI), dirigida por Jordi Mora. A los 18 [&hellip;]<\/p>\n","protected":false},"author":1,"featured_media":0,"parent":2531,"menu_order":0,"comment_status":"closed","ping_status":"closed","template":"","meta":{"_acf_changed":false,"footnotes":""},"class_list":["post-3654","page","type-page","status-publish","hentry"],"acf":[],"yoast_head":"<!-- This site is optimized with the Yoast SEO plugin v27.4 - https:\/\/yoast.com\/product\/yoast-seo-wordpress\/ -->\n<title>Daniel Claret - Mal Pelo<\/title>\n<meta name=\"robots\" content=\"index, follow, max-snippet:-1, max-image-preview:large, max-video-preview:-1\" \/>\n<link rel=\"canonical\" href=\"https:\/\/www.malpelo.org\/es\/quienes-somos\/daniel-claret\/\" \/>\n<meta property=\"og:locale\" content=\"es_ES\" \/>\n<meta property=\"og:type\" content=\"article\" \/>\n<meta property=\"og:title\" content=\"Daniel Claret - Mal Pelo\" \/>\n<meta property=\"og:description\" content=\"[vc_section][vc_row][vc_column][vc_column_text] Trayectoria [\/vc_column_text][vc_column_text]Daniel Claret, violoncelo\u00a0 Nacido en Barcelona en 1987, a los 13 a\u00f1os se convierte en el miembro fundador m\u00e1s joven de la Joven Orquesta Nacional de C\u00e1mara de Andorra (JONCA). Poco despu\u00e9s, comienza a asistir regularmente a los encuentros de la Orquesta Sinf\u00f3nica Siglo XXI (OSSXXI), dirigida por Jordi Mora. A los 18 [&hellip;]\" \/>\n<meta property=\"og:url\" content=\"https:\/\/www.malpelo.org\/es\/quienes-somos\/daniel-claret\/\" \/>\n<meta property=\"og:site_name\" content=\"Mal Pelo\" \/>\n<meta property=\"article:modified_time\" content=\"2022-07-18T14:21:46+00:00\" \/>\n<meta name=\"twitter:card\" content=\"summary_large_image\" \/>\n<meta name=\"twitter:label1\" content=\"Tiempo de lectura\" \/>\n\t<meta name=\"twitter:data1\" content=\"2 minutos\" \/>\n<script type=\"application\/ld+json\" class=\"yoast-schema-graph\">{\"@context\":\"https:\\\/\\\/schema.org\",\"@graph\":[{\"@type\":\"WebPage\",\"@id\":\"https:\\\/\\\/www.malpelo.org\\\/es\\\/quienes-somos\\\/daniel-claret\\\/\",\"url\":\"https:\\\/\\\/www.malpelo.org\\\/es\\\/quienes-somos\\\/daniel-claret\\\/\",\"name\":\"Daniel Claret - Mal Pelo\",\"isPartOf\":{\"@id\":\"https:\\\/\\\/www.malpelo.org\\\/#website\"},\"datePublished\":\"2022-07-18T14:18:34+00:00\",\"dateModified\":\"2022-07-18T14:21:46+00:00\",\"breadcrumb\":{\"@id\":\"https:\\\/\\\/www.malpelo.org\\\/es\\\/quienes-somos\\\/daniel-claret\\\/#breadcrumb\"},\"inLanguage\":\"es\",\"potentialAction\":[{\"@type\":\"ReadAction\",\"target\":[\"https:\\\/\\\/www.malpelo.org\\\/es\\\/quienes-somos\\\/daniel-claret\\\/\"]}]},{\"@type\":\"BreadcrumbList\",\"@id\":\"https:\\\/\\\/www.malpelo.org\\\/es\\\/quienes-somos\\\/daniel-claret\\\/#breadcrumb\",\"itemListElement\":[{\"@type\":\"ListItem\",\"position\":1,\"name\":\"Inici\",\"item\":\"https:\\\/\\\/www.malpelo.org\\\/es\\\/\"},{\"@type\":\"ListItem\",\"position\":2,\"name\":\"Qui\u00e9nes somos\",\"item\":\"https:\\\/\\\/www.malpelo.org\\\/es\\\/quienes-somos\\\/\"},{\"@type\":\"ListItem\",\"position\":3,\"name\":\"Daniel Claret\"}]},{\"@type\":\"WebSite\",\"@id\":\"https:\\\/\\\/www.malpelo.org\\\/#website\",\"url\":\"https:\\\/\\\/www.malpelo.org\\\/\",\"name\":\"Mal Pelo\",\"description\":\"Mal Pelo\",\"potentialAction\":[{\"@type\":\"SearchAction\",\"target\":{\"@type\":\"EntryPoint\",\"urlTemplate\":\"https:\\\/\\\/www.malpelo.org\\\/?s={search_term_string}\"},\"query-input\":{\"@type\":\"PropertyValueSpecification\",\"valueRequired\":true,\"valueName\":\"search_term_string\"}}],\"inLanguage\":\"es\"}]}<\/script>\n<!-- \/ Yoast SEO plugin. -->","yoast_head_json":{"title":"Daniel Claret - Mal Pelo","robots":{"index":"index","follow":"follow","max-snippet":"max-snippet:-1","max-image-preview":"max-image-preview:large","max-video-preview":"max-video-preview:-1"},"canonical":"https:\/\/www.malpelo.org\/es\/quienes-somos\/daniel-claret\/","og_locale":"es_ES","og_type":"article","og_title":"Daniel Claret - Mal Pelo","og_description":"[vc_section][vc_row][vc_column][vc_column_text] Trayectoria [\/vc_column_text][vc_column_text]Daniel Claret, violoncelo\u00a0 Nacido en Barcelona en 1987, a los 13 a\u00f1os se convierte en el miembro fundador m\u00e1s joven de la Joven Orquesta Nacional de C\u00e1mara de Andorra (JONCA). Poco despu\u00e9s, comienza a asistir regularmente a los encuentros de la Orquesta Sinf\u00f3nica Siglo XXI (OSSXXI), dirigida por Jordi Mora. A los 18 [&hellip;]","og_url":"https:\/\/www.malpelo.org\/es\/quienes-somos\/daniel-claret\/","og_site_name":"Mal Pelo","article_modified_time":"2022-07-18T14:21:46+00:00","twitter_card":"summary_large_image","twitter_misc":{"Tiempo de lectura":"2 minutos"},"schema":{"@context":"https:\/\/schema.org","@graph":[{"@type":"WebPage","@id":"https:\/\/www.malpelo.org\/es\/quienes-somos\/daniel-claret\/","url":"https:\/\/www.malpelo.org\/es\/quienes-somos\/daniel-claret\/","name":"Daniel Claret - Mal Pelo","isPartOf":{"@id":"https:\/\/www.malpelo.org\/#website"},"datePublished":"2022-07-18T14:18:34+00:00","dateModified":"2022-07-18T14:21:46+00:00","breadcrumb":{"@id":"https:\/\/www.malpelo.org\/es\/quienes-somos\/daniel-claret\/#breadcrumb"},"inLanguage":"es","potentialAction":[{"@type":"ReadAction","target":["https:\/\/www.malpelo.org\/es\/quienes-somos\/daniel-claret\/"]}]},{"@type":"BreadcrumbList","@id":"https:\/\/www.malpelo.org\/es\/quienes-somos\/daniel-claret\/#breadcrumb","itemListElement":[{"@type":"ListItem","position":1,"name":"Inici","item":"https:\/\/www.malpelo.org\/es\/"},{"@type":"ListItem","position":2,"name":"Qui\u00e9nes somos","item":"https:\/\/www.malpelo.org\/es\/quienes-somos\/"},{"@type":"ListItem","position":3,"name":"Daniel Claret"}]},{"@type":"WebSite","@id":"https:\/\/www.malpelo.org\/#website","url":"https:\/\/www.malpelo.org\/","name":"Mal Pelo","description":"Mal Pelo","potentialAction":[{"@type":"SearchAction","target":{"@type":"EntryPoint","urlTemplate":"https:\/\/www.malpelo.org\/?s={search_term_string}"},"query-input":{"@type":"PropertyValueSpecification","valueRequired":true,"valueName":"search_term_string"}}],"inLanguage":"es"}]}},"_links":{"self":[{"href":"https:\/\/www.malpelo.org\/es\/wp-json\/wp\/v2\/pages\/3654","targetHints":{"allow":["GET"]}}],"collection":[{"href":"https:\/\/www.malpelo.org\/es\/wp-json\/wp\/v2\/pages"}],"about":[{"href":"https:\/\/www.malpelo.org\/es\/wp-json\/wp\/v2\/types\/page"}],"author":[{"embeddable":true,"href":"https:\/\/www.malpelo.org\/es\/wp-json\/wp\/v2\/users\/1"}],"replies":[{"embeddable":true,"href":"https:\/\/www.malpelo.org\/es\/wp-json\/wp\/v2\/comments?post=3654"}],"version-history":[{"count":2,"href":"https:\/\/www.malpelo.org\/es\/wp-json\/wp\/v2\/pages\/3654\/revisions"}],"predecessor-version":[{"id":3656,"href":"https:\/\/www.malpelo.org\/es\/wp-json\/wp\/v2\/pages\/3654\/revisions\/3656"}],"up":[{"embeddable":true,"href":"https:\/\/www.malpelo.org\/es\/wp-json\/wp\/v2\/pages\/2531"}],"wp:attachment":[{"href":"https:\/\/www.malpelo.org\/es\/wp-json\/wp\/v2\/media?parent=3654"}],"curies":[{"name":"wp","href":"https:\/\/api.w.org\/{rel}","templated":true}]}}