{"id":3646,"date":"2022-07-18T16:03:20","date_gmt":"2022-07-18T14:03:20","guid":{"rendered":"https:\/\/www.malpelo.org\/quienes-somos\/enric-fabregas-copy\/"},"modified":"2022-07-18T16:16:09","modified_gmt":"2022-07-18T14:16:09","slug":"masha-titova","status":"publish","type":"page","link":"https:\/\/www.malpelo.org\/es\/quienes-somos\/masha-titova\/","title":{"rendered":"Masha Titova"},"content":{"rendered":"<div class=\"wpb-content-wrapper\">[vc_section][vc_row][vc_column][vc_column_text]\r\n<h3>Trayectoria<\/h3>\r\n[\/vc_column_text][vc_column_text]<b>Masha Titova, viola<span class=\"Apple-converted-space\">\u00a0<\/span><\/b>\r\n\r\nNacida en Gomel en 1983, desde muy peque\u00f1a le gustaba cantar y escuchar todo tipo de m\u00fasica. Con el coraz\u00f3n Zhavaronachki tuvo la oportunidad de viajar y ver un mundo diferente al de la Bielorrusia post Sovi\u00e9tica. Despu\u00e9s de sus estudios de viola en Minsk, fue aceptada en la Hochschule f\u00fcr Musik Lucerna, en Suiza, con la prestigiosa profesora Isabel CHARISIUS. En Suiza ha formado parte de la 21st Century Orchestra con la que ha viajado por todo el mundo y colabora con otras orquestas y proyectos educativos como la Z\u00fcrich Symphony Orchester, Basel Festival Orchester y la City Light Orchestra de la que tambi\u00e9n es miembro. El a\u00f1o 2018 tuvo un primer contacto con la compa\u00f1\u00eda Mal Pelo dentro del festival Dans\u00e0neu en un laboratorio sobre Bach y en una colaboraci\u00f3n que nutre y contin\u00faa en los pr\u00f3ximos a\u00f1os una relaci\u00f3n art\u00edstica y personal muy importante.<span class=\"Apple-converted-space\">\u00a0<\/span>\r\n\r\n&nbsp;\r\n\r\n[\/vc_column_text][\/vc_column][\/vc_row][\/vc_section][vc_row][vc_column][vc_images_carousel images=\u00bb1822,3648&#8243; img_size=\u00bb800&#215;600&#8243;][\/vc_column][\/vc_row]<!-- \/wp:post-content --><\/div>","protected":false},"excerpt":{"rendered":"<p>[vc_section][vc_row][vc_column][vc_column_text] Trayectoria [\/vc_column_text][vc_column_text]Masha Titova, viola\u00a0 Nacida en Gomel en 1983, desde muy peque\u00f1a le gustaba cantar y escuchar todo tipo de m\u00fasica. Con el coraz\u00f3n Zhavaronachki tuvo la oportunidad de viajar y ver un mundo diferente al de la Bielorrusia post Sovi\u00e9tica. Despu\u00e9s de sus estudios de viola en Minsk, fue aceptada en la Hochschule [&hellip;]<\/p>\n","protected":false},"author":1,"featured_media":0,"parent":2531,"menu_order":0,"comment_status":"closed","ping_status":"closed","template":"","meta":{"_acf_changed":false,"footnotes":""},"class_list":["post-3646","page","type-page","status-publish","hentry"],"acf":[],"yoast_head":"<!-- This site is optimized with the Yoast SEO plugin v27.3 - https:\/\/yoast.com\/product\/yoast-seo-wordpress\/ -->\n<title>Masha Titova - Mal Pelo<\/title>\n<meta name=\"robots\" content=\"index, follow, max-snippet:-1, max-image-preview:large, max-video-preview:-1\" \/>\n<link rel=\"canonical\" href=\"https:\/\/www.malpelo.org\/es\/quienes-somos\/masha-titova\/\" \/>\n<meta property=\"og:locale\" content=\"es_ES\" \/>\n<meta property=\"og:type\" content=\"article\" \/>\n<meta property=\"og:title\" content=\"Masha Titova - Mal Pelo\" \/>\n<meta property=\"og:description\" content=\"[vc_section][vc_row][vc_column][vc_column_text] Trayectoria [\/vc_column_text][vc_column_text]Masha Titova, viola\u00a0 Nacida en Gomel en 1983, desde muy peque\u00f1a le gustaba cantar y escuchar todo tipo de m\u00fasica. Con el coraz\u00f3n Zhavaronachki tuvo la oportunidad de viajar y ver un mundo diferente al de la Bielorrusia post Sovi\u00e9tica. Despu\u00e9s de sus estudios de viola en Minsk, fue aceptada en la Hochschule [&hellip;]\" \/>\n<meta property=\"og:url\" content=\"https:\/\/www.malpelo.org\/es\/quienes-somos\/masha-titova\/\" \/>\n<meta property=\"og:site_name\" content=\"Mal Pelo\" \/>\n<meta property=\"article:modified_time\" content=\"2022-07-18T14:16:09+00:00\" \/>\n<meta name=\"twitter:card\" content=\"summary_large_image\" \/>\n<meta name=\"twitter:label1\" content=\"Tiempo de lectura\" \/>\n\t<meta name=\"twitter:data1\" content=\"1 minuto\" \/>\n<script type=\"application\/ld+json\" class=\"yoast-schema-graph\">{\"@context\":\"https:\\\/\\\/schema.org\",\"@graph\":[{\"@type\":\"WebPage\",\"@id\":\"https:\\\/\\\/www.malpelo.org\\\/es\\\/quienes-somos\\\/masha-titova\\\/\",\"url\":\"https:\\\/\\\/www.malpelo.org\\\/es\\\/quienes-somos\\\/masha-titova\\\/\",\"name\":\"Masha Titova - Mal Pelo\",\"isPartOf\":{\"@id\":\"https:\\\/\\\/www.malpelo.org\\\/#website\"},\"datePublished\":\"2022-07-18T14:03:20+00:00\",\"dateModified\":\"2022-07-18T14:16:09+00:00\",\"breadcrumb\":{\"@id\":\"https:\\\/\\\/www.malpelo.org\\\/es\\\/quienes-somos\\\/masha-titova\\\/#breadcrumb\"},\"inLanguage\":\"es\",\"potentialAction\":[{\"@type\":\"ReadAction\",\"target\":[\"https:\\\/\\\/www.malpelo.org\\\/es\\\/quienes-somos\\\/masha-titova\\\/\"]}]},{\"@type\":\"BreadcrumbList\",\"@id\":\"https:\\\/\\\/www.malpelo.org\\\/es\\\/quienes-somos\\\/masha-titova\\\/#breadcrumb\",\"itemListElement\":[{\"@type\":\"ListItem\",\"position\":1,\"name\":\"Inici\",\"item\":\"https:\\\/\\\/www.malpelo.org\\\/es\\\/\"},{\"@type\":\"ListItem\",\"position\":2,\"name\":\"Qui\u00e9nes somos\",\"item\":\"https:\\\/\\\/www.malpelo.org\\\/es\\\/quienes-somos\\\/\"},{\"@type\":\"ListItem\",\"position\":3,\"name\":\"Masha Titova\"}]},{\"@type\":\"WebSite\",\"@id\":\"https:\\\/\\\/www.malpelo.org\\\/#website\",\"url\":\"https:\\\/\\\/www.malpelo.org\\\/\",\"name\":\"Mal Pelo\",\"description\":\"Mal Pelo\",\"potentialAction\":[{\"@type\":\"SearchAction\",\"target\":{\"@type\":\"EntryPoint\",\"urlTemplate\":\"https:\\\/\\\/www.malpelo.org\\\/?s={search_term_string}\"},\"query-input\":{\"@type\":\"PropertyValueSpecification\",\"valueRequired\":true,\"valueName\":\"search_term_string\"}}],\"inLanguage\":\"es\"}]}<\/script>\n<!-- \/ Yoast SEO plugin. -->","yoast_head_json":{"title":"Masha Titova - Mal Pelo","robots":{"index":"index","follow":"follow","max-snippet":"max-snippet:-1","max-image-preview":"max-image-preview:large","max-video-preview":"max-video-preview:-1"},"canonical":"https:\/\/www.malpelo.org\/es\/quienes-somos\/masha-titova\/","og_locale":"es_ES","og_type":"article","og_title":"Masha Titova - Mal Pelo","og_description":"[vc_section][vc_row][vc_column][vc_column_text] Trayectoria [\/vc_column_text][vc_column_text]Masha Titova, viola\u00a0 Nacida en Gomel en 1983, desde muy peque\u00f1a le gustaba cantar y escuchar todo tipo de m\u00fasica. Con el coraz\u00f3n Zhavaronachki tuvo la oportunidad de viajar y ver un mundo diferente al de la Bielorrusia post Sovi\u00e9tica. Despu\u00e9s de sus estudios de viola en Minsk, fue aceptada en la Hochschule [&hellip;]","og_url":"https:\/\/www.malpelo.org\/es\/quienes-somos\/masha-titova\/","og_site_name":"Mal Pelo","article_modified_time":"2022-07-18T14:16:09+00:00","twitter_card":"summary_large_image","twitter_misc":{"Tiempo de lectura":"1 minuto"},"schema":{"@context":"https:\/\/schema.org","@graph":[{"@type":"WebPage","@id":"https:\/\/www.malpelo.org\/es\/quienes-somos\/masha-titova\/","url":"https:\/\/www.malpelo.org\/es\/quienes-somos\/masha-titova\/","name":"Masha Titova - Mal Pelo","isPartOf":{"@id":"https:\/\/www.malpelo.org\/#website"},"datePublished":"2022-07-18T14:03:20+00:00","dateModified":"2022-07-18T14:16:09+00:00","breadcrumb":{"@id":"https:\/\/www.malpelo.org\/es\/quienes-somos\/masha-titova\/#breadcrumb"},"inLanguage":"es","potentialAction":[{"@type":"ReadAction","target":["https:\/\/www.malpelo.org\/es\/quienes-somos\/masha-titova\/"]}]},{"@type":"BreadcrumbList","@id":"https:\/\/www.malpelo.org\/es\/quienes-somos\/masha-titova\/#breadcrumb","itemListElement":[{"@type":"ListItem","position":1,"name":"Inici","item":"https:\/\/www.malpelo.org\/es\/"},{"@type":"ListItem","position":2,"name":"Qui\u00e9nes somos","item":"https:\/\/www.malpelo.org\/es\/quienes-somos\/"},{"@type":"ListItem","position":3,"name":"Masha Titova"}]},{"@type":"WebSite","@id":"https:\/\/www.malpelo.org\/#website","url":"https:\/\/www.malpelo.org\/","name":"Mal Pelo","description":"Mal Pelo","potentialAction":[{"@type":"SearchAction","target":{"@type":"EntryPoint","urlTemplate":"https:\/\/www.malpelo.org\/?s={search_term_string}"},"query-input":{"@type":"PropertyValueSpecification","valueRequired":true,"valueName":"search_term_string"}}],"inLanguage":"es"}]}},"_links":{"self":[{"href":"https:\/\/www.malpelo.org\/es\/wp-json\/wp\/v2\/pages\/3646","targetHints":{"allow":["GET"]}}],"collection":[{"href":"https:\/\/www.malpelo.org\/es\/wp-json\/wp\/v2\/pages"}],"about":[{"href":"https:\/\/www.malpelo.org\/es\/wp-json\/wp\/v2\/types\/page"}],"author":[{"embeddable":true,"href":"https:\/\/www.malpelo.org\/es\/wp-json\/wp\/v2\/users\/1"}],"replies":[{"embeddable":true,"href":"https:\/\/www.malpelo.org\/es\/wp-json\/wp\/v2\/comments?post=3646"}],"version-history":[{"count":2,"href":"https:\/\/www.malpelo.org\/es\/wp-json\/wp\/v2\/pages\/3646\/revisions"}],"predecessor-version":[{"id":3652,"href":"https:\/\/www.malpelo.org\/es\/wp-json\/wp\/v2\/pages\/3646\/revisions\/3652"}],"up":[{"embeddable":true,"href":"https:\/\/www.malpelo.org\/es\/wp-json\/wp\/v2\/pages\/2531"}],"wp:attachment":[{"href":"https:\/\/www.malpelo.org\/es\/wp-json\/wp\/v2\/media?parent=3646"}],"curies":[{"name":"wp","href":"https:\/\/api.w.org\/{rel}","templated":true}]}}