{"id":3626,"date":"2022-07-18T15:25:06","date_gmt":"2022-07-18T13:25:06","guid":{"rendered":"https:\/\/www.malpelo.org\/quienes-somos\/david-sagastume-copy\/"},"modified":"2022-07-18T15:28:36","modified_gmt":"2022-07-18T13:28:36","slug":"mario-corberan","status":"publish","type":"page","link":"https:\/\/www.malpelo.org\/es\/quienes-somos\/mario-corberan\/","title":{"rendered":"Mario Corber\u00e1n"},"content":{"rendered":"<div class=\"wpb-content-wrapper\">[vc_section][vc_row][vc_column][vc_column_text]\r\n<h3>Trayectoria<\/h3>\r\n[\/vc_column_text][vc_column_text]<b>Mario Corber\u00e1n, tenor<span class=\"Apple-converted-space\">\u00a0<\/span><\/b>\r\n\r\nTenor nacido en Valencia, formado en la Escolan\u00eda de Nuestra Se\u00f1ora de los Desamparados dirigida por Luis Garrido, en el Conservatorio Superior del Pa\u00eds Vasco \u00abMusikene\u00bb con Ana Mar\u00eda S\u00e1nchez y diplomado en el Conservatorio del Liceo. Ha recibido masterclass de repertorio estil\u00edstico y t\u00e9cnica vocal de maestros de la talla como Miguel Zanetti, Ricardo Visus, Enrique Ricci, Maciej Pikulski, Robert Expert, David Mason, Richard Levvit y Wessels Zlateva. Ha interpretado \u00f3peras de Mozart como Don Giovanni (Auditorio Ribarroja), La finta giardiniera (Teatro Amaia-Ir\u00fan), Cosi fan tutte (Principal de Castell\u00f3n) y Le nozze di Figaro (Palacio de las Artes). Ha realizado recitales e interpretado oratorios, como el R\u00e9quiem y la Misa de la Coronaci\u00f3n de Mozart, la Petite Messe Solemnelle de Rossini y el Te Deum de Charpentier. Ha formado parte del Centro de Perfeccionamiento Pl\u00e1cido Domingo del Palau de las Artes-Reina Sof\u00eda de Valencia donde ha interpretado: Boris Godunov (Bayar), Ariadna en Naxos (Ein Officier), La vida breve (La voz de la fragua), Le Cid (Don Arias), Il trovatore (Ruiz), Tristan und Isolde (Ein junge Seeman), Rigoletto (Bolsa), Dido and Eneas (Sailor), El d\u00fao de \u00abLa Africana\u00bb (Giusepini), I due Foscari (Barbarigo), Die Zauberfl\u00f6te (Zweites Priester), Otello (Roderigo), La Traviata (Gastone) y el Retablo de Maese Pedro (Maese Pedro); con directores como Omeir Wellber, Andrea Battistoni, Pl\u00e1cido Domingo, Zubin Mehta, Juan Luis Martinez, Jos\u00e9 Miguel P\u00e9rez Sierra o Ottavio Dantone.<span class=\"Apple-converted-space\">\u00a0<\/span>\r\n\r\n[\/vc_column_text][\/vc_column][\/vc_row][\/vc_section][vc_row][vc_column][vc_images_carousel images=\u00bb3628,1802&#8243; img_size=\u00bb800&#215;600&#8243;][\/vc_column][\/vc_row]<!-- \/wp:post-content --><\/div>","protected":false},"excerpt":{"rendered":"<p>[vc_section][vc_row][vc_column][vc_column_text] Trayectoria [\/vc_column_text][vc_column_text]Mario Corber\u00e1n, tenor\u00a0 Tenor nacido en Valencia, formado en la Escolan\u00eda de Nuestra Se\u00f1ora de los Desamparados dirigida por Luis Garrido, en el Conservatorio Superior del Pa\u00eds Vasco \u00abMusikene\u00bb con Ana Mar\u00eda S\u00e1nchez y diplomado en el Conservatorio del Liceo. Ha recibido masterclass de repertorio estil\u00edstico y t\u00e9cnica vocal de maestros de la [&hellip;]<\/p>\n","protected":false},"author":1,"featured_media":0,"parent":2531,"menu_order":0,"comment_status":"closed","ping_status":"closed","template":"","meta":{"_acf_changed":false,"footnotes":""},"class_list":["post-3626","page","type-page","status-publish","hentry"],"acf":[],"yoast_head":"<!-- This site is optimized with the Yoast SEO plugin v27.3 - https:\/\/yoast.com\/product\/yoast-seo-wordpress\/ -->\n<title>Mario Corber\u00e1n - Mal Pelo<\/title>\n<meta name=\"robots\" content=\"index, follow, max-snippet:-1, max-image-preview:large, max-video-preview:-1\" \/>\n<link rel=\"canonical\" href=\"https:\/\/www.malpelo.org\/es\/quienes-somos\/mario-corberan\/\" \/>\n<meta property=\"og:locale\" content=\"es_ES\" \/>\n<meta property=\"og:type\" content=\"article\" \/>\n<meta property=\"og:title\" content=\"Mario Corber\u00e1n - Mal Pelo\" \/>\n<meta property=\"og:description\" content=\"[vc_section][vc_row][vc_column][vc_column_text] Trayectoria [\/vc_column_text][vc_column_text]Mario Corber\u00e1n, tenor\u00a0 Tenor nacido en Valencia, formado en la Escolan\u00eda de Nuestra Se\u00f1ora de los Desamparados dirigida por Luis Garrido, en el Conservatorio Superior del Pa\u00eds Vasco \u00abMusikene\u00bb con Ana Mar\u00eda S\u00e1nchez y diplomado en el Conservatorio del Liceo. Ha recibido masterclass de repertorio estil\u00edstico y t\u00e9cnica vocal de maestros de la [&hellip;]\" \/>\n<meta property=\"og:url\" content=\"https:\/\/www.malpelo.org\/es\/quienes-somos\/mario-corberan\/\" \/>\n<meta property=\"og:site_name\" content=\"Mal Pelo\" \/>\n<meta property=\"article:modified_time\" content=\"2022-07-18T13:28:36+00:00\" \/>\n<meta name=\"twitter:card\" content=\"summary_large_image\" \/>\n<meta name=\"twitter:label1\" content=\"Tiempo de lectura\" \/>\n\t<meta name=\"twitter:data1\" content=\"2 minutos\" \/>\n<script type=\"application\/ld+json\" class=\"yoast-schema-graph\">{\"@context\":\"https:\\\/\\\/schema.org\",\"@graph\":[{\"@type\":\"WebPage\",\"@id\":\"https:\\\/\\\/www.malpelo.org\\\/es\\\/quienes-somos\\\/mario-corberan\\\/\",\"url\":\"https:\\\/\\\/www.malpelo.org\\\/es\\\/quienes-somos\\\/mario-corberan\\\/\",\"name\":\"Mario Corber\u00e1n - Mal Pelo\",\"isPartOf\":{\"@id\":\"https:\\\/\\\/www.malpelo.org\\\/#website\"},\"datePublished\":\"2022-07-18T13:25:06+00:00\",\"dateModified\":\"2022-07-18T13:28:36+00:00\",\"breadcrumb\":{\"@id\":\"https:\\\/\\\/www.malpelo.org\\\/es\\\/quienes-somos\\\/mario-corberan\\\/#breadcrumb\"},\"inLanguage\":\"es\",\"potentialAction\":[{\"@type\":\"ReadAction\",\"target\":[\"https:\\\/\\\/www.malpelo.org\\\/es\\\/quienes-somos\\\/mario-corberan\\\/\"]}]},{\"@type\":\"BreadcrumbList\",\"@id\":\"https:\\\/\\\/www.malpelo.org\\\/es\\\/quienes-somos\\\/mario-corberan\\\/#breadcrumb\",\"itemListElement\":[{\"@type\":\"ListItem\",\"position\":1,\"name\":\"Inici\",\"item\":\"https:\\\/\\\/www.malpelo.org\\\/es\\\/\"},{\"@type\":\"ListItem\",\"position\":2,\"name\":\"Qui\u00e9nes somos\",\"item\":\"https:\\\/\\\/www.malpelo.org\\\/es\\\/quienes-somos\\\/\"},{\"@type\":\"ListItem\",\"position\":3,\"name\":\"Mario Corber\u00e1n\"}]},{\"@type\":\"WebSite\",\"@id\":\"https:\\\/\\\/www.malpelo.org\\\/#website\",\"url\":\"https:\\\/\\\/www.malpelo.org\\\/\",\"name\":\"Mal Pelo\",\"description\":\"Mal Pelo\",\"potentialAction\":[{\"@type\":\"SearchAction\",\"target\":{\"@type\":\"EntryPoint\",\"urlTemplate\":\"https:\\\/\\\/www.malpelo.org\\\/?s={search_term_string}\"},\"query-input\":{\"@type\":\"PropertyValueSpecification\",\"valueRequired\":true,\"valueName\":\"search_term_string\"}}],\"inLanguage\":\"es\"}]}<\/script>\n<!-- \/ Yoast SEO plugin. -->","yoast_head_json":{"title":"Mario Corber\u00e1n - Mal Pelo","robots":{"index":"index","follow":"follow","max-snippet":"max-snippet:-1","max-image-preview":"max-image-preview:large","max-video-preview":"max-video-preview:-1"},"canonical":"https:\/\/www.malpelo.org\/es\/quienes-somos\/mario-corberan\/","og_locale":"es_ES","og_type":"article","og_title":"Mario Corber\u00e1n - Mal Pelo","og_description":"[vc_section][vc_row][vc_column][vc_column_text] Trayectoria [\/vc_column_text][vc_column_text]Mario Corber\u00e1n, tenor\u00a0 Tenor nacido en Valencia, formado en la Escolan\u00eda de Nuestra Se\u00f1ora de los Desamparados dirigida por Luis Garrido, en el Conservatorio Superior del Pa\u00eds Vasco \u00abMusikene\u00bb con Ana Mar\u00eda S\u00e1nchez y diplomado en el Conservatorio del Liceo. Ha recibido masterclass de repertorio estil\u00edstico y t\u00e9cnica vocal de maestros de la [&hellip;]","og_url":"https:\/\/www.malpelo.org\/es\/quienes-somos\/mario-corberan\/","og_site_name":"Mal Pelo","article_modified_time":"2022-07-18T13:28:36+00:00","twitter_card":"summary_large_image","twitter_misc":{"Tiempo de lectura":"2 minutos"},"schema":{"@context":"https:\/\/schema.org","@graph":[{"@type":"WebPage","@id":"https:\/\/www.malpelo.org\/es\/quienes-somos\/mario-corberan\/","url":"https:\/\/www.malpelo.org\/es\/quienes-somos\/mario-corberan\/","name":"Mario Corber\u00e1n - Mal Pelo","isPartOf":{"@id":"https:\/\/www.malpelo.org\/#website"},"datePublished":"2022-07-18T13:25:06+00:00","dateModified":"2022-07-18T13:28:36+00:00","breadcrumb":{"@id":"https:\/\/www.malpelo.org\/es\/quienes-somos\/mario-corberan\/#breadcrumb"},"inLanguage":"es","potentialAction":[{"@type":"ReadAction","target":["https:\/\/www.malpelo.org\/es\/quienes-somos\/mario-corberan\/"]}]},{"@type":"BreadcrumbList","@id":"https:\/\/www.malpelo.org\/es\/quienes-somos\/mario-corberan\/#breadcrumb","itemListElement":[{"@type":"ListItem","position":1,"name":"Inici","item":"https:\/\/www.malpelo.org\/es\/"},{"@type":"ListItem","position":2,"name":"Qui\u00e9nes somos","item":"https:\/\/www.malpelo.org\/es\/quienes-somos\/"},{"@type":"ListItem","position":3,"name":"Mario Corber\u00e1n"}]},{"@type":"WebSite","@id":"https:\/\/www.malpelo.org\/#website","url":"https:\/\/www.malpelo.org\/","name":"Mal Pelo","description":"Mal Pelo","potentialAction":[{"@type":"SearchAction","target":{"@type":"EntryPoint","urlTemplate":"https:\/\/www.malpelo.org\/?s={search_term_string}"},"query-input":{"@type":"PropertyValueSpecification","valueRequired":true,"valueName":"search_term_string"}}],"inLanguage":"es"}]}},"_links":{"self":[{"href":"https:\/\/www.malpelo.org\/es\/wp-json\/wp\/v2\/pages\/3626","targetHints":{"allow":["GET"]}}],"collection":[{"href":"https:\/\/www.malpelo.org\/es\/wp-json\/wp\/v2\/pages"}],"about":[{"href":"https:\/\/www.malpelo.org\/es\/wp-json\/wp\/v2\/types\/page"}],"author":[{"embeddable":true,"href":"https:\/\/www.malpelo.org\/es\/wp-json\/wp\/v2\/users\/1"}],"replies":[{"embeddable":true,"href":"https:\/\/www.malpelo.org\/es\/wp-json\/wp\/v2\/comments?post=3626"}],"version-history":[{"count":2,"href":"https:\/\/www.malpelo.org\/es\/wp-json\/wp\/v2\/pages\/3626\/revisions"}],"predecessor-version":[{"id":3632,"href":"https:\/\/www.malpelo.org\/es\/wp-json\/wp\/v2\/pages\/3626\/revisions\/3632"}],"up":[{"embeddable":true,"href":"https:\/\/www.malpelo.org\/es\/wp-json\/wp\/v2\/pages\/2531"}],"wp:attachment":[{"href":"https:\/\/www.malpelo.org\/es\/wp-json\/wp\/v2\/media?parent=3626"}],"curies":[{"name":"wp","href":"https:\/\/api.w.org\/{rel}","templated":true}]}}