{"id":3618,"date":"2022-07-18T15:18:57","date_gmt":"2022-07-18T13:18:57","guid":{"rendered":"https:\/\/www.malpelo.org\/quienes-somos\/federica-porello-copy\/"},"modified":"2022-07-18T15:23:52","modified_gmt":"2022-07-18T13:23:52","slug":"david-sagastume","status":"publish","type":"page","link":"https:\/\/www.malpelo.org\/es\/quienes-somos\/david-sagastume\/","title":{"rendered":"David Sagastume"},"content":{"rendered":"<div class=\"wpb-content-wrapper\">[vc_section][vc_row][vc_column][vc_column_text]\r\n<h3>Trayectoria<\/h3>\r\n[\/vc_column_text][vc_column_text]<b>David Sagastume, contratenor<span class=\"Apple-converted-space\">\u00a0<\/span><\/b>\r\n\r\nNacido en Vitoria-Gasteiz en 1972, curs\u00f3 estudios de violonchelo en el Conservatorio Superior de M\u00fasica Jes\u00fas Guridi con los profesores Gabriel Negoescu y Fran\u00e7ois Monciero, obteniendo el Premio extraordinario en el examen final de esta especialidad. Paralelamente realiza estudios de clave, viola de gamba y composici\u00f3n. Durante varios a\u00f1os perteneci\u00f3 a la Joven Orquesta de Euskalerria EGO, y ha colaborado con regularidad con la Orquesta Sinf\u00f3nica de Euskadi. Paralelamente, comienza a trabajar como contratenor con la profesora Isabel \u00c1lvarez; estudios que contin\u00faa con R. Levitt y Carlos Mena. Act\u00faa de forma habitual con la Capilla Real de Catalu\u00f1a, bajo la direcci\u00f3nde Jordi Savall. Ha cantado como solista con grupos como la Orquesta Barroca de Salamanca, Orquesta Barroca de Sevilla, Orquesta Ciudad de Granada, Orquesta Filarm\u00f3nica de M\u00e1laga, Orquesta de C\u00e1mara Prusiana o the Orchestra of the Age of Enlightement, Concierto Fran\u00e7ais, Caf\u00e9 Zimmerman y Netherlands Bach Society bajo la direcci\u00f3n de Gustav Leonhardt. Tambi\u00e9n act\u00faa de manera habitual con La Grande Chapelle, Les Sacqueboutiers de Toulouse, Ensemble Gilles Binchois o Euskal Barrokensemble, dirigido por Enrike Solin.<span class=\"Apple-converted-space\">\u00a0<\/span>\r\n\r\n[\/vc_column_text][\/vc_column][\/vc_row][\/vc_section][vc_row][vc_column][vc_images_carousel images=\u00bb1818,3620&#8243; img_size=\u00bb800&#215;600&#8243;][\/vc_column][\/vc_row]<!-- \/wp:post-content --><\/div>","protected":false},"excerpt":{"rendered":"<p>[vc_section][vc_row][vc_column][vc_column_text] Trayectoria [\/vc_column_text][vc_column_text]David Sagastume, contratenor\u00a0 Nacido en Vitoria-Gasteiz en 1972, curs\u00f3 estudios de violonchelo en el Conservatorio Superior de M\u00fasica Jes\u00fas Guridi con los profesores Gabriel Negoescu y Fran\u00e7ois Monciero, obteniendo el Premio extraordinario en el examen final de esta especialidad. Paralelamente realiza estudios de clave, viola de gamba y composici\u00f3n. Durante varios a\u00f1os perteneci\u00f3 [&hellip;]<\/p>\n","protected":false},"author":1,"featured_media":0,"parent":2531,"menu_order":0,"comment_status":"closed","ping_status":"closed","template":"","meta":{"_acf_changed":false,"footnotes":""},"class_list":["post-3618","page","type-page","status-publish","hentry"],"acf":[],"yoast_head":"<!-- This site is optimized with the Yoast SEO plugin v27.3 - https:\/\/yoast.com\/product\/yoast-seo-wordpress\/ -->\n<title>David Sagastume - Mal Pelo<\/title>\n<meta name=\"robots\" content=\"index, follow, max-snippet:-1, max-image-preview:large, max-video-preview:-1\" \/>\n<link rel=\"canonical\" href=\"https:\/\/www.malpelo.org\/es\/quienes-somos\/david-sagastume\/\" \/>\n<meta property=\"og:locale\" content=\"es_ES\" \/>\n<meta property=\"og:type\" content=\"article\" \/>\n<meta property=\"og:title\" content=\"David Sagastume - Mal Pelo\" \/>\n<meta property=\"og:description\" content=\"[vc_section][vc_row][vc_column][vc_column_text] Trayectoria [\/vc_column_text][vc_column_text]David Sagastume, contratenor\u00a0 Nacido en Vitoria-Gasteiz en 1972, curs\u00f3 estudios de violonchelo en el Conservatorio Superior de M\u00fasica Jes\u00fas Guridi con los profesores Gabriel Negoescu y Fran\u00e7ois Monciero, obteniendo el Premio extraordinario en el examen final de esta especialidad. Paralelamente realiza estudios de clave, viola de gamba y composici\u00f3n. Durante varios a\u00f1os perteneci\u00f3 [&hellip;]\" \/>\n<meta property=\"og:url\" content=\"https:\/\/www.malpelo.org\/es\/quienes-somos\/david-sagastume\/\" \/>\n<meta property=\"og:site_name\" content=\"Mal Pelo\" \/>\n<meta property=\"article:modified_time\" content=\"2022-07-18T13:23:52+00:00\" \/>\n<meta name=\"twitter:card\" content=\"summary_large_image\" \/>\n<meta name=\"twitter:label1\" content=\"Tiempo de lectura\" \/>\n\t<meta name=\"twitter:data1\" content=\"2 minutos\" \/>\n<script type=\"application\/ld+json\" class=\"yoast-schema-graph\">{\"@context\":\"https:\\\/\\\/schema.org\",\"@graph\":[{\"@type\":\"WebPage\",\"@id\":\"https:\\\/\\\/www.malpelo.org\\\/es\\\/quienes-somos\\\/david-sagastume\\\/\",\"url\":\"https:\\\/\\\/www.malpelo.org\\\/es\\\/quienes-somos\\\/david-sagastume\\\/\",\"name\":\"David Sagastume - Mal Pelo\",\"isPartOf\":{\"@id\":\"https:\\\/\\\/www.malpelo.org\\\/#website\"},\"datePublished\":\"2022-07-18T13:18:57+00:00\",\"dateModified\":\"2022-07-18T13:23:52+00:00\",\"breadcrumb\":{\"@id\":\"https:\\\/\\\/www.malpelo.org\\\/es\\\/quienes-somos\\\/david-sagastume\\\/#breadcrumb\"},\"inLanguage\":\"es\",\"potentialAction\":[{\"@type\":\"ReadAction\",\"target\":[\"https:\\\/\\\/www.malpelo.org\\\/es\\\/quienes-somos\\\/david-sagastume\\\/\"]}]},{\"@type\":\"BreadcrumbList\",\"@id\":\"https:\\\/\\\/www.malpelo.org\\\/es\\\/quienes-somos\\\/david-sagastume\\\/#breadcrumb\",\"itemListElement\":[{\"@type\":\"ListItem\",\"position\":1,\"name\":\"Inici\",\"item\":\"https:\\\/\\\/www.malpelo.org\\\/es\\\/\"},{\"@type\":\"ListItem\",\"position\":2,\"name\":\"Qui\u00e9nes somos\",\"item\":\"https:\\\/\\\/www.malpelo.org\\\/es\\\/quienes-somos\\\/\"},{\"@type\":\"ListItem\",\"position\":3,\"name\":\"David Sagastume\"}]},{\"@type\":\"WebSite\",\"@id\":\"https:\\\/\\\/www.malpelo.org\\\/#website\",\"url\":\"https:\\\/\\\/www.malpelo.org\\\/\",\"name\":\"Mal Pelo\",\"description\":\"Mal Pelo\",\"potentialAction\":[{\"@type\":\"SearchAction\",\"target\":{\"@type\":\"EntryPoint\",\"urlTemplate\":\"https:\\\/\\\/www.malpelo.org\\\/?s={search_term_string}\"},\"query-input\":{\"@type\":\"PropertyValueSpecification\",\"valueRequired\":true,\"valueName\":\"search_term_string\"}}],\"inLanguage\":\"es\"}]}<\/script>\n<!-- \/ Yoast SEO plugin. -->","yoast_head_json":{"title":"David Sagastume - Mal Pelo","robots":{"index":"index","follow":"follow","max-snippet":"max-snippet:-1","max-image-preview":"max-image-preview:large","max-video-preview":"max-video-preview:-1"},"canonical":"https:\/\/www.malpelo.org\/es\/quienes-somos\/david-sagastume\/","og_locale":"es_ES","og_type":"article","og_title":"David Sagastume - Mal Pelo","og_description":"[vc_section][vc_row][vc_column][vc_column_text] Trayectoria [\/vc_column_text][vc_column_text]David Sagastume, contratenor\u00a0 Nacido en Vitoria-Gasteiz en 1972, curs\u00f3 estudios de violonchelo en el Conservatorio Superior de M\u00fasica Jes\u00fas Guridi con los profesores Gabriel Negoescu y Fran\u00e7ois Monciero, obteniendo el Premio extraordinario en el examen final de esta especialidad. Paralelamente realiza estudios de clave, viola de gamba y composici\u00f3n. Durante varios a\u00f1os perteneci\u00f3 [&hellip;]","og_url":"https:\/\/www.malpelo.org\/es\/quienes-somos\/david-sagastume\/","og_site_name":"Mal Pelo","article_modified_time":"2022-07-18T13:23:52+00:00","twitter_card":"summary_large_image","twitter_misc":{"Tiempo de lectura":"2 minutos"},"schema":{"@context":"https:\/\/schema.org","@graph":[{"@type":"WebPage","@id":"https:\/\/www.malpelo.org\/es\/quienes-somos\/david-sagastume\/","url":"https:\/\/www.malpelo.org\/es\/quienes-somos\/david-sagastume\/","name":"David Sagastume - Mal Pelo","isPartOf":{"@id":"https:\/\/www.malpelo.org\/#website"},"datePublished":"2022-07-18T13:18:57+00:00","dateModified":"2022-07-18T13:23:52+00:00","breadcrumb":{"@id":"https:\/\/www.malpelo.org\/es\/quienes-somos\/david-sagastume\/#breadcrumb"},"inLanguage":"es","potentialAction":[{"@type":"ReadAction","target":["https:\/\/www.malpelo.org\/es\/quienes-somos\/david-sagastume\/"]}]},{"@type":"BreadcrumbList","@id":"https:\/\/www.malpelo.org\/es\/quienes-somos\/david-sagastume\/#breadcrumb","itemListElement":[{"@type":"ListItem","position":1,"name":"Inici","item":"https:\/\/www.malpelo.org\/es\/"},{"@type":"ListItem","position":2,"name":"Qui\u00e9nes somos","item":"https:\/\/www.malpelo.org\/es\/quienes-somos\/"},{"@type":"ListItem","position":3,"name":"David Sagastume"}]},{"@type":"WebSite","@id":"https:\/\/www.malpelo.org\/#website","url":"https:\/\/www.malpelo.org\/","name":"Mal Pelo","description":"Mal Pelo","potentialAction":[{"@type":"SearchAction","target":{"@type":"EntryPoint","urlTemplate":"https:\/\/www.malpelo.org\/?s={search_term_string}"},"query-input":{"@type":"PropertyValueSpecification","valueRequired":true,"valueName":"search_term_string"}}],"inLanguage":"es"}]}},"_links":{"self":[{"href":"https:\/\/www.malpelo.org\/es\/wp-json\/wp\/v2\/pages\/3618","targetHints":{"allow":["GET"]}}],"collection":[{"href":"https:\/\/www.malpelo.org\/es\/wp-json\/wp\/v2\/pages"}],"about":[{"href":"https:\/\/www.malpelo.org\/es\/wp-json\/wp\/v2\/types\/page"}],"author":[{"embeddable":true,"href":"https:\/\/www.malpelo.org\/es\/wp-json\/wp\/v2\/users\/1"}],"replies":[{"embeddable":true,"href":"https:\/\/www.malpelo.org\/es\/wp-json\/wp\/v2\/comments?post=3618"}],"version-history":[{"count":2,"href":"https:\/\/www.malpelo.org\/es\/wp-json\/wp\/v2\/pages\/3618\/revisions"}],"predecessor-version":[{"id":3619,"href":"https:\/\/www.malpelo.org\/es\/wp-json\/wp\/v2\/pages\/3618\/revisions\/3619"}],"up":[{"embeddable":true,"href":"https:\/\/www.malpelo.org\/es\/wp-json\/wp\/v2\/pages\/2531"}],"wp:attachment":[{"href":"https:\/\/www.malpelo.org\/es\/wp-json\/wp\/v2\/media?parent=3618"}],"curies":[{"name":"wp","href":"https:\/\/api.w.org\/{rel}","templated":true}]}}