{"id":3606,"date":"2022-07-18T15:07:44","date_gmt":"2022-07-18T13:07:44","guid":{"rendered":"https:\/\/www.malpelo.org\/quienes-somos\/leo-castro-copy\/"},"modified":"2022-07-18T15:16:52","modified_gmt":"2022-07-18T13:16:52","slug":"dan-tepfer","status":"publish","type":"page","link":"https:\/\/www.malpelo.org\/es\/quienes-somos\/dan-tepfer\/","title":{"rendered":"Dan Tepfer"},"content":{"rendered":"<div class=\"wpb-content-wrapper\">[vc_section][vc_row][vc_column][vc_column_text]\r\n<h3>Trayectoria<\/h3>\r\n[\/vc_column_text][vc_column_text]<b>Dan Tepfer, compositor y pianista\u00a0<\/b>\r\n\r\nCon sede en Nueva York, el pianista y compositor, naci\u00f3 en 1982 en Par\u00eds de padres estadounidenses. Ha actuado con los m\u00e1s grandes nombres del jazz, incluyendo el veterano saxofonista Lee Konitz, con quien colabor\u00f3 estrechamente. Como int\u00e9rprete, su discograf\u00eda es ya abundante. Entre otras, las Goldberg Variaciones \/ Variaciones (Sunnyside \/ Ingenus, 2011), en la que el pianista combina la obra maestra de Bach con sus propias improvisaciones. Como compositor, Dan Tepfer recibi\u00f3 la beca Charles Ives de la Academia Americana de Artes y Letras para la creaci\u00f3n de piezas como el Concierto para piano y viento, creado en el Castillo de Praga, y Solo Blues para viol\u00edn y piano, creado en el Carnegie Hall de Nueva York. Hoy combina su formaci\u00f3n como astrof\u00edsico con su pasi\u00f3n por la m\u00fasica en un enfoque de improvisaci\u00f3n que integra los algoritmos programados por ordenador. Dan Tepfer ha sido galardonado con el Primer Premio y el Premio del P\u00fablico en el Concours de piano solo del Montreux Jazz Festival, el Primer Premio en el Concours del East Coast Jazz Festival, as\u00ed como una beca de investigaci\u00f3n Cole Porter en el American pianista Association.<span class=\"Apple-converted-space\">\u00a0<\/span>\r\n\r\n&nbsp;\r\n\r\n[\/vc_column_text][\/vc_column][\/vc_row][\/vc_section][vc_row][vc_column][vc_images_carousel images=\u00bb2046,3612&#8243; img_size=\u00bb800&#215;600&#8243;][\/vc_column][\/vc_row]<!-- \/wp:post-content --><\/div>","protected":false},"excerpt":{"rendered":"<p>[vc_section][vc_row][vc_column][vc_column_text] Trayectoria [\/vc_column_text][vc_column_text]Dan Tepfer, compositor y pianista\u00a0 Con sede en Nueva York, el pianista y compositor, naci\u00f3 en 1982 en Par\u00eds de padres estadounidenses. Ha actuado con los m\u00e1s grandes nombres del jazz, incluyendo el veterano saxofonista Lee Konitz, con quien colabor\u00f3 estrechamente. Como int\u00e9rprete, su discograf\u00eda es ya abundante. Entre otras, las Goldberg Variaciones [&hellip;]<\/p>\n","protected":false},"author":1,"featured_media":0,"parent":2531,"menu_order":0,"comment_status":"closed","ping_status":"closed","template":"","meta":{"_acf_changed":false,"footnotes":""},"class_list":["post-3606","page","type-page","status-publish","hentry"],"acf":[],"yoast_head":"<!-- This site is optimized with the Yoast SEO plugin v27.4 - https:\/\/yoast.com\/product\/yoast-seo-wordpress\/ -->\n<title>Dan Tepfer - Mal Pelo<\/title>\n<meta name=\"robots\" content=\"index, follow, max-snippet:-1, max-image-preview:large, max-video-preview:-1\" \/>\n<link rel=\"canonical\" href=\"https:\/\/www.malpelo.org\/es\/quienes-somos\/dan-tepfer\/\" \/>\n<meta property=\"og:locale\" content=\"es_ES\" \/>\n<meta property=\"og:type\" content=\"article\" \/>\n<meta property=\"og:title\" content=\"Dan Tepfer - Mal Pelo\" \/>\n<meta property=\"og:description\" content=\"[vc_section][vc_row][vc_column][vc_column_text] Trayectoria [\/vc_column_text][vc_column_text]Dan Tepfer, compositor y pianista\u00a0 Con sede en Nueva York, el pianista y compositor, naci\u00f3 en 1982 en Par\u00eds de padres estadounidenses. Ha actuado con los m\u00e1s grandes nombres del jazz, incluyendo el veterano saxofonista Lee Konitz, con quien colabor\u00f3 estrechamente. Como int\u00e9rprete, su discograf\u00eda es ya abundante. Entre otras, las Goldberg Variaciones [&hellip;]\" \/>\n<meta property=\"og:url\" content=\"https:\/\/www.malpelo.org\/es\/quienes-somos\/dan-tepfer\/\" \/>\n<meta property=\"og:site_name\" content=\"Mal Pelo\" \/>\n<meta property=\"article:modified_time\" content=\"2022-07-18T13:16:52+00:00\" \/>\n<meta name=\"twitter:card\" content=\"summary_large_image\" \/>\n<meta name=\"twitter:label1\" content=\"Tiempo de lectura\" \/>\n\t<meta name=\"twitter:data1\" content=\"2 minutos\" \/>\n<script type=\"application\/ld+json\" class=\"yoast-schema-graph\">{\"@context\":\"https:\\\/\\\/schema.org\",\"@graph\":[{\"@type\":\"WebPage\",\"@id\":\"https:\\\/\\\/www.malpelo.org\\\/es\\\/quienes-somos\\\/dan-tepfer\\\/\",\"url\":\"https:\\\/\\\/www.malpelo.org\\\/es\\\/quienes-somos\\\/dan-tepfer\\\/\",\"name\":\"Dan Tepfer - Mal Pelo\",\"isPartOf\":{\"@id\":\"https:\\\/\\\/www.malpelo.org\\\/#website\"},\"datePublished\":\"2022-07-18T13:07:44+00:00\",\"dateModified\":\"2022-07-18T13:16:52+00:00\",\"breadcrumb\":{\"@id\":\"https:\\\/\\\/www.malpelo.org\\\/es\\\/quienes-somos\\\/dan-tepfer\\\/#breadcrumb\"},\"inLanguage\":\"es\",\"potentialAction\":[{\"@type\":\"ReadAction\",\"target\":[\"https:\\\/\\\/www.malpelo.org\\\/es\\\/quienes-somos\\\/dan-tepfer\\\/\"]}]},{\"@type\":\"BreadcrumbList\",\"@id\":\"https:\\\/\\\/www.malpelo.org\\\/es\\\/quienes-somos\\\/dan-tepfer\\\/#breadcrumb\",\"itemListElement\":[{\"@type\":\"ListItem\",\"position\":1,\"name\":\"Inici\",\"item\":\"https:\\\/\\\/www.malpelo.org\\\/es\\\/\"},{\"@type\":\"ListItem\",\"position\":2,\"name\":\"Qui\u00e9nes somos\",\"item\":\"https:\\\/\\\/www.malpelo.org\\\/es\\\/quienes-somos\\\/\"},{\"@type\":\"ListItem\",\"position\":3,\"name\":\"Dan Tepfer\"}]},{\"@type\":\"WebSite\",\"@id\":\"https:\\\/\\\/www.malpelo.org\\\/#website\",\"url\":\"https:\\\/\\\/www.malpelo.org\\\/\",\"name\":\"Mal Pelo\",\"description\":\"Mal Pelo\",\"potentialAction\":[{\"@type\":\"SearchAction\",\"target\":{\"@type\":\"EntryPoint\",\"urlTemplate\":\"https:\\\/\\\/www.malpelo.org\\\/?s={search_term_string}\"},\"query-input\":{\"@type\":\"PropertyValueSpecification\",\"valueRequired\":true,\"valueName\":\"search_term_string\"}}],\"inLanguage\":\"es\"}]}<\/script>\n<!-- \/ Yoast SEO plugin. -->","yoast_head_json":{"title":"Dan Tepfer - Mal Pelo","robots":{"index":"index","follow":"follow","max-snippet":"max-snippet:-1","max-image-preview":"max-image-preview:large","max-video-preview":"max-video-preview:-1"},"canonical":"https:\/\/www.malpelo.org\/es\/quienes-somos\/dan-tepfer\/","og_locale":"es_ES","og_type":"article","og_title":"Dan Tepfer - Mal Pelo","og_description":"[vc_section][vc_row][vc_column][vc_column_text] Trayectoria [\/vc_column_text][vc_column_text]Dan Tepfer, compositor y pianista\u00a0 Con sede en Nueva York, el pianista y compositor, naci\u00f3 en 1982 en Par\u00eds de padres estadounidenses. Ha actuado con los m\u00e1s grandes nombres del jazz, incluyendo el veterano saxofonista Lee Konitz, con quien colabor\u00f3 estrechamente. Como int\u00e9rprete, su discograf\u00eda es ya abundante. Entre otras, las Goldberg Variaciones [&hellip;]","og_url":"https:\/\/www.malpelo.org\/es\/quienes-somos\/dan-tepfer\/","og_site_name":"Mal Pelo","article_modified_time":"2022-07-18T13:16:52+00:00","twitter_card":"summary_large_image","twitter_misc":{"Tiempo de lectura":"2 minutos"},"schema":{"@context":"https:\/\/schema.org","@graph":[{"@type":"WebPage","@id":"https:\/\/www.malpelo.org\/es\/quienes-somos\/dan-tepfer\/","url":"https:\/\/www.malpelo.org\/es\/quienes-somos\/dan-tepfer\/","name":"Dan Tepfer - Mal Pelo","isPartOf":{"@id":"https:\/\/www.malpelo.org\/#website"},"datePublished":"2022-07-18T13:07:44+00:00","dateModified":"2022-07-18T13:16:52+00:00","breadcrumb":{"@id":"https:\/\/www.malpelo.org\/es\/quienes-somos\/dan-tepfer\/#breadcrumb"},"inLanguage":"es","potentialAction":[{"@type":"ReadAction","target":["https:\/\/www.malpelo.org\/es\/quienes-somos\/dan-tepfer\/"]}]},{"@type":"BreadcrumbList","@id":"https:\/\/www.malpelo.org\/es\/quienes-somos\/dan-tepfer\/#breadcrumb","itemListElement":[{"@type":"ListItem","position":1,"name":"Inici","item":"https:\/\/www.malpelo.org\/es\/"},{"@type":"ListItem","position":2,"name":"Qui\u00e9nes somos","item":"https:\/\/www.malpelo.org\/es\/quienes-somos\/"},{"@type":"ListItem","position":3,"name":"Dan Tepfer"}]},{"@type":"WebSite","@id":"https:\/\/www.malpelo.org\/#website","url":"https:\/\/www.malpelo.org\/","name":"Mal Pelo","description":"Mal Pelo","potentialAction":[{"@type":"SearchAction","target":{"@type":"EntryPoint","urlTemplate":"https:\/\/www.malpelo.org\/?s={search_term_string}"},"query-input":{"@type":"PropertyValueSpecification","valueRequired":true,"valueName":"search_term_string"}}],"inLanguage":"es"}]}},"_links":{"self":[{"href":"https:\/\/www.malpelo.org\/es\/wp-json\/wp\/v2\/pages\/3606","targetHints":{"allow":["GET"]}}],"collection":[{"href":"https:\/\/www.malpelo.org\/es\/wp-json\/wp\/v2\/pages"}],"about":[{"href":"https:\/\/www.malpelo.org\/es\/wp-json\/wp\/v2\/types\/page"}],"author":[{"embeddable":true,"href":"https:\/\/www.malpelo.org\/es\/wp-json\/wp\/v2\/users\/1"}],"replies":[{"embeddable":true,"href":"https:\/\/www.malpelo.org\/es\/wp-json\/wp\/v2\/comments?post=3606"}],"version-history":[{"count":3,"href":"https:\/\/www.malpelo.org\/es\/wp-json\/wp\/v2\/pages\/3606\/revisions"}],"predecessor-version":[{"id":3617,"href":"https:\/\/www.malpelo.org\/es\/wp-json\/wp\/v2\/pages\/3606\/revisions\/3617"}],"up":[{"embeddable":true,"href":"https:\/\/www.malpelo.org\/es\/wp-json\/wp\/v2\/pages\/2531"}],"wp:attachment":[{"href":"https:\/\/www.malpelo.org\/es\/wp-json\/wp\/v2\/media?parent=3606"}],"curies":[{"name":"wp","href":"https:\/\/api.w.org\/{rel}","templated":true}]}}