{"id":3598,"date":"2022-07-18T12:37:26","date_gmt":"2022-07-18T10:37:26","guid":{"rendered":"https:\/\/www.malpelo.org\/quienes-somos\/miquel-fiol-copy\/"},"modified":"2022-07-18T12:44:04","modified_gmt":"2022-07-18T10:44:04","slug":"quiteria-munoz","status":"publish","type":"page","link":"https:\/\/www.malpelo.org\/es\/quienes-somos\/quiteria-munoz\/","title":{"rendered":"Quiteria Mu\u00f1oz"},"content":{"rendered":"<div class=\"wpb-content-wrapper\">[vc_section][vc_row][vc_column][vc_column_text]\r\n<h3>Trayectoria<\/h3>\r\n[\/vc_column_text][vc_column_text]<b>Quiteria Mu\u00f1oz, soprano y directora coral<span class=\"Apple-converted-space\">\u00a0<\/span><\/b>\r\n\r\nFinaliza sus estudios de piano y canto en el Conservatorio Superior \u00abJoaqu\u00edn Rodrigo\u00bb de Valencia, su ciudad natal, con Ana Luisa Chova, Patricia Llor\u00e9ns y Husan Park. Forma parte de la \u00abAccademia italiana de belcanto, Rodolfo Cellettes \u00aben Martina Franca (Bari, Italia) donde perfecciona sus estudios. Form\u00f3 parte del Centro de perfeccionamiento \u00abPl\u00e1cido Domingo\u00bb para cantantes en el Teatro \u00abPalau de las Artes\u00bb de Valencia. Ha cantado en numerosos y prestigiosos grupos de c\u00e1mara como Amystis coro de c\u00e1mara, Armon\u00eda del Parnaso, Capella de Ministrers, Victoria Musicae, el grupo barroco italiano Abchordis Ensemble, Les Sacqueboutiers, Cappella Mediterranea, Euskal barrokensemble, Capilla Real de Madrid y bajo la tutela de directores de la talla de Pl\u00e1cido Domingo, Fabio Luisi, Juan Luis Mart\u00ednez, David G\u00e1lvez, Cristobal Soler, Leonardo Garc\u00eda-Alarc\u00f3n y Eduardo L\u00f3pez Banzo entre otros. Ganadora del \u00abConcurso Mina Lacambra\u00bb y del Premio otorgado por el p\u00fablico en el Festival de m\u00fasica \u00abDella Valle de Itria\u00bb de Martina Franca (Italia) donde fue adem\u00e1s becada por \u00abRotary International\u00bb. En su discograf\u00eda cuenta con tres discos como solista del sello discogr\u00e1fico Brilliant Classics y otro de canciones para voz y piano del compositor Christian Roca. Cuenta tambi\u00e9n con un DVD de la \u00f3pera L&#8217;incoronazione di Poppea, grabado con la orquesta barroca Cremona Antiqua y el director Antonio Greco. Recientemente ha sacado un disco de canci\u00f3n francesa junto a la arpista \u00darsula Segarra formando un grupo estable llamado \u00abDe soprano y arpa\u00bb y con quien present\u00f3 su primer espect\u00e1culo infantil de creaci\u00f3n propia llamado \u00abPeer Gynt\u00bb con m\u00fasica de E. Grieg en el Palau de la M\u00fasica de Valencia en 2017.<span class=\"Apple-converted-space\">\u00a0<\/span>\r\n\r\n[\/vc_column_text][\/vc_column][\/vc_row][\/vc_section][vc_row][vc_column][vc_images_carousel images=\u00bb1137,3600&#8243; img_size=\u00bb800&#215;600&#8243;][\/vc_column][\/vc_row]<!-- \/wp:post-content --><\/div>","protected":false},"excerpt":{"rendered":"<p>[vc_section][vc_row][vc_column][vc_column_text] Trayectoria [\/vc_column_text][vc_column_text]Quiteria Mu\u00f1oz, soprano y directora coral\u00a0 Finaliza sus estudios de piano y canto en el Conservatorio Superior \u00abJoaqu\u00edn Rodrigo\u00bb de Valencia, su ciudad natal, con Ana Luisa Chova, Patricia Llor\u00e9ns y Husan Park. Forma parte de la \u00abAccademia italiana de belcanto, Rodolfo Cellettes \u00aben Martina Franca (Bari, Italia) donde perfecciona sus estudios. Form\u00f3 [&hellip;]<\/p>\n","protected":false},"author":1,"featured_media":0,"parent":2531,"menu_order":0,"comment_status":"closed","ping_status":"closed","template":"","meta":{"_acf_changed":false,"footnotes":""},"class_list":["post-3598","page","type-page","status-publish","hentry"],"acf":[],"yoast_head":"<!-- This site is optimized with the Yoast SEO plugin v27.3 - https:\/\/yoast.com\/product\/yoast-seo-wordpress\/ -->\n<title>Quiteria Mu\u00f1oz - Mal Pelo<\/title>\n<meta name=\"robots\" content=\"index, follow, max-snippet:-1, max-image-preview:large, max-video-preview:-1\" \/>\n<link rel=\"canonical\" href=\"https:\/\/www.malpelo.org\/es\/quienes-somos\/quiteria-munoz\/\" \/>\n<meta property=\"og:locale\" content=\"es_ES\" \/>\n<meta property=\"og:type\" content=\"article\" \/>\n<meta property=\"og:title\" content=\"Quiteria Mu\u00f1oz - Mal Pelo\" \/>\n<meta property=\"og:description\" content=\"[vc_section][vc_row][vc_column][vc_column_text] Trayectoria [\/vc_column_text][vc_column_text]Quiteria Mu\u00f1oz, soprano y directora coral\u00a0 Finaliza sus estudios de piano y canto en el Conservatorio Superior \u00abJoaqu\u00edn Rodrigo\u00bb de Valencia, su ciudad natal, con Ana Luisa Chova, Patricia Llor\u00e9ns y Husan Park. Forma parte de la \u00abAccademia italiana de belcanto, Rodolfo Cellettes \u00aben Martina Franca (Bari, Italia) donde perfecciona sus estudios. Form\u00f3 [&hellip;]\" \/>\n<meta property=\"og:url\" content=\"https:\/\/www.malpelo.org\/es\/quienes-somos\/quiteria-munoz\/\" \/>\n<meta property=\"og:site_name\" content=\"Mal Pelo\" \/>\n<meta property=\"article:modified_time\" content=\"2022-07-18T10:44:04+00:00\" \/>\n<meta name=\"twitter:card\" content=\"summary_large_image\" \/>\n<meta name=\"twitter:label1\" content=\"Tiempo de lectura\" \/>\n\t<meta name=\"twitter:data1\" content=\"2 minutos\" \/>\n<script type=\"application\/ld+json\" class=\"yoast-schema-graph\">{\"@context\":\"https:\\\/\\\/schema.org\",\"@graph\":[{\"@type\":\"WebPage\",\"@id\":\"https:\\\/\\\/www.malpelo.org\\\/es\\\/quienes-somos\\\/quiteria-munoz\\\/\",\"url\":\"https:\\\/\\\/www.malpelo.org\\\/es\\\/quienes-somos\\\/quiteria-munoz\\\/\",\"name\":\"Quiteria Mu\u00f1oz - Mal Pelo\",\"isPartOf\":{\"@id\":\"https:\\\/\\\/www.malpelo.org\\\/#website\"},\"datePublished\":\"2022-07-18T10:37:26+00:00\",\"dateModified\":\"2022-07-18T10:44:04+00:00\",\"breadcrumb\":{\"@id\":\"https:\\\/\\\/www.malpelo.org\\\/es\\\/quienes-somos\\\/quiteria-munoz\\\/#breadcrumb\"},\"inLanguage\":\"es\",\"potentialAction\":[{\"@type\":\"ReadAction\",\"target\":[\"https:\\\/\\\/www.malpelo.org\\\/es\\\/quienes-somos\\\/quiteria-munoz\\\/\"]}]},{\"@type\":\"BreadcrumbList\",\"@id\":\"https:\\\/\\\/www.malpelo.org\\\/es\\\/quienes-somos\\\/quiteria-munoz\\\/#breadcrumb\",\"itemListElement\":[{\"@type\":\"ListItem\",\"position\":1,\"name\":\"Inici\",\"item\":\"https:\\\/\\\/www.malpelo.org\\\/es\\\/\"},{\"@type\":\"ListItem\",\"position\":2,\"name\":\"Qui\u00e9nes somos\",\"item\":\"https:\\\/\\\/www.malpelo.org\\\/es\\\/quienes-somos\\\/\"},{\"@type\":\"ListItem\",\"position\":3,\"name\":\"Quiteria Mu\u00f1oz\"}]},{\"@type\":\"WebSite\",\"@id\":\"https:\\\/\\\/www.malpelo.org\\\/#website\",\"url\":\"https:\\\/\\\/www.malpelo.org\\\/\",\"name\":\"Mal Pelo\",\"description\":\"Mal Pelo\",\"potentialAction\":[{\"@type\":\"SearchAction\",\"target\":{\"@type\":\"EntryPoint\",\"urlTemplate\":\"https:\\\/\\\/www.malpelo.org\\\/?s={search_term_string}\"},\"query-input\":{\"@type\":\"PropertyValueSpecification\",\"valueRequired\":true,\"valueName\":\"search_term_string\"}}],\"inLanguage\":\"es\"}]}<\/script>\n<!-- \/ Yoast SEO plugin. -->","yoast_head_json":{"title":"Quiteria Mu\u00f1oz - Mal Pelo","robots":{"index":"index","follow":"follow","max-snippet":"max-snippet:-1","max-image-preview":"max-image-preview:large","max-video-preview":"max-video-preview:-1"},"canonical":"https:\/\/www.malpelo.org\/es\/quienes-somos\/quiteria-munoz\/","og_locale":"es_ES","og_type":"article","og_title":"Quiteria Mu\u00f1oz - Mal Pelo","og_description":"[vc_section][vc_row][vc_column][vc_column_text] Trayectoria [\/vc_column_text][vc_column_text]Quiteria Mu\u00f1oz, soprano y directora coral\u00a0 Finaliza sus estudios de piano y canto en el Conservatorio Superior \u00abJoaqu\u00edn Rodrigo\u00bb de Valencia, su ciudad natal, con Ana Luisa Chova, Patricia Llor\u00e9ns y Husan Park. Forma parte de la \u00abAccademia italiana de belcanto, Rodolfo Cellettes \u00aben Martina Franca (Bari, Italia) donde perfecciona sus estudios. Form\u00f3 [&hellip;]","og_url":"https:\/\/www.malpelo.org\/es\/quienes-somos\/quiteria-munoz\/","og_site_name":"Mal Pelo","article_modified_time":"2022-07-18T10:44:04+00:00","twitter_card":"summary_large_image","twitter_misc":{"Tiempo de lectura":"2 minutos"},"schema":{"@context":"https:\/\/schema.org","@graph":[{"@type":"WebPage","@id":"https:\/\/www.malpelo.org\/es\/quienes-somos\/quiteria-munoz\/","url":"https:\/\/www.malpelo.org\/es\/quienes-somos\/quiteria-munoz\/","name":"Quiteria Mu\u00f1oz - Mal Pelo","isPartOf":{"@id":"https:\/\/www.malpelo.org\/#website"},"datePublished":"2022-07-18T10:37:26+00:00","dateModified":"2022-07-18T10:44:04+00:00","breadcrumb":{"@id":"https:\/\/www.malpelo.org\/es\/quienes-somos\/quiteria-munoz\/#breadcrumb"},"inLanguage":"es","potentialAction":[{"@type":"ReadAction","target":["https:\/\/www.malpelo.org\/es\/quienes-somos\/quiteria-munoz\/"]}]},{"@type":"BreadcrumbList","@id":"https:\/\/www.malpelo.org\/es\/quienes-somos\/quiteria-munoz\/#breadcrumb","itemListElement":[{"@type":"ListItem","position":1,"name":"Inici","item":"https:\/\/www.malpelo.org\/es\/"},{"@type":"ListItem","position":2,"name":"Qui\u00e9nes somos","item":"https:\/\/www.malpelo.org\/es\/quienes-somos\/"},{"@type":"ListItem","position":3,"name":"Quiteria Mu\u00f1oz"}]},{"@type":"WebSite","@id":"https:\/\/www.malpelo.org\/#website","url":"https:\/\/www.malpelo.org\/","name":"Mal Pelo","description":"Mal Pelo","potentialAction":[{"@type":"SearchAction","target":{"@type":"EntryPoint","urlTemplate":"https:\/\/www.malpelo.org\/?s={search_term_string}"},"query-input":{"@type":"PropertyValueSpecification","valueRequired":true,"valueName":"search_term_string"}}],"inLanguage":"es"}]}},"_links":{"self":[{"href":"https:\/\/www.malpelo.org\/es\/wp-json\/wp\/v2\/pages\/3598","targetHints":{"allow":["GET"]}}],"collection":[{"href":"https:\/\/www.malpelo.org\/es\/wp-json\/wp\/v2\/pages"}],"about":[{"href":"https:\/\/www.malpelo.org\/es\/wp-json\/wp\/v2\/types\/page"}],"author":[{"embeddable":true,"href":"https:\/\/www.malpelo.org\/es\/wp-json\/wp\/v2\/users\/1"}],"replies":[{"embeddable":true,"href":"https:\/\/www.malpelo.org\/es\/wp-json\/wp\/v2\/comments?post=3598"}],"version-history":[{"count":2,"href":"https:\/\/www.malpelo.org\/es\/wp-json\/wp\/v2\/pages\/3598\/revisions"}],"predecessor-version":[{"id":3604,"href":"https:\/\/www.malpelo.org\/es\/wp-json\/wp\/v2\/pages\/3598\/revisions\/3604"}],"up":[{"embeddable":true,"href":"https:\/\/www.malpelo.org\/es\/wp-json\/wp\/v2\/pages\/2531"}],"wp:attachment":[{"href":"https:\/\/www.malpelo.org\/es\/wp-json\/wp\/v2\/media?parent=3598"}],"curies":[{"name":"wp","href":"https:\/\/api.w.org\/{rel}","templated":true}]}}