{"id":3557,"date":"2022-07-12T19:59:42","date_gmt":"2022-07-12T17:59:42","guid":{"rendered":"https:\/\/www.malpelo.org\/quienes-somos\/federica-porello-copy\/"},"modified":"2022-07-12T20:07:25","modified_gmt":"2022-07-12T18:07:25","slug":"leo-castro","status":"publish","type":"page","link":"https:\/\/www.malpelo.org\/es\/quienes-somos\/leo-castro\/","title":{"rendered":"Leo Castro"},"content":{"rendered":"<div class=\"wpb-content-wrapper\">[vc_section][vc_row][vc_column][vc_column_text]\r\n<h3>Trayectoria<\/h3>\r\n[\/vc_column_text][vc_column_text]<b>Leonor Castro, int\u00e9rprete y colaboraci\u00f3n en direcci\u00f3n\u00a0<\/b>\r\n\r\nCreadora, int\u00e9rprete y licenciada en Filosof\u00eda por la UB. Finaliza su formaci\u00f3n como actriz all 1996 en el Estudio Nancy Tu\u00f1\u00f3n (Stanivslaski \/ Strasberg). En danza, entra en contacto con diversas t\u00e9cnicas contempor\u00e1neas y creadores: Benoit Lachambre, Ruth Zaporah, Mark Tompkins, Lisa Nelson, Mar\u00eda Mu\u00f1oz, Andr\u00e9s Corchero, DD Dovilier, Julyen Hamilton entre otros. Funda el Colectivo SIAMB al (1999-2003) dedicado a la Improvisaci\u00f3n, el Contact Improvisaci\u00f3n y la performance. Trabaja como actriz para TVE \/ TV3 \/ TVC y por el Teatro Nacional de Catalu\u00f1a entre 1998 hasta 2004. Como bailarina inicia su camino profesional en 1998 con la Cia Senza Tempo, contin\u00faa con la Cia Sol Pic\u00f3 y con Konic Thtr y de manera intermitente con la C\u00eda. LaViuda desde 2002. Su colaboraci\u00f3n con Mal Pelo comienza en 2004 y desde entonces desarrolla trabajos como int\u00e9rprete, ayudante de direcci\u00f3n y colaboraciones en la direcci\u00f3n, adem\u00e1s de colaborar activamente en el proyecto del Centro de Creaci\u00f3n el animal en la espalda. Durante este per\u00edodo comienza su propia investigaci\u00f3n creativa presentando las piezas esc\u00e9nicas Amadou (2009) y Olivia (2012). Ha realizado creaciones en colaboraci\u00f3n con Hermann Bonnin, desde 2008 hasta la actualidad, para el Teatro Espa\u00f1ol-Madrid, para el Teatro Nacional de Catalu\u00f1a y por La Seca \/ Espacio Brossa. Trabaja como ayudante de direcci\u00f3n con la Cia loscorderos.sc en las piezas El Mal menor (2010) \/ El cielo de los tristes (2011) \/ Ultrainocencia (2013). Desde 2013 trabaja como realizadora y montadora audiovisual con Fromzero.<span class=\"Apple-converted-space\">\u00a0<\/span>\r\n\r\n&nbsp;\r\n\r\n[\/vc_column_text][\/vc_column][\/vc_row][\/vc_section][vc_row][vc_column][vc_images_carousel images=\u00bb2290,2270,1415,3200,1110&#8243; img_size=\u00bb800&#215;600&#8243; autoplay=\u00bbyes\u00bb wrap=\u00bbyes\u00bb][\/vc_column][\/vc_row]<!-- \/wp:post-content --><\/div>","protected":false},"excerpt":{"rendered":"<p>[vc_section][vc_row][vc_column][vc_column_text] Trayectoria [\/vc_column_text][vc_column_text]Leonor Castro, int\u00e9rprete y colaboraci\u00f3n en direcci\u00f3n\u00a0 Creadora, int\u00e9rprete y licenciada en Filosof\u00eda por la UB. Finaliza su formaci\u00f3n como actriz all 1996 en el Estudio Nancy Tu\u00f1\u00f3n (Stanivslaski \/ Strasberg). En danza, entra en contacto con diversas t\u00e9cnicas contempor\u00e1neas y creadores: Benoit Lachambre, Ruth Zaporah, Mark Tompkins, Lisa Nelson, Mar\u00eda Mu\u00f1oz, Andr\u00e9s [&hellip;]<\/p>\n","protected":false},"author":1,"featured_media":0,"parent":2531,"menu_order":0,"comment_status":"closed","ping_status":"closed","template":"","meta":{"_acf_changed":false,"footnotes":""},"class_list":["post-3557","page","type-page","status-publish","hentry"],"acf":[],"yoast_head":"<!-- This site is optimized with the Yoast SEO plugin v27.3 - https:\/\/yoast.com\/product\/yoast-seo-wordpress\/ -->\n<title>Leo Castro - Mal Pelo<\/title>\n<meta name=\"robots\" content=\"index, follow, max-snippet:-1, max-image-preview:large, max-video-preview:-1\" \/>\n<link rel=\"canonical\" href=\"https:\/\/www.malpelo.org\/es\/quienes-somos\/leo-castro\/\" \/>\n<meta property=\"og:locale\" content=\"es_ES\" \/>\n<meta property=\"og:type\" content=\"article\" \/>\n<meta property=\"og:title\" content=\"Leo Castro - Mal Pelo\" \/>\n<meta property=\"og:description\" content=\"[vc_section][vc_row][vc_column][vc_column_text] Trayectoria [\/vc_column_text][vc_column_text]Leonor Castro, int\u00e9rprete y colaboraci\u00f3n en direcci\u00f3n\u00a0 Creadora, int\u00e9rprete y licenciada en Filosof\u00eda por la UB. Finaliza su formaci\u00f3n como actriz all 1996 en el Estudio Nancy Tu\u00f1\u00f3n (Stanivslaski \/ Strasberg). En danza, entra en contacto con diversas t\u00e9cnicas contempor\u00e1neas y creadores: Benoit Lachambre, Ruth Zaporah, Mark Tompkins, Lisa Nelson, Mar\u00eda Mu\u00f1oz, Andr\u00e9s [&hellip;]\" \/>\n<meta property=\"og:url\" content=\"https:\/\/www.malpelo.org\/es\/quienes-somos\/leo-castro\/\" \/>\n<meta property=\"og:site_name\" content=\"Mal Pelo\" \/>\n<meta property=\"article:modified_time\" content=\"2022-07-12T18:07:25+00:00\" \/>\n<meta name=\"twitter:card\" content=\"summary_large_image\" \/>\n<meta name=\"twitter:label1\" content=\"Tiempo de lectura\" \/>\n\t<meta name=\"twitter:data1\" content=\"2 minutos\" \/>\n<script type=\"application\/ld+json\" class=\"yoast-schema-graph\">{\"@context\":\"https:\\\/\\\/schema.org\",\"@graph\":[{\"@type\":\"WebPage\",\"@id\":\"https:\\\/\\\/www.malpelo.org\\\/es\\\/quienes-somos\\\/leo-castro\\\/\",\"url\":\"https:\\\/\\\/www.malpelo.org\\\/es\\\/quienes-somos\\\/leo-castro\\\/\",\"name\":\"Leo Castro - Mal Pelo\",\"isPartOf\":{\"@id\":\"https:\\\/\\\/www.malpelo.org\\\/#website\"},\"datePublished\":\"2022-07-12T17:59:42+00:00\",\"dateModified\":\"2022-07-12T18:07:25+00:00\",\"breadcrumb\":{\"@id\":\"https:\\\/\\\/www.malpelo.org\\\/es\\\/quienes-somos\\\/leo-castro\\\/#breadcrumb\"},\"inLanguage\":\"es\",\"potentialAction\":[{\"@type\":\"ReadAction\",\"target\":[\"https:\\\/\\\/www.malpelo.org\\\/es\\\/quienes-somos\\\/leo-castro\\\/\"]}]},{\"@type\":\"BreadcrumbList\",\"@id\":\"https:\\\/\\\/www.malpelo.org\\\/es\\\/quienes-somos\\\/leo-castro\\\/#breadcrumb\",\"itemListElement\":[{\"@type\":\"ListItem\",\"position\":1,\"name\":\"Inici\",\"item\":\"https:\\\/\\\/www.malpelo.org\\\/es\\\/\"},{\"@type\":\"ListItem\",\"position\":2,\"name\":\"Qui\u00e9nes somos\",\"item\":\"https:\\\/\\\/www.malpelo.org\\\/es\\\/quienes-somos\\\/\"},{\"@type\":\"ListItem\",\"position\":3,\"name\":\"Leo Castro\"}]},{\"@type\":\"WebSite\",\"@id\":\"https:\\\/\\\/www.malpelo.org\\\/#website\",\"url\":\"https:\\\/\\\/www.malpelo.org\\\/\",\"name\":\"Mal Pelo\",\"description\":\"Mal Pelo\",\"potentialAction\":[{\"@type\":\"SearchAction\",\"target\":{\"@type\":\"EntryPoint\",\"urlTemplate\":\"https:\\\/\\\/www.malpelo.org\\\/?s={search_term_string}\"},\"query-input\":{\"@type\":\"PropertyValueSpecification\",\"valueRequired\":true,\"valueName\":\"search_term_string\"}}],\"inLanguage\":\"es\"}]}<\/script>\n<!-- \/ Yoast SEO plugin. -->","yoast_head_json":{"title":"Leo Castro - Mal Pelo","robots":{"index":"index","follow":"follow","max-snippet":"max-snippet:-1","max-image-preview":"max-image-preview:large","max-video-preview":"max-video-preview:-1"},"canonical":"https:\/\/www.malpelo.org\/es\/quienes-somos\/leo-castro\/","og_locale":"es_ES","og_type":"article","og_title":"Leo Castro - Mal Pelo","og_description":"[vc_section][vc_row][vc_column][vc_column_text] Trayectoria [\/vc_column_text][vc_column_text]Leonor Castro, int\u00e9rprete y colaboraci\u00f3n en direcci\u00f3n\u00a0 Creadora, int\u00e9rprete y licenciada en Filosof\u00eda por la UB. Finaliza su formaci\u00f3n como actriz all 1996 en el Estudio Nancy Tu\u00f1\u00f3n (Stanivslaski \/ Strasberg). En danza, entra en contacto con diversas t\u00e9cnicas contempor\u00e1neas y creadores: Benoit Lachambre, Ruth Zaporah, Mark Tompkins, Lisa Nelson, Mar\u00eda Mu\u00f1oz, Andr\u00e9s [&hellip;]","og_url":"https:\/\/www.malpelo.org\/es\/quienes-somos\/leo-castro\/","og_site_name":"Mal Pelo","article_modified_time":"2022-07-12T18:07:25+00:00","twitter_card":"summary_large_image","twitter_misc":{"Tiempo de lectura":"2 minutos"},"schema":{"@context":"https:\/\/schema.org","@graph":[{"@type":"WebPage","@id":"https:\/\/www.malpelo.org\/es\/quienes-somos\/leo-castro\/","url":"https:\/\/www.malpelo.org\/es\/quienes-somos\/leo-castro\/","name":"Leo Castro - Mal Pelo","isPartOf":{"@id":"https:\/\/www.malpelo.org\/#website"},"datePublished":"2022-07-12T17:59:42+00:00","dateModified":"2022-07-12T18:07:25+00:00","breadcrumb":{"@id":"https:\/\/www.malpelo.org\/es\/quienes-somos\/leo-castro\/#breadcrumb"},"inLanguage":"es","potentialAction":[{"@type":"ReadAction","target":["https:\/\/www.malpelo.org\/es\/quienes-somos\/leo-castro\/"]}]},{"@type":"BreadcrumbList","@id":"https:\/\/www.malpelo.org\/es\/quienes-somos\/leo-castro\/#breadcrumb","itemListElement":[{"@type":"ListItem","position":1,"name":"Inici","item":"https:\/\/www.malpelo.org\/es\/"},{"@type":"ListItem","position":2,"name":"Qui\u00e9nes somos","item":"https:\/\/www.malpelo.org\/es\/quienes-somos\/"},{"@type":"ListItem","position":3,"name":"Leo Castro"}]},{"@type":"WebSite","@id":"https:\/\/www.malpelo.org\/#website","url":"https:\/\/www.malpelo.org\/","name":"Mal Pelo","description":"Mal Pelo","potentialAction":[{"@type":"SearchAction","target":{"@type":"EntryPoint","urlTemplate":"https:\/\/www.malpelo.org\/?s={search_term_string}"},"query-input":{"@type":"PropertyValueSpecification","valueRequired":true,"valueName":"search_term_string"}}],"inLanguage":"es"}]}},"_links":{"self":[{"href":"https:\/\/www.malpelo.org\/es\/wp-json\/wp\/v2\/pages\/3557","targetHints":{"allow":["GET"]}}],"collection":[{"href":"https:\/\/www.malpelo.org\/es\/wp-json\/wp\/v2\/pages"}],"about":[{"href":"https:\/\/www.malpelo.org\/es\/wp-json\/wp\/v2\/types\/page"}],"author":[{"embeddable":true,"href":"https:\/\/www.malpelo.org\/es\/wp-json\/wp\/v2\/users\/1"}],"replies":[{"embeddable":true,"href":"https:\/\/www.malpelo.org\/es\/wp-json\/wp\/v2\/comments?post=3557"}],"version-history":[{"count":2,"href":"https:\/\/www.malpelo.org\/es\/wp-json\/wp\/v2\/pages\/3557\/revisions"}],"predecessor-version":[{"id":3559,"href":"https:\/\/www.malpelo.org\/es\/wp-json\/wp\/v2\/pages\/3557\/revisions\/3559"}],"up":[{"embeddable":true,"href":"https:\/\/www.malpelo.org\/es\/wp-json\/wp\/v2\/pages\/2531"}],"wp:attachment":[{"href":"https:\/\/www.malpelo.org\/es\/wp-json\/wp\/v2\/media?parent=3557"}],"curies":[{"name":"wp","href":"https:\/\/api.w.org\/{rel}","templated":true}]}}