{"id":3487,"date":"2022-05-26T10:50:55","date_gmt":"2022-05-26T08:50:55","guid":{"rendered":"https:\/\/www.malpelo.org\/?page_id=3487"},"modified":"2022-11-02T13:37:25","modified_gmt":"2022-11-02T11:37:25","slug":"zoltan-vakulya","status":"publish","type":"page","link":"https:\/\/www.malpelo.org\/es\/quienes-somos\/zoltan-vakulya\/","title":{"rendered":"Zolt\u00e0n Vakulya"},"content":{"rendered":"<div class=\"wpb-content-wrapper\">[vc_section][vc_row][vc_column][vc_column_text]\r\n<h3>Trayectoria<\/h3>\r\n[\/vc_column_text][vc_column_text]\r\n\r\n<b>Zolt\u00e0n Vakulya, int\u00e9rprete\u00a0<\/b>\r\n\r\n<span style=\"font-weight: 400;\">Vakulya Zoltan es un bailar\u00edn y core\u00f3grafo establecido en B\u00e9lgica, nacido en Budapest en 1986. Se gradu\u00f3 como bailar\u00edn en SEAD (Austria) en 2011 despu\u00e9s de estudiar danza y coreograf\u00eda a BKTF (Budapest). Como bailar\u00edn \/ performer \/ colaborador, ha trabajado con core\u00f3grafos \/ compositores \/ artistas visuales como: Kendell Geers, David Zambrano, Hod Adrienn, Octavi Rumbaou, Benjam Vandewalle, Radouan Mrziga, Georgia Vardarou, Mal Pelo, etc. Desde 2011 ha estado realizando actuaciones fuera y dentro de la escena: PAUSE (2012), OneTwoThreeOneTwo (2015), Together Alone (2016), It&#8217;s time (2017), Etudes on machines (2018), que ha presentado en Europa, EUA, Brasil, Kore Sud, Taiwan, etc.\u00a0<\/span>\r\n\r\n<span style=\"font-weight: 400;\">Recientemente comenz\u00f3 a colaborar con la Universidad de Shih Chien (Taipei) con los nuevos estudiantes de dise\u00f1o de medios de comunicaci\u00f3n en un formato de taller c\u00edclico como profesor invitado. Ha colaborado con Mal Pelo en la creaci\u00f3n Donde Goldberg Variations \/ Variations y en las pr\u00f3ximas creaciones Inventions y Highlands. <\/span>\r\n\r\n&nbsp;\r\n\r\n&nbsp;\r\n\r\n&nbsp;\r\n\r\n[\/vc_column_text][\/vc_column][\/vc_row][\/vc_section][vc_row][vc_column][vc_images_carousel images=\u00bb3213&#8243; img_size=\u00bb800&#215;600&#8243; autoplay=\u00bbyes\u00bb wrap=\u00bbyes\u00bb][\/vc_column][\/vc_row]<!-- \/wp:post-content --><\/div>","protected":false},"excerpt":{"rendered":"<p>[vc_section][vc_row][vc_column][vc_column_text] Trayectoria [\/vc_column_text][vc_column_text] Zolt\u00e0n Vakulya, int\u00e9rprete\u00a0 Vakulya Zoltan es un bailar\u00edn y core\u00f3grafo establecido en B\u00e9lgica, nacido en Budapest en 1986. Se gradu\u00f3 como bailar\u00edn en SEAD (Austria) en 2011 despu\u00e9s de estudiar danza y coreograf\u00eda a BKTF (Budapest). Como bailar\u00edn \/ performer \/ colaborador, ha trabajado con core\u00f3grafos \/ compositores \/ artistas visuales como: [&hellip;]<\/p>\n","protected":false},"author":1,"featured_media":0,"parent":2531,"menu_order":0,"comment_status":"closed","ping_status":"closed","template":"","meta":{"_acf_changed":false,"footnotes":""},"class_list":["post-3487","page","type-page","status-publish","hentry"],"acf":[],"yoast_head":"<!-- This site is optimized with the Yoast SEO plugin v27.3 - https:\/\/yoast.com\/product\/yoast-seo-wordpress\/ -->\n<title>Zolt\u00e0n Vakulya - Mal Pelo<\/title>\n<meta name=\"robots\" content=\"index, follow, max-snippet:-1, max-image-preview:large, max-video-preview:-1\" \/>\n<link rel=\"canonical\" href=\"https:\/\/www.malpelo.org\/es\/quienes-somos\/zoltan-vakulya\/\" \/>\n<meta property=\"og:locale\" content=\"es_ES\" \/>\n<meta property=\"og:type\" content=\"article\" \/>\n<meta property=\"og:title\" content=\"Zolt\u00e0n Vakulya - Mal Pelo\" \/>\n<meta property=\"og:description\" content=\"[vc_section][vc_row][vc_column][vc_column_text] Trayectoria [\/vc_column_text][vc_column_text] Zolt\u00e0n Vakulya, int\u00e9rprete\u00a0 Vakulya Zoltan es un bailar\u00edn y core\u00f3grafo establecido en B\u00e9lgica, nacido en Budapest en 1986. Se gradu\u00f3 como bailar\u00edn en SEAD (Austria) en 2011 despu\u00e9s de estudiar danza y coreograf\u00eda a BKTF (Budapest). Como bailar\u00edn \/ performer \/ colaborador, ha trabajado con core\u00f3grafos \/ compositores \/ artistas visuales como: [&hellip;]\" \/>\n<meta property=\"og:url\" content=\"https:\/\/www.malpelo.org\/es\/quienes-somos\/zoltan-vakulya\/\" \/>\n<meta property=\"og:site_name\" content=\"Mal Pelo\" \/>\n<meta property=\"article:modified_time\" content=\"2022-11-02T11:37:25+00:00\" \/>\n<meta name=\"twitter:card\" content=\"summary_large_image\" \/>\n<meta name=\"twitter:label1\" content=\"Tiempo de lectura\" \/>\n\t<meta name=\"twitter:data1\" content=\"1 minuto\" \/>\n<script type=\"application\/ld+json\" class=\"yoast-schema-graph\">{\"@context\":\"https:\\\/\\\/schema.org\",\"@graph\":[{\"@type\":\"WebPage\",\"@id\":\"https:\\\/\\\/www.malpelo.org\\\/es\\\/quienes-somos\\\/zoltan-vakulya\\\/\",\"url\":\"https:\\\/\\\/www.malpelo.org\\\/es\\\/quienes-somos\\\/zoltan-vakulya\\\/\",\"name\":\"Zolt\u00e0n Vakulya - Mal Pelo\",\"isPartOf\":{\"@id\":\"https:\\\/\\\/www.malpelo.org\\\/#website\"},\"datePublished\":\"2022-05-26T08:50:55+00:00\",\"dateModified\":\"2022-11-02T11:37:25+00:00\",\"breadcrumb\":{\"@id\":\"https:\\\/\\\/www.malpelo.org\\\/es\\\/quienes-somos\\\/zoltan-vakulya\\\/#breadcrumb\"},\"inLanguage\":\"es\",\"potentialAction\":[{\"@type\":\"ReadAction\",\"target\":[\"https:\\\/\\\/www.malpelo.org\\\/es\\\/quienes-somos\\\/zoltan-vakulya\\\/\"]}]},{\"@type\":\"BreadcrumbList\",\"@id\":\"https:\\\/\\\/www.malpelo.org\\\/es\\\/quienes-somos\\\/zoltan-vakulya\\\/#breadcrumb\",\"itemListElement\":[{\"@type\":\"ListItem\",\"position\":1,\"name\":\"Inici\",\"item\":\"https:\\\/\\\/www.malpelo.org\\\/es\\\/\"},{\"@type\":\"ListItem\",\"position\":2,\"name\":\"Qui\u00e9nes somos\",\"item\":\"https:\\\/\\\/www.malpelo.org\\\/es\\\/quienes-somos\\\/\"},{\"@type\":\"ListItem\",\"position\":3,\"name\":\"Zolt\u00e0n Vakulya\"}]},{\"@type\":\"WebSite\",\"@id\":\"https:\\\/\\\/www.malpelo.org\\\/#website\",\"url\":\"https:\\\/\\\/www.malpelo.org\\\/\",\"name\":\"Mal Pelo\",\"description\":\"Mal Pelo\",\"potentialAction\":[{\"@type\":\"SearchAction\",\"target\":{\"@type\":\"EntryPoint\",\"urlTemplate\":\"https:\\\/\\\/www.malpelo.org\\\/?s={search_term_string}\"},\"query-input\":{\"@type\":\"PropertyValueSpecification\",\"valueRequired\":true,\"valueName\":\"search_term_string\"}}],\"inLanguage\":\"es\"}]}<\/script>\n<!-- \/ Yoast SEO plugin. -->","yoast_head_json":{"title":"Zolt\u00e0n Vakulya - Mal Pelo","robots":{"index":"index","follow":"follow","max-snippet":"max-snippet:-1","max-image-preview":"max-image-preview:large","max-video-preview":"max-video-preview:-1"},"canonical":"https:\/\/www.malpelo.org\/es\/quienes-somos\/zoltan-vakulya\/","og_locale":"es_ES","og_type":"article","og_title":"Zolt\u00e0n Vakulya - Mal Pelo","og_description":"[vc_section][vc_row][vc_column][vc_column_text] Trayectoria [\/vc_column_text][vc_column_text] Zolt\u00e0n Vakulya, int\u00e9rprete\u00a0 Vakulya Zoltan es un bailar\u00edn y core\u00f3grafo establecido en B\u00e9lgica, nacido en Budapest en 1986. Se gradu\u00f3 como bailar\u00edn en SEAD (Austria) en 2011 despu\u00e9s de estudiar danza y coreograf\u00eda a BKTF (Budapest). Como bailar\u00edn \/ performer \/ colaborador, ha trabajado con core\u00f3grafos \/ compositores \/ artistas visuales como: [&hellip;]","og_url":"https:\/\/www.malpelo.org\/es\/quienes-somos\/zoltan-vakulya\/","og_site_name":"Mal Pelo","article_modified_time":"2022-11-02T11:37:25+00:00","twitter_card":"summary_large_image","twitter_misc":{"Tiempo de lectura":"1 minuto"},"schema":{"@context":"https:\/\/schema.org","@graph":[{"@type":"WebPage","@id":"https:\/\/www.malpelo.org\/es\/quienes-somos\/zoltan-vakulya\/","url":"https:\/\/www.malpelo.org\/es\/quienes-somos\/zoltan-vakulya\/","name":"Zolt\u00e0n Vakulya - Mal Pelo","isPartOf":{"@id":"https:\/\/www.malpelo.org\/#website"},"datePublished":"2022-05-26T08:50:55+00:00","dateModified":"2022-11-02T11:37:25+00:00","breadcrumb":{"@id":"https:\/\/www.malpelo.org\/es\/quienes-somos\/zoltan-vakulya\/#breadcrumb"},"inLanguage":"es","potentialAction":[{"@type":"ReadAction","target":["https:\/\/www.malpelo.org\/es\/quienes-somos\/zoltan-vakulya\/"]}]},{"@type":"BreadcrumbList","@id":"https:\/\/www.malpelo.org\/es\/quienes-somos\/zoltan-vakulya\/#breadcrumb","itemListElement":[{"@type":"ListItem","position":1,"name":"Inici","item":"https:\/\/www.malpelo.org\/es\/"},{"@type":"ListItem","position":2,"name":"Qui\u00e9nes somos","item":"https:\/\/www.malpelo.org\/es\/quienes-somos\/"},{"@type":"ListItem","position":3,"name":"Zolt\u00e0n Vakulya"}]},{"@type":"WebSite","@id":"https:\/\/www.malpelo.org\/#website","url":"https:\/\/www.malpelo.org\/","name":"Mal Pelo","description":"Mal Pelo","potentialAction":[{"@type":"SearchAction","target":{"@type":"EntryPoint","urlTemplate":"https:\/\/www.malpelo.org\/?s={search_term_string}"},"query-input":{"@type":"PropertyValueSpecification","valueRequired":true,"valueName":"search_term_string"}}],"inLanguage":"es"}]}},"_links":{"self":[{"href":"https:\/\/www.malpelo.org\/es\/wp-json\/wp\/v2\/pages\/3487","targetHints":{"allow":["GET"]}}],"collection":[{"href":"https:\/\/www.malpelo.org\/es\/wp-json\/wp\/v2\/pages"}],"about":[{"href":"https:\/\/www.malpelo.org\/es\/wp-json\/wp\/v2\/types\/page"}],"author":[{"embeddable":true,"href":"https:\/\/www.malpelo.org\/es\/wp-json\/wp\/v2\/users\/1"}],"replies":[{"embeddable":true,"href":"https:\/\/www.malpelo.org\/es\/wp-json\/wp\/v2\/comments?post=3487"}],"version-history":[{"count":3,"href":"https:\/\/www.malpelo.org\/es\/wp-json\/wp\/v2\/pages\/3487\/revisions"}],"predecessor-version":[{"id":3737,"href":"https:\/\/www.malpelo.org\/es\/wp-json\/wp\/v2\/pages\/3487\/revisions\/3737"}],"up":[{"embeddable":true,"href":"https:\/\/www.malpelo.org\/es\/wp-json\/wp\/v2\/pages\/2531"}],"wp:attachment":[{"href":"https:\/\/www.malpelo.org\/es\/wp-json\/wp\/v2\/media?parent=3487"}],"curies":[{"name":"wp","href":"https:\/\/api.w.org\/{rel}","templated":true}]}}