{"id":3480,"date":"2022-05-26T10:46:29","date_gmt":"2022-05-26T08:46:29","guid":{"rendered":"https:\/\/www.malpelo.org\/?page_id=3480"},"modified":"2022-07-12T19:47:48","modified_gmt":"2022-07-12T17:47:48","slug":"federica-porello","status":"publish","type":"page","link":"https:\/\/www.malpelo.org\/es\/quienes-somos\/federica-porello\/","title":{"rendered":"Federica Porello"},"content":{"rendered":"<div class=\"wpb-content-wrapper\">[vc_section][vc_row][vc_column][vc_column_text]\r\n<h3>Trayectoria<\/h3>\r\n[\/vc_column_text][vc_column_text]\r\n\r\n<b>Federica Porello, int\u00e9rprete y colaboraci\u00f3n en direcci\u00f3n\u00a0<\/b>\r\n\r\n<span style=\"font-weight: 400;\">Bailarina, docente y core\u00f3grafa, estudia en P.A.R.T.S. (Performing Arts Research and Training Studios) en Bruselas. De 2006 a 2008 colabora con m\u00fasicos y bailarines en diversas creaciones y performances improvisadas alrededor del di\u00e1logo entre danza y m\u00fasica. Federica ha trabajado con la core\u00f3grafa Marlene Freitas, la compa\u00f1\u00eda ACME \/ Albert Quesada, la compa\u00f1\u00eda Tg Stan, la compa\u00f1\u00eda Le Th\u00e9\u00e2tre de Nuit, la compa\u00f1\u00eda Adonk! con esta \u00faltima, ha participado de la puesta en marcha de un lenguaje en com\u00fan entre la danza y las artes del t\u00edtere dando talleres en diferentes estructuras como el Instituto International de Marionnette en Charleville-M\u00e9zi\u00e8res y Le Ravel, en Dieppe (con discapacitados) y como int\u00e9rprete en la creaci\u00f3n del espect\u00e1culo \u00abCommune Pr\u00e9sence\u00bb (2012).\u00a0<\/span>\r\n\r\n<span style=\"font-weight: 400;\">Desde 2013 trabaja con la compa\u00f1\u00eda catalana Mal Pelo, y desde el 2015 con la compa\u00f1\u00eda belga ZOO \/ Thomas Hauert. Es parte del Group LaBolsa, un grupo de artistas independientes con inquietudes comunes en torno a la investigaci\u00f3n del movimiento basado en partituras para la improvisaci\u00f3n. Como docente y creadora desarrolla dos\u00a0<\/span>\r\n\r\n<span style=\"font-weight: 400;\">pr\u00e1ctica, una a partir del di\u00e1logo entre el movimiento y la m\u00fasica (la musicalidad del gesto), la otra a partir de las relaciones entre gestos y objetos (danza de objetos), esta segunda fue el punto de partida para la creaci\u00f3n del espect\u00e1culo WeWood, junto a Xavi Moreno y Marina Broise (c\u00eda Las Chasseurs Cueilleurs). <\/span>\r\n\r\n&nbsp;\r\n\r\n\r\n\r\n[\/vc_column_text][\/vc_column][\/vc_row][\/vc_section][vc_row][vc_column][vc_images_carousel images=\u00bb530&#8243; img_size=\u00bb800&#215;600&#8243; autoplay=\u00bbyes\u00bb wrap=\u00bbyes\u00bb][\/vc_column][\/vc_row]<!-- \/wp:post-content --><\/div>","protected":false},"excerpt":{"rendered":"<p>[vc_section][vc_row][vc_column][vc_column_text] Trayectoria [\/vc_column_text][vc_column_text] Federica Porello, int\u00e9rprete y colaboraci\u00f3n en direcci\u00f3n\u00a0 Bailarina, docente y core\u00f3grafa, estudia en P.A.R.T.S. (Performing Arts Research and Training Studios) en Bruselas. De 2006 a 2008 colabora con m\u00fasicos y bailarines en diversas creaciones y performances improvisadas alrededor del di\u00e1logo entre danza y m\u00fasica. Federica ha trabajado con la core\u00f3grafa Marlene Freitas, [&hellip;]<\/p>\n","protected":false},"author":1,"featured_media":0,"parent":2531,"menu_order":0,"comment_status":"closed","ping_status":"closed","template":"","meta":{"_acf_changed":false,"footnotes":""},"class_list":["post-3480","page","type-page","status-publish","hentry"],"acf":[],"yoast_head":"<!-- This site is optimized with the Yoast SEO plugin v27.3 - https:\/\/yoast.com\/product\/yoast-seo-wordpress\/ -->\n<title>Federica Porello - Mal Pelo<\/title>\n<meta name=\"robots\" content=\"index, follow, max-snippet:-1, max-image-preview:large, max-video-preview:-1\" \/>\n<link rel=\"canonical\" href=\"https:\/\/www.malpelo.org\/es\/quienes-somos\/federica-porello\/\" \/>\n<meta property=\"og:locale\" content=\"es_ES\" \/>\n<meta property=\"og:type\" content=\"article\" \/>\n<meta property=\"og:title\" content=\"Federica Porello - Mal Pelo\" \/>\n<meta property=\"og:description\" content=\"[vc_section][vc_row][vc_column][vc_column_text] Trayectoria [\/vc_column_text][vc_column_text] Federica Porello, int\u00e9rprete y colaboraci\u00f3n en direcci\u00f3n\u00a0 Bailarina, docente y core\u00f3grafa, estudia en P.A.R.T.S. (Performing Arts Research and Training Studios) en Bruselas. De 2006 a 2008 colabora con m\u00fasicos y bailarines en diversas creaciones y performances improvisadas alrededor del di\u00e1logo entre danza y m\u00fasica. Federica ha trabajado con la core\u00f3grafa Marlene Freitas, [&hellip;]\" \/>\n<meta property=\"og:url\" content=\"https:\/\/www.malpelo.org\/es\/quienes-somos\/federica-porello\/\" \/>\n<meta property=\"og:site_name\" content=\"Mal Pelo\" \/>\n<meta property=\"article:modified_time\" content=\"2022-07-12T17:47:48+00:00\" \/>\n<meta name=\"twitter:card\" content=\"summary_large_image\" \/>\n<meta name=\"twitter:label1\" content=\"Tiempo de lectura\" \/>\n\t<meta name=\"twitter:data1\" content=\"2 minutos\" \/>\n<script type=\"application\/ld+json\" class=\"yoast-schema-graph\">{\"@context\":\"https:\\\/\\\/schema.org\",\"@graph\":[{\"@type\":\"WebPage\",\"@id\":\"https:\\\/\\\/www.malpelo.org\\\/es\\\/quienes-somos\\\/federica-porello\\\/\",\"url\":\"https:\\\/\\\/www.malpelo.org\\\/es\\\/quienes-somos\\\/federica-porello\\\/\",\"name\":\"Federica Porello - Mal Pelo\",\"isPartOf\":{\"@id\":\"https:\\\/\\\/www.malpelo.org\\\/#website\"},\"datePublished\":\"2022-05-26T08:46:29+00:00\",\"dateModified\":\"2022-07-12T17:47:48+00:00\",\"breadcrumb\":{\"@id\":\"https:\\\/\\\/www.malpelo.org\\\/es\\\/quienes-somos\\\/federica-porello\\\/#breadcrumb\"},\"inLanguage\":\"es\",\"potentialAction\":[{\"@type\":\"ReadAction\",\"target\":[\"https:\\\/\\\/www.malpelo.org\\\/es\\\/quienes-somos\\\/federica-porello\\\/\"]}]},{\"@type\":\"BreadcrumbList\",\"@id\":\"https:\\\/\\\/www.malpelo.org\\\/es\\\/quienes-somos\\\/federica-porello\\\/#breadcrumb\",\"itemListElement\":[{\"@type\":\"ListItem\",\"position\":1,\"name\":\"Inici\",\"item\":\"https:\\\/\\\/www.malpelo.org\\\/es\\\/\"},{\"@type\":\"ListItem\",\"position\":2,\"name\":\"Qui\u00e9nes somos\",\"item\":\"https:\\\/\\\/www.malpelo.org\\\/es\\\/quienes-somos\\\/\"},{\"@type\":\"ListItem\",\"position\":3,\"name\":\"Federica Porello\"}]},{\"@type\":\"WebSite\",\"@id\":\"https:\\\/\\\/www.malpelo.org\\\/#website\",\"url\":\"https:\\\/\\\/www.malpelo.org\\\/\",\"name\":\"Mal Pelo\",\"description\":\"Mal Pelo\",\"potentialAction\":[{\"@type\":\"SearchAction\",\"target\":{\"@type\":\"EntryPoint\",\"urlTemplate\":\"https:\\\/\\\/www.malpelo.org\\\/?s={search_term_string}\"},\"query-input\":{\"@type\":\"PropertyValueSpecification\",\"valueRequired\":true,\"valueName\":\"search_term_string\"}}],\"inLanguage\":\"es\"}]}<\/script>\n<!-- \/ Yoast SEO plugin. -->","yoast_head_json":{"title":"Federica Porello - Mal Pelo","robots":{"index":"index","follow":"follow","max-snippet":"max-snippet:-1","max-image-preview":"max-image-preview:large","max-video-preview":"max-video-preview:-1"},"canonical":"https:\/\/www.malpelo.org\/es\/quienes-somos\/federica-porello\/","og_locale":"es_ES","og_type":"article","og_title":"Federica Porello - Mal Pelo","og_description":"[vc_section][vc_row][vc_column][vc_column_text] Trayectoria [\/vc_column_text][vc_column_text] Federica Porello, int\u00e9rprete y colaboraci\u00f3n en direcci\u00f3n\u00a0 Bailarina, docente y core\u00f3grafa, estudia en P.A.R.T.S. (Performing Arts Research and Training Studios) en Bruselas. De 2006 a 2008 colabora con m\u00fasicos y bailarines en diversas creaciones y performances improvisadas alrededor del di\u00e1logo entre danza y m\u00fasica. Federica ha trabajado con la core\u00f3grafa Marlene Freitas, [&hellip;]","og_url":"https:\/\/www.malpelo.org\/es\/quienes-somos\/federica-porello\/","og_site_name":"Mal Pelo","article_modified_time":"2022-07-12T17:47:48+00:00","twitter_card":"summary_large_image","twitter_misc":{"Tiempo de lectura":"2 minutos"},"schema":{"@context":"https:\/\/schema.org","@graph":[{"@type":"WebPage","@id":"https:\/\/www.malpelo.org\/es\/quienes-somos\/federica-porello\/","url":"https:\/\/www.malpelo.org\/es\/quienes-somos\/federica-porello\/","name":"Federica Porello - Mal Pelo","isPartOf":{"@id":"https:\/\/www.malpelo.org\/#website"},"datePublished":"2022-05-26T08:46:29+00:00","dateModified":"2022-07-12T17:47:48+00:00","breadcrumb":{"@id":"https:\/\/www.malpelo.org\/es\/quienes-somos\/federica-porello\/#breadcrumb"},"inLanguage":"es","potentialAction":[{"@type":"ReadAction","target":["https:\/\/www.malpelo.org\/es\/quienes-somos\/federica-porello\/"]}]},{"@type":"BreadcrumbList","@id":"https:\/\/www.malpelo.org\/es\/quienes-somos\/federica-porello\/#breadcrumb","itemListElement":[{"@type":"ListItem","position":1,"name":"Inici","item":"https:\/\/www.malpelo.org\/es\/"},{"@type":"ListItem","position":2,"name":"Qui\u00e9nes somos","item":"https:\/\/www.malpelo.org\/es\/quienes-somos\/"},{"@type":"ListItem","position":3,"name":"Federica Porello"}]},{"@type":"WebSite","@id":"https:\/\/www.malpelo.org\/#website","url":"https:\/\/www.malpelo.org\/","name":"Mal Pelo","description":"Mal Pelo","potentialAction":[{"@type":"SearchAction","target":{"@type":"EntryPoint","urlTemplate":"https:\/\/www.malpelo.org\/?s={search_term_string}"},"query-input":{"@type":"PropertyValueSpecification","valueRequired":true,"valueName":"search_term_string"}}],"inLanguage":"es"}]}},"_links":{"self":[{"href":"https:\/\/www.malpelo.org\/es\/wp-json\/wp\/v2\/pages\/3480","targetHints":{"allow":["GET"]}}],"collection":[{"href":"https:\/\/www.malpelo.org\/es\/wp-json\/wp\/v2\/pages"}],"about":[{"href":"https:\/\/www.malpelo.org\/es\/wp-json\/wp\/v2\/types\/page"}],"author":[{"embeddable":true,"href":"https:\/\/www.malpelo.org\/es\/wp-json\/wp\/v2\/users\/1"}],"replies":[{"embeddable":true,"href":"https:\/\/www.malpelo.org\/es\/wp-json\/wp\/v2\/comments?post=3480"}],"version-history":[{"count":3,"href":"https:\/\/www.malpelo.org\/es\/wp-json\/wp\/v2\/pages\/3480\/revisions"}],"predecessor-version":[{"id":3551,"href":"https:\/\/www.malpelo.org\/es\/wp-json\/wp\/v2\/pages\/3480\/revisions\/3551"}],"up":[{"embeddable":true,"href":"https:\/\/www.malpelo.org\/es\/wp-json\/wp\/v2\/pages\/2531"}],"wp:attachment":[{"href":"https:\/\/www.malpelo.org\/es\/wp-json\/wp\/v2\/media?parent=3480"}],"curies":[{"name":"wp","href":"https:\/\/api.w.org\/{rel}","templated":true}]}}