{"id":2659,"date":"2021-01-25T21:04:12","date_gmt":"2021-01-25T19:04:12","guid":{"rendered":"https:\/\/www.malpelo.org\/?page_id=2659"},"modified":"2024-02-23T14:52:05","modified_gmt":"2024-02-23T12:52:05","slug":"otros","status":"publish","type":"page","link":"https:\/\/www.malpelo.org\/es\/otros\/","title":{"rendered":"NOVEDADES"},"content":{"rendered":"<div class=\"wpb-content-wrapper\"><p>[vc_row][vc_column css=\u00bb.vc_custom_1603813558177{margin-top: 12px !important;}\u00bb]    \n    \n        <!-- the list loop -->\n        <div class=\"shows-grid\">\n                    <a href=\"https:\/\/www.malpelo.org\/es\/show\/we\/\" title=\"WE\" class=\"show row align-items-center mb-4\">\n                <div class=\"show__image col-md-6\">\n                    <img loading=\"lazy\" decoding=\"async\" width=\"690\" height=\"400\" src=\"https:\/\/www.malpelo.org\/wp-content\/uploads\/2025\/03\/MP-WE_1566web\u00a9Tristan-Perez-Martin-690x400.jpg\" class=\"img-fluid mb-2 mb-md-0 wp-post-image\" alt=\"\" \/>                <\/div>\n                <div class=\"col-md-6\">\n                    <div class=\"show__content p-md-4\">\n                        <div class=\"show__subtitle\">NUEVA CREACI\u00d3N 2025<\/div>\n                        <h2>WE<\/h2>\n                        <div class=\"show__excerpt\"><p>&nbsp; \u00bfQu\u00e9 dejamos en la palma de nuestra mano para dar a las nuevas generaciones? WE, nosotros, \u00bfuna comunidad que nos define como individuos? Un sentido de pertenencia, \u00bfa d\u00f3nde? A trav\u00e9s de los tiempos y las generaciones nos seguimos preguntando por nuestra identidad, por nuestro lugar, por nuestro futuro.\u00a0 \u00bfNuestro?<\/p>\n<\/div>\n                        <span class=\"btn btn-outline-primary\" target=\"_blank\" download>+ Informaci\u00f3n<\/span>\n                    <\/div>\n                <\/div>\n            <\/a>\n                    <a href=\"https:\/\/www.malpelo.org\/es\/show\/orfeo-ed-euridice\/\" title=\"Orfeo ed Euridice\" class=\"show row align-items-center mb-4\">\n                <div class=\"show__image col-md-6\">\n                    <img loading=\"lazy\" decoding=\"async\" width=\"690\" height=\"400\" src=\"https:\/\/www.malpelo.org\/wp-content\/uploads\/2025\/12\/COMPO--690x400.jpg\" class=\"img-fluid mb-2 mb-md-0 wp-post-image\" alt=\"\" \/>                <\/div>\n                <div class=\"col-md-6\">\n                    <div class=\"show__content p-md-4\">\n                        <div class=\"show__subtitle\">NOVA CREACI\u00d3 2026<\/div>\n                        <h2>Orfeo ed Euridice<\/h2>\n                        <div class=\"show__excerpt\"><p>Por primera vez MAL PELO asume la direcci\u00f3n esc\u00e9nica y coreogr\u00e1fica de una \u00f3pera cl\u00e1sica: ORFEO ed EURIDICE de C.W. Gluck. En 2025, Jos\u00e9 Luis Rivero, director art\u00edstico del Auditorio de Tenerife, propone a Mar\u00eda Mu\u00f1oz y Pep Ramis asumir la direcci\u00f3n esc\u00e9nica y coreogr\u00e1fica de la \u00f3pera Orfeo y Eur\u00eddice, gui\u00e1ndose por el deseo [&hellip;]<\/p>\n<\/div>\n                        <span class=\"btn btn-outline-primary\" target=\"_blank\" download>+ Informaci\u00f3n<\/span>\n                    <\/div>\n                <\/div>\n            <\/a>\n                    <a href=\"https:\/\/www.malpelo.org\/es\/show\/we-nosotros-y-los-tiempos-nueva-creacion-2025\/\" title=\"WE nosotros y los tiempos, nueva creaci\u00f3n 2025\" class=\"show row align-items-center mb-4\">\n                <div class=\"show__image col-md-6\">\n                    <img loading=\"lazy\" decoding=\"async\" width=\"690\" height=\"400\" src=\"https:\/\/www.malpelo.org\/wp-content\/uploads\/2022\/10\/POSTAL-WE-CASTELLANO-690x400.jpg\" class=\"img-fluid mb-2 mb-md-0 wp-post-image\" alt=\"\" \/>                <\/div>\n                <div class=\"col-md-6\">\n                    <div class=\"show__content p-md-4\">\n                        <div class=\"show__subtitle\">Nueva creaci\u00f3n<\/div>\n                        <h2>WE nosotros y los tiempos, nueva creaci\u00f3n 2025<\/h2>\n                        <div class=\"show__excerpt\"><p>El trabajo art\u00edstico se prev\u00e9 realizar a trav\u00e9s de diferentes laboratorios de creaci\u00f3n en 2024 durante los cuales realizaremos un trabajo de investigaci\u00f3n sobre el lenguaje del grupo y sobre el lenguaje individual de cada int\u00e9rprete. El objetivo es transmitir conocimientos y herramientas de trabajo durante los encuentros, y proyectar en el tiempo la incorporaci\u00f3n [&hellip;]<\/p>\n<\/div>\n                        <span class=\"btn btn-outline-primary\" target=\"_blank\" download>+ Informaci\u00f3n<\/span>\n                    <\/div>\n                <\/div>\n            <\/a>\n                    <a href=\"https:\/\/www.malpelo.org\/es\/show\/mal-pelo-viaja-a-colombia-y-argentina\/\" title=\"Mal Pelo viaja a Colombia y Argentina\" class=\"show row align-items-center mb-4\">\n                <div class=\"show__image col-md-6\">\n                    <img loading=\"lazy\" decoding=\"async\" width=\"690\" height=\"400\" src=\"https:\/\/www.malpelo.org\/wp-content\/uploads\/2022\/10\/IMG-20240128-WA0004-690x400.jpg\" class=\"img-fluid mb-2 mb-md-0 wp-post-image\" alt=\"\" \/>                <\/div>\n                <div class=\"col-md-6\">\n                    <div class=\"show__content p-md-4\">\n                        <div class=\"show__subtitle\">Reconeixement<\/div>\n                        <h2>Mal Pelo viaja a Colombia y Argentina<\/h2>\n                        <div class=\"show__excerpt\"><p>Mar\u00eda Mu\u00f1oz y Pep Ramis viajan a Colombia y Argentina durante los meses de enero y febrero de 2024 para iniciar un nuevo proyecto y encontrarse con diferentes colectivos y proyectos de ambos pa\u00edses.<\/p>\n<\/div>\n                        <span class=\"btn btn-outline-primary\" target=\"_blank\" download>+ Informaci\u00f3n<\/span>\n                    <\/div>\n                <\/div>\n            <\/a>\n                    <a href=\"https:\/\/www.malpelo.org\/es\/show\/les-cadires-de-tapies-mal-pelo\/\" title=\"LES CADIRES DE T\u00c0PIES. MAL PELO.\" class=\"show row align-items-center mb-4\">\n                <div class=\"show__image col-md-6\">\n                                    <\/div>\n                <div class=\"col-md-6\">\n                    <div class=\"show__content p-md-4\">\n                        <div class=\"show__subtitle\">Site Specific<\/div>\n                        <h2>LES CADIRES DE T\u00c0PIES. MAL PELO.<\/h2>\n                        <div class=\"show__excerpt\"><\/div>\n                        <span class=\"btn btn-outline-primary\" target=\"_blank\" download>+ Informaci\u00f3n<\/span>\n                    <\/div>\n                <\/div>\n            <\/a>\n                <!-- end of the loop -->\n        <\/div>\n                    \n    [\/vc_column][\/vc_row]<\/p>\n<\/div>","protected":false},"excerpt":{"rendered":"<p>[vc_row][vc_column css=\u00bb.vc_custom_1603813558177{margin-top: 12px !important;}\u00bb][\/vc_column][\/vc_row]<\/p>\n","protected":false},"author":1,"featured_media":0,"parent":0,"menu_order":0,"comment_status":"closed","ping_status":"closed","template":"","meta":{"_acf_changed":false,"footnotes":""},"class_list":["post-2659","page","type-page","status-publish","hentry"],"acf":[],"yoast_head":"<!-- This site is optimized with the Yoast SEO plugin v27.3 - https:\/\/yoast.com\/product\/yoast-seo-wordpress\/ -->\n<title>NOVEDADES - Mal Pelo<\/title>\n<meta name=\"robots\" content=\"index, follow, max-snippet:-1, max-image-preview:large, max-video-preview:-1\" \/>\n<link rel=\"canonical\" href=\"https:\/\/www.malpelo.org\/es\/otros\/\" \/>\n<meta property=\"og:locale\" content=\"es_ES\" \/>\n<meta property=\"og:type\" content=\"article\" \/>\n<meta property=\"og:title\" content=\"NOVEDADES - Mal Pelo\" \/>\n<meta property=\"og:description\" content=\"[vc_row][vc_column css=\u00bb.vc_custom_1603813558177{margin-top: 12px !important;}\u00bb][\/vc_column][\/vc_row]\" \/>\n<meta property=\"og:url\" content=\"https:\/\/www.malpelo.org\/es\/otros\/\" \/>\n<meta property=\"og:site_name\" content=\"Mal Pelo\" \/>\n<meta property=\"article:modified_time\" content=\"2024-02-23T12:52:05+00:00\" \/>\n<meta name=\"twitter:card\" content=\"summary_large_image\" \/>\n<meta name=\"twitter:label1\" content=\"Tiempo de lectura\" \/>\n\t<meta name=\"twitter:data1\" content=\"1 minuto\" \/>\n<script type=\"application\/ld+json\" class=\"yoast-schema-graph\">{\"@context\":\"https:\\\/\\\/schema.org\",\"@graph\":[{\"@type\":\"WebPage\",\"@id\":\"https:\\\/\\\/www.malpelo.org\\\/es\\\/otros\\\/\",\"url\":\"https:\\\/\\\/www.malpelo.org\\\/es\\\/otros\\\/\",\"name\":\"NOVEDADES - Mal Pelo\",\"isPartOf\":{\"@id\":\"https:\\\/\\\/www.malpelo.org\\\/#website\"},\"datePublished\":\"2021-01-25T19:04:12+00:00\",\"dateModified\":\"2024-02-23T12:52:05+00:00\",\"breadcrumb\":{\"@id\":\"https:\\\/\\\/www.malpelo.org\\\/es\\\/otros\\\/#breadcrumb\"},\"inLanguage\":\"es\",\"potentialAction\":[{\"@type\":\"ReadAction\",\"target\":[\"https:\\\/\\\/www.malpelo.org\\\/es\\\/otros\\\/\"]}]},{\"@type\":\"BreadcrumbList\",\"@id\":\"https:\\\/\\\/www.malpelo.org\\\/es\\\/otros\\\/#breadcrumb\",\"itemListElement\":[{\"@type\":\"ListItem\",\"position\":1,\"name\":\"Inici\",\"item\":\"https:\\\/\\\/www.malpelo.org\\\/es\\\/\"},{\"@type\":\"ListItem\",\"position\":2,\"name\":\"NOVEDADES\"}]},{\"@type\":\"WebSite\",\"@id\":\"https:\\\/\\\/www.malpelo.org\\\/#website\",\"url\":\"https:\\\/\\\/www.malpelo.org\\\/\",\"name\":\"Mal Pelo\",\"description\":\"Mal Pelo\",\"potentialAction\":[{\"@type\":\"SearchAction\",\"target\":{\"@type\":\"EntryPoint\",\"urlTemplate\":\"https:\\\/\\\/www.malpelo.org\\\/?s={search_term_string}\"},\"query-input\":{\"@type\":\"PropertyValueSpecification\",\"valueRequired\":true,\"valueName\":\"search_term_string\"}}],\"inLanguage\":\"es\"}]}<\/script>\n<!-- \/ Yoast SEO plugin. -->","yoast_head_json":{"title":"NOVEDADES - Mal Pelo","robots":{"index":"index","follow":"follow","max-snippet":"max-snippet:-1","max-image-preview":"max-image-preview:large","max-video-preview":"max-video-preview:-1"},"canonical":"https:\/\/www.malpelo.org\/es\/otros\/","og_locale":"es_ES","og_type":"article","og_title":"NOVEDADES - Mal Pelo","og_description":"[vc_row][vc_column css=\u00bb.vc_custom_1603813558177{margin-top: 12px !important;}\u00bb][\/vc_column][\/vc_row]","og_url":"https:\/\/www.malpelo.org\/es\/otros\/","og_site_name":"Mal Pelo","article_modified_time":"2024-02-23T12:52:05+00:00","twitter_card":"summary_large_image","twitter_misc":{"Tiempo de lectura":"1 minuto"},"schema":{"@context":"https:\/\/schema.org","@graph":[{"@type":"WebPage","@id":"https:\/\/www.malpelo.org\/es\/otros\/","url":"https:\/\/www.malpelo.org\/es\/otros\/","name":"NOVEDADES - Mal Pelo","isPartOf":{"@id":"https:\/\/www.malpelo.org\/#website"},"datePublished":"2021-01-25T19:04:12+00:00","dateModified":"2024-02-23T12:52:05+00:00","breadcrumb":{"@id":"https:\/\/www.malpelo.org\/es\/otros\/#breadcrumb"},"inLanguage":"es","potentialAction":[{"@type":"ReadAction","target":["https:\/\/www.malpelo.org\/es\/otros\/"]}]},{"@type":"BreadcrumbList","@id":"https:\/\/www.malpelo.org\/es\/otros\/#breadcrumb","itemListElement":[{"@type":"ListItem","position":1,"name":"Inici","item":"https:\/\/www.malpelo.org\/es\/"},{"@type":"ListItem","position":2,"name":"NOVEDADES"}]},{"@type":"WebSite","@id":"https:\/\/www.malpelo.org\/#website","url":"https:\/\/www.malpelo.org\/","name":"Mal Pelo","description":"Mal Pelo","potentialAction":[{"@type":"SearchAction","target":{"@type":"EntryPoint","urlTemplate":"https:\/\/www.malpelo.org\/?s={search_term_string}"},"query-input":{"@type":"PropertyValueSpecification","valueRequired":true,"valueName":"search_term_string"}}],"inLanguage":"es"}]}},"_links":{"self":[{"href":"https:\/\/www.malpelo.org\/es\/wp-json\/wp\/v2\/pages\/2659","targetHints":{"allow":["GET"]}}],"collection":[{"href":"https:\/\/www.malpelo.org\/es\/wp-json\/wp\/v2\/pages"}],"about":[{"href":"https:\/\/www.malpelo.org\/es\/wp-json\/wp\/v2\/types\/page"}],"author":[{"embeddable":true,"href":"https:\/\/www.malpelo.org\/es\/wp-json\/wp\/v2\/users\/1"}],"replies":[{"embeddable":true,"href":"https:\/\/www.malpelo.org\/es\/wp-json\/wp\/v2\/comments?post=2659"}],"version-history":[{"count":3,"href":"https:\/\/www.malpelo.org\/es\/wp-json\/wp\/v2\/pages\/2659\/revisions"}],"predecessor-version":[{"id":4078,"href":"https:\/\/www.malpelo.org\/es\/wp-json\/wp\/v2\/pages\/2659\/revisions\/4078"}],"wp:attachment":[{"href":"https:\/\/www.malpelo.org\/es\/wp-json\/wp\/v2\/media?parent=2659"}],"curies":[{"name":"wp","href":"https:\/\/api.w.org\/{rel}","templated":true}]}}