{"id":2655,"date":"2021-01-25T21:00:28","date_gmt":"2021-01-25T19:00:28","guid":{"rendered":"https:\/\/www.malpelo.org\/?page_id=2655"},"modified":"2022-05-19T11:28:07","modified_gmt":"2022-05-19T09:28:07","slug":"pep-ramis","status":"publish","type":"page","link":"https:\/\/www.malpelo.org\/es\/quienes-somos\/pep-ramis\/","title":{"rendered":"Pep Ramis"},"content":{"rendered":"<div class=\"wpb-content-wrapper\"><p>[vc_section][vc_row][vc_column width=\u00bb2\/3&#8243;][vc_column_text]<\/p>\r\n<h3>Trayectoria<\/h3>\r\n<p>[\/vc_column_text][vc_column_text]<\/p>\r\n<p><strong>Pep Ramis<\/strong> (Manacor)\u00a0Nace en Mallorca, en una familia donde la m\u00fasica y la pintura est\u00e1n muy presentes. A lo largo de su formaci\u00f3n estudia\u00a0violonchelo, marionetas y t\u00e9cnicas de voz. Desde la infancia, el dibujo forma parte de su imaginario cotidiano. Su inter\u00e9s por la escena nace en 1985, cuando descubre un lugar de confluencia de todas sus experiencias anteriores, con el cuerpo como eje vertebrador. Despu\u00e9s de colaborar en 1986 con\u00a0La Dux\u00a0\u2013grupo formado por\u00a0Mariant\u00f2nia\u00a0Oliver y Mar\u00eda Mu\u00f1oz\u2013, en 1987 participa en el espect\u00e1culo\u00a0Scirocco, de Adriana\u00a0Borriello, en Italia. En 1989 forma junto con Mar\u00eda Mu\u00f1oz el grupo de creaci\u00f3n Mal Pelo, dentro del que desarrolla su faceta de constructor de escenograf\u00edas y espacios\u00a0instalativos.\u00a0Actualmente,\u00a0es director de escena, bailar\u00edn-actor y codirector del centro de creaci\u00f3n de L&#8217;animal a l&#8217;esquena en Celr\u00e0, Girona.<\/p>\r\n<p>[\/vc_column_text][\/vc_column][vc_column width=\u00bb1\/3&#8243;][vc_column_text]<\/p>\r\n<h3>Enlaces de inter\u00e9s<\/h3>\r\n<p>[\/vc_column_text][vc_btn title=\u00bbVer CV Pep Ramis\u00bb style=\u00bbclassic\u00bb shape=\u00bbsquare\u00bb color=\u00bbblack\u00bb i_align=\u00bbright\u00bb i_icon_fontawesome=\u00bb\u00bb add_icon=\u00bbtrue\u00bb link=\u00bburl:https%3A%2F%2Fwww.malpelo.org%2Fwp-content%2Fuploads%2F2022%2F05%2FESP_CV_PepRamis.pdf|||\u00bb][\/vc_column][\/vc_row][\/vc_section][vc_row][vc_column][vc_images_carousel images=\u00bb777,781,402,400,397,249&#8243; img_size=\u00bb800&#215;600&#8243; autoplay=\u00bbyes\u00bb wrap=\u00bbyes\u00bb][\/vc_column][\/vc_row]<\/p><\/div>","protected":false},"excerpt":{"rendered":"<p>[vc_section][vc_row][vc_column width=\u00bb2\/3&#8243;][vc_column_text] Trayectoria [\/vc_column_text][vc_column_text] Pep Ramis (Manacor)\u00a0Nace en Mallorca, en una familia donde la m\u00fasica y la pintura est\u00e1n muy presentes. A lo largo de su formaci\u00f3n estudia\u00a0violonchelo, marionetas y t\u00e9cnicas de voz. Desde la infancia, el dibujo forma parte de su imaginario cotidiano. Su inter\u00e9s por la escena nace en 1985, cuando descubre un [&hellip;]<\/p>\n","protected":false},"author":1,"featured_media":867,"parent":2531,"menu_order":0,"comment_status":"closed","ping_status":"closed","template":"","meta":{"_acf_changed":false,"footnotes":""},"class_list":["post-2655","page","type-page","status-publish","hentry"],"acf":[],"yoast_head":"<!-- This site is optimized with the Yoast SEO plugin v27.4 - https:\/\/yoast.com\/product\/yoast-seo-wordpress\/ -->\n<title>Pep Ramis - Mal Pelo<\/title>\n<meta name=\"robots\" content=\"index, follow, max-snippet:-1, max-image-preview:large, max-video-preview:-1\" \/>\n<link rel=\"canonical\" href=\"https:\/\/www.malpelo.org\/es\/quienes-somos\/pep-ramis\/\" \/>\n<meta property=\"og:locale\" content=\"es_ES\" \/>\n<meta property=\"og:type\" content=\"article\" \/>\n<meta property=\"og:title\" content=\"Pep Ramis - Mal Pelo\" \/>\n<meta property=\"og:description\" content=\"[vc_section][vc_row][vc_column width=\u00bb2\/3&#8243;][vc_column_text] Trayectoria [\/vc_column_text][vc_column_text] Pep Ramis (Manacor)\u00a0Nace en Mallorca, en una familia donde la m\u00fasica y la pintura est\u00e1n muy presentes. A lo largo de su formaci\u00f3n estudia\u00a0violonchelo, marionetas y t\u00e9cnicas de voz. Desde la infancia, el dibujo forma parte de su imaginario cotidiano. Su inter\u00e9s por la escena nace en 1985, cuando descubre un [&hellip;]\" \/>\n<meta property=\"og:url\" content=\"https:\/\/www.malpelo.org\/es\/quienes-somos\/pep-ramis\/\" \/>\n<meta property=\"og:site_name\" content=\"Mal Pelo\" \/>\n<meta property=\"article:modified_time\" content=\"2022-05-19T09:28:07+00:00\" \/>\n<meta property=\"og:image\" content=\"https:\/\/www.malpelo.org\/wp-content\/uploads\/2020\/04\/MP-MTP_0653hd\u220fTristan-Perez-Martin-scaled.jpg\" \/>\n\t<meta property=\"og:image:width\" content=\"2560\" \/>\n\t<meta property=\"og:image:height\" content=\"1707\" \/>\n\t<meta property=\"og:image:type\" content=\"image\/jpeg\" \/>\n<meta name=\"twitter:card\" content=\"summary_large_image\" \/>\n<meta name=\"twitter:label1\" content=\"Tiempo de lectura\" \/>\n\t<meta name=\"twitter:data1\" content=\"1 minuto\" \/>\n<script type=\"application\/ld+json\" class=\"yoast-schema-graph\">{\"@context\":\"https:\\\/\\\/schema.org\",\"@graph\":[{\"@type\":\"WebPage\",\"@id\":\"https:\\\/\\\/www.malpelo.org\\\/es\\\/quienes-somos\\\/pep-ramis\\\/\",\"url\":\"https:\\\/\\\/www.malpelo.org\\\/es\\\/quienes-somos\\\/pep-ramis\\\/\",\"name\":\"Pep Ramis - Mal Pelo\",\"isPartOf\":{\"@id\":\"https:\\\/\\\/www.malpelo.org\\\/#website\"},\"primaryImageOfPage\":{\"@id\":\"https:\\\/\\\/www.malpelo.org\\\/es\\\/quienes-somos\\\/pep-ramis\\\/#primaryimage\"},\"image\":{\"@id\":\"https:\\\/\\\/www.malpelo.org\\\/es\\\/quienes-somos\\\/pep-ramis\\\/#primaryimage\"},\"thumbnailUrl\":\"https:\\\/\\\/www.malpelo.org\\\/wp-content\\\/uploads\\\/2020\\\/04\\\/MP-MTP_0653hd\u220fTristan-Perez-Martin-scaled.jpg\",\"datePublished\":\"2021-01-25T19:00:28+00:00\",\"dateModified\":\"2022-05-19T09:28:07+00:00\",\"breadcrumb\":{\"@id\":\"https:\\\/\\\/www.malpelo.org\\\/es\\\/quienes-somos\\\/pep-ramis\\\/#breadcrumb\"},\"inLanguage\":\"es\",\"potentialAction\":[{\"@type\":\"ReadAction\",\"target\":[\"https:\\\/\\\/www.malpelo.org\\\/es\\\/quienes-somos\\\/pep-ramis\\\/\"]}]},{\"@type\":\"ImageObject\",\"inLanguage\":\"es\",\"@id\":\"https:\\\/\\\/www.malpelo.org\\\/es\\\/quienes-somos\\\/pep-ramis\\\/#primaryimage\",\"url\":\"https:\\\/\\\/www.malpelo.org\\\/wp-content\\\/uploads\\\/2020\\\/04\\\/MP-MTP_0653hd\u220fTristan-Perez-Martin-scaled.jpg\",\"contentUrl\":\"https:\\\/\\\/www.malpelo.org\\\/wp-content\\\/uploads\\\/2020\\\/04\\\/MP-MTP_0653hd\u220fTristan-Perez-Martin-scaled.jpg\",\"width\":2560,\"height\":1707,\"caption\":\"Pep Ramis (Mal Pelo) - The mountain, the truth and the paradise \u00a9Tristan Perez-Martin\"},{\"@type\":\"BreadcrumbList\",\"@id\":\"https:\\\/\\\/www.malpelo.org\\\/es\\\/quienes-somos\\\/pep-ramis\\\/#breadcrumb\",\"itemListElement\":[{\"@type\":\"ListItem\",\"position\":1,\"name\":\"Inici\",\"item\":\"https:\\\/\\\/www.malpelo.org\\\/es\\\/\"},{\"@type\":\"ListItem\",\"position\":2,\"name\":\"Qui\u00e9nes somos\",\"item\":\"https:\\\/\\\/www.malpelo.org\\\/es\\\/quienes-somos\\\/\"},{\"@type\":\"ListItem\",\"position\":3,\"name\":\"Pep Ramis\"}]},{\"@type\":\"WebSite\",\"@id\":\"https:\\\/\\\/www.malpelo.org\\\/#website\",\"url\":\"https:\\\/\\\/www.malpelo.org\\\/\",\"name\":\"Mal Pelo\",\"description\":\"Mal Pelo\",\"potentialAction\":[{\"@type\":\"SearchAction\",\"target\":{\"@type\":\"EntryPoint\",\"urlTemplate\":\"https:\\\/\\\/www.malpelo.org\\\/?s={search_term_string}\"},\"query-input\":{\"@type\":\"PropertyValueSpecification\",\"valueRequired\":true,\"valueName\":\"search_term_string\"}}],\"inLanguage\":\"es\"}]}<\/script>\n<!-- \/ Yoast SEO plugin. -->","yoast_head_json":{"title":"Pep Ramis - Mal Pelo","robots":{"index":"index","follow":"follow","max-snippet":"max-snippet:-1","max-image-preview":"max-image-preview:large","max-video-preview":"max-video-preview:-1"},"canonical":"https:\/\/www.malpelo.org\/es\/quienes-somos\/pep-ramis\/","og_locale":"es_ES","og_type":"article","og_title":"Pep Ramis - Mal Pelo","og_description":"[vc_section][vc_row][vc_column width=\u00bb2\/3&#8243;][vc_column_text] Trayectoria [\/vc_column_text][vc_column_text] Pep Ramis (Manacor)\u00a0Nace en Mallorca, en una familia donde la m\u00fasica y la pintura est\u00e1n muy presentes. A lo largo de su formaci\u00f3n estudia\u00a0violonchelo, marionetas y t\u00e9cnicas de voz. Desde la infancia, el dibujo forma parte de su imaginario cotidiano. Su inter\u00e9s por la escena nace en 1985, cuando descubre un [&hellip;]","og_url":"https:\/\/www.malpelo.org\/es\/quienes-somos\/pep-ramis\/","og_site_name":"Mal Pelo","article_modified_time":"2022-05-19T09:28:07+00:00","og_image":[{"width":2560,"height":1707,"url":"https:\/\/www.malpelo.org\/wp-content\/uploads\/2020\/04\/MP-MTP_0653hd\u220fTristan-Perez-Martin-scaled.jpg","type":"image\/jpeg"}],"twitter_card":"summary_large_image","twitter_misc":{"Tiempo de lectura":"1 minuto"},"schema":{"@context":"https:\/\/schema.org","@graph":[{"@type":"WebPage","@id":"https:\/\/www.malpelo.org\/es\/quienes-somos\/pep-ramis\/","url":"https:\/\/www.malpelo.org\/es\/quienes-somos\/pep-ramis\/","name":"Pep Ramis - Mal Pelo","isPartOf":{"@id":"https:\/\/www.malpelo.org\/#website"},"primaryImageOfPage":{"@id":"https:\/\/www.malpelo.org\/es\/quienes-somos\/pep-ramis\/#primaryimage"},"image":{"@id":"https:\/\/www.malpelo.org\/es\/quienes-somos\/pep-ramis\/#primaryimage"},"thumbnailUrl":"https:\/\/www.malpelo.org\/wp-content\/uploads\/2020\/04\/MP-MTP_0653hd\u220fTristan-Perez-Martin-scaled.jpg","datePublished":"2021-01-25T19:00:28+00:00","dateModified":"2022-05-19T09:28:07+00:00","breadcrumb":{"@id":"https:\/\/www.malpelo.org\/es\/quienes-somos\/pep-ramis\/#breadcrumb"},"inLanguage":"es","potentialAction":[{"@type":"ReadAction","target":["https:\/\/www.malpelo.org\/es\/quienes-somos\/pep-ramis\/"]}]},{"@type":"ImageObject","inLanguage":"es","@id":"https:\/\/www.malpelo.org\/es\/quienes-somos\/pep-ramis\/#primaryimage","url":"https:\/\/www.malpelo.org\/wp-content\/uploads\/2020\/04\/MP-MTP_0653hd\u220fTristan-Perez-Martin-scaled.jpg","contentUrl":"https:\/\/www.malpelo.org\/wp-content\/uploads\/2020\/04\/MP-MTP_0653hd\u220fTristan-Perez-Martin-scaled.jpg","width":2560,"height":1707,"caption":"Pep Ramis (Mal Pelo) - The mountain, the truth and the paradise \u00a9Tristan Perez-Martin"},{"@type":"BreadcrumbList","@id":"https:\/\/www.malpelo.org\/es\/quienes-somos\/pep-ramis\/#breadcrumb","itemListElement":[{"@type":"ListItem","position":1,"name":"Inici","item":"https:\/\/www.malpelo.org\/es\/"},{"@type":"ListItem","position":2,"name":"Qui\u00e9nes somos","item":"https:\/\/www.malpelo.org\/es\/quienes-somos\/"},{"@type":"ListItem","position":3,"name":"Pep Ramis"}]},{"@type":"WebSite","@id":"https:\/\/www.malpelo.org\/#website","url":"https:\/\/www.malpelo.org\/","name":"Mal Pelo","description":"Mal Pelo","potentialAction":[{"@type":"SearchAction","target":{"@type":"EntryPoint","urlTemplate":"https:\/\/www.malpelo.org\/?s={search_term_string}"},"query-input":{"@type":"PropertyValueSpecification","valueRequired":true,"valueName":"search_term_string"}}],"inLanguage":"es"}]}},"_links":{"self":[{"href":"https:\/\/www.malpelo.org\/es\/wp-json\/wp\/v2\/pages\/2655","targetHints":{"allow":["GET"]}}],"collection":[{"href":"https:\/\/www.malpelo.org\/es\/wp-json\/wp\/v2\/pages"}],"about":[{"href":"https:\/\/www.malpelo.org\/es\/wp-json\/wp\/v2\/types\/page"}],"author":[{"embeddable":true,"href":"https:\/\/www.malpelo.org\/es\/wp-json\/wp\/v2\/users\/1"}],"replies":[{"embeddable":true,"href":"https:\/\/www.malpelo.org\/es\/wp-json\/wp\/v2\/comments?post=2655"}],"version-history":[{"count":7,"href":"https:\/\/www.malpelo.org\/es\/wp-json\/wp\/v2\/pages\/2655\/revisions"}],"predecessor-version":[{"id":3443,"href":"https:\/\/www.malpelo.org\/es\/wp-json\/wp\/v2\/pages\/2655\/revisions\/3443"}],"up":[{"embeddable":true,"href":"https:\/\/www.malpelo.org\/es\/wp-json\/wp\/v2\/pages\/2531"}],"wp:featuredmedia":[{"embeddable":true,"href":"https:\/\/www.malpelo.org\/es\/wp-json\/wp\/v2\/media\/867"}],"wp:attachment":[{"href":"https:\/\/www.malpelo.org\/es\/wp-json\/wp\/v2\/media?parent=2655"}],"curies":[{"name":"wp","href":"https:\/\/api.w.org\/{rel}","templated":true}]}}