{"id":2653,"date":"2021-01-25T20:59:52","date_gmt":"2021-01-25T18:59:52","guid":{"rendered":"https:\/\/www.malpelo.org\/?page_id=2653"},"modified":"2023-02-13T14:54:09","modified_gmt":"2023-02-13T12:54:09","slug":"maria-munoz","status":"publish","type":"page","link":"https:\/\/www.malpelo.org\/es\/quienes-somos\/maria-munoz\/","title":{"rendered":"Mar\u00eda Mu\u00f1oz"},"content":{"rendered":"<div class=\"wpb-content-wrapper\"><p>[vc_section][vc_row][vc_column width=\u00bb2\/3&#8243;][vc_column_text]<\/p>\r\n<h3>Trayectoria<\/h3>\r\n<p><span style=\"font-weight: 400;\">De padres nacidos en Chera (Guadalajara) y Panticosa (Pirineo aragon\u00e9s) crece en Valencia donde estudia m\u00fasica y practica el atletismo de competici\u00f3n. All\u00ed se inicia tambi\u00e9n en la danza y, posteriormente, viaja a \u00c1msterdam y a Barcelona para ampliar su formaci\u00f3n. Tiene su primera experiencia profesional con la compa\u00f1\u00eda japonesa residente en Holanda Shusaku &amp; Dormu Dance Theater en el espect\u00e1culo <\/span><i><span style=\"font-weight: 400;\">Era<\/span><\/i><span style=\"font-weight: 400;\"> en 1982. En 1985, la formaci\u00f3n junto a Maria Ant\u00f2nia Oliver del grupo La Dux marca el inicio de su propia trayectoria en la creaci\u00f3n esc\u00e9nica. En el a\u00f1o 1988 colabora con Pep Ramis en la creaci\u00f3n del solo Cuarto trastero y en 1989 forman el grupo Mal Pelo en el que ambos comparten desde entonces la creaci\u00f3n y la direcci\u00f3n. Dentro del grupo desarrolla una faceta de investigadora y pedagoga del movimiento. Tambi\u00e9n edita y estimula la creaci\u00f3n de textos para la escena. Actualmente es core\u00f3grafa, bailarina y codirectora del centro de creaci\u00f3n L\u2019animal a l\u2019esquena en Celr\u00e0, Girona. <\/span><\/p>\r\n<p>\r\n\r\n[\/vc_column_text][\/vc_column][vc_column width=\u00bb1\/3&#8243;][vc_column_text]<\/p>\r\n<h3>Enlaces de inter\u00e9s<\/h3>\r\n<p>[\/vc_column_text][vc_btn title=\u00bbVer CV Mar\u00eda Mu\u00f1oz\u00bb style=\u00bbclassic\u00bb shape=\u00bbsquare\u00bb color=\u00bbblack\u00bb i_align=\u00bbright\u00bb i_icon_fontawesome=\u00bb\u00bb add_icon=\u00bbtrue\u00bb link=\u00bburl:https%3A%2F%2Fwww.malpelo.org%2Fwp-content%2Fuploads%2F2023%2F02%2FESP_CV_Maria-Munoz.pdf||target:%20_blank|\u00bb][\/vc_column][\/vc_row][\/vc_section][vc_row][vc_column][vc_images_carousel images=\u00bb804,383,387,165,1340,1892,1896,1900,1904,1908,1912,1920,1924,1928&#8243; img_size=\u00bb800&#215;600&#8243; autoplay=\u00bbyes\u00bb][\/vc_column][\/vc_row]<\/p><\/div>","protected":false},"excerpt":{"rendered":"<p>[vc_section][vc_row][vc_column width=\u00bb2\/3&#8243;][vc_column_text] Trayectoria De padres nacidos en Chera (Guadalajara) y Panticosa (Pirineo aragon\u00e9s) crece en Valencia donde estudia m\u00fasica y practica el atletismo de competici\u00f3n. All\u00ed se inicia tambi\u00e9n en la danza y, posteriormente, viaja a \u00c1msterdam y a Barcelona para ampliar su formaci\u00f3n. Tiene su primera experiencia profesional con la compa\u00f1\u00eda japonesa residente en [&hellip;]<\/p>\n","protected":false},"author":1,"featured_media":873,"parent":2531,"menu_order":0,"comment_status":"closed","ping_status":"closed","template":"","meta":{"_acf_changed":false,"footnotes":""},"class_list":["post-2653","page","type-page","status-publish","hentry"],"acf":[],"yoast_head":"<!-- This site is optimized with the Yoast SEO plugin v27.3 - https:\/\/yoast.com\/product\/yoast-seo-wordpress\/ -->\n<title>Mar\u00eda Mu\u00f1oz - Mal Pelo<\/title>\n<meta name=\"robots\" content=\"index, follow, max-snippet:-1, max-image-preview:large, max-video-preview:-1\" \/>\n<link rel=\"canonical\" href=\"https:\/\/www.malpelo.org\/es\/quienes-somos\/maria-munoz\/\" \/>\n<meta property=\"og:locale\" content=\"es_ES\" \/>\n<meta property=\"og:type\" content=\"article\" \/>\n<meta property=\"og:title\" content=\"Mar\u00eda Mu\u00f1oz - Mal Pelo\" \/>\n<meta property=\"og:description\" content=\"[vc_section][vc_row][vc_column width=\u00bb2\/3&#8243;][vc_column_text] Trayectoria De padres nacidos en Chera (Guadalajara) y Panticosa (Pirineo aragon\u00e9s) crece en Valencia donde estudia m\u00fasica y practica el atletismo de competici\u00f3n. All\u00ed se inicia tambi\u00e9n en la danza y, posteriormente, viaja a \u00c1msterdam y a Barcelona para ampliar su formaci\u00f3n. Tiene su primera experiencia profesional con la compa\u00f1\u00eda japonesa residente en [&hellip;]\" \/>\n<meta property=\"og:url\" content=\"https:\/\/www.malpelo.org\/es\/quienes-somos\/maria-munoz\/\" \/>\n<meta property=\"og:site_name\" content=\"Mal Pelo\" \/>\n<meta property=\"article:modified_time\" content=\"2023-02-13T12:54:09+00:00\" \/>\n<meta property=\"og:image\" content=\"https:\/\/www.malpelo.org\/wp-content\/uploads\/2020\/04\/Bach-e1586860939968.png\" \/>\n\t<meta property=\"og:image:width\" content=\"2380\" \/>\n\t<meta property=\"og:image:height\" content=\"1337\" \/>\n\t<meta property=\"og:image:type\" content=\"image\/png\" \/>\n<meta name=\"twitter:card\" content=\"summary_large_image\" \/>\n<meta name=\"twitter:label1\" content=\"Tiempo de lectura\" \/>\n\t<meta name=\"twitter:data1\" content=\"2 minutos\" \/>\n<script type=\"application\/ld+json\" class=\"yoast-schema-graph\">{\"@context\":\"https:\\\/\\\/schema.org\",\"@graph\":[{\"@type\":\"WebPage\",\"@id\":\"https:\\\/\\\/www.malpelo.org\\\/es\\\/quienes-somos\\\/maria-munoz\\\/\",\"url\":\"https:\\\/\\\/www.malpelo.org\\\/es\\\/quienes-somos\\\/maria-munoz\\\/\",\"name\":\"Mar\u00eda Mu\u00f1oz - Mal Pelo\",\"isPartOf\":{\"@id\":\"https:\\\/\\\/www.malpelo.org\\\/#website\"},\"primaryImageOfPage\":{\"@id\":\"https:\\\/\\\/www.malpelo.org\\\/es\\\/quienes-somos\\\/maria-munoz\\\/#primaryimage\"},\"image\":{\"@id\":\"https:\\\/\\\/www.malpelo.org\\\/es\\\/quienes-somos\\\/maria-munoz\\\/#primaryimage\"},\"thumbnailUrl\":\"https:\\\/\\\/www.malpelo.org\\\/wp-content\\\/uploads\\\/2020\\\/04\\\/Bach-e1586860939968.png\",\"datePublished\":\"2021-01-25T18:59:52+00:00\",\"dateModified\":\"2023-02-13T12:54:09+00:00\",\"breadcrumb\":{\"@id\":\"https:\\\/\\\/www.malpelo.org\\\/es\\\/quienes-somos\\\/maria-munoz\\\/#breadcrumb\"},\"inLanguage\":\"es\",\"potentialAction\":[{\"@type\":\"ReadAction\",\"target\":[\"https:\\\/\\\/www.malpelo.org\\\/es\\\/quienes-somos\\\/maria-munoz\\\/\"]}]},{\"@type\":\"ImageObject\",\"inLanguage\":\"es\",\"@id\":\"https:\\\/\\\/www.malpelo.org\\\/es\\\/quienes-somos\\\/maria-munoz\\\/#primaryimage\",\"url\":\"https:\\\/\\\/www.malpelo.org\\\/wp-content\\\/uploads\\\/2020\\\/04\\\/Bach-e1586860939968.png\",\"contentUrl\":\"https:\\\/\\\/www.malpelo.org\\\/wp-content\\\/uploads\\\/2020\\\/04\\\/Bach-e1586860939968.png\",\"width\":2380,\"height\":1337},{\"@type\":\"BreadcrumbList\",\"@id\":\"https:\\\/\\\/www.malpelo.org\\\/es\\\/quienes-somos\\\/maria-munoz\\\/#breadcrumb\",\"itemListElement\":[{\"@type\":\"ListItem\",\"position\":1,\"name\":\"Inici\",\"item\":\"https:\\\/\\\/www.malpelo.org\\\/es\\\/\"},{\"@type\":\"ListItem\",\"position\":2,\"name\":\"Qui\u00e9nes somos\",\"item\":\"https:\\\/\\\/www.malpelo.org\\\/es\\\/quienes-somos\\\/\"},{\"@type\":\"ListItem\",\"position\":3,\"name\":\"Mar\u00eda Mu\u00f1oz\"}]},{\"@type\":\"WebSite\",\"@id\":\"https:\\\/\\\/www.malpelo.org\\\/#website\",\"url\":\"https:\\\/\\\/www.malpelo.org\\\/\",\"name\":\"Mal Pelo\",\"description\":\"Mal Pelo\",\"potentialAction\":[{\"@type\":\"SearchAction\",\"target\":{\"@type\":\"EntryPoint\",\"urlTemplate\":\"https:\\\/\\\/www.malpelo.org\\\/?s={search_term_string}\"},\"query-input\":{\"@type\":\"PropertyValueSpecification\",\"valueRequired\":true,\"valueName\":\"search_term_string\"}}],\"inLanguage\":\"es\"}]}<\/script>\n<!-- \/ Yoast SEO plugin. -->","yoast_head_json":{"title":"Mar\u00eda Mu\u00f1oz - Mal Pelo","robots":{"index":"index","follow":"follow","max-snippet":"max-snippet:-1","max-image-preview":"max-image-preview:large","max-video-preview":"max-video-preview:-1"},"canonical":"https:\/\/www.malpelo.org\/es\/quienes-somos\/maria-munoz\/","og_locale":"es_ES","og_type":"article","og_title":"Mar\u00eda Mu\u00f1oz - Mal Pelo","og_description":"[vc_section][vc_row][vc_column width=\u00bb2\/3&#8243;][vc_column_text] Trayectoria De padres nacidos en Chera (Guadalajara) y Panticosa (Pirineo aragon\u00e9s) crece en Valencia donde estudia m\u00fasica y practica el atletismo de competici\u00f3n. All\u00ed se inicia tambi\u00e9n en la danza y, posteriormente, viaja a \u00c1msterdam y a Barcelona para ampliar su formaci\u00f3n. Tiene su primera experiencia profesional con la compa\u00f1\u00eda japonesa residente en [&hellip;]","og_url":"https:\/\/www.malpelo.org\/es\/quienes-somos\/maria-munoz\/","og_site_name":"Mal Pelo","article_modified_time":"2023-02-13T12:54:09+00:00","og_image":[{"width":2380,"height":1337,"url":"https:\/\/www.malpelo.org\/wp-content\/uploads\/2020\/04\/Bach-e1586860939968.png","type":"image\/png"}],"twitter_card":"summary_large_image","twitter_misc":{"Tiempo de lectura":"2 minutos"},"schema":{"@context":"https:\/\/schema.org","@graph":[{"@type":"WebPage","@id":"https:\/\/www.malpelo.org\/es\/quienes-somos\/maria-munoz\/","url":"https:\/\/www.malpelo.org\/es\/quienes-somos\/maria-munoz\/","name":"Mar\u00eda Mu\u00f1oz - Mal Pelo","isPartOf":{"@id":"https:\/\/www.malpelo.org\/#website"},"primaryImageOfPage":{"@id":"https:\/\/www.malpelo.org\/es\/quienes-somos\/maria-munoz\/#primaryimage"},"image":{"@id":"https:\/\/www.malpelo.org\/es\/quienes-somos\/maria-munoz\/#primaryimage"},"thumbnailUrl":"https:\/\/www.malpelo.org\/wp-content\/uploads\/2020\/04\/Bach-e1586860939968.png","datePublished":"2021-01-25T18:59:52+00:00","dateModified":"2023-02-13T12:54:09+00:00","breadcrumb":{"@id":"https:\/\/www.malpelo.org\/es\/quienes-somos\/maria-munoz\/#breadcrumb"},"inLanguage":"es","potentialAction":[{"@type":"ReadAction","target":["https:\/\/www.malpelo.org\/es\/quienes-somos\/maria-munoz\/"]}]},{"@type":"ImageObject","inLanguage":"es","@id":"https:\/\/www.malpelo.org\/es\/quienes-somos\/maria-munoz\/#primaryimage","url":"https:\/\/www.malpelo.org\/wp-content\/uploads\/2020\/04\/Bach-e1586860939968.png","contentUrl":"https:\/\/www.malpelo.org\/wp-content\/uploads\/2020\/04\/Bach-e1586860939968.png","width":2380,"height":1337},{"@type":"BreadcrumbList","@id":"https:\/\/www.malpelo.org\/es\/quienes-somos\/maria-munoz\/#breadcrumb","itemListElement":[{"@type":"ListItem","position":1,"name":"Inici","item":"https:\/\/www.malpelo.org\/es\/"},{"@type":"ListItem","position":2,"name":"Qui\u00e9nes somos","item":"https:\/\/www.malpelo.org\/es\/quienes-somos\/"},{"@type":"ListItem","position":3,"name":"Mar\u00eda Mu\u00f1oz"}]},{"@type":"WebSite","@id":"https:\/\/www.malpelo.org\/#website","url":"https:\/\/www.malpelo.org\/","name":"Mal Pelo","description":"Mal Pelo","potentialAction":[{"@type":"SearchAction","target":{"@type":"EntryPoint","urlTemplate":"https:\/\/www.malpelo.org\/?s={search_term_string}"},"query-input":{"@type":"PropertyValueSpecification","valueRequired":true,"valueName":"search_term_string"}}],"inLanguage":"es"}]}},"_links":{"self":[{"href":"https:\/\/www.malpelo.org\/es\/wp-json\/wp\/v2\/pages\/2653","targetHints":{"allow":["GET"]}}],"collection":[{"href":"https:\/\/www.malpelo.org\/es\/wp-json\/wp\/v2\/pages"}],"about":[{"href":"https:\/\/www.malpelo.org\/es\/wp-json\/wp\/v2\/types\/page"}],"author":[{"embeddable":true,"href":"https:\/\/www.malpelo.org\/es\/wp-json\/wp\/v2\/users\/1"}],"replies":[{"embeddable":true,"href":"https:\/\/www.malpelo.org\/es\/wp-json\/wp\/v2\/comments?post=2653"}],"version-history":[{"count":5,"href":"https:\/\/www.malpelo.org\/es\/wp-json\/wp\/v2\/pages\/2653\/revisions"}],"predecessor-version":[{"id":3893,"href":"https:\/\/www.malpelo.org\/es\/wp-json\/wp\/v2\/pages\/2653\/revisions\/3893"}],"up":[{"embeddable":true,"href":"https:\/\/www.malpelo.org\/es\/wp-json\/wp\/v2\/pages\/2531"}],"wp:featuredmedia":[{"embeddable":true,"href":"https:\/\/www.malpelo.org\/es\/wp-json\/wp\/v2\/media\/873"}],"wp:attachment":[{"href":"https:\/\/www.malpelo.org\/es\/wp-json\/wp\/v2\/media?parent=2653"}],"curies":[{"name":"wp","href":"https:\/\/api.w.org\/{rel}","templated":true}]}}