{"id":2651,"date":"2021-01-25T20:59:04","date_gmt":"2021-01-25T18:59:04","guid":{"rendered":"https:\/\/www.malpelo.org\/?page_id=2651"},"modified":"2023-01-30T13:49:14","modified_gmt":"2023-01-30T11:49:14","slug":"mal-pelo-trayectoria","status":"publish","type":"page","link":"https:\/\/www.malpelo.org\/es\/mal-pelo-trayectoria\/","title":{"rendered":"Mal Pelo &#8211; trayectoria"},"content":{"rendered":"<div class=\"wpb-content-wrapper\"><p>[vc_row][vc_column width=\u00bb2\/3&#8243;][vc_column_text]<\/p>\r\n<p><span lang=\"es\">En enero de 1989, Mar\u00eda Mu\u00f1oz y Pep Ramis forman el grupo de danza Mal Pelo. Desde el inicio, el grupo ha basado su trabajo en una b\u00fasqueda constante de lenguajes. De esta traves\u00eda de lenguajes nacer\u00e1n algunas propuestas esc\u00e9nicas arraigadas en una transversalidad limpia, sencilla y profunda. Durante los primeros a\u00f1os, el grupo realiza varias giras (Europa, EEUU, Oriente Medio, Canad\u00e1 y Am\u00e9rica del Sur), actividad combinada con per\u00edodos de creaci\u00f3n en varios pa\u00edses. Esta itinerancia provoca un intercambio de ideas, t\u00e9cnicas y m\u00e9todos de trabajo con otros creadores que reforzar\u00e1 la investigaci\u00f3n art\u00edstica del grupo. <\/span> <span lang=\"es\">Desde 1989 Mal Pelo ha presentado, entre otros, los espect\u00e1culos Quarere (1989), Sur Perros del Sur (1992), Dol (1994), La Calle del Imaginero (1996), Orache (1998), El Alma del Bicho (1999 ), L&#8217;animal a l&#8217;esquena (2001), Atr\u00e1s los ojos (2002), An el silenci (2003), BACH (2004), ATLAS (2005), Testimoni de llops (2006), He visto caballos (2008) , Tots els noms (2010), Ca\u00edn &amp; Ca\u00edn (2011), L&#8217;esperan\u00e7a de vida d&#8217;una llebre (2013), El cinqu\u00e8 hivern (2015), 7 Lunas (2015), The Mountain, the Truth and the Paradise ( 2017); On Goldberg Variations \/ Variations (2019), Inventions (2020) y Highlands (2021).<\/span><\/p>\r\n<p><span lang=\"es\">En 2001 Pep Ramis y Mar\u00eda Mu\u00f1oz impulsan L&#8217;animal a l&#8217;esquena, un centro de creaci\u00f3n e intercambio multidisciplinar en una mas\u00eda de 19 hect\u00e1reas situada en Celr\u00e0 (Girona). Un refugio que fomenta la experimentaci\u00f3n y el intercambio de ideas y experiencias entre directores de escena, m\u00fasicos, videoartistas, te\u00f3ricos y bailarines que participan en residencias, talleres y laboratorios. <\/span><\/p>\r\n<p><span lang=\"es\">Mal Pelo ha recibido, entre otros, el Premio Nacional de Danza 2002 otorgado por la Generalitat de Catalu\u00f1a por el espect\u00e1culo El animal en la espalda y por la iniciativa del centro de creaci\u00f3n de Celr\u00e0 con el mismo nombre. Tambi\u00e9n ha recibido el Premio Nacional de Danza 2009 \/ Modalidad de creaci\u00f3n otorgado por el INAEM-Ministerio de Cultura en reconocimiento a la trayectoria de la compa\u00f1\u00eda en el \u00e1mbito de la creaci\u00f3n coreogr\u00e1fica y apertura de nuevos caminos en la danza contempor\u00e1nea. Menci\u00f3n especial al espect\u00e1culo Bach y el centro de creaci\u00f3n L&#8217;animal a l&#8217;esquena.<\/span><\/p>\r\n<p>Premio Ciutat de Barcelona 2017 de danza contempor\u00e1nea a la compa\u00f1\u00eda Mal Pelo, Mar\u00eda Mu\u00f1oz &#8211; Pep Ramis, por la generosa y delicada transmisi\u00f3n de la pieza Bach y la brillante y excepcional interpretaci\u00f3n de Federica Porello que aporta una nueva luz a la gran riqueza de la coreograf\u00eda de Mar\u00eda Mu\u00f1oz.<\/p>\r\n\r\n<p>Premio de la Cr\u00edtica, Barcelona 2018, por el espect\u00e1culo <em>Bach<\/em> de Mar\u00eda Mu\u00f1oz y para Federica Porello como mejor int\u00e9rprete femenina en danza por su interpretaci\u00f3n de\u00a0<em>Bach<\/em>.<\/p>\r\n<p>Medalla de Oro de la Academia de las Artes Esc\u00e9nicas de Espa\u00f1a, 2022.<\/p>\r\n<p>Premio a Mejor Espect\u00e1culo y Mejor Espacio sonoro por &#8216;Highlands&#8217;, por la Asociaci\u00f3n de Profesionales de la Danza de Catalu\u00f1a, 2022.<\/p>\r\n<p>Premio Ciutat de Palma 2022 Margaluz de las Artes Esc\u00e9nicas, 2022.<\/p>\r\n<p>[\/vc_column_text][\/vc_column][vc_column width=\u00bb1\/3&#8243;][vc_empty_space][vc_column_text]<\/p>\r\n<h3>Enlaces de inter\u00e9s<\/h3>\r\n<p>[\/vc_column_text][vc_btn title=\u00bbTrayectoria completa\u00bb style=\u00bbclassic\u00bb shape=\u00bbsquare\u00bb color=\u00bbblack\u00bb i_align=\u00bbright\u00bb i_icon_fontawesome=\u00bb\u00bb add_icon=\u00bbtrue\u00bb link=\u00bburl:https%3A%2F%2Fwww.malpelo.org%2Fwp-content%2Fuploads%2F2022%2F05%2FTrayectoria.pdf||target:%20_blank|\u00bb][\/vc_column][\/vc_row][vc_row][vc_column][\/vc_column][\/vc_row][vc_row][vc_column][vc_images_carousel images=\u00bb115,812,804,2047,2051,2055,2059,2063,2067,2071,2075,2079,2083,2087,2091,2095,2099,2103,2107,2111,2115,2119,2123,2127,2131,2135,2139,2143,2147,2151,2155,2159,2163,2167,2171,2175,2179,2183,2187,2191,2195,2199,2203,2207,2211,2215,2219,2223,2227,2231,2235,2239,2243,2247,2251,2255,2259,2263,2267,2271,2275,2279,2283,2287&#8243; img_size=\u00bb800&#215;600&#8243; autoplay=\u00bbyes\u00bb][\/vc_column][\/vc_row]<\/p><\/div>","protected":false},"excerpt":{"rendered":"<p>[vc_row][vc_column width=\u00bb2\/3&#8243;][vc_column_text] En enero de 1989, Mar\u00eda Mu\u00f1oz y Pep Ramis forman el grupo de danza Mal Pelo. Desde el inicio, el grupo ha basado su trabajo en una b\u00fasqueda constante de lenguajes. De esta traves\u00eda de lenguajes nacer\u00e1n algunas propuestas esc\u00e9nicas arraigadas en una transversalidad limpia, sencilla y profunda. Durante los primeros a\u00f1os, el [&hellip;]<\/p>\n","protected":false},"author":1,"featured_media":0,"parent":0,"menu_order":0,"comment_status":"closed","ping_status":"closed","template":"","meta":{"_acf_changed":false,"footnotes":""},"class_list":["post-2651","page","type-page","status-publish","hentry"],"acf":[],"yoast_head":"<!-- This site is optimized with the Yoast SEO plugin v27.4 - https:\/\/yoast.com\/product\/yoast-seo-wordpress\/ -->\n<title>Mal Pelo - trayectoria - Mal Pelo<\/title>\n<meta name=\"robots\" content=\"index, follow, max-snippet:-1, max-image-preview:large, max-video-preview:-1\" \/>\n<link rel=\"canonical\" href=\"https:\/\/www.malpelo.org\/es\/mal-pelo-trayectoria\/\" \/>\n<meta property=\"og:locale\" content=\"es_ES\" \/>\n<meta property=\"og:type\" content=\"article\" \/>\n<meta property=\"og:title\" content=\"Mal Pelo - trayectoria - Mal Pelo\" \/>\n<meta property=\"og:description\" content=\"[vc_row][vc_column width=\u00bb2\/3&#8243;][vc_column_text] En enero de 1989, Mar\u00eda Mu\u00f1oz y Pep Ramis forman el grupo de danza Mal Pelo. Desde el inicio, el grupo ha basado su trabajo en una b\u00fasqueda constante de lenguajes. De esta traves\u00eda de lenguajes nacer\u00e1n algunas propuestas esc\u00e9nicas arraigadas en una transversalidad limpia, sencilla y profunda. Durante los primeros a\u00f1os, el [&hellip;]\" \/>\n<meta property=\"og:url\" content=\"https:\/\/www.malpelo.org\/es\/mal-pelo-trayectoria\/\" \/>\n<meta property=\"og:site_name\" content=\"Mal Pelo\" \/>\n<meta property=\"article:modified_time\" content=\"2023-01-30T11:49:14+00:00\" \/>\n<meta name=\"twitter:card\" content=\"summary_large_image\" \/>\n<meta name=\"twitter:label1\" content=\"Tiempo de lectura\" \/>\n\t<meta name=\"twitter:data1\" content=\"3 minutos\" \/>\n<script type=\"application\/ld+json\" class=\"yoast-schema-graph\">{\"@context\":\"https:\\\/\\\/schema.org\",\"@graph\":[{\"@type\":\"WebPage\",\"@id\":\"https:\\\/\\\/www.malpelo.org\\\/es\\\/mal-pelo-trayectoria\\\/\",\"url\":\"https:\\\/\\\/www.malpelo.org\\\/es\\\/mal-pelo-trayectoria\\\/\",\"name\":\"Mal Pelo - trayectoria - Mal Pelo\",\"isPartOf\":{\"@id\":\"https:\\\/\\\/www.malpelo.org\\\/#website\"},\"datePublished\":\"2021-01-25T18:59:04+00:00\",\"dateModified\":\"2023-01-30T11:49:14+00:00\",\"breadcrumb\":{\"@id\":\"https:\\\/\\\/www.malpelo.org\\\/es\\\/mal-pelo-trayectoria\\\/#breadcrumb\"},\"inLanguage\":\"es\",\"potentialAction\":[{\"@type\":\"ReadAction\",\"target\":[\"https:\\\/\\\/www.malpelo.org\\\/es\\\/mal-pelo-trayectoria\\\/\"]}]},{\"@type\":\"BreadcrumbList\",\"@id\":\"https:\\\/\\\/www.malpelo.org\\\/es\\\/mal-pelo-trayectoria\\\/#breadcrumb\",\"itemListElement\":[{\"@type\":\"ListItem\",\"position\":1,\"name\":\"Inici\",\"item\":\"https:\\\/\\\/www.malpelo.org\\\/es\\\/\"},{\"@type\":\"ListItem\",\"position\":2,\"name\":\"Mal Pelo &#8211; trayectoria\"}]},{\"@type\":\"WebSite\",\"@id\":\"https:\\\/\\\/www.malpelo.org\\\/#website\",\"url\":\"https:\\\/\\\/www.malpelo.org\\\/\",\"name\":\"Mal Pelo\",\"description\":\"Mal Pelo\",\"potentialAction\":[{\"@type\":\"SearchAction\",\"target\":{\"@type\":\"EntryPoint\",\"urlTemplate\":\"https:\\\/\\\/www.malpelo.org\\\/?s={search_term_string}\"},\"query-input\":{\"@type\":\"PropertyValueSpecification\",\"valueRequired\":true,\"valueName\":\"search_term_string\"}}],\"inLanguage\":\"es\"}]}<\/script>\n<!-- \/ Yoast SEO plugin. -->","yoast_head_json":{"title":"Mal Pelo - trayectoria - Mal Pelo","robots":{"index":"index","follow":"follow","max-snippet":"max-snippet:-1","max-image-preview":"max-image-preview:large","max-video-preview":"max-video-preview:-1"},"canonical":"https:\/\/www.malpelo.org\/es\/mal-pelo-trayectoria\/","og_locale":"es_ES","og_type":"article","og_title":"Mal Pelo - trayectoria - Mal Pelo","og_description":"[vc_row][vc_column width=\u00bb2\/3&#8243;][vc_column_text] En enero de 1989, Mar\u00eda Mu\u00f1oz y Pep Ramis forman el grupo de danza Mal Pelo. Desde el inicio, el grupo ha basado su trabajo en una b\u00fasqueda constante de lenguajes. De esta traves\u00eda de lenguajes nacer\u00e1n algunas propuestas esc\u00e9nicas arraigadas en una transversalidad limpia, sencilla y profunda. Durante los primeros a\u00f1os, el [&hellip;]","og_url":"https:\/\/www.malpelo.org\/es\/mal-pelo-trayectoria\/","og_site_name":"Mal Pelo","article_modified_time":"2023-01-30T11:49:14+00:00","twitter_card":"summary_large_image","twitter_misc":{"Tiempo de lectura":"3 minutos"},"schema":{"@context":"https:\/\/schema.org","@graph":[{"@type":"WebPage","@id":"https:\/\/www.malpelo.org\/es\/mal-pelo-trayectoria\/","url":"https:\/\/www.malpelo.org\/es\/mal-pelo-trayectoria\/","name":"Mal Pelo - trayectoria - Mal Pelo","isPartOf":{"@id":"https:\/\/www.malpelo.org\/#website"},"datePublished":"2021-01-25T18:59:04+00:00","dateModified":"2023-01-30T11:49:14+00:00","breadcrumb":{"@id":"https:\/\/www.malpelo.org\/es\/mal-pelo-trayectoria\/#breadcrumb"},"inLanguage":"es","potentialAction":[{"@type":"ReadAction","target":["https:\/\/www.malpelo.org\/es\/mal-pelo-trayectoria\/"]}]},{"@type":"BreadcrumbList","@id":"https:\/\/www.malpelo.org\/es\/mal-pelo-trayectoria\/#breadcrumb","itemListElement":[{"@type":"ListItem","position":1,"name":"Inici","item":"https:\/\/www.malpelo.org\/es\/"},{"@type":"ListItem","position":2,"name":"Mal Pelo &#8211; trayectoria"}]},{"@type":"WebSite","@id":"https:\/\/www.malpelo.org\/#website","url":"https:\/\/www.malpelo.org\/","name":"Mal Pelo","description":"Mal Pelo","potentialAction":[{"@type":"SearchAction","target":{"@type":"EntryPoint","urlTemplate":"https:\/\/www.malpelo.org\/?s={search_term_string}"},"query-input":{"@type":"PropertyValueSpecification","valueRequired":true,"valueName":"search_term_string"}}],"inLanguage":"es"}]}},"_links":{"self":[{"href":"https:\/\/www.malpelo.org\/es\/wp-json\/wp\/v2\/pages\/2651","targetHints":{"allow":["GET"]}}],"collection":[{"href":"https:\/\/www.malpelo.org\/es\/wp-json\/wp\/v2\/pages"}],"about":[{"href":"https:\/\/www.malpelo.org\/es\/wp-json\/wp\/v2\/types\/page"}],"author":[{"embeddable":true,"href":"https:\/\/www.malpelo.org\/es\/wp-json\/wp\/v2\/users\/1"}],"replies":[{"embeddable":true,"href":"https:\/\/www.malpelo.org\/es\/wp-json\/wp\/v2\/comments?post=2651"}],"version-history":[{"count":8,"href":"https:\/\/www.malpelo.org\/es\/wp-json\/wp\/v2\/pages\/2651\/revisions"}],"predecessor-version":[{"id":3874,"href":"https:\/\/www.malpelo.org\/es\/wp-json\/wp\/v2\/pages\/2651\/revisions\/3874"}],"wp:attachment":[{"href":"https:\/\/www.malpelo.org\/es\/wp-json\/wp\/v2\/media?parent=2651"}],"curies":[{"name":"wp","href":"https:\/\/api.w.org\/{rel}","templated":true}]}}