{"id":2630,"date":"2021-01-25T20:36:30","date_gmt":"2021-01-25T18:36:30","guid":{"rendered":"https:\/\/www.malpelo.org\/?page_id=2630"},"modified":"2021-01-25T20:36:30","modified_gmt":"2021-01-25T18:36:30","slug":"transmision","status":"publish","type":"page","link":"https:\/\/www.malpelo.org\/es\/transmision\/","title":{"rendered":"Transmisi\u00f3n"},"content":{"rendered":"<div class=\"wpb-content-wrapper\"><p>[vc_section][vc_row][vc_column]    \n    \n        <!-- the list loop -->\n        <div class=\"shows-grid\">\n                    <a href=\"https:\/\/www.malpelo.org\/es\/show\/espais-intermedis\/\" title=\"Espacios Intermedios\" class=\"show row align-items-center mb-4\">\n                <div class=\"show__image col-md-6\">\n                    <img loading=\"lazy\" decoding=\"async\" width=\"690\" height=\"400\" src=\"https:\/\/www.malpelo.org\/wp-content\/uploads\/2022\/12\/Captura-de-pantalla-2022-12-01-a-las-11.31.50-690x400.png\" class=\"img-fluid mb-2 mb-md-0 wp-post-image\" alt=\"\" \/>                <\/div>\n                <div class=\"col-md-6\">\n                    <div class=\"show__content p-md-4\">\n                        <div class=\"show__subtitle\">17\/12 - Sesi\u00f3n en Es Baluard Museu d'Art Contemporani de Palma<\/div>\n                        <h2>Espacios Intermedios<\/h2>\n                        <div class=\"show__excerpt\"><p>I-CorDes &#8211; Es Baluard Museu d&#8217;Art Modern i Contemporani de Palma Es Baluard Museu propone una nueva sesi\u00f3n de \u00abI-CorDes. Instituto de Corpolog\u00edas Deslocalizadas\u00bb, un programa p\u00fablico que llega a la s\u00e9ptima sesi\u00f3n para devolver los cuerpos al centro y reafirmar su posici\u00f3n presencial en el espacio, en el entorno. Esta edici\u00f3n se contempla como [&hellip;]<\/p>\n<\/div>\n                        <span class=\"btn btn-outline-primary\" target=\"_blank\" download>+ Informaci\u00f3n<\/span>\n                    <\/div>\n                <\/div>\n            <\/a>\n                    <a href=\"https:\/\/www.malpelo.org\/es\/show\/taller-eines-per-laccio\/\" title=\"Taller: Herramientas para la acci\u00f3n\" class=\"show row align-items-center mb-4\">\n                <div class=\"show__image col-md-6\">\n                    <img loading=\"lazy\" decoding=\"async\" width=\"690\" height=\"400\" src=\"https:\/\/www.malpelo.org\/wp-content\/uploads\/2022\/10\/MP-OGV_3309web\u220fTristan-Perez-Martin-690x400.jpg\" class=\"img-fluid mb-2 mb-md-0 wp-post-image\" alt=\"\" \/>                <\/div>\n                <div class=\"col-md-6\">\n                    <div class=\"show__content p-md-4\">\n                        <div class=\"show__subtitle\">TALLER DE FORMACI\u00d3N<\/div>\n                        <h2>Taller: Herramientas para la acci\u00f3n<\/h2>\n                        <div class=\"show__excerpt\"><p>Pep Ramis y\u00a0Maria Mu\u00f1oz ofrecer\u00e1n un taller donde experimentar los mecanismos de la acci\u00f3n y lo que desencadenan. Una mirada sobre el movimiento y la escritura del cuerpo en acci\u00f3n. Ser\u00e1 en L&#8217;animal a l&#8217;esquena, el centro de creaci\u00f3n y formaci\u00f3n que ambos artistas crearon y dirigen desde 1997 en Celr\u00e0 (Girona). Precisi\u00f3n, duraci\u00f3n, compromiso, [&hellip;]<\/p>\n<\/div>\n                        <span class=\"btn btn-outline-primary\" target=\"_blank\" download>+ Informaci\u00f3n<\/span>\n                    <\/div>\n                <\/div>\n            <\/a>\n                <!-- end of the loop -->\n        <\/div>\n                    \n    [\/vc_column][\/vc_row][\/vc_section]<\/p>\n<\/div>","protected":false},"excerpt":{"rendered":"<p>[vc_section][vc_row][vc_column][\/vc_column][\/vc_row][\/vc_section]<\/p>\n","protected":false},"author":1,"featured_media":0,"parent":0,"menu_order":0,"comment_status":"closed","ping_status":"closed","template":"","meta":{"_acf_changed":false,"footnotes":""},"class_list":["post-2630","page","type-page","status-publish","hentry"],"acf":[],"yoast_head":"<!-- This site is optimized with the Yoast SEO plugin v27.3 - https:\/\/yoast.com\/product\/yoast-seo-wordpress\/ -->\n<title>Transmisi\u00f3n - Mal Pelo<\/title>\n<meta name=\"robots\" content=\"index, follow, max-snippet:-1, max-image-preview:large, max-video-preview:-1\" \/>\n<link rel=\"canonical\" href=\"https:\/\/www.malpelo.org\/es\/transmision\/\" \/>\n<meta property=\"og:locale\" content=\"es_ES\" \/>\n<meta property=\"og:type\" content=\"article\" \/>\n<meta property=\"og:title\" content=\"Transmisi\u00f3n - Mal Pelo\" \/>\n<meta property=\"og:description\" content=\"[vc_section][vc_row][vc_column][\/vc_column][\/vc_row][\/vc_section]\" \/>\n<meta property=\"og:url\" content=\"https:\/\/www.malpelo.org\/es\/transmision\/\" \/>\n<meta property=\"og:site_name\" content=\"Mal Pelo\" \/>\n<meta name=\"twitter:card\" content=\"summary_large_image\" \/>\n<script type=\"application\/ld+json\" class=\"yoast-schema-graph\">{\"@context\":\"https:\\\/\\\/schema.org\",\"@graph\":[{\"@type\":\"WebPage\",\"@id\":\"https:\\\/\\\/www.malpelo.org\\\/es\\\/transmision\\\/\",\"url\":\"https:\\\/\\\/www.malpelo.org\\\/es\\\/transmision\\\/\",\"name\":\"Transmisi\u00f3n - Mal Pelo\",\"isPartOf\":{\"@id\":\"https:\\\/\\\/www.malpelo.org\\\/#website\"},\"datePublished\":\"2021-01-25T18:36:30+00:00\",\"breadcrumb\":{\"@id\":\"https:\\\/\\\/www.malpelo.org\\\/es\\\/transmision\\\/#breadcrumb\"},\"inLanguage\":\"es\",\"potentialAction\":[{\"@type\":\"ReadAction\",\"target\":[\"https:\\\/\\\/www.malpelo.org\\\/es\\\/transmision\\\/\"]}]},{\"@type\":\"BreadcrumbList\",\"@id\":\"https:\\\/\\\/www.malpelo.org\\\/es\\\/transmision\\\/#breadcrumb\",\"itemListElement\":[{\"@type\":\"ListItem\",\"position\":1,\"name\":\"Inici\",\"item\":\"https:\\\/\\\/www.malpelo.org\\\/es\\\/\"},{\"@type\":\"ListItem\",\"position\":2,\"name\":\"Transmisi\u00f3n\"}]},{\"@type\":\"WebSite\",\"@id\":\"https:\\\/\\\/www.malpelo.org\\\/#website\",\"url\":\"https:\\\/\\\/www.malpelo.org\\\/\",\"name\":\"Mal Pelo\",\"description\":\"Mal Pelo\",\"potentialAction\":[{\"@type\":\"SearchAction\",\"target\":{\"@type\":\"EntryPoint\",\"urlTemplate\":\"https:\\\/\\\/www.malpelo.org\\\/?s={search_term_string}\"},\"query-input\":{\"@type\":\"PropertyValueSpecification\",\"valueRequired\":true,\"valueName\":\"search_term_string\"}}],\"inLanguage\":\"es\"}]}<\/script>\n<!-- \/ Yoast SEO plugin. -->","yoast_head_json":{"title":"Transmisi\u00f3n - Mal Pelo","robots":{"index":"index","follow":"follow","max-snippet":"max-snippet:-1","max-image-preview":"max-image-preview:large","max-video-preview":"max-video-preview:-1"},"canonical":"https:\/\/www.malpelo.org\/es\/transmision\/","og_locale":"es_ES","og_type":"article","og_title":"Transmisi\u00f3n - Mal Pelo","og_description":"[vc_section][vc_row][vc_column][\/vc_column][\/vc_row][\/vc_section]","og_url":"https:\/\/www.malpelo.org\/es\/transmision\/","og_site_name":"Mal Pelo","twitter_card":"summary_large_image","schema":{"@context":"https:\/\/schema.org","@graph":[{"@type":"WebPage","@id":"https:\/\/www.malpelo.org\/es\/transmision\/","url":"https:\/\/www.malpelo.org\/es\/transmision\/","name":"Transmisi\u00f3n - Mal Pelo","isPartOf":{"@id":"https:\/\/www.malpelo.org\/#website"},"datePublished":"2021-01-25T18:36:30+00:00","breadcrumb":{"@id":"https:\/\/www.malpelo.org\/es\/transmision\/#breadcrumb"},"inLanguage":"es","potentialAction":[{"@type":"ReadAction","target":["https:\/\/www.malpelo.org\/es\/transmision\/"]}]},{"@type":"BreadcrumbList","@id":"https:\/\/www.malpelo.org\/es\/transmision\/#breadcrumb","itemListElement":[{"@type":"ListItem","position":1,"name":"Inici","item":"https:\/\/www.malpelo.org\/es\/"},{"@type":"ListItem","position":2,"name":"Transmisi\u00f3n"}]},{"@type":"WebSite","@id":"https:\/\/www.malpelo.org\/#website","url":"https:\/\/www.malpelo.org\/","name":"Mal Pelo","description":"Mal Pelo","potentialAction":[{"@type":"SearchAction","target":{"@type":"EntryPoint","urlTemplate":"https:\/\/www.malpelo.org\/?s={search_term_string}"},"query-input":{"@type":"PropertyValueSpecification","valueRequired":true,"valueName":"search_term_string"}}],"inLanguage":"es"}]}},"_links":{"self":[{"href":"https:\/\/www.malpelo.org\/es\/wp-json\/wp\/v2\/pages\/2630","targetHints":{"allow":["GET"]}}],"collection":[{"href":"https:\/\/www.malpelo.org\/es\/wp-json\/wp\/v2\/pages"}],"about":[{"href":"https:\/\/www.malpelo.org\/es\/wp-json\/wp\/v2\/types\/page"}],"author":[{"embeddable":true,"href":"https:\/\/www.malpelo.org\/es\/wp-json\/wp\/v2\/users\/1"}],"replies":[{"embeddable":true,"href":"https:\/\/www.malpelo.org\/es\/wp-json\/wp\/v2\/comments?post=2630"}],"version-history":[{"count":1,"href":"https:\/\/www.malpelo.org\/es\/wp-json\/wp\/v2\/pages\/2630\/revisions"}],"predecessor-version":[{"id":2631,"href":"https:\/\/www.malpelo.org\/es\/wp-json\/wp\/v2\/pages\/2630\/revisions\/2631"}],"wp:attachment":[{"href":"https:\/\/www.malpelo.org\/es\/wp-json\/wp\/v2\/media?parent=2630"}],"curies":[{"name":"wp","href":"https:\/\/api.w.org\/{rel}","templated":true}]}}