{"id":2574,"date":"2021-01-09T14:40:01","date_gmt":"2021-01-09T12:40:01","guid":{"rendered":"https:\/\/www.malpelo.org\/?page_id=2574"},"modified":"2022-12-15T14:44:14","modified_gmt":"2022-12-15T12:44:14","slug":"inicio","status":"publish","type":"page","link":"https:\/\/www.malpelo.org\/es\/","title":{"rendered":""},"content":{"rendered":"<div class=\"wpb-content-wrapper\"><p>[vc_section css=\u00bb.vc_custom_1591262090652{padding-top: 3rem !important;padding-bottom: 3rem !important;background-color: #eeeeee !important;}\u00bb][vc_row][vc_column][vc_column_text]<\/p>\n<h2 style=\"text-align: center;\">Agenda<\/h2>\n<p>[\/vc_column_text]    \n    <div class=\"events-list--single\" x-data=\"infiniteScroll('upcoming', '', 4)\">\n                                    <h2 class=\"text-center\">Pr\u00f3ximas fechas<\/h2>\n                            <div class=\"events-list__items\">\n            <template x-for=\"item in items\">\n            \n                <div class=\"events-list__item text-center text-md-left\">\n                    <div class=\"event d-flex flex-column flex-md-row align-items-center justify-content-between\">\n                        <div class=\"event__date\">\n                            <div class=\"event__date__top\" x-text=\"item.date\"><\/div>\n                            <div class=\"event__date__bottom\" x-text=\"item.year\"><\/div>\n                        <\/div>\n                        <div class=\"event__data\">\n                            <h2 x-html=\"item.show\"><\/h2>\n                            <div class=\"d-flex flex-column flex-md-row\">\n                                <strong class=\"event__title mr-2\" x-html=\"item.title\"><\/strong>\n                                <div class=\"event__town\" x-html=\"item.town\"><\/div>\n                            <\/div>\n                        <\/div>\n                        <div class=\"event__tickets\" x-show=\"item.upcoming\">\n                            <a x-bind:href=\"item.tickets.link\" class=\"btn btn-outline-primary\" x-bind:title=\"item.tickets.label\" x-text=\"item.tickets.label\"><\/a>\n                        <\/div>\n                    <\/div>\n                <\/div>\n            <\/template>\n            <div class=\"text-center\" id=\"infinite-scroll-trigger\">\n                <span>Cargando...<\/span>\n            <\/div>\n        <\/div>\n    <\/div>\n\n\n    [vc_btn title=\u00bbVer todos\u00bb style=\u00bbflat\u00bb shape=\u00bbsquare\u00bb color=\u00bbblack\u00bb link=\u00bburl:https%3A%2F%2Fwww.malpelo.org%2Fagenda|||\u00bb][\/vc_column][\/vc_row][vc_row][vc_column][vc_row_inner][vc_column_inner][vc_separator][\/vc_column_inner][\/vc_row_inner][\/vc_column][\/vc_row][vc_row][vc_column][vc_column_text][\/vc_column_text][\/vc_column][\/vc_row][vc_row][vc_column][vc_empty_space][\/vc_column][\/vc_row][\/vc_section][vc_section][vc_row][vc_column][vc_column_text]<\/p>\n<h2 style=\"text-align: center;\">Espect\u00e1culos en gira<\/h2>\n<p>[\/vc_column_text]    \n    \n        <!-- the list loop -->\n        <div class=\"shows-grid\">\n                    <a href=\"https:\/\/www.malpelo.org\/es\/show\/we\/\" title=\"WE\" class=\"show row align-items-center mb-4\">\n                <div class=\"show__image col-md-6\">\n                    <img loading=\"lazy\" decoding=\"async\" width=\"690\" height=\"400\" src=\"https:\/\/www.malpelo.org\/wp-content\/uploads\/2025\/03\/MP-WE_1566web\u00a9Tristan-Perez-Martin-690x400.jpg\" class=\"img-fluid mb-2 mb-md-0 wp-post-image\" alt=\"\" \/>                <\/div>\n                <div class=\"col-md-6\">\n                    <div class=\"show__content p-md-4\">\n                        <div class=\"show__subtitle\">NUEVA CREACI\u00d3N 2025<\/div>\n                        <h2>WE<\/h2>\n                        <div class=\"show__excerpt\"><p>&nbsp; \u00bfQu\u00e9 dejamos en la palma de nuestra mano para dar a las nuevas generaciones? WE, nosotros, \u00bfuna comunidad que nos define como individuos? Un sentido de pertenencia, \u00bfa d\u00f3nde? A trav\u00e9s de los tiempos y las generaciones nos seguimos preguntando por nuestra identidad, por nuestro lugar, por nuestro futuro.\u00a0 \u00bfNuestro?<\/p>\n<\/div>\n                        <span class=\"btn btn-outline-primary\" target=\"_blank\" download>+ Informaci\u00f3n<\/span>\n                    <\/div>\n                <\/div>\n            <\/a>\n                    <a href=\"https:\/\/www.malpelo.org\/es\/show\/double-infinite\/\" title=\"Double Infinite. The Bluebird Call\" class=\"show row align-items-center mb-4\">\n                <div class=\"show__image col-md-6\">\n                    <img loading=\"lazy\" decoding=\"async\" width=\"690\" height=\"400\" src=\"https:\/\/www.malpelo.org\/wp-content\/uploads\/2023\/02\/MP-TBCLAB_1289hdretoc\u00a9Tristan-Perez-Martin-copia-690x400.jpg\" class=\"img-fluid mb-2 mb-md-0 wp-post-image\" alt=\"\" \/>                <\/div>\n                <div class=\"col-md-6\">\n                    <div class=\"show__content p-md-4\">\n                        <div class=\"show__subtitle\">.<\/div>\n                        <h2>Double Infinite. The Bluebird Call<\/h2>\n                        <div class=\"show__excerpt\"><p>El nuevo dueto de Mar\u00eda Mu\u00f1oz y Pep Ramis se estructura en un tr\u00edptico, en el que pueden entrar en la intimidad de cada uno de los personajes. Se imaginan, se recuerdan, se buscan y se reencuentran al final para seguir pregunt\u00e1ndose por el p\u00e1jaro azul<\/p>\n<\/div>\n                        <span class=\"btn btn-outline-primary\" target=\"_blank\" download>+ Informaci\u00f3n<\/span>\n                    <\/div>\n                <\/div>\n            <\/a>\n                    <a href=\"https:\/\/www.malpelo.org\/es\/show\/orfeo-ed-euridice\/\" title=\"Orfeo ed Euridice\" class=\"show row align-items-center mb-4\">\n                <div class=\"show__image col-md-6\">\n                    <img loading=\"lazy\" decoding=\"async\" width=\"690\" height=\"400\" src=\"https:\/\/www.malpelo.org\/wp-content\/uploads\/2025\/12\/COMPO--690x400.jpg\" class=\"img-fluid mb-2 mb-md-0 wp-post-image\" alt=\"\" \/>                <\/div>\n                <div class=\"col-md-6\">\n                    <div class=\"show__content p-md-4\">\n                        <div class=\"show__subtitle\">NOVA CREACI\u00d3 2026<\/div>\n                        <h2>Orfeo ed Euridice<\/h2>\n                        <div class=\"show__excerpt\"><p>Por primera vez MAL PELO asume la direcci\u00f3n esc\u00e9nica y coreogr\u00e1fica de una \u00f3pera cl\u00e1sica: ORFEO ed EURIDICE de C.W. Gluck. En 2025, Jos\u00e9 Luis Rivero, director art\u00edstico del Auditorio de Tenerife, propone a Mar\u00eda Mu\u00f1oz y Pep Ramis asumir la direcci\u00f3n esc\u00e9nica y coreogr\u00e1fica de la \u00f3pera Orfeo y Eur\u00eddice, gui\u00e1ndose por el deseo [&hellip;]<\/p>\n<\/div>\n                        <span class=\"btn btn-outline-primary\" target=\"_blank\" download>+ Informaci\u00f3n<\/span>\n                    <\/div>\n                <\/div>\n            <\/a>\n                    <a href=\"https:\/\/www.malpelo.org\/es\/show\/bach\/\" title=\"Bach\" class=\"show row align-items-center mb-4\">\n                <div class=\"show__image col-md-6\">\n                    <img loading=\"lazy\" decoding=\"async\" width=\"690\" height=\"400\" src=\"https:\/\/www.malpelo.org\/wp-content\/uploads\/2020\/06\/BACH-2-4451-14-15x20-1-1024x669-2-690x400.jpg\" class=\"img-fluid mb-2 mb-md-0 wp-post-image\" alt=\"\" \/>                <\/div>\n                <div class=\"col-md-6\">\n                    <div class=\"show__content p-md-4\">\n                        <div class=\"show__subtitle\">Bach Project III<\/div>\n                        <h2>Bach<\/h2>\n                        <div class=\"show__excerpt\"><p>Un solo interpretado por Mar\u00eda Mu\u00f1oz o Federica Porello donde la m\u00fasica de Bach acompa\u00f1a el movimiento puro de las ballarinas.<\/p>\n<\/div>\n                        <span class=\"btn btn-outline-primary\" target=\"_blank\" download>+ Informaci\u00f3n<\/span>\n                    <\/div>\n                <\/div>\n            <\/a>\n                    <a href=\"https:\/\/www.malpelo.org\/es\/show\/inventions\/\" title=\"Inventions\" class=\"show row align-items-center mb-4\">\n                <div class=\"show__image col-md-6\">\n                    <img loading=\"lazy\" decoding=\"async\" width=\"690\" height=\"400\" src=\"https:\/\/www.malpelo.org\/wp-content\/uploads\/2020\/06\/LPH3383011-690x400.jpg\" class=\"img-fluid mb-2 mb-md-0 wp-post-image\" alt=\"\" \/>                <\/div>\n                <div class=\"col-md-6\">\n                    <div class=\"show__content p-md-4\">\n                        <div class=\"show__subtitle\">Bach Project III<\/div>\n                        <h2>Inventions<\/h2>\n                        <div class=\"show__excerpt\"><p>Un espect\u00e1culo coral con diecis\u00e9is int\u00e9rpretes en escena, ocho bailarines y ocho m\u00fasicos en la tercera pieza del Bach Project.<\/p>\n<\/div>\n                        <span class=\"btn btn-outline-primary\" target=\"_blank\" download>+ Informaci\u00f3n<\/span>\n                    <\/div>\n                <\/div>\n            <\/a>\n                    <a href=\"https:\/\/www.malpelo.org\/es\/show\/on-goldberg-variations-variations\/\" title=\"On Goldberg Variations\/Variations\" class=\"show row align-items-center mb-4\">\n                <div class=\"show__image col-md-6\">\n                    <img loading=\"lazy\" decoding=\"async\" width=\"690\" height=\"400\" src=\"https:\/\/www.malpelo.org\/wp-content\/uploads\/2020\/06\/MP-OGV_2179_Tristan-Perez-Martin-bin-690x400.jpg\" class=\"img-fluid mb-2 mb-md-0 wp-post-image\" alt=\"\" \/>                <\/div>\n                <div class=\"col-md-6\">\n                    <div class=\"show__content p-md-4\">\n                        <div class=\"show__subtitle\">Bach Project II<\/div>\n                        <h2>On Goldberg Variations\/Variations<\/h2>\n                        <div class=\"show__excerpt\"><p>La danza, la voz de John Berger, textos propios o las proyecciones se unen para construir esta aproximaci\u00f3n al universo de J.S. Bach.<\/p>\n<\/div>\n                        <span class=\"btn btn-outline-primary\" target=\"_blank\" download>+ Informaci\u00f3n<\/span>\n                    <\/div>\n                <\/div>\n            <\/a>\n                    <a href=\"https:\/\/www.malpelo.org\/es\/show\/highlands\/\" title=\"Highlands\" class=\"show row align-items-center mb-4\">\n                <div class=\"show__image col-md-6\">\n                    <img loading=\"lazy\" decoding=\"async\" width=\"690\" height=\"400\" src=\"https:\/\/www.malpelo.org\/wp-content\/uploads\/2020\/05\/MP-HL_2653web\u00a9Tristan-Perez-Martin-690x400.jpg\" class=\"img-fluid mb-2 mb-md-0 wp-post-image\" alt=\"\" \/>                <\/div>\n                <div class=\"col-md-6\">\n                    <div class=\"show__content p-md-4\">\n                        <div class=\"show__subtitle\">Bach Project IV <\/div>\n                        <h2>Highlands<\/h2>\n                        <div class=\"show__excerpt\"><p>Highlands es el espect\u00e1culo que cierra el Bach Project, una propuesta esc\u00e9nica en la que la m\u00fasica de J. S. Bach dialoga con el movimiento, el texto y el audiovisual.<\/p>\n<\/div>\n                        <span class=\"btn btn-outline-primary\" target=\"_blank\" download>+ Informaci\u00f3n<\/span>\n                    <\/div>\n                <\/div>\n            <\/a>\n                    <a href=\"https:\/\/www.malpelo.org\/es\/show\/de-haber-nacido\/\" title=\"De haber nacido\" class=\"show row align-items-center mb-4\">\n                <div class=\"show__image col-md-6\">\n                    <img loading=\"lazy\" decoding=\"async\" width=\"640\" height=\"394\" src=\"https:\/\/www.malpelo.org\/wp-content\/uploads\/2022\/11\/ojos.jpg\" class=\"img-fluid mb-2 mb-md-0 wp-post-image\" alt=\"\" srcset=\"https:\/\/www.malpelo.org\/wp-content\/uploads\/2022\/11\/ojos.jpg 640w, https:\/\/www.malpelo.org\/wp-content\/uploads\/2022\/11\/ojos-300x185.jpg 300w\" sizes=\"auto, (max-width: 640px) 100vw, 640px\" \/>                <\/div>\n                <div class=\"col-md-6\">\n                    <div class=\"show__content p-md-4\">\n                        <div class=\"show__subtitle\">Di\u00e1logo contempor\u00e1neo a partir de 'La vida es sue\u00f1o'<\/div>\n                        <h2>De haber nacido<\/h2>\n                        <div class=\"show__excerpt\"><p>A partir de una propuesta de La Compa\u00f1\u00eda Nacional de Teatro Cl\u00e1sico, Mal Pelo se acerca a \u00abLa vida es sue\u00f1o\u00bb de Calder\u00f3n de la Barca. Una aproximaci\u00f3n desde el lenguaje coreogr\u00e1fico al alma de Rosaura y sus paradojas.<\/p>\n<\/div>\n                        <span class=\"btn btn-outline-primary\" target=\"_blank\" download>+ Informaci\u00f3n<\/span>\n                    <\/div>\n                <\/div>\n            <\/a>\n                    <a href=\"https:\/\/www.malpelo.org\/es\/show\/the-mountain-the-truth-the-paradise\/\" title=\"THE MOUNTAIN, THE TRUTH &#038; THE PARADISE\" class=\"show row align-items-center mb-4\">\n                <div class=\"show__image col-md-6\">\n                    <img loading=\"lazy\" decoding=\"async\" width=\"690\" height=\"400\" src=\"https:\/\/www.malpelo.org\/wp-content\/uploads\/2020\/06\/MP-MTP_1154hd\u220fTristan-Perez-Martin-690x400.jpg\" class=\"img-fluid mb-2 mb-md-0 wp-post-image\" alt=\"\" \/>                <\/div>\n                <div class=\"col-md-6\">\n                    <div class=\"show__content p-md-4\">\n                        <div class=\"show__subtitle\">.<\/div>\n                        <h2>THE MOUNTAIN, THE TRUTH &#038; THE PARADISE<\/h2>\n                        <div class=\"show__excerpt\"><p>Pep Ramis presenta un solo en un espai blanc i nu on la precisi\u00f3 del gest i la veu s\u00f3n l&#8217;aposta fonamental en aquest viatge canviant, emocionant i ple d&#8217;est\u00ed\u00admuls.<\/p>\n<\/div>\n                        <span class=\"btn btn-outline-primary\" target=\"_blank\" download>+ Informaci\u00f3n<\/span>\n                    <\/div>\n                <\/div>\n            <\/a>\n                <!-- end of the loop -->\n        <\/div>\n                    \n    [\/vc_column][\/vc_row][\/vc_section][vc_section][vc_row][vc_column][vc_column_text]<\/p>\n<h2 style=\"text-align: center;\">Novedades<\/h2>\n<p>[\/vc_column_text]    \n    \n        <!-- the list loop -->\n        <div class=\"shows-grid\">\n                    <a href=\"https:\/\/www.malpelo.org\/es\/show\/we-nosotros-y-los-tiempos-nueva-creacion-2025\/\" title=\"WE nosotros y los tiempos, nueva creaci\u00f3n 2025\" class=\"show row align-items-center mb-4\">\n                <div class=\"show__image col-md-6\">\n                    <img loading=\"lazy\" decoding=\"async\" width=\"690\" height=\"400\" src=\"https:\/\/www.malpelo.org\/wp-content\/uploads\/2022\/10\/POSTAL-WE-CASTELLANO-690x400.jpg\" class=\"img-fluid mb-2 mb-md-0 wp-post-image\" alt=\"\" \/>                <\/div>\n                <div class=\"col-md-6\">\n                    <div class=\"show__content p-md-4\">\n                        <div class=\"show__subtitle\">Nueva creaci\u00f3n<\/div>\n                        <h2>WE nosotros y los tiempos, nueva creaci\u00f3n 2025<\/h2>\n                        <div class=\"show__excerpt\"><p>El trabajo art\u00edstico se prev\u00e9 realizar a trav\u00e9s de diferentes laboratorios de creaci\u00f3n en 2024 durante los cuales realizaremos un trabajo de investigaci\u00f3n sobre el lenguaje del grupo y sobre el lenguaje individual de cada int\u00e9rprete. El objetivo es transmitir conocimientos y herramientas de trabajo durante los encuentros, y proyectar en el tiempo la incorporaci\u00f3n [&hellip;]<\/p>\n<\/div>\n                        <span class=\"btn btn-outline-primary\" target=\"_blank\" download>+ Informaci\u00f3n<\/span>\n                    <\/div>\n                <\/div>\n            <\/a>\n                <!-- end of the loop -->\n        <\/div>\n                    \n    [\/vc_column][\/vc_row][\/vc_section][vc_section css=\u00bb.vc_custom_1592900218468{background-color: #eeeeee !important;}\u00bb][vc_row][vc_column]\t<div id=\"carouselExampleIndicators\" class=\"carousel slide reviews-slide\" data-ride=\"carousel\">\n\t\t<ol class=\"carousel-indicators\">\n\t\t\t\t\t\t\t<li data-target=\"#carouselExampleIndicators\" data-slide-to=\"0\" class=\"active\"><\/li>\n\t\t\t\t\t\t\t<li data-target=\"#carouselExampleIndicators\" data-slide-to=\"1\" class=\"\"><\/li>\n\t\t\t\t\t\t\t<li data-target=\"#carouselExampleIndicators\" data-slide-to=\"2\" class=\"\"><\/li>\n\t\t\t\t\t<\/ol>\n        <div class=\"carousel-inner\">\n\t\t\t\t<div class=\"carousel-item active\">\n\t\t<h3><\/h3>\n\t\t<div>\u00abSu presencia en escena, bruta e innegable, es la de una actriz magn\u00e9tica: sus movimientos no bailan, esculpen el espacio, ir\u00f3nicos, despreciando todo lo que pudiera ser agradable.\u00bb<\/div>\n\t\tSobre Mar\u00eda Mu\u00f1oz en 'Bach'. AF. Le C\u00e9sar\t<\/div>\n\t\t<div class=\"carousel-item\">\n\t\t<h3><\/h3>\n\t\t<div>\u201c\u00abOn Goldberg Variations\/Variations\u00bb es una hermosa y magn\u00edfica obra que ha salido de la investigaci\u00f3n y el laboratorio de creaci\u00f3n de Mal Pelo, que los ha convertido en una de las mejores compa\u00f1\u00edas de danza de nuestro pa\u00eds\u201d<\/div>\n\t\tMarta Carrasco. ABC de Sevilla. 01\/20\t<\/div>\n\t\t<div class=\"carousel-item\">\n\t\t<h3><\/h3>\n\t\t<div>\u201c Como es habitual en los montajes de Mal Pelo, la puesta en escena est\u00e1 cuidada al mil\u00edmetro. O sea, todo bien anclado.\u201d<\/div>\n\t\tCarmen del Val. El Pa\u00eds\u201d\t<\/div>\n\t\t\t<\/div>\n\t\t<a class=\"carousel-control-prev\" href=\"#carouselExampleIndicators\" role=\"button\" data-slide=\"prev\">\n\t\t\t<span class=\"carousel-control-prev-icon\" aria-hidden=\"true\"><\/span>\n\t\t\t<span class=\"sr-only\">Previous<\/span>\n\t\t<\/a>\n\t\t<a class=\"carousel-control-next\" href=\"#carouselExampleIndicators\" role=\"button\" data-slide=\"next\">\n\t\t\t<span class=\"carousel-control-next-icon\" aria-hidden=\"true\"><\/span>\n\t\t\t<span class=\"sr-only\">Next<\/span>\n\t\t<\/a>\n\t<\/div>\n\t[\/vc_column][\/vc_row][vc_row][vc_column css=\u00bb.vc_custom_1607592211983{margin-bottom: 3rem !important;}\u00bb][vc_empty_space][vc_column_text]<\/p>\n<p style=\"text-align: right;\"><em>*Las fotograf\u00edas de esta p\u00e1gina web son de autor\u00eda de Jordi Bover, Trist\u00e1n P\u00e9rez-Mart\u00edn y Mal Pelo, entre otros.<\/em><\/p>\n<p>[\/vc_column_text][\/vc_column][\/vc_row][\/vc_section][vc_section][vc_row][vc_column width=\u00bb1\/6&#8243;][\/vc_column][vc_column width=\u00bb2\/3&#8243;][vc_column_text]<\/p>\n<h3 style=\"text-align: center;\">Si quieres recibir las novedades sobre Mal Pelo, puedes suscribirte a nuestra newsletter<\/h3>\n<p>[mc4wp_form id=\u00bb647&#8243;][\/vc_column_text][\/vc_column][vc_column width=\u00bb1\/6&#8243;][\/vc_column][\/vc_row][vc_row][vc_column][vc_empty_space][\/vc_column][\/vc_row][\/vc_section]<\/p>\n<\/div>","protected":false},"excerpt":{"rendered":"<p>[vc_section css=\u00bb.vc_custom_1591262090652{padding-top: 3rem !important;padding-bottom: 3rem !important;background-color: #eeeeee !important;}\u00bb][vc_row][vc_column][vc_column_text] Agenda [\/vc_column_text][vc_btn title=\u00bbVer todos\u00bb style=\u00bbflat\u00bb shape=\u00bbsquare\u00bb color=\u00bbblack\u00bb link=\u00bburl:https%3A%2F%2Fwww.malpelo.org%2Fagenda|||\u00bb][\/vc_column][\/vc_row][vc_row][vc_column][vc_row_inner][vc_column_inner][vc_separator][\/vc_column_inner][\/vc_row_inner][\/vc_column][\/vc_row][vc_row][vc_column][vc_column_text][\/vc_column_text][\/vc_column][\/vc_row][vc_row][vc_column][vc_empty_space][\/vc_column][\/vc_row][\/vc_section][vc_section][vc_row][vc_column][vc_column_text] Espect\u00e1culos en gira [\/vc_column_text][\/vc_column][\/vc_row][\/vc_section][vc_section][vc_row][vc_column][vc_column_text] Novedades [\/vc_column_text][\/vc_column][\/vc_row][\/vc_section][vc_section css=\u00bb.vc_custom_1592900218468{background-color: #eeeeee !important;}\u00bb][vc_row][vc_column][\/vc_column][\/vc_row][vc_row][vc_column css=\u00bb.vc_custom_1607592211983{margin-bottom: 3rem !important;}\u00bb][vc_empty_space][vc_column_text] *Las fotograf\u00edas de esta p\u00e1gina web son de autor\u00eda de Jordi Bover, Trist\u00e1n P\u00e9rez-Mart\u00edn y Mal Pelo, entre otros. [\/vc_column_text][\/vc_column][\/vc_row][\/vc_section][vc_section][vc_row][vc_column width=\u00bb1\/6&#8243;][\/vc_column][vc_column width=\u00bb2\/3&#8243;][vc_column_text] Si quieres recibir las novedades [&hellip;]<\/p>\n","protected":false},"author":1,"featured_media":0,"parent":0,"menu_order":0,"comment_status":"closed","ping_status":"open","template":"","meta":{"_acf_changed":false,"footnotes":""},"class_list":["post-2574","page","type-page","status-publish","hentry"],"acf":[],"yoast_head":"<!-- This site is optimized with the Yoast SEO plugin v27.4 - https:\/\/yoast.com\/product\/yoast-seo-wordpress\/ -->\n<title>- Mal Pelo<\/title>\n<meta name=\"description\" content=\"Grupo creativo con codirecci\u00f3n art\u00edstica de Pep Ramis y Mar\u00eda Mu\u00f1oz. Desde el 1989 basando su lenguaje en la danza y otras disciplinas art\u00edsticas.\" \/>\n<meta name=\"robots\" content=\"index, follow, max-snippet:-1, max-image-preview:large, max-video-preview:-1\" \/>\n<link rel=\"canonical\" href=\"https:\/\/www.malpelo.org\/es\/\" \/>\n<meta property=\"og:locale\" content=\"es_ES\" \/>\n<meta property=\"og:type\" content=\"article\" \/>\n<meta property=\"og:title\" content=\"- Mal Pelo\" \/>\n<meta property=\"og:description\" content=\"Grupo creativo con codirecci\u00f3n art\u00edstica de Pep Ramis y Mar\u00eda Mu\u00f1oz. Desde el 1989 basando su lenguaje en la danza y otras disciplinas art\u00edsticas.\" \/>\n<meta property=\"og:url\" content=\"https:\/\/www.malpelo.org\/es\/\" \/>\n<meta property=\"og:site_name\" content=\"Mal Pelo\" \/>\n<meta property=\"article:modified_time\" content=\"2022-12-15T12:44:14+00:00\" \/>\n<meta name=\"twitter:card\" content=\"summary_large_image\" \/>\n<meta name=\"twitter:label1\" content=\"Tiempo de lectura\" \/>\n\t<meta name=\"twitter:data1\" content=\"1 minuto\" \/>\n<script type=\"application\/ld+json\" class=\"yoast-schema-graph\">{\"@context\":\"https:\\\/\\\/schema.org\",\"@graph\":[{\"@type\":\"WebPage\",\"@id\":\"https:\\\/\\\/www.malpelo.org\\\/es\\\/\",\"url\":\"https:\\\/\\\/www.malpelo.org\\\/es\\\/\",\"name\":\"- Mal Pelo\",\"isPartOf\":{\"@id\":\"https:\\\/\\\/www.malpelo.org\\\/#website\"},\"datePublished\":\"2021-01-09T12:40:01+00:00\",\"dateModified\":\"2022-12-15T12:44:14+00:00\",\"description\":\"Grupo creativo con codirecci\u00f3n art\u00edstica de Pep Ramis y Mar\u00eda Mu\u00f1oz. Desde el 1989 basando su lenguaje en la danza y otras disciplinas art\u00edsticas.\",\"inLanguage\":\"es\",\"potentialAction\":[{\"@type\":\"ReadAction\",\"target\":[\"https:\\\/\\\/www.malpelo.org\\\/es\\\/\"]}]},{\"@type\":\"WebSite\",\"@id\":\"https:\\\/\\\/www.malpelo.org\\\/#website\",\"url\":\"https:\\\/\\\/www.malpelo.org\\\/\",\"name\":\"Mal Pelo\",\"description\":\"Mal Pelo\",\"potentialAction\":[{\"@type\":\"SearchAction\",\"target\":{\"@type\":\"EntryPoint\",\"urlTemplate\":\"https:\\\/\\\/www.malpelo.org\\\/?s={search_term_string}\"},\"query-input\":{\"@type\":\"PropertyValueSpecification\",\"valueRequired\":true,\"valueName\":\"search_term_string\"}}],\"inLanguage\":\"es\"}]}<\/script>\n<!-- \/ Yoast SEO plugin. -->","yoast_head_json":{"title":"- Mal Pelo","description":"Grupo creativo con codirecci\u00f3n art\u00edstica de Pep Ramis y Mar\u00eda Mu\u00f1oz. Desde el 1989 basando su lenguaje en la danza y otras disciplinas art\u00edsticas.","robots":{"index":"index","follow":"follow","max-snippet":"max-snippet:-1","max-image-preview":"max-image-preview:large","max-video-preview":"max-video-preview:-1"},"canonical":"https:\/\/www.malpelo.org\/es\/","og_locale":"es_ES","og_type":"article","og_title":"- Mal Pelo","og_description":"Grupo creativo con codirecci\u00f3n art\u00edstica de Pep Ramis y Mar\u00eda Mu\u00f1oz. Desde el 1989 basando su lenguaje en la danza y otras disciplinas art\u00edsticas.","og_url":"https:\/\/www.malpelo.org\/es\/","og_site_name":"Mal Pelo","article_modified_time":"2022-12-15T12:44:14+00:00","twitter_card":"summary_large_image","twitter_misc":{"Tiempo de lectura":"1 minuto"},"schema":{"@context":"https:\/\/schema.org","@graph":[{"@type":"WebPage","@id":"https:\/\/www.malpelo.org\/es\/","url":"https:\/\/www.malpelo.org\/es\/","name":"- Mal Pelo","isPartOf":{"@id":"https:\/\/www.malpelo.org\/#website"},"datePublished":"2021-01-09T12:40:01+00:00","dateModified":"2022-12-15T12:44:14+00:00","description":"Grupo creativo con codirecci\u00f3n art\u00edstica de Pep Ramis y Mar\u00eda Mu\u00f1oz. Desde el 1989 basando su lenguaje en la danza y otras disciplinas art\u00edsticas.","inLanguage":"es","potentialAction":[{"@type":"ReadAction","target":["https:\/\/www.malpelo.org\/es\/"]}]},{"@type":"WebSite","@id":"https:\/\/www.malpelo.org\/#website","url":"https:\/\/www.malpelo.org\/","name":"Mal Pelo","description":"Mal Pelo","potentialAction":[{"@type":"SearchAction","target":{"@type":"EntryPoint","urlTemplate":"https:\/\/www.malpelo.org\/?s={search_term_string}"},"query-input":{"@type":"PropertyValueSpecification","valueRequired":true,"valueName":"search_term_string"}}],"inLanguage":"es"}]}},"_links":{"self":[{"href":"https:\/\/www.malpelo.org\/es\/wp-json\/wp\/v2\/pages\/2574","targetHints":{"allow":["GET"]}}],"collection":[{"href":"https:\/\/www.malpelo.org\/es\/wp-json\/wp\/v2\/pages"}],"about":[{"href":"https:\/\/www.malpelo.org\/es\/wp-json\/wp\/v2\/types\/page"}],"author":[{"embeddable":true,"href":"https:\/\/www.malpelo.org\/es\/wp-json\/wp\/v2\/users\/1"}],"replies":[{"embeddable":true,"href":"https:\/\/www.malpelo.org\/es\/wp-json\/wp\/v2\/comments?post=2574"}],"version-history":[{"count":15,"href":"https:\/\/www.malpelo.org\/es\/wp-json\/wp\/v2\/pages\/2574\/revisions"}],"predecessor-version":[{"id":3860,"href":"https:\/\/www.malpelo.org\/es\/wp-json\/wp\/v2\/pages\/2574\/revisions\/3860"}],"wp:attachment":[{"href":"https:\/\/www.malpelo.org\/es\/wp-json\/wp\/v2\/media?parent=2574"}],"curies":[{"name":"wp","href":"https:\/\/api.w.org\/{rel}","templated":true}]}}