{"id":2570,"date":"2021-01-09T14:23:18","date_gmt":"2021-01-09T12:23:18","guid":{"rendered":"https:\/\/www.malpelo.org\/?page_id=2570"},"modified":"2024-01-19T15:27:27","modified_gmt":"2024-01-19T13:27:27","slug":"colaboradores","status":"publish","type":"page","link":"https:\/\/www.malpelo.org\/es\/colaboradores\/","title":{"rendered":"COMPLICIDADES"},"content":{"rendered":"<div class=\"wpb-content-wrapper\"><p>[vc_section][vc_row][vc_column][vc_column_text]\u00a0<span style=\"font-weight: 400;\">Mal Pelo construye sus universos esc\u00e9nicos desde hace m\u00e1s de treinta a\u00f1os, en un constante intento de vivir la creaci\u00f3n desde las colaboraciones art\u00edsticas. El mismo n\u00facleo del grupo es compartido entre Mar\u00eda Mu\u00f1oz y Pep Ramis, que se encuentran en la b\u00fasqueda y estudio del lenguaje del cuerpo y el movimiento. La hibridaci\u00f3n entre diferentes disciplinas est\u00e1 presente en las creaciones de Mal Pelo desde sus inicios.<\/span><\/p>\n<p><span style=\"font-weight: 400;\">En este largo camino, nos hemos cruzado con escritores, m\u00fasicos, pensadores, creadores audiovisuales, escen\u00f3grafos, core\u00f3grafos, personas que han enriquecido nuestro lenguaje y nuestra mirada.<\/span><\/p>\n<p><span style=\"font-weight: 400;\">Del mismo modo hemos podido entrar como colaboradores en otros universos, en creaciones de otros artistas. Con algunos de ellos hemos compartido la escena: \u00c0ngels Margarit, Andr\u00e9s Corchero, Ni\u00f1o de Elche, Raffaella Giordano, Eduard Fern\u00e1ndez, Enric Ases, Piero Steiner, Lisa Nelson, Faustin Linyekula, Cesc Gelabert &#8230; y con otros hemos aportado nuestra mirada externa en sus procesos de creaci\u00f3n: Bar\u00f3 d&#8217;Evel, Leonor Leal, Marta Izquierdo, Colectivo La Bolsa &#8230;<\/span><\/p>\n<p><span style=\"font-weight: 400;\">La curiosidad por el otro es el motor para seguir descubriendo y compartiendo.<\/span><\/p>\n<p>&nbsp;<\/p>\n<p>Gracias a todos.[\/vc_column_text][\/vc_column][\/vc_row][vc_row][vc_column][vc_column_text]<\/p>\n<h2 style=\"text-align: center;\">Compa\u00f1eros, inspiraci\u00f3n y trabajo conjunto<\/h2>\n<p>[\/vc_column_text]    \n        <!-- pagination here -->\n    \n        <!-- the loop -->\n        <div class=\"row\">\n                    <div class=\"col-md-6 col-lg-4 mb4\">\n                    <div class=\"ps-image\" style=\"background-image: url(https:\/\/www.malpelo.org\/wp-content\/uploads\/2020\/10\/NURIA-FONT.jpg)\">\n        <div class=\"ps-image__content\">\n\t\t<h3>N\u00faria Font<\/h3>\n        <div><\/div>\n                <a class=\"btn btn-outline-light mt-3\" href=\"https:\/\/www.malpelo.org\/es\/collaborator\/nuria-font\/\" title=\"+info\" target=\"\">+info<\/a>\n        \t\t<\/div>\n\t<\/div>\n\t            <\/div>\n                    <div class=\"col-md-6 col-lg-4 mb4\">\n                    <div class=\"ps-image\" style=\"background-image: url(https:\/\/www.malpelo.org\/wp-content\/uploads\/2020\/11\/steve-paxton2-1024x614-1-e1605190066500.jpg)\">\n        <div class=\"ps-image__content\">\n\t\t<h3>Steve Paxton<\/h3>\n        <div><\/div>\n                <a class=\"btn btn-outline-light mt-3\" href=\"https:\/\/www.malpelo.org\/es\/collaborator\/steve-paxton\/\" title=\"+info\" target=\"\">+info<\/a>\n        \t\t<\/div>\n\t<\/div>\n\t            <\/div>\n                    <div class=\"col-md-6 col-lg-4 mb4\">\n                    <div class=\"ps-image\" style=\"background-image: url(https:\/\/www.malpelo.org\/wp-content\/uploads\/2020\/04\/JOHN-BERGER.jpg)\">\n        <div class=\"ps-image__content\">\n\t\t<h3>John Berger<\/h3>\n        <div><\/div>\n                <a class=\"btn btn-outline-light mt-3\" href=\"https:\/\/www.malpelo.org\/es\/collaborator\/john-berger\/\" title=\"+info\" target=\"\">+info<\/a>\n        \t\t<\/div>\n\t<\/div>\n\t            <\/div>\n                    <div class=\"col-md-6 col-lg-4 mb4\">\n                    <div class=\"ps-image\" style=\"background-image: url(https:\/\/www.malpelo.org\/wp-content\/uploads\/2020\/11\/BarodEvel-e1605864556182.jpg)\">\n        <div class=\"ps-image__content\">\n\t\t<h3>Baro d&#8217;Evel<\/h3>\n        <div><\/div>\n                <a class=\"btn btn-outline-light mt-3\" href=\"https:\/\/www.malpelo.org\/es\/collaborator\/baro-devel\/\" title=\"+info\" target=\"\">+info<\/a>\n        \t\t<\/div>\n\t<\/div>\n\t            <\/div>\n                    <div class=\"col-md-6 col-lg-4 mb4\">\n                    <div class=\"ps-image\" style=\"background-image: url(https:\/\/www.malpelo.org\/wp-content\/uploads\/2020\/04\/LISA-NELSON.jpg)\">\n        <div class=\"ps-image__content\">\n\t\t<h3>Lisa Nelson<\/h3>\n        <div><\/div>\n                <a class=\"btn btn-outline-light mt-3\" href=\"https:\/\/www.malpelo.org\/es\/collaborator\/lisa-nelson\/\" title=\"+info\" target=\"\">+info<\/a>\n        \t\t<\/div>\n\t<\/div>\n\t            <\/div>\n                    <div class=\"col-md-6 col-lg-4 mb4\">\n                    <div class=\"ps-image\" style=\"background-image: url(https:\/\/www.malpelo.org\/wp-content\/uploads\/2020\/04\/ERRI-DE-LUCA.jpg)\">\n        <div class=\"ps-image__content\">\n\t\t<h3>Erri de Luca<\/h3>\n        <div><\/div>\n                <a class=\"btn btn-outline-light mt-3\" href=\"https:\/\/www.malpelo.org\/es\/collaborator\/erri-de-luca\/\" title=\"+info\" target=\"\">+info<\/a>\n        \t\t<\/div>\n\t<\/div>\n\t            <\/div>\n                    <div class=\"col-md-6 col-lg-4 mb4\">\n                    <div class=\"ps-image\" style=\"background-image: url(https:\/\/www.malpelo.org\/wp-content\/uploads\/2020\/12\/danTepfer17thum.jpeg)\">\n        <div class=\"ps-image__content\">\n\t\t<h3>Dan Tepfer<\/h3>\n        <div><\/div>\n                <a class=\"btn btn-outline-light mt-3\" href=\"https:\/\/www.malpelo.org\/es\/collaborator\/dan-tepfer\/\" title=\"+info\" target=\"\">+info<\/a>\n        \t\t<\/div>\n\t<\/div>\n\t            <\/div>\n                    <div class=\"col-md-6 col-lg-4 mb4\">\n                    <div class=\"ps-image\" style=\"background-image: url(https:\/\/www.malpelo.org\/wp-content\/uploads\/2024\/02\/Leonor-Leal-previo-Jose-Albornoz-13.jpg)\">\n        <div class=\"ps-image__content\">\n\t\t<h3>Leonor Leal<\/h3>\n        <div><\/div>\n                <a class=\"btn btn-outline-light mt-3\" href=\"https:\/\/www.malpelo.org\/es\/collaborator\/dan-tepfer-copy\/\" title=\"+info\" target=\"\">+info<\/a>\n        \t\t<\/div>\n\t<\/div>\n\t            <\/div>\n                <!-- end of the loop -->\n        <\/div>\n    \n            \n    [\/vc_column][\/vc_row][\/vc_section][vc_row][vc_column][\/vc_column][\/vc_row]<\/p>\n<\/div>","protected":false},"excerpt":{"rendered":"<p>[vc_section][vc_row][vc_column][vc_column_text]\u00a0Mal Pelo construye sus universos esc\u00e9nicos desde hace m\u00e1s de treinta a\u00f1os, en un constante intento de vivir la creaci\u00f3n desde las colaboraciones art\u00edsticas. El mismo n\u00facleo del grupo es compartido entre Mar\u00eda Mu\u00f1oz y Pep Ramis, que se encuentran en la b\u00fasqueda y estudio del lenguaje del cuerpo y el movimiento. La hibridaci\u00f3n entre [&hellip;]<\/p>\n","protected":false},"author":1,"featured_media":0,"parent":0,"menu_order":0,"comment_status":"closed","ping_status":"closed","template":"","meta":{"_acf_changed":false,"footnotes":""},"class_list":["post-2570","page","type-page","status-publish","hentry"],"acf":[],"yoast_head":"<!-- This site is optimized with the Yoast SEO plugin v27.3 - https:\/\/yoast.com\/product\/yoast-seo-wordpress\/ -->\n<title>COMPLICIDADES - Mal Pelo<\/title>\n<meta name=\"robots\" content=\"index, follow, max-snippet:-1, max-image-preview:large, max-video-preview:-1\" \/>\n<link rel=\"canonical\" href=\"https:\/\/www.malpelo.org\/es\/colaboradores\/\" \/>\n<meta property=\"og:locale\" content=\"es_ES\" \/>\n<meta property=\"og:type\" content=\"article\" \/>\n<meta property=\"og:title\" content=\"COMPLICIDADES - Mal Pelo\" \/>\n<meta property=\"og:description\" content=\"[vc_section][vc_row][vc_column][vc_column_text]\u00a0Mal Pelo construye sus universos esc\u00e9nicos desde hace m\u00e1s de treinta a\u00f1os, en un constante intento de vivir la creaci\u00f3n desde las colaboraciones art\u00edsticas. El mismo n\u00facleo del grupo es compartido entre Mar\u00eda Mu\u00f1oz y Pep Ramis, que se encuentran en la b\u00fasqueda y estudio del lenguaje del cuerpo y el movimiento. La hibridaci\u00f3n entre [&hellip;]\" \/>\n<meta property=\"og:url\" content=\"https:\/\/www.malpelo.org\/es\/colaboradores\/\" \/>\n<meta property=\"og:site_name\" content=\"Mal Pelo\" \/>\n<meta property=\"article:modified_time\" content=\"2024-01-19T13:27:27+00:00\" \/>\n<meta name=\"twitter:card\" content=\"summary_large_image\" \/>\n<meta name=\"twitter:label1\" content=\"Tiempo de lectura\" \/>\n\t<meta name=\"twitter:data1\" content=\"1 minuto\" \/>\n<script type=\"application\/ld+json\" class=\"yoast-schema-graph\">{\"@context\":\"https:\\\/\\\/schema.org\",\"@graph\":[{\"@type\":\"WebPage\",\"@id\":\"https:\\\/\\\/www.malpelo.org\\\/es\\\/colaboradores\\\/\",\"url\":\"https:\\\/\\\/www.malpelo.org\\\/es\\\/colaboradores\\\/\",\"name\":\"COMPLICIDADES - Mal Pelo\",\"isPartOf\":{\"@id\":\"https:\\\/\\\/www.malpelo.org\\\/#website\"},\"datePublished\":\"2021-01-09T12:23:18+00:00\",\"dateModified\":\"2024-01-19T13:27:27+00:00\",\"breadcrumb\":{\"@id\":\"https:\\\/\\\/www.malpelo.org\\\/es\\\/colaboradores\\\/#breadcrumb\"},\"inLanguage\":\"es\",\"potentialAction\":[{\"@type\":\"ReadAction\",\"target\":[\"https:\\\/\\\/www.malpelo.org\\\/es\\\/colaboradores\\\/\"]}]},{\"@type\":\"BreadcrumbList\",\"@id\":\"https:\\\/\\\/www.malpelo.org\\\/es\\\/colaboradores\\\/#breadcrumb\",\"itemListElement\":[{\"@type\":\"ListItem\",\"position\":1,\"name\":\"Inici\",\"item\":\"https:\\\/\\\/www.malpelo.org\\\/es\\\/\"},{\"@type\":\"ListItem\",\"position\":2,\"name\":\"COMPLICIDADES\"}]},{\"@type\":\"WebSite\",\"@id\":\"https:\\\/\\\/www.malpelo.org\\\/#website\",\"url\":\"https:\\\/\\\/www.malpelo.org\\\/\",\"name\":\"Mal Pelo\",\"description\":\"Mal Pelo\",\"potentialAction\":[{\"@type\":\"SearchAction\",\"target\":{\"@type\":\"EntryPoint\",\"urlTemplate\":\"https:\\\/\\\/www.malpelo.org\\\/?s={search_term_string}\"},\"query-input\":{\"@type\":\"PropertyValueSpecification\",\"valueRequired\":true,\"valueName\":\"search_term_string\"}}],\"inLanguage\":\"es\"}]}<\/script>\n<!-- \/ Yoast SEO plugin. -->","yoast_head_json":{"title":"COMPLICIDADES - Mal Pelo","robots":{"index":"index","follow":"follow","max-snippet":"max-snippet:-1","max-image-preview":"max-image-preview:large","max-video-preview":"max-video-preview:-1"},"canonical":"https:\/\/www.malpelo.org\/es\/colaboradores\/","og_locale":"es_ES","og_type":"article","og_title":"COMPLICIDADES - Mal Pelo","og_description":"[vc_section][vc_row][vc_column][vc_column_text]\u00a0Mal Pelo construye sus universos esc\u00e9nicos desde hace m\u00e1s de treinta a\u00f1os, en un constante intento de vivir la creaci\u00f3n desde las colaboraciones art\u00edsticas. El mismo n\u00facleo del grupo es compartido entre Mar\u00eda Mu\u00f1oz y Pep Ramis, que se encuentran en la b\u00fasqueda y estudio del lenguaje del cuerpo y el movimiento. La hibridaci\u00f3n entre [&hellip;]","og_url":"https:\/\/www.malpelo.org\/es\/colaboradores\/","og_site_name":"Mal Pelo","article_modified_time":"2024-01-19T13:27:27+00:00","twitter_card":"summary_large_image","twitter_misc":{"Tiempo de lectura":"1 minuto"},"schema":{"@context":"https:\/\/schema.org","@graph":[{"@type":"WebPage","@id":"https:\/\/www.malpelo.org\/es\/colaboradores\/","url":"https:\/\/www.malpelo.org\/es\/colaboradores\/","name":"COMPLICIDADES - Mal Pelo","isPartOf":{"@id":"https:\/\/www.malpelo.org\/#website"},"datePublished":"2021-01-09T12:23:18+00:00","dateModified":"2024-01-19T13:27:27+00:00","breadcrumb":{"@id":"https:\/\/www.malpelo.org\/es\/colaboradores\/#breadcrumb"},"inLanguage":"es","potentialAction":[{"@type":"ReadAction","target":["https:\/\/www.malpelo.org\/es\/colaboradores\/"]}]},{"@type":"BreadcrumbList","@id":"https:\/\/www.malpelo.org\/es\/colaboradores\/#breadcrumb","itemListElement":[{"@type":"ListItem","position":1,"name":"Inici","item":"https:\/\/www.malpelo.org\/es\/"},{"@type":"ListItem","position":2,"name":"COMPLICIDADES"}]},{"@type":"WebSite","@id":"https:\/\/www.malpelo.org\/#website","url":"https:\/\/www.malpelo.org\/","name":"Mal Pelo","description":"Mal Pelo","potentialAction":[{"@type":"SearchAction","target":{"@type":"EntryPoint","urlTemplate":"https:\/\/www.malpelo.org\/?s={search_term_string}"},"query-input":{"@type":"PropertyValueSpecification","valueRequired":true,"valueName":"search_term_string"}}],"inLanguage":"es"}]}},"_links":{"self":[{"href":"https:\/\/www.malpelo.org\/es\/wp-json\/wp\/v2\/pages\/2570","targetHints":{"allow":["GET"]}}],"collection":[{"href":"https:\/\/www.malpelo.org\/es\/wp-json\/wp\/v2\/pages"}],"about":[{"href":"https:\/\/www.malpelo.org\/es\/wp-json\/wp\/v2\/types\/page"}],"author":[{"embeddable":true,"href":"https:\/\/www.malpelo.org\/es\/wp-json\/wp\/v2\/users\/1"}],"replies":[{"embeddable":true,"href":"https:\/\/www.malpelo.org\/es\/wp-json\/wp\/v2\/comments?post=2570"}],"version-history":[{"count":3,"href":"https:\/\/www.malpelo.org\/es\/wp-json\/wp\/v2\/pages\/2570\/revisions"}],"predecessor-version":[{"id":4051,"href":"https:\/\/www.malpelo.org\/es\/wp-json\/wp\/v2\/pages\/2570\/revisions\/4051"}],"wp:attachment":[{"href":"https:\/\/www.malpelo.org\/es\/wp-json\/wp\/v2\/media?parent=2570"}],"curies":[{"name":"wp","href":"https:\/\/api.w.org\/{rel}","templated":true}]}}