{"id":2531,"date":"2020-03-05T18:05:33","date_gmt":"2020-03-05T16:05:33","guid":{"rendered":"https:\/\/www.malpelo.org\/qui-som\/"},"modified":"2024-02-23T16:08:01","modified_gmt":"2024-02-23T14:08:01","slug":"quienes-somos","status":"publish","type":"page","link":"https:\/\/www.malpelo.org\/es\/quienes-somos\/","title":{"rendered":"Qui\u00e9nes somos"},"content":{"rendered":"<div class=\"wpb-content-wrapper\"><p>[vc_section][vc_row][vc_column][vc_column_text]Mal Pelo, con codirecci\u00f3n art\u00edstica de Pep Ramis y Mar\u00eda Mu\u00f1oz, es un grupo de creaci\u00f3n esc\u00e9nica caracterizado por una autor\u00eda compartida que ha dado como resultado m\u00e1s de 30 espect\u00e1culos hasta el momento. Desde 1989, Mal Pelo ha desarrollado su propio lenguaje art\u00edstico a trav\u00e9s del movimiento y la creaci\u00f3n de dramaturgias que incluyen el texto, bandas sonoras originales, m\u00fasica en directo, la construcci\u00f3n de espacios escenogr\u00e1ficos, la luz y el video entre otras herramientas esc\u00e9nicas.<span class=\"Apple-converted-space\">\u00a0<\/span><\/p>\n<p>Mar\u00eda Mu\u00f1oz y Pep Ramis han encontrado en la escena y la creaci\u00f3n de espect\u00e1culos, un lugar id\u00f3neo para depositar la necesidad de experimentar, preguntar y compartir los temas que son vitales en su trayectoria. <span class=\"Apple-converted-space\">\u00a0<\/span><\/p>\n<p>La creaci\u00f3n compartida es uno de los elementos diferenciadores y caracter\u00edsticos del grupo.\u00a0A lo largo de su trayectoria, Mal Pelo ha podido colaborar con diferentes artistas y proyectos como John Berger, Erri de Luca, Lisa Nelson, \u00c0ngels Margarit, Steve Noble, Nuria Font, Steve Paxton, Eduard Fern\u00e1ndez, Andr\u00e9s Corchero, Toni Serra, Lilo Baur, Cesc Gelabert, Faustin Linyekula, Raffaella Giordano, Baro D\u2019Evel, Leonor Leal, Marta Izquierdo entre muchos otros.<\/p>\n<p><i>\u201cUn laboratorio constante sobre la <\/i><i>elipsis, la sustracci\u00f3n, la ausencia, la espera, vertebran en el fondo toda la par\u00e1bola po\u00e9tica de Mal Pelo: sus piezas son noches en vela, v\u00edsperas de alguna cosa, fr\u00e1giles conjuramentos de una presencia, cacer\u00edas inm\u00f3viles.\u201d<\/i><span class=\"Apple-converted-space\">\u00a0<\/span><\/p>\n<p><i>\u201cLos valores no tienen nada que ver con nuestras adquisiciones, superaciones, conquistas, posesiones. Nuestra \u00fanica verdad es el desperfecto. Nuestra historia est\u00e1 hecha de destiempos. Valor es tan solo la cicatriz que dejan nuestras p\u00e9rdidas. Y porque la escencia de la vida es la \u00a0fallida, tendr\u00e1 la raz\u00f3n qui\u00e9n dijo que en la derrota hay una dignidad que el triumfo no llegar\u00e1 nunca a conocer.<span class=\"Apple-converted-space\">\u00a0\u00a0<\/span>Las monta\u00f1as no son, en el fondo, sino cicatrices de un planeta que ha vivido.\u201d<span class=\"Apple-converted-space\">\u00a0 <\/span><\/i><i>Roberto Frattini sobre Mal Pelo<\/i><\/p>\n<p>La trayectoria de la compa\u00f1\u00eda ha recibido diferentes reconocimientos, entre los que destacan el Premi Nacional de Cultura de Catalunya, el Premi Ciutat de Barcelona y el Premio Nacional de Cultura por su trayectoria tanto en el \u00e1mbito de la creaci\u00f3n coreogr\u00e1fica como en la apertura de nuevos caminos en la danza contempor\u00e1nea. El a\u00f1o 2022, Mal Pelo ha recibido la Medalla de Oro de la Academia de las Artes Esc\u00e9nicas de Espa\u00f1a y el Premio Ciutat de Palma 2022 Margaluz de las Artes Esc\u00e9nicas.<\/p>\n<p>Mal Pelo es impulsora y residente en el espacio de creaci\u00f3n\u00a0<a href=\"https:\/\/lanimal.org\">L\u2019animal a l\u2019Esquena<\/a>, centro de creaci\u00f3n ubicado en el Mas Espolla de Celr\u00e0 (Gerona) y que se basa en el intercambio y residencias con artistas y creadores. Este espacio, rodeado de bosques, campos de conreo, olivares y vi\u00f1edos, es crisol para la curiosidad, inspiraci\u00f3n y enriquecimiento de Mal Pelo gracias a la migraci\u00f3n constante de creadores y las sinergias que genera.[\/vc_column_text][\/vc_column][\/vc_row][\/vc_section][vc_section][vc_row][vc_column][vc_column_text]<\/p>\n<h2 style=\"text-align: center;\">Direcci\u00f3n<\/h2>\n<p>[\/vc_column_text][\/vc_column][\/vc_row][vc_row][vc_column width=\u00bb1\/3&#8243;]    <div class=\"ps-image\" style=\"background-image: url(https:\/\/www.malpelo.org\/wp-content\/uploads\/2020\/07\/PEP-RAMIS-MP-MTP_1594web\u220fTristan-Perez-Martin.jpg)\">\n        <div class=\"ps-image__content\">\n\t\t<h3>Pep Ramis<\/h3>\n        <div><\/div>\n                <a class=\"btn btn-outline-light mt-3\" href=\"http:\/\/malpelo.org\/qui-som\/pep-ramis-trajectoria\/\" title=\"+info\" target=\"\">+info<\/a>\n        \t\t<\/div>\n\t<\/div>\n\t[\/vc_column][vc_column width=\u00bb1\/3&#8243;]    <div class=\"ps-image\" style=\"background-image: url(https:\/\/www.malpelo.org\/wp-content\/uploads\/2020\/07\/Maria_Mu\u00f1oz-e1595797864554.png)\">\n        <div class=\"ps-image__content\">\n\t\t<h3>Maria Mu\u00f1oz<\/h3>\n        <div><\/div>\n                <a class=\"btn btn-outline-light mt-3\" href=\"http:\/\/malpelo.org\/qui-som\/maria-munoz-trajectoria\/\" title=\"+info\" target=\"\">+info<\/a>\n        \t\t<\/div>\n\t<\/div>\n\t[\/vc_column][vc_column width=\u00bb1\/3&#8243;]    <div class=\"ps-image\" style=\"background-image: url(https:\/\/www.malpelo.org\/wp-content\/uploads\/2020\/10\/Photo\u00a9Jordi-Bover_0580.jpg)\">\n        <div class=\"ps-image__content\">\n\t\t<h3>Mal Pelo<\/h3>\n        <div><\/div>\n                <a class=\"btn btn-outline-light mt-3\" href=\"http:\/\/malpelo.org\/mal-pelo-trajectoria\/\" title=\"+info\" target=\"\">+info<\/a>\n        \t\t<\/div>\n\t<\/div>\n\t[\/vc_column][\/vc_row][\/vc_section][vc_section][vc_row][vc_column][vc_column_text]<\/p>\n<h2 style=\"text-align: center;\">Gesti\u00f3n y producci\u00f3n<\/h2>\n<p>[\/vc_column_text][\/vc_column][\/vc_row][vc_row][vc_column width=\u00bb1\/3&#8243;]    <div class=\"ps-image\" style=\"background-image: url(https:\/\/www.malpelo.org\/wp-content\/uploads\/2023\/03\/IMG_20230323_132256.jpg)\">\n        <div class=\"ps-image__content\">\n\t\t<h3>Mamen Juan-Torres<\/h3>\n        <div>Gesti\u00f3n y producci\u00f3n<\/div>\n        \t\t<\/div>\n\t<\/div>\n\t[\/vc_column][vc_column width=\u00bb1\/3&#8243;]    <div class=\"ps-image\" style=\"background-image: url(https:\/\/www.malpelo.org\/wp-content\/uploads\/2020\/07\/PHOTO-2020-03-10-09-08-35-e1599074203816.jpg)\">\n        <div class=\"ps-image__content\">\n\t\t<h3>Gemma Mass\u00f3<\/h3>\n        <div>Gesti\u00f3n y producci\u00f3n<\/div>\n        \t\t<\/div>\n\t<\/div>\n\t[\/vc_column][vc_column width=\u00bb1\/3&#8243;]    <div class=\"ps-image\" style=\"background-image: url(https:\/\/www.malpelo.org\/wp-content\/uploads\/2020\/07\/LEO-CASTRO-MP-INV_026ok-hd\u00a9Tristan-Perez-Martin-scaled-e1595800654833.jpg)\">\n        <div class=\"ps-image__content\">\n\t\t<h3>Leo Castro<\/h3>\n        <div>Audiovisuales<\/div>\n        \t\t<\/div>\n\t<\/div>\n\t[\/vc_column][\/vc_row][vc_row][vc_column width=\u00bb1\/3&#8243;]    <div class=\"ps-image\" style=\"background-image: url(https:\/\/www.malpelo.org\/wp-content\/uploads\/2020\/11\/Foto_Ta\u00edna.png)\">\n        <div class=\"ps-image__content\">\n\t\t<h3>Ta\u00edna L\u00f3pez Cruz<\/h3>\n        <div>Proyectos institucionales<\/div>\n        \t\t<\/div>\n\t<\/div>\n\t[\/vc_column][vc_column width=\u00bb1\/3&#8243;]    <div class=\"ps-image\" style=\"background-image: url(https:\/\/www.malpelo.org\/wp-content\/uploads\/2022\/11\/WhatsApp-Image-2022-11-10-at-11.30.33.jpeg)\">\n        <div class=\"ps-image__content\">\n\t\t<h3>AnS\u00f3 Raybaut<\/h3>\n        <div>Relaciones Internacionales<\/div>\n        \t\t<\/div>\n\t<\/div>\n\t[\/vc_column][vc_column width=\u00bb1\/3&#8243;]    <div class=\"ps-image\" style=\"background-image: url(https:\/\/www.malpelo.org\/wp-content\/uploads\/2020\/07\/EDUARD-TEIXIDOR-AE-Bhum6_0292web\u220fTristan-Perez-Martin.jpg)\">\n        <div class=\"ps-image__content\">\n\t\t<h3>Eduard Teixidor<\/h3>\n        <div>Proyectos<\/div>\n        \t\t<\/div>\n\t<\/div>\n\t[\/vc_column][\/vc_row][vc_row][vc_column][vc_column_text]<\/p>\n<h2 style=\"text-align: center;\">Equipo art\u00edstico y de colaboradores<\/h2>\n<p>[\/vc_column_text][\/vc_column][\/vc_row][vc_row parallax=\u00bbcontent-moving\u00bb][vc_column width=\u00bb1\/3&#8243;]    <div class=\"ps-image\" style=\"background-image: url(https:\/\/www.malpelo.org\/wp-content\/uploads\/2020\/07\/LEO-CASTRO-MP-INV_026ok-hd\u00a9Tristan-Perez-Martin-scaled-e1595800654833.jpg)\">\n        <div class=\"ps-image__content\">\n\t\t<h3>Leo Castro<\/h3>\n        <div>Int\u00e9rprete y ayudante de direcci\u00f3n<\/div>\n                <a class=\"btn btn-outline-light mt-3\" href=\"https:\/\/www.malpelo.org\/es\/quienes-somos\/leo-castro\/\" title=\"+info\" target=\"_blank\">+info<\/a>\n        \t\t<\/div>\n\t<\/div>\n\t[\/vc_column][vc_column width=\u00bb1\/3&#8243;]    <div class=\"ps-image\" style=\"background-image: url(https:\/\/www.malpelo.org\/wp-content\/uploads\/2020\/07\/FEDERICA-PORELLO-MP-INV_035ok-hd\u00a9Tristan-Perez-Martin-copia-copia.jpg)\">\n        <div class=\"ps-image__content\">\n\t\t<h3>Federica Porello<\/h3>\n        <div>Int\u00e9rprete y ayudante de direcci\u00f3n<\/div>\n                <a class=\"btn btn-outline-light mt-3\" href=\"https:\/\/www.malpelo.org\/es\/quienes-somos\/federica-porello\/\" title=\"+info\" target=\"_blank\">+info<\/a>\n        \t\t<\/div>\n\t<\/div>\n\t[\/vc_column][vc_column width=\u00bb1\/3&#8243;]    <div class=\"ps-image\" style=\"background-image: url(https:\/\/www.malpelo.org\/wp-content\/uploads\/2020\/08\/ENRIC-IMG_20151011_133407.jpg)\">\n        <div class=\"ps-image__content\">\n\t\t<h3>Enric F\u00e0bregas<\/h3>\n        <div>Int\u00e9rprete<\/div>\n                <a class=\"btn btn-outline-light mt-3\" href=\"https:\/\/www.malpelo.org\/es\/quienes-somos\/enric-fabregas\/\" title=\"+info\" target=\"_blank\">+info<\/a>\n        \t\t<\/div>\n\t<\/div>\n\t[\/vc_column][\/vc_row][vc_row][vc_column width=\u00bb1\/3&#8243;]    <div class=\"ps-image\" style=\"background-image: url(https:\/\/www.malpelo.org\/wp-content\/uploads\/2020\/09\/IMG_3035-e1599074493463.jpeg)\">\n        <div class=\"ps-image__content\">\n\t\t<h3>Zoltan Vakulya<\/h3>\n        <div>Int\u00e9rprete<\/div>\n                <a class=\"btn btn-outline-light mt-3\" href=\"https:\/\/www.malpelo.org\/es\/quienes-somos\/zoltan-vakulya\/\" title=\"+info\" target=\"_blank\">+info<\/a>\n        \t\t<\/div>\n\t<\/div>\n\t[\/vc_column][vc_column width=\u00bb1\/3&#8243;]    <div class=\"ps-image\" style=\"background-image: url(https:\/\/www.malpelo.org\/wp-content\/uploads\/2020\/09\/IMG_0835-rotated-e1599074409142.jpg)\">\n        <div class=\"ps-image__content\">\n\t\t<h3>Fanny Thollot<\/h3>\n        <div>Creaci\u00f3n sonora<\/div>\n                <a class=\"btn btn-outline-light mt-3\" href=\"https:\/\/www.malpelo.org\/es\/quienes-somos\/fanny-thollot\/\" title=\"+info\" target=\"_blank\">+info<\/a>\n        \t\t<\/div>\n\t<\/div>\n\t[\/vc_column][vc_column width=\u00bb1\/3&#8243;]    <div class=\"ps-image\" style=\"background-image: url(https:\/\/www.malpelo.org\/wp-content\/uploads\/2020\/07\/AUGUST-VILADOMAT-AE-Bhum6_0245web\u220fTristan-Perez-Martin.jpg)\">\n        <div class=\"ps-image__content\">\n\t\t<h3>August Viladomat<\/h3>\n        <div>Iluminaci\u00f3n<\/div>\n                <a class=\"btn btn-outline-light mt-3\" href=\"https:\/\/www.malpelo.org\/es\/quienes-somos\/august-viladomat\/ \u200e\" title=\"+info\" target=\"_blank\">+info<\/a>\n        \t\t<\/div>\n\t<\/div>\n\t[\/vc_column][\/vc_row][vc_row][vc_column width=\u00bb1\/3&#8243;]    <div class=\"ps-image\" style=\"background-image: url(https:\/\/www.malpelo.org\/wp-content\/uploads\/2024\/01\/Luis_Marti\u0301-2-scaled.jpg)\">\n        <div class=\"ps-image__content\">\n\t\t<h3>Luis Mart\u00ed<\/h3>\n        <div>Iluminaci\u00f3n<\/div>\n        \t\t<\/div>\n\t<\/div>\n\t[\/vc_column][vc_column width=\u00bb1\/3&#8243;]    <div class=\"ps-image\" style=\"background-image: url(https:\/\/www.malpelo.org\/wp-content\/uploads\/2020\/07\/ANDREU-BRAMON.jpg)\">\n        <div class=\"ps-image__content\">\n\t\t<h3>Andreu Bram\u00f3n<\/h3>\n        <div>Sonido<\/div>\n                <a class=\"btn btn-outline-light mt-3\" href=\"\" title=\"+info\" target=\"\">+info<\/a>\n        \t\t<\/div>\n\t<\/div>\n\t[\/vc_column][vc_column width=\u00bb1\/3&#8243;]    <div class=\"ps-image\" style=\"background-image: url(https:\/\/www.malpelo.org\/wp-content\/uploads\/2020\/07\/JOEL-BARDOLET.jpg)\">\n        <div class=\"ps-image__content\">\n\t\t<h3>Joel Bardolet<\/h3>\n        <div>Director musical<\/div>\n                <a class=\"btn btn-outline-light mt-3\" href=\"https:\/\/www.malpelo.org\/es\/quienes-somos\/joel-bardolet\/ \u200e\" title=\"+info\" target=\"_blank\">+info<\/a>\n        \t\t<\/div>\n\t<\/div>\n\t[\/vc_column][\/vc_row][vc_row][vc_column width=\u00bb1\/3&#8243;]    <div class=\"ps-image\" style=\"background-image: url(https:\/\/www.malpelo.org\/wp-content\/uploads\/2020\/07\/QUITERIA-MU\u00d1OZ--e1595801131343.jpg)\">\n        <div class=\"ps-image__content\">\n\t\t<h3>Quiteria Mu\u00f1oz<\/h3>\n        <div>Direcci\u00f3n vocal<\/div>\n                <a class=\"btn btn-outline-light mt-3\" href=\"https:\/\/www.malpelo.org\/es\/quienes-somos\/quiteria-munoz\/\" title=\"+info\" target=\"_blank\">+info<\/a>\n        \t\t<\/div>\n\t<\/div>\n\t[\/vc_column][vc_column width=\u00bb1\/3&#8243;]    <div class=\"ps-image\" style=\"background-image: url(https:\/\/www.malpelo.org\/wp-content\/uploads\/2020\/12\/MIQUEL-FIOL-2.jpeg)\">\n        <div class=\"ps-image__content\">\n\t\t<h3>Miquel Fiol<\/h3>\n        <div>Bailar\u00edn<\/div>\n                <a class=\"btn btn-outline-light mt-3\" href=\"https:\/\/www.malpelo.org\/es\/quienes-somos\/miquel-fiol\/\" title=\"+info\" target=\"_blank\">+info<\/a>\n        \t\t<\/div>\n\t<\/div>\n\t[\/vc_column][vc_column width=\u00bb1\/3&#8243;]    <div class=\"ps-image\" style=\"background-image: url(https:\/\/www.malpelo.org\/wp-content\/uploads\/2021\/04\/Captura-de-pantalla-2021-04-08-a-las-11.53.11.png)\">\n        <div class=\"ps-image__content\">\n\t\t<h3>Ona Fust\u00e9<\/h3>\n        <div>Espacio esc\u00e9nico<\/div>\n                <a class=\"btn btn-outline-light mt-3\" href=\"https:\/\/www.malpelo.org\/es\/quienes-somos\/ona-fuste\/\" title=\"+info\" target=\"_blank\">+info<\/a>\n        \t\t<\/div>\n\t<\/div>\n\t[\/vc_column][\/vc_row][vc_row][vc_column width=\u00bb1\/3&#8243;]    <div class=\"ps-image\" style=\"background-image: url(https:\/\/www.malpelo.org\/wp-content\/uploads\/2020\/11\/DANI-CLARET-scaled.jpg)\">\n        <div class=\"ps-image__content\">\n\t\t<h3>Daniel Claret<\/h3>\n        <div>Cello<\/div>\n                <a class=\"btn btn-outline-light mt-3\" href=\"https:\/\/www.malpelo.org\/es\/quienes-somos\/daniel-claret\/ \u200e\" title=\"+info\" target=\"_blank\">+info<\/a>\n        \t\t<\/div>\n\t<\/div>\n\t[\/vc_column][vc_column width=\u00bb1\/3&#8243;]    <div class=\"ps-image\" style=\"background-image: url(https:\/\/www.malpelo.org\/wp-content\/uploads\/2020\/11\/MARIO-CORBER\u00c1N.jpe)\">\n        <div class=\"ps-image__content\">\n\t\t<h3>Mario Corber\u00e1n<\/h3>\n        <div>Tenor<\/div>\n                <a class=\"btn btn-outline-light mt-3\" href=\"https:\/\/www.malpelo.org\/es\/quienes-somos\/mario-corberan\/\" title=\"+info\" target=\"_blank\">+info<\/a>\n        \t\t<\/div>\n\t<\/div>\n\t[\/vc_column][vc_column width=\u00bb1\/3&#8243;]    <div class=\"ps-image\" style=\"background-image: url(https:\/\/www.malpelo.org\/wp-content\/uploads\/2020\/11\/JAUME-GURI.jpg)\">\n        <div class=\"ps-image__content\">\n\t\t<h3>Jaume Guri<\/h3>\n        <div>Viol\u00edn<\/div>\n                <a class=\"btn btn-outline-light mt-3\" href=\"https:\/\/www.malpelo.org\/es\/quienes-somos\/jaume-guri\/\" title=\"+info\" target=\"_blank\">+info<\/a>\n        \t\t<\/div>\n\t<\/div>\n\t[\/vc_column][\/vc_row][vc_row][vc_column width=\u00bb1\/3&#8243;]    <div class=\"ps-image\" style=\"background-image: url(https:\/\/www.malpelo.org\/wp-content\/uploads\/2020\/11\/DAVID-SAGASTUME-scaled.jpg)\">\n        <div class=\"ps-image__content\">\n\t\t<h3>David Sagastume<\/h3>\n        <div>Contratenor<\/div>\n                <a class=\"btn btn-outline-light mt-3\" href=\"https:\/\/www.malpelo.org\/es\/quienes-somos\/david-sagastume\/\" title=\"+info\" target=\"_blank\">+info<\/a>\n        \t\t<\/div>\n\t<\/div>\n\t[\/vc_column][vc_column width=\u00bb1\/3&#8243;]    <div class=\"ps-image\" style=\"background-image: url(https:\/\/www.malpelo.org\/wp-content\/uploads\/2020\/11\/MASHA-TITOVA-scaled.jpg)\">\n        <div class=\"ps-image__content\">\n\t\t<h3>Masha Titova<\/h3>\n        <div>Viola<\/div>\n                <a class=\"btn btn-outline-light mt-3\" href=\"https:\/\/www.malpelo.org\/es\/quienes-somos\/masha-titova\/\" title=\"+info\" target=\"_blank\">+info<\/a>\n        \t\t<\/div>\n\t<\/div>\n\t[\/vc_column][vc_column width=\u00bb1\/3&#8243;]    <div class=\"ps-image\" style=\"background-image: url(https:\/\/www.malpelo.org\/wp-content\/uploads\/2020\/11\/GIORGIO-CELENZA.jpg)\">\n        <div class=\"ps-image__content\">\n\t\t<h3>Giorgio Selenza<\/h3>\n        <div>Bajo<\/div>\n                <a class=\"btn btn-outline-light mt-3\" href=\"https:\/\/www.malpelo.org\/es\/quienes-somos\/giorgio-celenza\/\" title=\"+info\" target=\"_blank\">+info<\/a>\n        \t\t<\/div>\n\t<\/div>\n\t[\/vc_column][\/vc_row][vc_row][vc_column width=\u00bb1\/3&#8243;]    <div class=\"ps-image\" style=\"background-image: url(https:\/\/www.malpelo.org\/wp-content\/uploads\/2020\/11\/CARME-image001-copia.jpeg)\">\n        <div class=\"ps-image__content\">\n\t\t<h3>Carme Puigdevalliplant\u00e9s<\/h3>\n        <div>Dise\u00f1o y vestuario<\/div>\n                <a class=\"btn btn-outline-light mt-3\" href=\"\" title=\"+info\" target=\"\">+info<\/a>\n        \t\t<\/div>\n\t<\/div>\n\t[\/vc_column][vc_column width=\u00bb1\/3&#8243;]    <div class=\"ps-image\" style=\"background-image: url(https:\/\/www.malpelo.org\/wp-content\/uploads\/2020\/07\/JORDI-CASANOVAS-GetAttachment.aspx_3-copia-e1596014065526.jpg)\">\n        <div class=\"ps-image__content\">\n\t\t<h3>Jordi Casanovas<\/h3>\n        <div>Bailar\u00edn<\/div>\n                <a class=\"btn btn-outline-light mt-3\" href=\"\" title=\"+info\" target=\"\">+info<\/a>\n        \t\t<\/div>\n\t<\/div>\n\t[\/vc_column][vc_column width=\u00bb1\/3&#8243;]    <div class=\"ps-image\" style=\"background-image: url(https:\/\/www.malpelo.org\/wp-content\/uploads\/2020\/08\/KIKE-BLANCO-IMG_3259-e1597333445980.jpeg)\">\n        <div class=\"ps-image__content\">\n\t\t<h3>Kike Blanco<\/h3>\n        <div>Espacio esc\u00e9nico<\/div>\n                <a class=\"btn btn-outline-light mt-3\" href=\"\" title=\"+info\" target=\"\">+info<\/a>\n        \t\t<\/div>\n\t<\/div>\n\t[\/vc_column][\/vc_row][vc_row][vc_column width=\u00bb1\/3&#8243;]    <div class=\"ps-image\" style=\"background-image: url(https:\/\/www.malpelo.org\/wp-content\/uploads\/2020\/07\/XAVIER-P\u00c9REZ-e1595801193963.png)\">\n        <div class=\"ps-image__content\">\n\t\t<h3>Xavier P\u00e9rez<\/h3>\n        <div>V\u00eddeo<\/div>\n                <a class=\"btn btn-outline-light mt-3\" href=\"\" title=\"+info\" target=\"_blank\">+info<\/a>\n        \t\t<\/div>\n\t<\/div>\n\t[\/vc_column][vc_column width=\u00bb1\/3&#8243;]    <div class=\"ps-image\" style=\"background-image: url(https:\/\/www.malpelo.org\/wp-content\/uploads\/2024\/01\/Hugo-Bolivar.png)\">\n        <div class=\"ps-image__content\">\n\t\t<h3>Hugo Bolivar<\/h3>\n        <div>Contratenor<\/div>\n                <a class=\"btn btn-outline-light mt-3\" href=\"\" title=\"+info\" target=\"\">+info<\/a>\n        \t\t<\/div>\n\t<\/div>\n\t[\/vc_column][vc_column width=\u00bb1\/3&#8243;]    <div class=\"ps-image\" style=\"background-image: url(https:\/\/www.malpelo.org\/wp-content\/uploads\/2024\/02\/Bruno-A-6793556-1541284463-5249.jpg)\">\n        <div class=\"ps-image__content\">\n\t\t<h3>Bruno Hurtado<\/h3>\n        <div>Cello<\/div>\n                <a class=\"btn btn-outline-light mt-3\" href=\"\" title=\"+info\" target=\"\">+info<\/a>\n        \t\t<\/div>\n\t<\/div>\n\t[\/vc_column][\/vc_row][\/vc_section][vc_row][vc_column][vc_column_text]<\/p>\n<h3 style=\"text-align: center;\">Si quieres recibir las novedades sobre Mal Pelo, te puedes suscribir a nuestra newsletter<\/h3>\n<p>[mc4wp_form id=\u00bb647&#8243;][\/vc_column_text][\/vc_column][\/vc_row]<\/p>\n<\/div>","protected":false},"excerpt":{"rendered":"<p>[vc_section][vc_row][vc_column][vc_column_text]Mal Pelo, con codirecci\u00f3n art\u00edstica de Pep Ramis y Mar\u00eda Mu\u00f1oz, es un grupo de creaci\u00f3n esc\u00e9nica caracterizado por una autor\u00eda compartida que ha dado como resultado m\u00e1s de 30 espect\u00e1culos hasta el momento. Desde 1989, Mal Pelo ha desarrollado su propio lenguaje art\u00edstico a trav\u00e9s del movimiento y la creaci\u00f3n de dramaturgias que incluyen [&hellip;]<\/p>\n","protected":false},"author":1,"featured_media":0,"parent":0,"menu_order":0,"comment_status":"closed","ping_status":"closed","template":"","meta":{"_acf_changed":false,"footnotes":""},"class_list":["post-2531","page","type-page","status-publish","hentry"],"acf":[],"yoast_head":"<!-- This site is optimized with the Yoast SEO plugin v27.3 - https:\/\/yoast.com\/product\/yoast-seo-wordpress\/ -->\n<title>Qui\u00e9nes somos - Mal Pelo<\/title>\n<meta name=\"robots\" content=\"index, follow, max-snippet:-1, max-image-preview:large, max-video-preview:-1\" \/>\n<link rel=\"canonical\" href=\"https:\/\/www.malpelo.org\/es\/quienes-somos\/\" \/>\n<meta property=\"og:locale\" content=\"es_ES\" \/>\n<meta property=\"og:type\" content=\"article\" \/>\n<meta property=\"og:title\" content=\"Qui\u00e9nes somos - Mal Pelo\" \/>\n<meta property=\"og:description\" content=\"[vc_section][vc_row][vc_column][vc_column_text]Mal Pelo, con codirecci\u00f3n art\u00edstica de Pep Ramis y Mar\u00eda Mu\u00f1oz, es un grupo de creaci\u00f3n esc\u00e9nica caracterizado por una autor\u00eda compartida que ha dado como resultado m\u00e1s de 30 espect\u00e1culos hasta el momento. Desde 1989, Mal Pelo ha desarrollado su propio lenguaje art\u00edstico a trav\u00e9s del movimiento y la creaci\u00f3n de dramaturgias que incluyen [&hellip;]\" \/>\n<meta property=\"og:url\" content=\"https:\/\/www.malpelo.org\/es\/quienes-somos\/\" \/>\n<meta property=\"og:site_name\" content=\"Mal Pelo\" \/>\n<meta property=\"article:modified_time\" content=\"2024-02-23T14:08:01+00:00\" \/>\n<meta name=\"twitter:card\" content=\"summary_large_image\" \/>\n<meta name=\"twitter:label1\" content=\"Tiempo de lectura\" \/>\n\t<meta name=\"twitter:data1\" content=\"4 minutos\" \/>\n<script type=\"application\/ld+json\" class=\"yoast-schema-graph\">{\"@context\":\"https:\\\/\\\/schema.org\",\"@graph\":[{\"@type\":\"WebPage\",\"@id\":\"https:\\\/\\\/www.malpelo.org\\\/es\\\/quienes-somos\\\/\",\"url\":\"https:\\\/\\\/www.malpelo.org\\\/es\\\/quienes-somos\\\/\",\"name\":\"Qui\u00e9nes somos - Mal Pelo\",\"isPartOf\":{\"@id\":\"https:\\\/\\\/www.malpelo.org\\\/#website\"},\"datePublished\":\"2020-03-05T16:05:33+00:00\",\"dateModified\":\"2024-02-23T14:08:01+00:00\",\"breadcrumb\":{\"@id\":\"https:\\\/\\\/www.malpelo.org\\\/es\\\/quienes-somos\\\/#breadcrumb\"},\"inLanguage\":\"es\",\"potentialAction\":[{\"@type\":\"ReadAction\",\"target\":[\"https:\\\/\\\/www.malpelo.org\\\/es\\\/quienes-somos\\\/\"]}]},{\"@type\":\"BreadcrumbList\",\"@id\":\"https:\\\/\\\/www.malpelo.org\\\/es\\\/quienes-somos\\\/#breadcrumb\",\"itemListElement\":[{\"@type\":\"ListItem\",\"position\":1,\"name\":\"Inici\",\"item\":\"https:\\\/\\\/www.malpelo.org\\\/es\\\/\"},{\"@type\":\"ListItem\",\"position\":2,\"name\":\"Qui\u00e9nes somos\"}]},{\"@type\":\"WebSite\",\"@id\":\"https:\\\/\\\/www.malpelo.org\\\/#website\",\"url\":\"https:\\\/\\\/www.malpelo.org\\\/\",\"name\":\"Mal Pelo\",\"description\":\"Mal Pelo\",\"potentialAction\":[{\"@type\":\"SearchAction\",\"target\":{\"@type\":\"EntryPoint\",\"urlTemplate\":\"https:\\\/\\\/www.malpelo.org\\\/?s={search_term_string}\"},\"query-input\":{\"@type\":\"PropertyValueSpecification\",\"valueRequired\":true,\"valueName\":\"search_term_string\"}}],\"inLanguage\":\"es\"}]}<\/script>\n<!-- \/ Yoast SEO plugin. -->","yoast_head_json":{"title":"Qui\u00e9nes somos - Mal Pelo","robots":{"index":"index","follow":"follow","max-snippet":"max-snippet:-1","max-image-preview":"max-image-preview:large","max-video-preview":"max-video-preview:-1"},"canonical":"https:\/\/www.malpelo.org\/es\/quienes-somos\/","og_locale":"es_ES","og_type":"article","og_title":"Qui\u00e9nes somos - Mal Pelo","og_description":"[vc_section][vc_row][vc_column][vc_column_text]Mal Pelo, con codirecci\u00f3n art\u00edstica de Pep Ramis y Mar\u00eda Mu\u00f1oz, es un grupo de creaci\u00f3n esc\u00e9nica caracterizado por una autor\u00eda compartida que ha dado como resultado m\u00e1s de 30 espect\u00e1culos hasta el momento. Desde 1989, Mal Pelo ha desarrollado su propio lenguaje art\u00edstico a trav\u00e9s del movimiento y la creaci\u00f3n de dramaturgias que incluyen [&hellip;]","og_url":"https:\/\/www.malpelo.org\/es\/quienes-somos\/","og_site_name":"Mal Pelo","article_modified_time":"2024-02-23T14:08:01+00:00","twitter_card":"summary_large_image","twitter_misc":{"Tiempo de lectura":"4 minutos"},"schema":{"@context":"https:\/\/schema.org","@graph":[{"@type":"WebPage","@id":"https:\/\/www.malpelo.org\/es\/quienes-somos\/","url":"https:\/\/www.malpelo.org\/es\/quienes-somos\/","name":"Qui\u00e9nes somos - Mal Pelo","isPartOf":{"@id":"https:\/\/www.malpelo.org\/#website"},"datePublished":"2020-03-05T16:05:33+00:00","dateModified":"2024-02-23T14:08:01+00:00","breadcrumb":{"@id":"https:\/\/www.malpelo.org\/es\/quienes-somos\/#breadcrumb"},"inLanguage":"es","potentialAction":[{"@type":"ReadAction","target":["https:\/\/www.malpelo.org\/es\/quienes-somos\/"]}]},{"@type":"BreadcrumbList","@id":"https:\/\/www.malpelo.org\/es\/quienes-somos\/#breadcrumb","itemListElement":[{"@type":"ListItem","position":1,"name":"Inici","item":"https:\/\/www.malpelo.org\/es\/"},{"@type":"ListItem","position":2,"name":"Qui\u00e9nes somos"}]},{"@type":"WebSite","@id":"https:\/\/www.malpelo.org\/#website","url":"https:\/\/www.malpelo.org\/","name":"Mal Pelo","description":"Mal Pelo","potentialAction":[{"@type":"SearchAction","target":{"@type":"EntryPoint","urlTemplate":"https:\/\/www.malpelo.org\/?s={search_term_string}"},"query-input":{"@type":"PropertyValueSpecification","valueRequired":true,"valueName":"search_term_string"}}],"inLanguage":"es"}]}},"_links":{"self":[{"href":"https:\/\/www.malpelo.org\/es\/wp-json\/wp\/v2\/pages\/2531","targetHints":{"allow":["GET"]}}],"collection":[{"href":"https:\/\/www.malpelo.org\/es\/wp-json\/wp\/v2\/pages"}],"about":[{"href":"https:\/\/www.malpelo.org\/es\/wp-json\/wp\/v2\/types\/page"}],"author":[{"embeddable":true,"href":"https:\/\/www.malpelo.org\/es\/wp-json\/wp\/v2\/users\/1"}],"replies":[{"embeddable":true,"href":"https:\/\/www.malpelo.org\/es\/wp-json\/wp\/v2\/comments?post=2531"}],"version-history":[{"count":33,"href":"https:\/\/www.malpelo.org\/es\/wp-json\/wp\/v2\/pages\/2531\/revisions"}],"predecessor-version":[{"id":4118,"href":"https:\/\/www.malpelo.org\/es\/wp-json\/wp\/v2\/pages\/2531\/revisions\/4118"}],"wp:attachment":[{"href":"https:\/\/www.malpelo.org\/es\/wp-json\/wp\/v2\/media?parent=2531"}],"curies":[{"name":"wp","href":"https:\/\/api.w.org\/{rel}","templated":true}]}}