{"id":2522,"date":"2020-03-05T17:58:06","date_gmt":"2020-03-05T15:58:06","guid":{"rendered":"https:\/\/www.malpelo.org\/en-gira\/"},"modified":"2021-01-01T13:04:33","modified_gmt":"2021-01-01T11:04:33","slug":"en-gira","status":"publish","type":"page","link":"https:\/\/www.malpelo.org\/es\/en-gira\/","title":{"rendered":"En gira"},"content":{"rendered":"<div class=\"wpb-content-wrapper\"><p>[vc_section][vc_row][vc_column]    \n    \n        <!-- the list loop -->\n        <div class=\"shows-grid\">\n                    <a href=\"https:\/\/www.malpelo.org\/es\/show\/we\/\" title=\"WE\" class=\"show row align-items-center mb-4\">\n                <div class=\"show__image col-md-6\">\n                    <img loading=\"lazy\" decoding=\"async\" width=\"690\" height=\"400\" src=\"https:\/\/www.malpelo.org\/wp-content\/uploads\/2025\/03\/MP-WE_1566web\u00a9Tristan-Perez-Martin-690x400.jpg\" class=\"img-fluid mb-2 mb-md-0 wp-post-image\" alt=\"\" \/>                <\/div>\n                <div class=\"col-md-6\">\n                    <div class=\"show__content p-md-4\">\n                        <div class=\"show__subtitle\">NUEVA CREACI\u00d3N 2025<\/div>\n                        <h2>WE<\/h2>\n                        <div class=\"show__excerpt\"><p>&nbsp; \u00bfQu\u00e9 dejamos en la palma de nuestra mano para dar a las nuevas generaciones? WE, nosotros, \u00bfuna comunidad que nos define como individuos? Un sentido de pertenencia, \u00bfa d\u00f3nde? A trav\u00e9s de los tiempos y las generaciones nos seguimos preguntando por nuestra identidad, por nuestro lugar, por nuestro futuro.\u00a0 \u00bfNuestro?<\/p>\n<\/div>\n                        <span class=\"btn btn-outline-primary\" target=\"_blank\" download>+ Informaci\u00f3n<\/span>\n                    <\/div>\n                <\/div>\n            <\/a>\n                    <a href=\"https:\/\/www.malpelo.org\/es\/show\/orfeo-ed-euridice\/\" title=\"Orfeo ed Euridice\" class=\"show row align-items-center mb-4\">\n                <div class=\"show__image col-md-6\">\n                    <img loading=\"lazy\" decoding=\"async\" width=\"690\" height=\"400\" src=\"https:\/\/www.malpelo.org\/wp-content\/uploads\/2025\/12\/COMPO--690x400.jpg\" class=\"img-fluid mb-2 mb-md-0 wp-post-image\" alt=\"\" \/>                <\/div>\n                <div class=\"col-md-6\">\n                    <div class=\"show__content p-md-4\">\n                        <div class=\"show__subtitle\">NOVA CREACI\u00d3 2026<\/div>\n                        <h2>Orfeo ed Euridice<\/h2>\n                        <div class=\"show__excerpt\"><p>Por primera vez MAL PELO asume la direcci\u00f3n esc\u00e9nica y coreogr\u00e1fica de una \u00f3pera cl\u00e1sica: ORFEO ed EURIDICE de C.W. Gluck. En 2025, Jos\u00e9 Luis Rivero, director art\u00edstico del Auditorio de Tenerife, propone a Mar\u00eda Mu\u00f1oz y Pep Ramis asumir la direcci\u00f3n esc\u00e9nica y coreogr\u00e1fica de la \u00f3pera Orfeo y Eur\u00eddice, gui\u00e1ndose por el deseo [&hellip;]<\/p>\n<\/div>\n                        <span class=\"btn btn-outline-primary\" target=\"_blank\" download>+ Informaci\u00f3n<\/span>\n                    <\/div>\n                <\/div>\n            <\/a>\n                    <a href=\"https:\/\/www.malpelo.org\/es\/show\/double-infinite\/\" title=\"Double Infinite. The Bluebird Call\" class=\"show row align-items-center mb-4\">\n                <div class=\"show__image col-md-6\">\n                    <img loading=\"lazy\" decoding=\"async\" width=\"690\" height=\"400\" src=\"https:\/\/www.malpelo.org\/wp-content\/uploads\/2023\/02\/MP-TBCLAB_1289hdretoc\u00a9Tristan-Perez-Martin-copia-690x400.jpg\" class=\"img-fluid mb-2 mb-md-0 wp-post-image\" alt=\"\" \/>                <\/div>\n                <div class=\"col-md-6\">\n                    <div class=\"show__content p-md-4\">\n                        <div class=\"show__subtitle\">.<\/div>\n                        <h2>Double Infinite. The Bluebird Call<\/h2>\n                        <div class=\"show__excerpt\"><p>El nuevo dueto de Mar\u00eda Mu\u00f1oz y Pep Ramis se estructura en un tr\u00edptico, en el que pueden entrar en la intimidad de cada uno de los personajes. Se imaginan, se recuerdan, se buscan y se reencuentran al final para seguir pregunt\u00e1ndose por el p\u00e1jaro azul<\/p>\n<\/div>\n                        <span class=\"btn btn-outline-primary\" target=\"_blank\" download>+ Informaci\u00f3n<\/span>\n                    <\/div>\n                <\/div>\n            <\/a>\n                    <a href=\"https:\/\/www.malpelo.org\/es\/show\/bach\/\" title=\"Bach\" class=\"show row align-items-center mb-4\">\n                <div class=\"show__image col-md-6\">\n                    <img loading=\"lazy\" decoding=\"async\" width=\"690\" height=\"400\" src=\"https:\/\/www.malpelo.org\/wp-content\/uploads\/2020\/06\/BACH-2-4451-14-15x20-1-1024x669-2-690x400.jpg\" class=\"img-fluid mb-2 mb-md-0 wp-post-image\" alt=\"\" \/>                <\/div>\n                <div class=\"col-md-6\">\n                    <div class=\"show__content p-md-4\">\n                        <div class=\"show__subtitle\">Bach Project III<\/div>\n                        <h2>Bach<\/h2>\n                        <div class=\"show__excerpt\"><p>Un solo interpretado por Mar\u00eda Mu\u00f1oz o Federica Porello donde la m\u00fasica de Bach acompa\u00f1a el movimiento puro de las ballarinas.<\/p>\n<\/div>\n                        <span class=\"btn btn-outline-primary\" target=\"_blank\" download>+ Informaci\u00f3n<\/span>\n                    <\/div>\n                <\/div>\n            <\/a>\n                    <a href=\"https:\/\/www.malpelo.org\/es\/show\/inventions\/\" title=\"Inventions\" class=\"show row align-items-center mb-4\">\n                <div class=\"show__image col-md-6\">\n                    <img loading=\"lazy\" decoding=\"async\" width=\"690\" height=\"400\" src=\"https:\/\/www.malpelo.org\/wp-content\/uploads\/2020\/06\/LPH3383011-690x400.jpg\" class=\"img-fluid mb-2 mb-md-0 wp-post-image\" alt=\"\" \/>                <\/div>\n                <div class=\"col-md-6\">\n                    <div class=\"show__content p-md-4\">\n                        <div class=\"show__subtitle\">Bach Project III<\/div>\n                        <h2>Inventions<\/h2>\n                        <div class=\"show__excerpt\"><p>Un espect\u00e1culo coral con diecis\u00e9is int\u00e9rpretes en escena, ocho bailarines y ocho m\u00fasicos en la tercera pieza del Bach Project.<\/p>\n<\/div>\n                        <span class=\"btn btn-outline-primary\" target=\"_blank\" download>+ Informaci\u00f3n<\/span>\n                    <\/div>\n                <\/div>\n            <\/a>\n                    <a href=\"https:\/\/www.malpelo.org\/es\/show\/on-goldberg-variations-variations\/\" title=\"On Goldberg Variations\/Variations\" class=\"show row align-items-center mb-4\">\n                <div class=\"show__image col-md-6\">\n                    <img loading=\"lazy\" decoding=\"async\" width=\"690\" height=\"400\" src=\"https:\/\/www.malpelo.org\/wp-content\/uploads\/2020\/06\/MP-OGV_2179_Tristan-Perez-Martin-bin-690x400.jpg\" class=\"img-fluid mb-2 mb-md-0 wp-post-image\" alt=\"\" \/>                <\/div>\n                <div class=\"col-md-6\">\n                    <div class=\"show__content p-md-4\">\n                        <div class=\"show__subtitle\">Bach Project II<\/div>\n                        <h2>On Goldberg Variations\/Variations<\/h2>\n                        <div class=\"show__excerpt\"><p>La danza, la voz de John Berger, textos propios o las proyecciones se unen para construir esta aproximaci\u00f3n al universo de J.S. Bach.<\/p>\n<\/div>\n                        <span class=\"btn btn-outline-primary\" target=\"_blank\" download>+ Informaci\u00f3n<\/span>\n                    <\/div>\n                <\/div>\n            <\/a>\n                    <a href=\"https:\/\/www.malpelo.org\/es\/show\/the-mountain-the-truth-the-paradise\/\" title=\"THE MOUNTAIN, THE TRUTH &#038; THE PARADISE\" class=\"show row align-items-center mb-4\">\n                <div class=\"show__image col-md-6\">\n                    <img loading=\"lazy\" decoding=\"async\" width=\"690\" height=\"400\" src=\"https:\/\/www.malpelo.org\/wp-content\/uploads\/2020\/06\/MP-MTP_1154hd\u220fTristan-Perez-Martin-690x400.jpg\" class=\"img-fluid mb-2 mb-md-0 wp-post-image\" alt=\"\" \/>                <\/div>\n                <div class=\"col-md-6\">\n                    <div class=\"show__content p-md-4\">\n                        <div class=\"show__subtitle\">.<\/div>\n                        <h2>THE MOUNTAIN, THE TRUTH &#038; THE PARADISE<\/h2>\n                        <div class=\"show__excerpt\"><p>Pep Ramis presenta un solo en un espai blanc i nu on la precisi\u00f3 del gest i la veu s\u00f3n l&#8217;aposta fonamental en aquest viatge canviant, emocionant i ple d&#8217;est\u00ed\u00admuls.<\/p>\n<\/div>\n                        <span class=\"btn btn-outline-primary\" target=\"_blank\" download>+ Informaci\u00f3n<\/span>\n                    <\/div>\n                <\/div>\n            <\/a>\n                    <a href=\"https:\/\/www.malpelo.org\/es\/show\/de-haber-nacido\/\" title=\"De haber nacido\" class=\"show row align-items-center mb-4\">\n                <div class=\"show__image col-md-6\">\n                    <img loading=\"lazy\" decoding=\"async\" width=\"640\" height=\"394\" src=\"https:\/\/www.malpelo.org\/wp-content\/uploads\/2022\/11\/ojos.jpg\" class=\"img-fluid mb-2 mb-md-0 wp-post-image\" alt=\"\" srcset=\"https:\/\/www.malpelo.org\/wp-content\/uploads\/2022\/11\/ojos.jpg 640w, https:\/\/www.malpelo.org\/wp-content\/uploads\/2022\/11\/ojos-300x185.jpg 300w\" sizes=\"auto, (max-width: 640px) 100vw, 640px\" \/>                <\/div>\n                <div class=\"col-md-6\">\n                    <div class=\"show__content p-md-4\">\n                        <div class=\"show__subtitle\">Di\u00e1logo contempor\u00e1neo a partir de 'La vida es sue\u00f1o'<\/div>\n                        <h2>De haber nacido<\/h2>\n                        <div class=\"show__excerpt\"><p>A partir de una propuesta de La Compa\u00f1\u00eda Nacional de Teatro Cl\u00e1sico, Mal Pelo se acerca a \u00abLa vida es sue\u00f1o\u00bb de Calder\u00f3n de la Barca. Una aproximaci\u00f3n desde el lenguaje coreogr\u00e1fico al alma de Rosaura y sus paradojas.<\/p>\n<\/div>\n                        <span class=\"btn btn-outline-primary\" target=\"_blank\" download>+ Informaci\u00f3n<\/span>\n                    <\/div>\n                <\/div>\n            <\/a>\n                    <a href=\"https:\/\/www.malpelo.org\/es\/show\/highlands\/\" title=\"Highlands\" class=\"show row align-items-center mb-4\">\n                <div class=\"show__image col-md-6\">\n                    <img loading=\"lazy\" decoding=\"async\" width=\"690\" height=\"400\" src=\"https:\/\/www.malpelo.org\/wp-content\/uploads\/2020\/05\/MP-HL_2653web\u00a9Tristan-Perez-Martin-690x400.jpg\" class=\"img-fluid mb-2 mb-md-0 wp-post-image\" alt=\"\" \/>                <\/div>\n                <div class=\"col-md-6\">\n                    <div class=\"show__content p-md-4\">\n                        <div class=\"show__subtitle\">Bach Project IV <\/div>\n                        <h2>Highlands<\/h2>\n                        <div class=\"show__excerpt\"><p>Highlands es el espect\u00e1culo que cierra el Bach Project, una propuesta esc\u00e9nica en la que la m\u00fasica de J. S. Bach dialoga con el movimiento, el texto y el audiovisual.<\/p>\n<\/div>\n                        <span class=\"btn btn-outline-primary\" target=\"_blank\" download>+ Informaci\u00f3n<\/span>\n                    <\/div>\n                <\/div>\n            <\/a>\n                <!-- end of the loop -->\n        <\/div>\n                    \n    [\/vc_column][\/vc_row][\/vc_section]<\/p>\n<\/div>","protected":false},"excerpt":{"rendered":"<p>[vc_section][vc_row][vc_column][\/vc_column][\/vc_row][\/vc_section]<\/p>\n","protected":false},"author":1,"featured_media":0,"parent":0,"menu_order":0,"comment_status":"closed","ping_status":"closed","template":"","meta":{"_acf_changed":false,"footnotes":""},"class_list":["post-2522","page","type-page","status-publish","hentry"],"acf":[],"yoast_head":"<!-- This site is optimized with the Yoast SEO plugin v27.3 - https:\/\/yoast.com\/product\/yoast-seo-wordpress\/ -->\n<title>En gira - Mal Pelo<\/title>\n<meta name=\"robots\" content=\"index, follow, max-snippet:-1, max-image-preview:large, max-video-preview:-1\" \/>\n<link rel=\"canonical\" href=\"https:\/\/www.malpelo.org\/es\/en-gira\/\" \/>\n<meta property=\"og:locale\" content=\"es_ES\" \/>\n<meta property=\"og:type\" content=\"article\" \/>\n<meta property=\"og:title\" content=\"En gira - Mal Pelo\" \/>\n<meta property=\"og:description\" content=\"[vc_section][vc_row][vc_column][\/vc_column][\/vc_row][\/vc_section]\" \/>\n<meta property=\"og:url\" content=\"https:\/\/www.malpelo.org\/es\/en-gira\/\" \/>\n<meta property=\"og:site_name\" content=\"Mal Pelo\" \/>\n<meta property=\"article:modified_time\" content=\"2021-01-01T11:04:33+00:00\" \/>\n<meta name=\"twitter:card\" content=\"summary_large_image\" \/>\n<script type=\"application\/ld+json\" class=\"yoast-schema-graph\">{\"@context\":\"https:\\\/\\\/schema.org\",\"@graph\":[{\"@type\":\"WebPage\",\"@id\":\"https:\\\/\\\/www.malpelo.org\\\/es\\\/en-gira\\\/\",\"url\":\"https:\\\/\\\/www.malpelo.org\\\/es\\\/en-gira\\\/\",\"name\":\"En gira - Mal Pelo\",\"isPartOf\":{\"@id\":\"https:\\\/\\\/www.malpelo.org\\\/#website\"},\"datePublished\":\"2020-03-05T15:58:06+00:00\",\"dateModified\":\"2021-01-01T11:04:33+00:00\",\"breadcrumb\":{\"@id\":\"https:\\\/\\\/www.malpelo.org\\\/es\\\/en-gira\\\/#breadcrumb\"},\"inLanguage\":\"es\",\"potentialAction\":[{\"@type\":\"ReadAction\",\"target\":[\"https:\\\/\\\/www.malpelo.org\\\/es\\\/en-gira\\\/\"]}]},{\"@type\":\"BreadcrumbList\",\"@id\":\"https:\\\/\\\/www.malpelo.org\\\/es\\\/en-gira\\\/#breadcrumb\",\"itemListElement\":[{\"@type\":\"ListItem\",\"position\":1,\"name\":\"Inici\",\"item\":\"https:\\\/\\\/www.malpelo.org\\\/es\\\/\"},{\"@type\":\"ListItem\",\"position\":2,\"name\":\"En gira\"}]},{\"@type\":\"WebSite\",\"@id\":\"https:\\\/\\\/www.malpelo.org\\\/#website\",\"url\":\"https:\\\/\\\/www.malpelo.org\\\/\",\"name\":\"Mal Pelo\",\"description\":\"Mal Pelo\",\"potentialAction\":[{\"@type\":\"SearchAction\",\"target\":{\"@type\":\"EntryPoint\",\"urlTemplate\":\"https:\\\/\\\/www.malpelo.org\\\/?s={search_term_string}\"},\"query-input\":{\"@type\":\"PropertyValueSpecification\",\"valueRequired\":true,\"valueName\":\"search_term_string\"}}],\"inLanguage\":\"es\"}]}<\/script>\n<!-- \/ Yoast SEO plugin. -->","yoast_head_json":{"title":"En gira - Mal Pelo","robots":{"index":"index","follow":"follow","max-snippet":"max-snippet:-1","max-image-preview":"max-image-preview:large","max-video-preview":"max-video-preview:-1"},"canonical":"https:\/\/www.malpelo.org\/es\/en-gira\/","og_locale":"es_ES","og_type":"article","og_title":"En gira - Mal Pelo","og_description":"[vc_section][vc_row][vc_column][\/vc_column][\/vc_row][\/vc_section]","og_url":"https:\/\/www.malpelo.org\/es\/en-gira\/","og_site_name":"Mal Pelo","article_modified_time":"2021-01-01T11:04:33+00:00","twitter_card":"summary_large_image","schema":{"@context":"https:\/\/schema.org","@graph":[{"@type":"WebPage","@id":"https:\/\/www.malpelo.org\/es\/en-gira\/","url":"https:\/\/www.malpelo.org\/es\/en-gira\/","name":"En gira - Mal Pelo","isPartOf":{"@id":"https:\/\/www.malpelo.org\/#website"},"datePublished":"2020-03-05T15:58:06+00:00","dateModified":"2021-01-01T11:04:33+00:00","breadcrumb":{"@id":"https:\/\/www.malpelo.org\/es\/en-gira\/#breadcrumb"},"inLanguage":"es","potentialAction":[{"@type":"ReadAction","target":["https:\/\/www.malpelo.org\/es\/en-gira\/"]}]},{"@type":"BreadcrumbList","@id":"https:\/\/www.malpelo.org\/es\/en-gira\/#breadcrumb","itemListElement":[{"@type":"ListItem","position":1,"name":"Inici","item":"https:\/\/www.malpelo.org\/es\/"},{"@type":"ListItem","position":2,"name":"En gira"}]},{"@type":"WebSite","@id":"https:\/\/www.malpelo.org\/#website","url":"https:\/\/www.malpelo.org\/","name":"Mal Pelo","description":"Mal Pelo","potentialAction":[{"@type":"SearchAction","target":{"@type":"EntryPoint","urlTemplate":"https:\/\/www.malpelo.org\/?s={search_term_string}"},"query-input":{"@type":"PropertyValueSpecification","valueRequired":true,"valueName":"search_term_string"}}],"inLanguage":"es"}]}},"_links":{"self":[{"href":"https:\/\/www.malpelo.org\/es\/wp-json\/wp\/v2\/pages\/2522","targetHints":{"allow":["GET"]}}],"collection":[{"href":"https:\/\/www.malpelo.org\/es\/wp-json\/wp\/v2\/pages"}],"about":[{"href":"https:\/\/www.malpelo.org\/es\/wp-json\/wp\/v2\/types\/page"}],"author":[{"embeddable":true,"href":"https:\/\/www.malpelo.org\/es\/wp-json\/wp\/v2\/users\/1"}],"replies":[{"embeddable":true,"href":"https:\/\/www.malpelo.org\/es\/wp-json\/wp\/v2\/comments?post=2522"}],"version-history":[{"count":1,"href":"https:\/\/www.malpelo.org\/es\/wp-json\/wp\/v2\/pages\/2522\/revisions"}],"predecessor-version":[{"id":2523,"href":"https:\/\/www.malpelo.org\/es\/wp-json\/wp\/v2\/pages\/2522\/revisions\/2523"}],"wp:attachment":[{"href":"https:\/\/www.malpelo.org\/es\/wp-json\/wp\/v2\/media?parent=2522"}],"curies":[{"name":"wp","href":"https:\/\/api.w.org\/{rel}","templated":true}]}}