{"id":3774,"date":"2022-11-11T16:51:46","date_gmt":"2022-11-11T14:51:46","guid":{"rendered":"https:\/\/www.malpelo.org\/?page_id=3774"},"modified":"2022-11-11T16:57:18","modified_gmt":"2022-11-11T14:57:18","slug":"anso-raybaut-peres","status":"publish","type":"page","link":"https:\/\/www.malpelo.org\/en\/mal-pelo\/anso-raybaut-peres\/","title":{"rendered":"AnS\u00f3 Raybaut-P\u00e9r\u00e8s"},"content":{"rendered":"<p>French based in Barcelona since 2001, working in performing arts. Has a background in international relationships, setting up international tours, coordination of European projects for festivals, production and P.R (public relations) for short film festivals, theater, music, dance and big events and artistic curator for festivals. She began her career working in communication agencies and Events Agencies by the art and changed her focus on art and cultural issues. She speaks French, English, Spanish.<\/p>\n","protected":false},"excerpt":{"rendered":"<p>French based in Barcelona since 2001, working in performing arts. Has a background in international relationships, setting up international tours, coordination of European projects for festivals, production and P.R (public relations) for short film festivals, theater, music, dance and big events and artistic curator for festivals. She began her career working in communication agencies and [&hellip;]<\/p>\n","protected":false},"author":1,"featured_media":0,"parent":2787,"menu_order":0,"comment_status":"closed","ping_status":"closed","template":"","meta":{"_acf_changed":false,"footnotes":""},"class_list":["post-3774","page","type-page","status-publish","hentry"],"acf":[],"yoast_head":"<!-- This site is optimized with the Yoast SEO plugin v27.3 - https:\/\/yoast.com\/product\/yoast-seo-wordpress\/ -->\n<title>AnS\u00f3 Raybaut-P\u00e9r\u00e8s - Mal Pelo<\/title>\n<meta name=\"robots\" content=\"index, follow, max-snippet:-1, max-image-preview:large, max-video-preview:-1\" \/>\n<link rel=\"canonical\" href=\"https:\/\/www.malpelo.org\/en\/mal-pelo\/anso-raybaut-peres\/\" \/>\n<meta property=\"og:locale\" content=\"en_US\" \/>\n<meta property=\"og:type\" content=\"article\" \/>\n<meta property=\"og:title\" content=\"AnS\u00f3 Raybaut-P\u00e9r\u00e8s - Mal Pelo\" \/>\n<meta property=\"og:description\" content=\"French based in Barcelona since 2001, working in performing arts. Has a background in international relationships, setting up international tours, coordination of European projects for festivals, production and P.R (public relations) for short film festivals, theater, music, dance and big events and artistic curator for festivals. She began her career working in communication agencies and [&hellip;]\" \/>\n<meta property=\"og:url\" content=\"https:\/\/www.malpelo.org\/en\/mal-pelo\/anso-raybaut-peres\/\" \/>\n<meta property=\"og:site_name\" content=\"Mal Pelo\" \/>\n<meta property=\"article:modified_time\" content=\"2022-11-11T14:57:18+00:00\" \/>\n<meta name=\"twitter:card\" content=\"summary_large_image\" \/>\n<meta name=\"twitter:label1\" content=\"Est. reading time\" \/>\n\t<meta name=\"twitter:data1\" content=\"1 minute\" \/>\n<script type=\"application\/ld+json\" class=\"yoast-schema-graph\">{\"@context\":\"https:\\\/\\\/schema.org\",\"@graph\":[{\"@type\":\"WebPage\",\"@id\":\"https:\\\/\\\/www.malpelo.org\\\/en\\\/mal-pelo\\\/anso-raybaut-peres\\\/\",\"url\":\"https:\\\/\\\/www.malpelo.org\\\/en\\\/mal-pelo\\\/anso-raybaut-peres\\\/\",\"name\":\"AnS\u00f3 Raybaut-P\u00e9r\u00e8s - Mal Pelo\",\"isPartOf\":{\"@id\":\"https:\\\/\\\/www.malpelo.org\\\/#website\"},\"datePublished\":\"2022-11-11T14:51:46+00:00\",\"dateModified\":\"2022-11-11T14:57:18+00:00\",\"breadcrumb\":{\"@id\":\"https:\\\/\\\/www.malpelo.org\\\/en\\\/mal-pelo\\\/anso-raybaut-peres\\\/#breadcrumb\"},\"inLanguage\":\"en-US\",\"potentialAction\":[{\"@type\":\"ReadAction\",\"target\":[\"https:\\\/\\\/www.malpelo.org\\\/en\\\/mal-pelo\\\/anso-raybaut-peres\\\/\"]}]},{\"@type\":\"BreadcrumbList\",\"@id\":\"https:\\\/\\\/www.malpelo.org\\\/en\\\/mal-pelo\\\/anso-raybaut-peres\\\/#breadcrumb\",\"itemListElement\":[{\"@type\":\"ListItem\",\"position\":1,\"name\":\"Inici\",\"item\":\"https:\\\/\\\/www.malpelo.org\\\/en\\\/\"},{\"@type\":\"ListItem\",\"position\":2,\"name\":\"Mal Pelo\",\"item\":\"https:\\\/\\\/www.malpelo.org\\\/en\\\/mal-pelo\\\/\"},{\"@type\":\"ListItem\",\"position\":3,\"name\":\"AnS\u00f3 Raybaut-P\u00e9r\u00e8s\"}]},{\"@type\":\"WebSite\",\"@id\":\"https:\\\/\\\/www.malpelo.org\\\/#website\",\"url\":\"https:\\\/\\\/www.malpelo.org\\\/\",\"name\":\"Mal Pelo\",\"description\":\"Mal Pelo\",\"potentialAction\":[{\"@type\":\"SearchAction\",\"target\":{\"@type\":\"EntryPoint\",\"urlTemplate\":\"https:\\\/\\\/www.malpelo.org\\\/?s={search_term_string}\"},\"query-input\":{\"@type\":\"PropertyValueSpecification\",\"valueRequired\":true,\"valueName\":\"search_term_string\"}}],\"inLanguage\":\"en-US\"}]}<\/script>\n<!-- \/ Yoast SEO plugin. -->","yoast_head_json":{"title":"AnS\u00f3 Raybaut-P\u00e9r\u00e8s - Mal Pelo","robots":{"index":"index","follow":"follow","max-snippet":"max-snippet:-1","max-image-preview":"max-image-preview:large","max-video-preview":"max-video-preview:-1"},"canonical":"https:\/\/www.malpelo.org\/en\/mal-pelo\/anso-raybaut-peres\/","og_locale":"en_US","og_type":"article","og_title":"AnS\u00f3 Raybaut-P\u00e9r\u00e8s - Mal Pelo","og_description":"French based in Barcelona since 2001, working in performing arts. Has a background in international relationships, setting up international tours, coordination of European projects for festivals, production and P.R (public relations) for short film festivals, theater, music, dance and big events and artistic curator for festivals. She began her career working in communication agencies and [&hellip;]","og_url":"https:\/\/www.malpelo.org\/en\/mal-pelo\/anso-raybaut-peres\/","og_site_name":"Mal Pelo","article_modified_time":"2022-11-11T14:57:18+00:00","twitter_card":"summary_large_image","twitter_misc":{"Est. reading time":"1 minute"},"schema":{"@context":"https:\/\/schema.org","@graph":[{"@type":"WebPage","@id":"https:\/\/www.malpelo.org\/en\/mal-pelo\/anso-raybaut-peres\/","url":"https:\/\/www.malpelo.org\/en\/mal-pelo\/anso-raybaut-peres\/","name":"AnS\u00f3 Raybaut-P\u00e9r\u00e8s - Mal Pelo","isPartOf":{"@id":"https:\/\/www.malpelo.org\/#website"},"datePublished":"2022-11-11T14:51:46+00:00","dateModified":"2022-11-11T14:57:18+00:00","breadcrumb":{"@id":"https:\/\/www.malpelo.org\/en\/mal-pelo\/anso-raybaut-peres\/#breadcrumb"},"inLanguage":"en-US","potentialAction":[{"@type":"ReadAction","target":["https:\/\/www.malpelo.org\/en\/mal-pelo\/anso-raybaut-peres\/"]}]},{"@type":"BreadcrumbList","@id":"https:\/\/www.malpelo.org\/en\/mal-pelo\/anso-raybaut-peres\/#breadcrumb","itemListElement":[{"@type":"ListItem","position":1,"name":"Inici","item":"https:\/\/www.malpelo.org\/en\/"},{"@type":"ListItem","position":2,"name":"Mal Pelo","item":"https:\/\/www.malpelo.org\/en\/mal-pelo\/"},{"@type":"ListItem","position":3,"name":"AnS\u00f3 Raybaut-P\u00e9r\u00e8s"}]},{"@type":"WebSite","@id":"https:\/\/www.malpelo.org\/#website","url":"https:\/\/www.malpelo.org\/","name":"Mal Pelo","description":"Mal Pelo","potentialAction":[{"@type":"SearchAction","target":{"@type":"EntryPoint","urlTemplate":"https:\/\/www.malpelo.org\/?s={search_term_string}"},"query-input":{"@type":"PropertyValueSpecification","valueRequired":true,"valueName":"search_term_string"}}],"inLanguage":"en-US"}]}},"_links":{"self":[{"href":"https:\/\/www.malpelo.org\/en\/wp-json\/wp\/v2\/pages\/3774","targetHints":{"allow":["GET"]}}],"collection":[{"href":"https:\/\/www.malpelo.org\/en\/wp-json\/wp\/v2\/pages"}],"about":[{"href":"https:\/\/www.malpelo.org\/en\/wp-json\/wp\/v2\/types\/page"}],"author":[{"embeddable":true,"href":"https:\/\/www.malpelo.org\/en\/wp-json\/wp\/v2\/users\/1"}],"replies":[{"embeddable":true,"href":"https:\/\/www.malpelo.org\/en\/wp-json\/wp\/v2\/comments?post=3774"}],"version-history":[{"count":3,"href":"https:\/\/www.malpelo.org\/en\/wp-json\/wp\/v2\/pages\/3774\/revisions"}],"predecessor-version":[{"id":3782,"href":"https:\/\/www.malpelo.org\/en\/wp-json\/wp\/v2\/pages\/3774\/revisions\/3782"}],"up":[{"embeddable":true,"href":"https:\/\/www.malpelo.org\/en\/wp-json\/wp\/v2\/pages\/2787"}],"wp:attachment":[{"href":"https:\/\/www.malpelo.org\/en\/wp-json\/wp\/v2\/media?parent=3774"}],"curies":[{"name":"wp","href":"https:\/\/api.w.org\/{rel}","templated":true}]}}