{"id":2854,"date":"2021-02-09T20:29:18","date_gmt":"2021-02-09T18:29:18","guid":{"rendered":"https:\/\/www.malpelo.org\/?page_id=2854"},"modified":"2021-02-13T16:22:28","modified_gmt":"2021-02-13T14:22:28","slug":"pep-ramis","status":"publish","type":"page","link":"https:\/\/www.malpelo.org\/en\/mal-pelo\/pep-ramis\/","title":{"rendered":"Pep Ramis"},"content":{"rendered":"<div class=\"wpb-content-wrapper\"><p>[vc_section][vc_row][vc_column width=&#8221;2\/3&#8243;][vc_column_text]<\/p>\n<h3>Background<\/h3>\n<p>[\/vc_column_text][vc_column_text]<strong>Pep Ramis<\/strong> (Manacor) Born in Mallorca into a family of art and music lovers, he studied the cello, puppetry and singing. Since childhood, drawing has been part of his daily imaginative life. His interest in performance began in 1985, when he discovered that this brought together all his previous experience, with the body at its core. After working with La Dux formed by Maria Ant\u00f2nia Oliver and Mar\u00eda Mu\u00f1oz in 1986, in 1987 he took part in the piece Scirocco by Adriana Borriello, in Italy. In 1989, with Mar\u00eda Mu\u00f1oz, he founded the creation group Mal Pelo, building sets and installation spaces. He is now a performance director, dancer &#8211; performer and co-director of the creation centre L\u2019animal a l\u2019esquena in Celr\u00e0, Girona.<\/p>\n<p>[\/vc_column_text][\/vc_column][vc_column width=&#8221;1\/3&#8243;][vc_column_text]<\/p>\n<h3>Links<\/h3>\n<p>[\/vc_column_text][vc_btn title=&#8221;CV Pep Ramis&#8221; style=&#8221;classic&#8221; shape=&#8221;square&#8221; color=&#8221;black&#8221; i_align=&#8221;right&#8221; i_icon_fontawesome=&#8221;&#8221; add_icon=&#8221;true&#8221; link=&#8221;url:https%3A%2F%2Fwww.malpelo.org%2Fwp-content%2Fuploads%2F2021%2F02%2FENG_CV_PepRamis.pdf|||&#8221;][\/vc_column][\/vc_row][\/vc_section][vc_row][vc_column][vc_images_carousel images=&#8221;777,781,402,400,397,249&#8243; img_size=&#8221;800&#215;600&#8243; autoplay=&#8221;yes&#8221; wrap=&#8221;yes&#8221;][\/vc_column][\/vc_row]<\/p>\n<\/div>","protected":false},"excerpt":{"rendered":"<p>[vc_section][vc_row][vc_column width=&#8221;2\/3&#8243;][vc_column_text] Background [\/vc_column_text][vc_column_text]Pep Ramis (Manacor) Born in Mallorca into a family of art and music lovers, he studied the cello, puppetry and singing. Since childhood, drawing has been part of his daily imaginative life. His interest in performance began in 1985, when he discovered that this brought together all his previous experience, with the [&hellip;]<\/p>\n","protected":false},"author":1,"featured_media":865,"parent":2787,"menu_order":0,"comment_status":"closed","ping_status":"closed","template":"","meta":{"_acf_changed":false,"footnotes":""},"class_list":["post-2854","page","type-page","status-publish","hentry"],"acf":[],"yoast_head":"<!-- This site is optimized with the Yoast SEO plugin v27.4 - https:\/\/yoast.com\/product\/yoast-seo-wordpress\/ -->\n<title>Pep Ramis - Mal Pelo<\/title>\n<meta name=\"robots\" content=\"index, follow, max-snippet:-1, max-image-preview:large, max-video-preview:-1\" \/>\n<link rel=\"canonical\" href=\"https:\/\/www.malpelo.org\/en\/mal-pelo\/pep-ramis\/\" \/>\n<meta property=\"og:locale\" content=\"en_US\" \/>\n<meta property=\"og:type\" content=\"article\" \/>\n<meta property=\"og:title\" content=\"Pep Ramis - Mal Pelo\" \/>\n<meta property=\"og:description\" content=\"[vc_section][vc_row][vc_column width=&#8221;2\/3&#8243;][vc_column_text] Background [\/vc_column_text][vc_column_text]Pep Ramis (Manacor) Born in Mallorca into a family of art and music lovers, he studied the cello, puppetry and singing. Since childhood, drawing has been part of his daily imaginative life. His interest in performance began in 1985, when he discovered that this brought together all his previous experience, with the [&hellip;]\" \/>\n<meta property=\"og:url\" content=\"https:\/\/www.malpelo.org\/en\/mal-pelo\/pep-ramis\/\" \/>\n<meta property=\"og:site_name\" content=\"Mal Pelo\" \/>\n<meta property=\"article:modified_time\" content=\"2021-02-13T14:22:28+00:00\" \/>\n<meta property=\"og:image\" content=\"https:\/\/www.malpelo.org\/wp-content\/uploads\/2020\/04\/MP-MTP_0653hd\u220fTristan-Perez-Martin-scaled.jpg\" \/>\n\t<meta property=\"og:image:width\" content=\"2560\" \/>\n\t<meta property=\"og:image:height\" content=\"1707\" \/>\n\t<meta property=\"og:image:type\" content=\"image\/jpeg\" \/>\n<meta name=\"twitter:card\" content=\"summary_large_image\" \/>\n<meta name=\"twitter:label1\" content=\"Est. reading time\" \/>\n\t<meta name=\"twitter:data1\" content=\"1 minute\" \/>\n<script type=\"application\/ld+json\" class=\"yoast-schema-graph\">{\"@context\":\"https:\\\/\\\/schema.org\",\"@graph\":[{\"@type\":\"WebPage\",\"@id\":\"https:\\\/\\\/www.malpelo.org\\\/en\\\/mal-pelo\\\/pep-ramis\\\/\",\"url\":\"https:\\\/\\\/www.malpelo.org\\\/en\\\/mal-pelo\\\/pep-ramis\\\/\",\"name\":\"Pep Ramis - Mal Pelo\",\"isPartOf\":{\"@id\":\"https:\\\/\\\/www.malpelo.org\\\/#website\"},\"primaryImageOfPage\":{\"@id\":\"https:\\\/\\\/www.malpelo.org\\\/en\\\/mal-pelo\\\/pep-ramis\\\/#primaryimage\"},\"image\":{\"@id\":\"https:\\\/\\\/www.malpelo.org\\\/en\\\/mal-pelo\\\/pep-ramis\\\/#primaryimage\"},\"thumbnailUrl\":\"https:\\\/\\\/www.malpelo.org\\\/wp-content\\\/uploads\\\/2020\\\/04\\\/MP-MTP_0653hd\u220fTristan-Perez-Martin-scaled.jpg\",\"datePublished\":\"2021-02-09T18:29:18+00:00\",\"dateModified\":\"2021-02-13T14:22:28+00:00\",\"breadcrumb\":{\"@id\":\"https:\\\/\\\/www.malpelo.org\\\/en\\\/mal-pelo\\\/pep-ramis\\\/#breadcrumb\"},\"inLanguage\":\"en-US\",\"potentialAction\":[{\"@type\":\"ReadAction\",\"target\":[\"https:\\\/\\\/www.malpelo.org\\\/en\\\/mal-pelo\\\/pep-ramis\\\/\"]}]},{\"@type\":\"ImageObject\",\"inLanguage\":\"en-US\",\"@id\":\"https:\\\/\\\/www.malpelo.org\\\/en\\\/mal-pelo\\\/pep-ramis\\\/#primaryimage\",\"url\":\"https:\\\/\\\/www.malpelo.org\\\/wp-content\\\/uploads\\\/2020\\\/04\\\/MP-MTP_0653hd\u220fTristan-Perez-Martin-scaled.jpg\",\"contentUrl\":\"https:\\\/\\\/www.malpelo.org\\\/wp-content\\\/uploads\\\/2020\\\/04\\\/MP-MTP_0653hd\u220fTristan-Perez-Martin-scaled.jpg\",\"width\":2560,\"height\":1707,\"caption\":\"Pep Ramis (Mal Pelo) - The mountain, the truth and the paradise \u00a9Tristan Perez-Martin\"},{\"@type\":\"BreadcrumbList\",\"@id\":\"https:\\\/\\\/www.malpelo.org\\\/en\\\/mal-pelo\\\/pep-ramis\\\/#breadcrumb\",\"itemListElement\":[{\"@type\":\"ListItem\",\"position\":1,\"name\":\"Inici\",\"item\":\"https:\\\/\\\/www.malpelo.org\\\/en\\\/\"},{\"@type\":\"ListItem\",\"position\":2,\"name\":\"Mal Pelo\",\"item\":\"https:\\\/\\\/www.malpelo.org\\\/en\\\/mal-pelo\\\/\"},{\"@type\":\"ListItem\",\"position\":3,\"name\":\"Pep Ramis\"}]},{\"@type\":\"WebSite\",\"@id\":\"https:\\\/\\\/www.malpelo.org\\\/#website\",\"url\":\"https:\\\/\\\/www.malpelo.org\\\/\",\"name\":\"Mal Pelo\",\"description\":\"Mal Pelo\",\"potentialAction\":[{\"@type\":\"SearchAction\",\"target\":{\"@type\":\"EntryPoint\",\"urlTemplate\":\"https:\\\/\\\/www.malpelo.org\\\/?s={search_term_string}\"},\"query-input\":{\"@type\":\"PropertyValueSpecification\",\"valueRequired\":true,\"valueName\":\"search_term_string\"}}],\"inLanguage\":\"en-US\"}]}<\/script>\n<!-- \/ Yoast SEO plugin. -->","yoast_head_json":{"title":"Pep Ramis - Mal Pelo","robots":{"index":"index","follow":"follow","max-snippet":"max-snippet:-1","max-image-preview":"max-image-preview:large","max-video-preview":"max-video-preview:-1"},"canonical":"https:\/\/www.malpelo.org\/en\/mal-pelo\/pep-ramis\/","og_locale":"en_US","og_type":"article","og_title":"Pep Ramis - Mal Pelo","og_description":"[vc_section][vc_row][vc_column width=&#8221;2\/3&#8243;][vc_column_text] Background [\/vc_column_text][vc_column_text]Pep Ramis (Manacor) Born in Mallorca into a family of art and music lovers, he studied the cello, puppetry and singing. Since childhood, drawing has been part of his daily imaginative life. His interest in performance began in 1985, when he discovered that this brought together all his previous experience, with the [&hellip;]","og_url":"https:\/\/www.malpelo.org\/en\/mal-pelo\/pep-ramis\/","og_site_name":"Mal Pelo","article_modified_time":"2021-02-13T14:22:28+00:00","og_image":[{"width":2560,"height":1707,"url":"https:\/\/www.malpelo.org\/wp-content\/uploads\/2020\/04\/MP-MTP_0653hd\u220fTristan-Perez-Martin-scaled.jpg","type":"image\/jpeg"}],"twitter_card":"summary_large_image","twitter_misc":{"Est. reading time":"1 minute"},"schema":{"@context":"https:\/\/schema.org","@graph":[{"@type":"WebPage","@id":"https:\/\/www.malpelo.org\/en\/mal-pelo\/pep-ramis\/","url":"https:\/\/www.malpelo.org\/en\/mal-pelo\/pep-ramis\/","name":"Pep Ramis - Mal Pelo","isPartOf":{"@id":"https:\/\/www.malpelo.org\/#website"},"primaryImageOfPage":{"@id":"https:\/\/www.malpelo.org\/en\/mal-pelo\/pep-ramis\/#primaryimage"},"image":{"@id":"https:\/\/www.malpelo.org\/en\/mal-pelo\/pep-ramis\/#primaryimage"},"thumbnailUrl":"https:\/\/www.malpelo.org\/wp-content\/uploads\/2020\/04\/MP-MTP_0653hd\u220fTristan-Perez-Martin-scaled.jpg","datePublished":"2021-02-09T18:29:18+00:00","dateModified":"2021-02-13T14:22:28+00:00","breadcrumb":{"@id":"https:\/\/www.malpelo.org\/en\/mal-pelo\/pep-ramis\/#breadcrumb"},"inLanguage":"en-US","potentialAction":[{"@type":"ReadAction","target":["https:\/\/www.malpelo.org\/en\/mal-pelo\/pep-ramis\/"]}]},{"@type":"ImageObject","inLanguage":"en-US","@id":"https:\/\/www.malpelo.org\/en\/mal-pelo\/pep-ramis\/#primaryimage","url":"https:\/\/www.malpelo.org\/wp-content\/uploads\/2020\/04\/MP-MTP_0653hd\u220fTristan-Perez-Martin-scaled.jpg","contentUrl":"https:\/\/www.malpelo.org\/wp-content\/uploads\/2020\/04\/MP-MTP_0653hd\u220fTristan-Perez-Martin-scaled.jpg","width":2560,"height":1707,"caption":"Pep Ramis (Mal Pelo) - The mountain, the truth and the paradise \u00a9Tristan Perez-Martin"},{"@type":"BreadcrumbList","@id":"https:\/\/www.malpelo.org\/en\/mal-pelo\/pep-ramis\/#breadcrumb","itemListElement":[{"@type":"ListItem","position":1,"name":"Inici","item":"https:\/\/www.malpelo.org\/en\/"},{"@type":"ListItem","position":2,"name":"Mal Pelo","item":"https:\/\/www.malpelo.org\/en\/mal-pelo\/"},{"@type":"ListItem","position":3,"name":"Pep Ramis"}]},{"@type":"WebSite","@id":"https:\/\/www.malpelo.org\/#website","url":"https:\/\/www.malpelo.org\/","name":"Mal Pelo","description":"Mal Pelo","potentialAction":[{"@type":"SearchAction","target":{"@type":"EntryPoint","urlTemplate":"https:\/\/www.malpelo.org\/?s={search_term_string}"},"query-input":{"@type":"PropertyValueSpecification","valueRequired":true,"valueName":"search_term_string"}}],"inLanguage":"en-US"}]}},"_links":{"self":[{"href":"https:\/\/www.malpelo.org\/en\/wp-json\/wp\/v2\/pages\/2854","targetHints":{"allow":["GET"]}}],"collection":[{"href":"https:\/\/www.malpelo.org\/en\/wp-json\/wp\/v2\/pages"}],"about":[{"href":"https:\/\/www.malpelo.org\/en\/wp-json\/wp\/v2\/types\/page"}],"author":[{"embeddable":true,"href":"https:\/\/www.malpelo.org\/en\/wp-json\/wp\/v2\/users\/1"}],"replies":[{"embeddable":true,"href":"https:\/\/www.malpelo.org\/en\/wp-json\/wp\/v2\/comments?post=2854"}],"version-history":[{"count":6,"href":"https:\/\/www.malpelo.org\/en\/wp-json\/wp\/v2\/pages\/2854\/revisions"}],"predecessor-version":[{"id":2924,"href":"https:\/\/www.malpelo.org\/en\/wp-json\/wp\/v2\/pages\/2854\/revisions\/2924"}],"up":[{"embeddable":true,"href":"https:\/\/www.malpelo.org\/en\/wp-json\/wp\/v2\/pages\/2787"}],"wp:featuredmedia":[{"embeddable":true,"href":"https:\/\/www.malpelo.org\/en\/wp-json\/wp\/v2\/media\/865"}],"wp:attachment":[{"href":"https:\/\/www.malpelo.org\/en\/wp-json\/wp\/v2\/media?parent=2854"}],"curies":[{"name":"wp","href":"https:\/\/api.w.org\/{rel}","templated":true}]}}