{"id":2808,"date":"2021-02-11T17:19:59","date_gmt":"2021-02-11T15:19:59","guid":{"rendered":"https:\/\/www.malpelo.org\/?page_id=2808"},"modified":"2021-02-11T17:19:59","modified_gmt":"2021-02-11T15:19:59","slug":"on-tour","status":"publish","type":"page","link":"https:\/\/www.malpelo.org\/en\/on-tour\/","title":{"rendered":"On tour"},"content":{"rendered":"<div class=\"wpb-content-wrapper\"><p>[vc_section][vc_row][vc_column]    \n    \n        <!-- the list loop -->\n        <div class=\"shows-grid\">\n                    <a href=\"https:\/\/www.malpelo.org\/en\/show\/we\/\" title=\"WE\" class=\"show row align-items-center mb-4\">\n                <div class=\"show__image col-md-6\">\n                    <img loading=\"lazy\" decoding=\"async\" width=\"690\" height=\"400\" src=\"https:\/\/www.malpelo.org\/wp-content\/uploads\/2025\/03\/MP-WE_1566web\u00a9Tristan-Perez-Martin-690x400.jpg\" class=\"img-fluid mb-2 mb-md-0 wp-post-image\" alt=\"\" \/>                <\/div>\n                <div class=\"col-md-6\">\n                    <div class=\"show__content p-md-4\">\n                        <div class=\"show__subtitle\">2025 NEW CREATION <\/div>\n                        <h2>WE<\/h2>\n                        <div class=\"show__excerpt\"><p>&nbsp; What do we leave in the palm of our hand to give to new generations? WE, us, a community that defines us as individuals? A sense of belonging, where? Across time and generations we continue to ask ourselves about our identity, our place, our future. Ours?<\/p>\n<\/div>\n                        <span class=\"btn btn-outline-primary\" target=\"_blank\" download>+ Info<\/span>\n                    <\/div>\n                <\/div>\n            <\/a>\n                    <a href=\"https:\/\/www.malpelo.org\/en\/show\/double-infinite\/\" title=\"Double Infinite. The Bluebird Call\" class=\"show row align-items-center mb-4\">\n                <div class=\"show__image col-md-6\">\n                    <img loading=\"lazy\" decoding=\"async\" width=\"690\" height=\"400\" src=\"https:\/\/www.malpelo.org\/wp-content\/uploads\/2023\/02\/MP-TBCLAB_1289hdretoc\u00a9Tristan-Perez-Martin-copia-690x400.jpg\" class=\"img-fluid mb-2 mb-md-0 wp-post-image\" alt=\"\" \/>                <\/div>\n                <div class=\"col-md-6\">\n                    <div class=\"show__content p-md-4\">\n                        <div class=\"show__subtitle\">New project - 2023<\/div>\n                        <h2>Double Infinite. The Bluebird Call<\/h2>\n                        <div class=\"show__excerpt\"><p>The new duet by Mar\u00eda Mu\u00f1oz and Pep Ramis is estructured as a triptych, where we can enter into the intimacy of each of the characters. They imagine each others, remember each other, search for each other and meet again at the end to continue wondering about the blue bird.<\/p>\n<\/div>\n                        <span class=\"btn btn-outline-primary\" target=\"_blank\" download>+ Info<\/span>\n                    <\/div>\n                <\/div>\n            <\/a>\n                    <a href=\"https:\/\/www.malpelo.org\/en\/show\/bach\/\" title=\"Bach\" class=\"show row align-items-center mb-4\">\n                <div class=\"show__image col-md-6\">\n                    <img loading=\"lazy\" decoding=\"async\" width=\"690\" height=\"400\" src=\"https:\/\/www.malpelo.org\/wp-content\/uploads\/2020\/06\/BACH-2-4451-14-15x20-1-1024x669-2-e1603055267597-690x400.jpg\" class=\"img-fluid mb-2 mb-md-0 wp-post-image\" alt=\"\" \/>                <\/div>\n                <div class=\"col-md-6\">\n                    <div class=\"show__content p-md-4\">\n                        <div class=\"show__subtitle\">Bach Project I<\/div>\n                        <h2>Bach<\/h2>\n                        <div class=\"show__excerpt\"><p>Bach is presented as a study of movement, look, rhythm, breathing and presence in relation to musicality.<\/p>\n<\/div>\n                        <span class=\"btn btn-outline-primary\" target=\"_blank\" download>+ Info<\/span>\n                    <\/div>\n                <\/div>\n            <\/a>\n                    <a href=\"https:\/\/www.malpelo.org\/en\/show\/orfeo-ed-euridice\/\" title=\"Orfeo ed Euridice\" class=\"show row align-items-center mb-4\">\n                <div class=\"show__image col-md-6\">\n                    <img loading=\"lazy\" decoding=\"async\" width=\"690\" height=\"400\" src=\"https:\/\/www.malpelo.org\/wp-content\/uploads\/2025\/12\/COMPO--690x400.jpg\" class=\"img-fluid mb-2 mb-md-0 wp-post-image\" alt=\"\" \/>                <\/div>\n                <div class=\"col-md-6\">\n                    <div class=\"show__content p-md-4\">\n                        <div class=\"show__subtitle\">NEW CREATION 2026<\/div>\n                        <h2>Orfeo ed Euridice<\/h2>\n                        <div class=\"show__excerpt\"><p>For the first time, MAL PELO takes on the stage and choreographic direction of a classical opera: ORFEO ed EURIDICE by C. W. Gluck. In 2025, Jos\u00e9 Luis Rivero, Artistic Director of the Auditorio de Tenerife, invites Mar\u00eda Mu\u00f1oz and Pep Ramis to assume the stage and choreographic direction of the opera Orfeo and Euridice, [&hellip;]<\/p>\n<\/div>\n                        <span class=\"btn btn-outline-primary\" target=\"_blank\" download>+ Info<\/span>\n                    <\/div>\n                <\/div>\n            <\/a>\n                    <a href=\"https:\/\/www.malpelo.org\/en\/show\/inventions\/\" title=\"Inventions\" class=\"show row align-items-center mb-4\">\n                <div class=\"show__image col-md-6\">\n                    <img loading=\"lazy\" decoding=\"async\" width=\"690\" height=\"400\" src=\"https:\/\/www.malpelo.org\/wp-content\/uploads\/2020\/06\/LPH3383011-690x400.jpg\" class=\"img-fluid mb-2 mb-md-0 wp-post-image\" alt=\"\" \/>                <\/div>\n                <div class=\"col-md-6\">\n                    <div class=\"show__content p-md-4\">\n                        <div class=\"show__subtitle\">Bach Project III<\/div>\n                        <h2>Inventions<\/h2>\n                        <div class=\"show__excerpt\"><p>A choral show with sixteen performances on stage. Eight dancers and eight musicians in the third piece of the Bach Project.<\/p>\n<\/div>\n                        <span class=\"btn btn-outline-primary\" target=\"_blank\" download>+ Info<\/span>\n                    <\/div>\n                <\/div>\n            <\/a>\n                    <a href=\"https:\/\/www.malpelo.org\/en\/show\/on-goldberg-variations-variations\/\" title=\"On Goldberg Variations\/Variations\" class=\"show row align-items-center mb-4\">\n                <div class=\"show__image col-md-6\">\n                    <img loading=\"lazy\" decoding=\"async\" width=\"690\" height=\"400\" src=\"https:\/\/www.malpelo.org\/wp-content\/uploads\/2020\/06\/MP-OGV_2179_Tristan-Perez-Martin-bin-690x400.jpg\" class=\"img-fluid mb-2 mb-md-0 wp-post-image\" alt=\"\" \/>                <\/div>\n                <div class=\"col-md-6\">\n                    <div class=\"show__content p-md-4\">\n                        <div class=\"show__subtitle\">Bach Project II<\/div>\n                        <h2>On Goldberg Variations\/Variations<\/h2>\n                        <div class=\"show__excerpt\"><p>Dance, the voice of John Berger, our own texts or projections come together to make up this approach to the world of J.S. Bach.<\/p>\n<\/div>\n                        <span class=\"btn btn-outline-primary\" target=\"_blank\" download>+ Info<\/span>\n                    <\/div>\n                <\/div>\n            <\/a>\n                    <a href=\"https:\/\/www.malpelo.org\/en\/show\/highlands\/\" title=\"Highlands\" class=\"show row align-items-center mb-4\">\n                <div class=\"show__image col-md-6\">\n                    <img loading=\"lazy\" decoding=\"async\" width=\"690\" height=\"400\" src=\"https:\/\/www.malpelo.org\/wp-content\/uploads\/2020\/05\/MP-HL_2653web\u00a9Tristan-Perez-Martin-690x400.jpg\" class=\"img-fluid mb-2 mb-md-0 wp-post-image\" alt=\"\" \/>                <\/div>\n                <div class=\"col-md-6\">\n                    <div class=\"show__content p-md-4\">\n                        <div class=\"show__subtitle\">Bach Project IV <\/div>\n                        <h2>Highlands<\/h2>\n                        <div class=\"show__excerpt\"><p>Highlands is the show that closes the Bach Project, a scenic proposal where the J.S. Bach music dialogues with movement, text and audiovisuals.\u00a0<\/p>\n<\/div>\n                        <span class=\"btn btn-outline-primary\" target=\"_blank\" download>+ Info<\/span>\n                    <\/div>\n                <\/div>\n            <\/a>\n                    <a href=\"https:\/\/www.malpelo.org\/en\/show\/the-mountain\/\" title=\"THE MOUNTAIN, THE TRUTH &#038; THE PARADISE\" class=\"show row align-items-center mb-4\">\n                <div class=\"show__image col-md-6\">\n                    <img loading=\"lazy\" decoding=\"async\" width=\"690\" height=\"400\" src=\"https:\/\/www.malpelo.org\/wp-content\/uploads\/2020\/06\/MP-MTP_1154hd\u220fTristan-Perez-Martin-690x400.jpg\" class=\"img-fluid mb-2 mb-md-0 wp-post-image\" alt=\"\" \/>                <\/div>\n                <div class=\"col-md-6\">\n                    <div class=\"show__content p-md-4\">\n                        <div class=\"show__subtitle\">.<\/div>\n                        <h2>THE MOUNTAIN, THE TRUTH &#038; THE PARADISE<\/h2>\n                        <div class=\"show__excerpt\"><p>Pep Ramis\u2019s solo piece. A\u00a0journey full of variety, feeling and stimulation.<\/p>\n<\/div>\n                        <span class=\"btn btn-outline-primary\" target=\"_blank\" download>+ Info<\/span>\n                    <\/div>\n                <\/div>\n            <\/a>\n                    <a href=\"https:\/\/www.malpelo.org\/en\/show\/de-haber-nacido\/\" title=\"De haber nacido\" class=\"show row align-items-center mb-4\">\n                <div class=\"show__image col-md-6\">\n                    <img loading=\"lazy\" decoding=\"async\" width=\"640\" height=\"394\" src=\"https:\/\/www.malpelo.org\/wp-content\/uploads\/2022\/11\/ojos.jpg\" class=\"img-fluid mb-2 mb-md-0 wp-post-image\" alt=\"\" srcset=\"https:\/\/www.malpelo.org\/wp-content\/uploads\/2022\/11\/ojos.jpg 640w, https:\/\/www.malpelo.org\/wp-content\/uploads\/2022\/11\/ojos-300x185.jpg 300w\" sizes=\"auto, (max-width: 640px) 100vw, 640px\" \/>                <\/div>\n                <div class=\"col-md-6\">\n                    <div class=\"show__content p-md-4\">\n                        <div class=\"show__subtitle\">Contemporary dialogue based on 'La vida es sue\u00f1o'<\/div>\n                        <h2>De haber nacido<\/h2>\n                        <div class=\"show__excerpt\"><p>Based on the proposal of the Compa\u00f1\u00eda Nacional de Teatro Cl\u00e1sico, Mal Pelo approaches the play &#8220;La vida es sue\u00f1o&#8221; by Calder\u00f3n de la Barca. An approach from the choreographic journey to the soul of Rosaura and her paradoxes.<\/p>\n<\/div>\n                        <span class=\"btn btn-outline-primary\" target=\"_blank\" download>+ Info<\/span>\n                    <\/div>\n                <\/div>\n            <\/a>\n                <!-- end of the loop -->\n        <\/div>\n                    \n    [\/vc_column][\/vc_row][\/vc_section]<\/p>\n<\/div>","protected":false},"excerpt":{"rendered":"<p>[vc_section][vc_row][vc_column][\/vc_column][\/vc_row][\/vc_section]<\/p>\n","protected":false},"author":1,"featured_media":0,"parent":0,"menu_order":0,"comment_status":"closed","ping_status":"closed","template":"","meta":{"_acf_changed":false,"footnotes":""},"class_list":["post-2808","page","type-page","status-publish","hentry"],"acf":[],"yoast_head":"<!-- This site is optimized with the Yoast SEO plugin v27.3 - https:\/\/yoast.com\/product\/yoast-seo-wordpress\/ -->\n<title>On tour - Mal Pelo<\/title>\n<meta name=\"robots\" content=\"index, follow, max-snippet:-1, max-image-preview:large, max-video-preview:-1\" \/>\n<link rel=\"canonical\" href=\"https:\/\/www.malpelo.org\/en\/on-tour\/\" \/>\n<meta property=\"og:locale\" content=\"en_US\" \/>\n<meta property=\"og:type\" content=\"article\" \/>\n<meta property=\"og:title\" content=\"On tour - Mal Pelo\" \/>\n<meta property=\"og:description\" content=\"[vc_section][vc_row][vc_column][\/vc_column][\/vc_row][\/vc_section]\" \/>\n<meta property=\"og:url\" content=\"https:\/\/www.malpelo.org\/en\/on-tour\/\" \/>\n<meta property=\"og:site_name\" content=\"Mal Pelo\" \/>\n<meta name=\"twitter:card\" content=\"summary_large_image\" \/>\n<meta name=\"twitter:label1\" content=\"Est. reading time\" \/>\n\t<meta name=\"twitter:data1\" content=\"1 minute\" \/>\n<script type=\"application\/ld+json\" class=\"yoast-schema-graph\">{\"@context\":\"https:\\\/\\\/schema.org\",\"@graph\":[{\"@type\":\"WebPage\",\"@id\":\"https:\\\/\\\/www.malpelo.org\\\/en\\\/on-tour\\\/\",\"url\":\"https:\\\/\\\/www.malpelo.org\\\/en\\\/on-tour\\\/\",\"name\":\"On tour - Mal Pelo\",\"isPartOf\":{\"@id\":\"https:\\\/\\\/www.malpelo.org\\\/#website\"},\"datePublished\":\"2021-02-11T15:19:59+00:00\",\"breadcrumb\":{\"@id\":\"https:\\\/\\\/www.malpelo.org\\\/en\\\/on-tour\\\/#breadcrumb\"},\"inLanguage\":\"en-US\",\"potentialAction\":[{\"@type\":\"ReadAction\",\"target\":[\"https:\\\/\\\/www.malpelo.org\\\/en\\\/on-tour\\\/\"]}]},{\"@type\":\"BreadcrumbList\",\"@id\":\"https:\\\/\\\/www.malpelo.org\\\/en\\\/on-tour\\\/#breadcrumb\",\"itemListElement\":[{\"@type\":\"ListItem\",\"position\":1,\"name\":\"Inici\",\"item\":\"https:\\\/\\\/www.malpelo.org\\\/en\\\/\"},{\"@type\":\"ListItem\",\"position\":2,\"name\":\"On tour\"}]},{\"@type\":\"WebSite\",\"@id\":\"https:\\\/\\\/www.malpelo.org\\\/#website\",\"url\":\"https:\\\/\\\/www.malpelo.org\\\/\",\"name\":\"Mal Pelo\",\"description\":\"Mal Pelo\",\"potentialAction\":[{\"@type\":\"SearchAction\",\"target\":{\"@type\":\"EntryPoint\",\"urlTemplate\":\"https:\\\/\\\/www.malpelo.org\\\/?s={search_term_string}\"},\"query-input\":{\"@type\":\"PropertyValueSpecification\",\"valueRequired\":true,\"valueName\":\"search_term_string\"}}],\"inLanguage\":\"en-US\"}]}<\/script>\n<!-- \/ Yoast SEO plugin. -->","yoast_head_json":{"title":"On tour - Mal Pelo","robots":{"index":"index","follow":"follow","max-snippet":"max-snippet:-1","max-image-preview":"max-image-preview:large","max-video-preview":"max-video-preview:-1"},"canonical":"https:\/\/www.malpelo.org\/en\/on-tour\/","og_locale":"en_US","og_type":"article","og_title":"On tour - Mal Pelo","og_description":"[vc_section][vc_row][vc_column][\/vc_column][\/vc_row][\/vc_section]","og_url":"https:\/\/www.malpelo.org\/en\/on-tour\/","og_site_name":"Mal Pelo","twitter_card":"summary_large_image","twitter_misc":{"Est. reading time":"1 minute"},"schema":{"@context":"https:\/\/schema.org","@graph":[{"@type":"WebPage","@id":"https:\/\/www.malpelo.org\/en\/on-tour\/","url":"https:\/\/www.malpelo.org\/en\/on-tour\/","name":"On tour - Mal Pelo","isPartOf":{"@id":"https:\/\/www.malpelo.org\/#website"},"datePublished":"2021-02-11T15:19:59+00:00","breadcrumb":{"@id":"https:\/\/www.malpelo.org\/en\/on-tour\/#breadcrumb"},"inLanguage":"en-US","potentialAction":[{"@type":"ReadAction","target":["https:\/\/www.malpelo.org\/en\/on-tour\/"]}]},{"@type":"BreadcrumbList","@id":"https:\/\/www.malpelo.org\/en\/on-tour\/#breadcrumb","itemListElement":[{"@type":"ListItem","position":1,"name":"Inici","item":"https:\/\/www.malpelo.org\/en\/"},{"@type":"ListItem","position":2,"name":"On tour"}]},{"@type":"WebSite","@id":"https:\/\/www.malpelo.org\/#website","url":"https:\/\/www.malpelo.org\/","name":"Mal Pelo","description":"Mal Pelo","potentialAction":[{"@type":"SearchAction","target":{"@type":"EntryPoint","urlTemplate":"https:\/\/www.malpelo.org\/?s={search_term_string}"},"query-input":{"@type":"PropertyValueSpecification","valueRequired":true,"valueName":"search_term_string"}}],"inLanguage":"en-US"}]}},"_links":{"self":[{"href":"https:\/\/www.malpelo.org\/en\/wp-json\/wp\/v2\/pages\/2808","targetHints":{"allow":["GET"]}}],"collection":[{"href":"https:\/\/www.malpelo.org\/en\/wp-json\/wp\/v2\/pages"}],"about":[{"href":"https:\/\/www.malpelo.org\/en\/wp-json\/wp\/v2\/types\/page"}],"author":[{"embeddable":true,"href":"https:\/\/www.malpelo.org\/en\/wp-json\/wp\/v2\/users\/1"}],"replies":[{"embeddable":true,"href":"https:\/\/www.malpelo.org\/en\/wp-json\/wp\/v2\/comments?post=2808"}],"version-history":[{"count":1,"href":"https:\/\/www.malpelo.org\/en\/wp-json\/wp\/v2\/pages\/2808\/revisions"}],"predecessor-version":[{"id":2809,"href":"https:\/\/www.malpelo.org\/en\/wp-json\/wp\/v2\/pages\/2808\/revisions\/2809"}],"wp:attachment":[{"href":"https:\/\/www.malpelo.org\/en\/wp-json\/wp\/v2\/media?parent=2808"}],"curies":[{"name":"wp","href":"https:\/\/api.w.org\/{rel}","templated":true}]}}