{"id":2787,"date":"2021-02-09T20:17:05","date_gmt":"2021-02-09T18:17:05","guid":{"rendered":"https:\/\/www.malpelo.org\/?page_id=2787"},"modified":"2024-02-23T16:08:45","modified_gmt":"2024-02-23T14:08:45","slug":"mal-pelo","status":"publish","type":"page","link":"https:\/\/www.malpelo.org\/en\/mal-pelo\/","title":{"rendered":"Mal Pelo"},"content":{"rendered":"<div class=\"wpb-content-wrapper\"><p>[vc_section][vc_row][vc_column][vc_column_text]Mal Pelo, under its artistic co-directors Pep Ramis and Mar\u00eda Mu\u00f1oz, is a performance creation group whose joint authorship has so far produced over thirty pieces of work. Since 1989, Mal Pelo has developed its own artistic language through movement and compositions that include texts, original sound tracks, live music, set construction, lighting and video design among other tools for the stage.<\/p>\n<p>In performance and the creation of shows, Mar\u00eda Mu\u00f1oz and Pep Ramis have found the ideal place to channel their need to experiment, ask questions and share the themes that are vital to their work.<\/p>\n<p>Shared creation is a distinguishing element of the group. Throughout its career, Mal Pelo has collaborated on projects with artists such as John Berger, Erri de Luca, Lisa Nelson, \u00c0ngels Margarit, Steve Noble, Nuria Font, Steve Paxton, Eduard Fern\u00e1ndez, Andr\u00e9s Corchero, Toni Serra, Lilo Baur, Cesc Gelabert, Faustin Linyekula, Raffaella Giordano, Baro D\u2019Evel, Leonor Leal and Marta Izquierdo.<span class=\"Apple-converted-space\">\u00a0<\/span><\/p>\n<p><i>\u201cA continuous workshop on ellipsis, subtraction, absence, hope, provides the backbone of the whole poetic arc of Mal Pelo: their pieces are sleepless nights, the eve of something, fragile conjurings of a presence, motionless hunts.\u201d<\/i><\/p>\n<p><i>\u201cValues have nothing to do with our acquisitions, improvements, conquests, possessions. Our only truth is imperfection. Our history is made up of mistimings. The only value lies in the scar left by our losses. And because the essence of life is failure, someone was right to say that there is dignity in defeat that triumph will never know. Mountains are, when all is said and done, nothing but the scars of a planet that has lived.\u201d<\/i> Roberto Frattini on Mal Pelo.<\/p>\n<p>The company has received many awards for its work, including the Premi Nacional de Cultura de Catalunya (National Arts Prize of Catalonia), the Premi Ciutat de Barcelona (City of Barcelona Prize) and the Premio Nacional de Cultura (National Arts Prize) for its work both in choreographic creation and in opening up new paths in contemporary dance; Gold Medal from\u00a0La Academia de las Artes Esc\u00e9nicas de Espa\u00f1a (2022) and Premi Ciutat de Palma 2022 Margaluz de las Artes Esc\u00e9nicas.<\/p>\n<p>Mal Pelo is the driving force behind, and resident company at, <a href=\"https:\/\/lanimal.org\/\">L\u2019animal a l\u2019Esquena<\/a>, a creation centre located at Mas Espolla in Celr\u00e0 (Gerona), based around residencies and communication between artists and creators. This space, surrounded by woods, <span class=\"il\">fields<\/span>, olive groves and vineyards, is a crucible of curiosity, inspiration and enrichment for Mal Pelo, with its constant coming and going of creators and the synergies that arise from this.<span class=\"Apple-converted-space\">\u00a0<\/span>[\/vc_column_text][\/vc_column][\/vc_row][\/vc_section][vc_section][vc_row][vc_column][vc_column_text]<\/p>\n<h2 style=\"text-align: center;\">Directors<\/h2>\n<p>[\/vc_column_text][\/vc_column][\/vc_row][vc_row][vc_column width=&#8221;1\/3&#8243;]    <div class=\"ps-image\" style=\"background-image: url(https:\/\/www.malpelo.org\/wp-content\/uploads\/2020\/07\/PEP-RAMIS-MP-MTP_1594web\u220fTristan-Perez-Martin.jpg)\">\n        <div class=\"ps-image__content\">\n\t\t<h3>Pep Ramis<\/h3>\n        <div><\/div>\n                <a class=\"btn btn-outline-light mt-3\" href=\"https:\/\/www.malpelo.org\/en\/mal-pelo\/pep-ramis\/\" title=\"+info\" target=\"\">+info<\/a>\n        \t\t<\/div>\n\t<\/div>\n\t[\/vc_column][vc_column width=&#8221;1\/3&#8243;]    <div class=\"ps-image\" style=\"background-image: url(https:\/\/www.malpelo.org\/wp-content\/uploads\/2020\/07\/Maria_Mu\u00f1oz-e1595797864554.png)\">\n        <div class=\"ps-image__content\">\n\t\t<h3>Mar\u00eda Mu\u00f1oz<\/h3>\n        <div><\/div>\n                <a class=\"btn btn-outline-light mt-3\" href=\"https:\/\/www.malpelo.org\/en\/mal-pelo\/maria-munoz\/\" title=\"+info\" target=\"\">+info<\/a>\n        \t\t<\/div>\n\t<\/div>\n\t[\/vc_column][vc_column width=&#8221;1\/3&#8243;]    <div class=\"ps-image\" style=\"background-image: url(https:\/\/www.malpelo.org\/wp-content\/uploads\/2020\/10\/Photo\u00a9Jordi-Bover_0580.jpg)\">\n        <div class=\"ps-image__content\">\n\t\t<h3>Mal Pelo<\/h3>\n        <div><\/div>\n                <a class=\"btn btn-outline-light mt-3\" href=\"https:\/\/www.malpelo.org\/en\/mal-pelo-background\/\" title=\"+info\" target=\"\">+info<\/a>\n        \t\t<\/div>\n\t<\/div>\n\t[\/vc_column][\/vc_row][\/vc_section][vc_section][vc_row][vc_column][vc_column_text]<\/p>\n<h2 style=\"text-align: center;\">Office<\/h2>\n<p>[\/vc_column_text][\/vc_column][\/vc_row][vc_row][vc_column width=&#8221;1\/3&#8243;]    <div class=\"ps-image\" style=\"background-image: url(https:\/\/www.malpelo.org\/wp-content\/uploads\/2020\/07\/PHOTO-2020-03-10-09-08-35-e1599074203816.jpg)\">\n        <div class=\"ps-image__content\">\n\t\t<h3>Gemma Mass\u00f3<\/h3>\n        <div>Production<\/div>\n        \t\t<\/div>\n\t<\/div>\n\t[\/vc_column][vc_column width=&#8221;1\/3&#8243;]    <div class=\"ps-image\" style=\"background-image: url(https:\/\/www.malpelo.org\/wp-content\/uploads\/2023\/03\/IMG_20230323_132256.jpg)\">\n        <div class=\"ps-image__content\">\n\t\t<h3>Mamen Juan-Torres<\/h3>\n        <div>Production<\/div>\n        \t\t<\/div>\n\t<\/div>\n\t[\/vc_column][vc_column width=&#8221;1\/3&#8243;]    <div class=\"ps-image\" style=\"background-image: url(https:\/\/www.malpelo.org\/wp-content\/uploads\/2020\/07\/LEO-CASTRO-MP-INV_026ok-hd\u00a9Tristan-Perez-Martin-scaled-e1595800654833.jpg)\">\n        <div class=\"ps-image__content\">\n\t\t<h3>Leo Castro<\/h3>\n        <div>Audiovisual<\/div>\n        \t\t<\/div>\n\t<\/div>\n\t[\/vc_column][\/vc_row][vc_row][vc_column width=&#8221;1\/3&#8243;]    <div class=\"ps-image\" style=\"background-image: url(https:\/\/www.malpelo.org\/wp-content\/uploads\/2020\/11\/Foto_Ta\u00edna.png)\">\n        <div class=\"ps-image__content\">\n\t\t<h3>Ta\u00edna L\u00f3pez<\/h3>\n        <div>institutional projects<\/div>\n        \t\t<\/div>\n\t<\/div>\n\t[\/vc_column][vc_column width=&#8221;1\/3&#8243;]    <div class=\"ps-image\" style=\"background-image: url(https:\/\/www.malpelo.org\/wp-content\/uploads\/2022\/11\/WhatsApp-Image-2022-11-10-at-11.30.33.jpeg)\">\n        <div class=\"ps-image__content\">\n\t\t<h3>Ans\u00f3 Raybaut-P\u00e9r\u00e8s<\/h3>\n        <div>Booking<\/div>\n        \t\t<\/div>\n\t<\/div>\n\t[\/vc_column][vc_column width=&#8221;1\/3&#8243;]    <div class=\"ps-image\" style=\"background-image: url(https:\/\/www.malpelo.org\/wp-content\/uploads\/2020\/07\/EDUARD-TEIXIDOR-AE-Bhum6_0292web\u220fTristan-Perez-Martin.jpg)\">\n        <div class=\"ps-image__content\">\n\t\t<h3>Eduard Teixidor<\/h3>\n        <div>Projects<\/div>\n        \t\t<\/div>\n\t<\/div>\n\t[\/vc_column][\/vc_row][vc_row][vc_column][vc_column_text]<\/p>\n<h2 style=\"text-align: center;\">Artistic team and collaborators<\/h2>\n<p>[\/vc_column_text][\/vc_column][\/vc_row][vc_row parallax=&#8221;content-moving&#8221;][vc_column width=&#8221;1\/3&#8243;]    <div class=\"ps-image\" style=\"background-image: url(https:\/\/www.malpelo.org\/wp-content\/uploads\/2020\/07\/LEO-CASTRO-MP-INV_026ok-hd\u00a9Tristan-Perez-Martin-scaled-e1595800654833.jpg)\">\n        <div class=\"ps-image__content\">\n\t\t<h3>Leo Castro<\/h3>\n        <div>Performer and assitant director<\/div>\n        \t\t<\/div>\n\t<\/div>\n\t[\/vc_column][vc_column width=&#8221;1\/3&#8243;]    <div class=\"ps-image\" style=\"background-image: url(https:\/\/www.malpelo.org\/wp-content\/uploads\/2020\/07\/FEDERICA-PORELLO-MP-INV_035ok-hd\u00a9Tristan-Perez-Martin-copia-copia.jpg)\">\n        <div class=\"ps-image__content\">\n\t\t<h3>Federica Porello<\/h3>\n        <div>Performer and assitant director<\/div>\n        \t\t<\/div>\n\t<\/div>\n\t[\/vc_column][vc_column width=&#8221;1\/3&#8243;]    <div class=\"ps-image\" style=\"background-image: url(https:\/\/www.malpelo.org\/wp-content\/uploads\/2020\/08\/ENRIC-IMG_20151011_133407.jpg)\">\n        <div class=\"ps-image__content\">\n\t\t<h3>Enric Fabregas<\/h3>\n        <div>Performer<\/div>\n        \t\t<\/div>\n\t<\/div>\n\t[\/vc_column][\/vc_row][vc_row][vc_column width=&#8221;1\/3&#8243;]    <div class=\"ps-image\" style=\"background-image: url(https:\/\/www.malpelo.org\/wp-content\/uploads\/2020\/09\/IMG_3035-e1599074493463.jpeg)\">\n        <div class=\"ps-image__content\">\n\t\t<h3>Zoltan Vakulya<\/h3>\n        <div>Performer<\/div>\n        \t\t<\/div>\n\t<\/div>\n\t[\/vc_column][vc_column width=&#8221;1\/3&#8243;]    <div class=\"ps-image\" style=\"background-image: url(https:\/\/www.malpelo.org\/wp-content\/uploads\/2020\/07\/AUGUST-VILADOMAT-AE-Bhum6_0245web\u220fTristan-Perez-Martin.jpg)\">\n        <div class=\"ps-image__content\">\n\t\t<h3>August Viladomat<\/h3>\n        <div>Lighting<\/div>\n        \t\t<\/div>\n\t<\/div>\n\t[\/vc_column][vc_column width=&#8221;1\/3&#8243;]    <div class=\"ps-image\" style=\"background-image: url(https:\/\/www.malpelo.org\/wp-content\/uploads\/2020\/09\/IMG_0835-rotated-e1599074409142.jpg)\">\n        <div class=\"ps-image__content\">\n\t\t<h3>Fanny Thollot<\/h3>\n        <div>Sound Space<\/div>\n        \t\t<\/div>\n\t<\/div>\n\t[\/vc_column][\/vc_row][vc_row][vc_column width=&#8221;1\/3&#8243;]    <div class=\"ps-image\" style=\"background-image: url(https:\/\/www.malpelo.org\/wp-content\/uploads\/2024\/01\/Luis_Marti\u0301-2-scaled.jpg)\">\n        <div class=\"ps-image__content\">\n\t\t<h3>Luis Mart\u00ed<\/h3>\n        <div>Lighting<\/div>\n        \t\t<\/div>\n\t<\/div>\n\t[\/vc_column][vc_column width=&#8221;1\/3&#8243;]    <div class=\"ps-image\" style=\"background-image: url(https:\/\/www.malpelo.org\/wp-content\/uploads\/2020\/07\/ANDREU-BRAMON.jpg)\">\n        <div class=\"ps-image__content\">\n\t\t<h3>Andreu Bramon<\/h3>\n        <div>Sound technician<\/div>\n        \t\t<\/div>\n\t<\/div>\n\t[\/vc_column][vc_column width=&#8221;1\/3&#8243;]    <div class=\"ps-image\" style=\"background-image: url(https:\/\/www.malpelo.org\/wp-content\/uploads\/2020\/07\/JOEL-BARDOLET.jpg)\">\n        <div class=\"ps-image__content\">\n\t\t<h3>Joel Bardolet<\/h3>\n        <div>Music director and musician<\/div>\n        \t\t<\/div>\n\t<\/div>\n\t[\/vc_column][\/vc_row][vc_row][vc_column width=&#8221;1\/3&#8243;]    <div class=\"ps-image\" style=\"background-image: url(https:\/\/www.malpelo.org\/wp-content\/uploads\/2020\/07\/QUITERIA-MU\u00d1OZ--e1595801131343.jpg)\">\n        <div class=\"ps-image__content\">\n\t\t<h3>Quiteria Mu\u00f1oz<\/h3>\n        <div>Voice director and singer<\/div>\n        \t\t<\/div>\n\t<\/div>\n\t[\/vc_column][vc_column width=&#8221;1\/3&#8243;]    <div class=\"ps-image\" style=\"background-image: url(https:\/\/www.malpelo.org\/wp-content\/uploads\/2020\/12\/MIQUEL-FIOL-2.jpeg)\">\n        <div class=\"ps-image__content\">\n\t\t<h3>Miquel Fiol<\/h3>\n        <div>Dancer<\/div>\n        \t\t<\/div>\n\t<\/div>\n\t[\/vc_column][vc_column width=&#8221;1\/3&#8243;]    <div class=\"ps-image\" style=\"background-image: url(https:\/\/www.malpelo.org\/wp-content\/uploads\/2021\/04\/Captura-de-pantalla-2021-04-08-a-las-11.53.11.png)\">\n        <div class=\"ps-image__content\">\n\t\t<h3>Ona Fust\u00e9<\/h3>\n        <div>Dancer<\/div>\n        \t\t<\/div>\n\t<\/div>\n\t[\/vc_column][\/vc_row][vc_row][vc_column width=&#8221;1\/3&#8243;]    <div class=\"ps-image\" style=\"background-image: url(https:\/\/www.malpelo.org\/wp-content\/uploads\/2020\/11\/DANI-CLARET-scaled.jpg)\">\n        <div class=\"ps-image__content\">\n\t\t<h3>Daniel Claret<\/h3>\n        <div>Musician<\/div>\n        \t\t<\/div>\n\t<\/div>\n\t[\/vc_column][vc_column width=&#8221;1\/3&#8243;]    <div class=\"ps-image\" style=\"background-image: url(https:\/\/www.malpelo.org\/wp-content\/uploads\/2020\/11\/MARIO-CORBER\u00c1N.jpe)\">\n        <div class=\"ps-image__content\">\n\t\t<h3>Mario Corber\u00e1n<\/h3>\n        <div>Singer<\/div>\n        \t\t<\/div>\n\t<\/div>\n\t[\/vc_column][vc_column width=&#8221;1\/3&#8243;]    <div class=\"ps-image\" style=\"background-image: url(https:\/\/www.malpelo.org\/wp-content\/uploads\/2020\/11\/JAUME-GURI.jpg)\">\n        <div class=\"ps-image__content\">\n\t\t<h3>Jaume Guri<\/h3>\n        <div>Musician<\/div>\n        \t\t<\/div>\n\t<\/div>\n\t[\/vc_column][\/vc_row][vc_row][vc_column width=&#8221;1\/3&#8243;]    <div class=\"ps-image\" style=\"background-image: url(https:\/\/www.malpelo.org\/wp-content\/uploads\/2020\/11\/DAVID-SAGASTUME-scaled.jpg)\">\n        <div class=\"ps-image__content\">\n\t\t<h3>David Sagastume<\/h3>\n        <div>Singer<\/div>\n        \t\t<\/div>\n\t<\/div>\n\t[\/vc_column][vc_column width=&#8221;1\/3&#8243;]    <div class=\"ps-image\" style=\"background-image: url(https:\/\/www.malpelo.org\/wp-content\/uploads\/2020\/11\/MASHA-TITOVA-scaled.jpg)\">\n        <div class=\"ps-image__content\">\n\t\t<h3>Masha Titova<\/h3>\n        <div>Musician<\/div>\n        \t\t<\/div>\n\t<\/div>\n\t[\/vc_column][vc_column width=&#8221;1\/3&#8243;]    <div class=\"ps-image\" style=\"background-image: url(https:\/\/www.malpelo.org\/wp-content\/uploads\/2020\/11\/GIORGIO-CELENZA.jpg)\">\n        <div class=\"ps-image__content\">\n\t\t<h3>Giorgio Selenza<\/h3>\n        <div>Singer<\/div>\n        \t\t<\/div>\n\t<\/div>\n\t[\/vc_column][\/vc_row][vc_row][vc_column width=&#8221;1\/3&#8243;]    <div class=\"ps-image\" style=\"background-image: url(https:\/\/www.malpelo.org\/wp-content\/uploads\/2020\/11\/CARME-image001-copia.jpeg)\">\n        <div class=\"ps-image__content\">\n\t\t<h3>Carme Puigdevalliplant\u00e9s<\/h3>\n        <div>Wardrobe desing and production<\/div>\n        \t\t<\/div>\n\t<\/div>\n\t[\/vc_column][vc_column width=&#8221;1\/3&#8243;]    <div class=\"ps-image\" style=\"background-image: url(https:\/\/www.malpelo.org\/wp-content\/uploads\/2020\/07\/JORDI-CASANOVAS-GetAttachment.aspx_3-copia-e1596014065526.jpg)\">\n        <div class=\"ps-image__content\">\n\t\t<h3>Jordi Casanovas<\/h3>\n        <div>Dancer<\/div>\n        \t\t<\/div>\n\t<\/div>\n\t[\/vc_column][vc_column width=&#8221;1\/3&#8243;]    <div class=\"ps-image\" style=\"background-image: url(https:\/\/www.malpelo.org\/wp-content\/uploads\/2020\/08\/KIKE-BLANCO-IMG_3259-e1597333445980.jpeg)\">\n        <div class=\"ps-image__content\">\n\t\t<h3>Kike Blanco<\/h3>\n        <div>Desing and set construction<\/div>\n        \t\t<\/div>\n\t<\/div>\n\t[\/vc_column][\/vc_row][vc_row][vc_column width=&#8221;1\/3&#8243;]    <div class=\"ps-image\" style=\"background-image: url(https:\/\/www.malpelo.org\/wp-content\/uploads\/2020\/07\/XAVIER-P\u00c9REZ-e1595801193963.png)\">\n        <div class=\"ps-image__content\">\n\t\t<h3>Xavier P\u00e9rez<\/h3>\n        <div>Video<\/div>\n        \t\t<\/div>\n\t<\/div>\n\t[\/vc_column][vc_column width=&#8221;1\/3&#8243;]    <div class=\"ps-image\" style=\"background-image: url(https:\/\/www.malpelo.org\/wp-content\/uploads\/2024\/01\/Hugo-Bolivar.png)\">\n        <div class=\"ps-image__content\">\n\t\t<h3>Hugo Bolivar<\/h3>\n        <div>Singer<\/div>\n        \t\t<\/div>\n\t<\/div>\n\t[\/vc_column][vc_column width=&#8221;1\/3&#8243;]    <div class=\"ps-image\" style=\"background-image: url(https:\/\/www.malpelo.org\/wp-content\/uploads\/2024\/02\/Bruno-A-6793556-1541284463-5249.jpg)\">\n        <div class=\"ps-image__content\">\n\t\t<h3>Bruno Hurtado<\/h3>\n        <div>Musician<\/div>\n        \t\t<\/div>\n\t<\/div>\n\t[\/vc_column][\/vc_row][\/vc_section][vc_row][vc_column][vc_column_text]<\/p>\n<p style=\"text-align: center;\"><b>If you\u2019d like to receive news about Mal Pelo, please subscribe to our newsletter<\/b><\/p>\n<p>[mc4wp_form id=&#8221;647&#8243;][\/vc_column_text][\/vc_column][\/vc_row]<\/p>\n<\/div>","protected":false},"excerpt":{"rendered":"<p>[vc_section][vc_row][vc_column][vc_column_text]Mal Pelo, under its artistic co-directors Pep Ramis and Mar\u00eda Mu\u00f1oz, is a performance creation group whose joint authorship has so far produced over thirty pieces of work. Since 1989, Mal Pelo has developed its own artistic language through movement and compositions that include texts, original sound tracks, live music, set construction, lighting and video [&hellip;]<\/p>\n","protected":false},"author":1,"featured_media":0,"parent":0,"menu_order":0,"comment_status":"closed","ping_status":"closed","template":"","meta":{"_acf_changed":false,"footnotes":""},"class_list":["post-2787","page","type-page","status-publish","hentry"],"acf":[],"yoast_head":"<!-- This site is optimized with the Yoast SEO plugin v27.4 - https:\/\/yoast.com\/product\/yoast-seo-wordpress\/ -->\n<title>Mal Pelo - Mal Pelo<\/title>\n<meta name=\"robots\" content=\"index, follow, max-snippet:-1, max-image-preview:large, max-video-preview:-1\" \/>\n<link rel=\"canonical\" href=\"https:\/\/www.malpelo.org\/en\/mal-pelo\/\" \/>\n<meta property=\"og:locale\" content=\"en_US\" \/>\n<meta property=\"og:type\" content=\"article\" \/>\n<meta property=\"og:title\" content=\"Mal Pelo - Mal Pelo\" \/>\n<meta property=\"og:description\" content=\"[vc_section][vc_row][vc_column][vc_column_text]Mal Pelo, under its artistic co-directors Pep Ramis and Mar\u00eda Mu\u00f1oz, is a performance creation group whose joint authorship has so far produced over thirty pieces of work. Since 1989, Mal Pelo has developed its own artistic language through movement and compositions that include texts, original sound tracks, live music, set construction, lighting and video [&hellip;]\" \/>\n<meta property=\"og:url\" content=\"https:\/\/www.malpelo.org\/en\/mal-pelo\/\" \/>\n<meta property=\"og:site_name\" content=\"Mal Pelo\" \/>\n<meta property=\"article:modified_time\" content=\"2024-02-23T14:08:45+00:00\" \/>\n<meta name=\"twitter:card\" content=\"summary_large_image\" \/>\n<meta name=\"twitter:label1\" content=\"Est. reading time\" \/>\n\t<meta name=\"twitter:data1\" content=\"4 minutes\" \/>\n<script type=\"application\/ld+json\" class=\"yoast-schema-graph\">{\"@context\":\"https:\\\/\\\/schema.org\",\"@graph\":[{\"@type\":\"WebPage\",\"@id\":\"https:\\\/\\\/www.malpelo.org\\\/en\\\/mal-pelo\\\/\",\"url\":\"https:\\\/\\\/www.malpelo.org\\\/en\\\/mal-pelo\\\/\",\"name\":\"Mal Pelo - Mal Pelo\",\"isPartOf\":{\"@id\":\"https:\\\/\\\/www.malpelo.org\\\/#website\"},\"datePublished\":\"2021-02-09T18:17:05+00:00\",\"dateModified\":\"2024-02-23T14:08:45+00:00\",\"breadcrumb\":{\"@id\":\"https:\\\/\\\/www.malpelo.org\\\/en\\\/mal-pelo\\\/#breadcrumb\"},\"inLanguage\":\"en-US\",\"potentialAction\":[{\"@type\":\"ReadAction\",\"target\":[\"https:\\\/\\\/www.malpelo.org\\\/en\\\/mal-pelo\\\/\"]}]},{\"@type\":\"BreadcrumbList\",\"@id\":\"https:\\\/\\\/www.malpelo.org\\\/en\\\/mal-pelo\\\/#breadcrumb\",\"itemListElement\":[{\"@type\":\"ListItem\",\"position\":1,\"name\":\"Inici\",\"item\":\"https:\\\/\\\/www.malpelo.org\\\/en\\\/\"},{\"@type\":\"ListItem\",\"position\":2,\"name\":\"Mal Pelo\"}]},{\"@type\":\"WebSite\",\"@id\":\"https:\\\/\\\/www.malpelo.org\\\/#website\",\"url\":\"https:\\\/\\\/www.malpelo.org\\\/\",\"name\":\"Mal Pelo\",\"description\":\"Mal Pelo\",\"potentialAction\":[{\"@type\":\"SearchAction\",\"target\":{\"@type\":\"EntryPoint\",\"urlTemplate\":\"https:\\\/\\\/www.malpelo.org\\\/?s={search_term_string}\"},\"query-input\":{\"@type\":\"PropertyValueSpecification\",\"valueRequired\":true,\"valueName\":\"search_term_string\"}}],\"inLanguage\":\"en-US\"}]}<\/script>\n<!-- \/ Yoast SEO plugin. -->","yoast_head_json":{"title":"Mal Pelo - Mal Pelo","robots":{"index":"index","follow":"follow","max-snippet":"max-snippet:-1","max-image-preview":"max-image-preview:large","max-video-preview":"max-video-preview:-1"},"canonical":"https:\/\/www.malpelo.org\/en\/mal-pelo\/","og_locale":"en_US","og_type":"article","og_title":"Mal Pelo - Mal Pelo","og_description":"[vc_section][vc_row][vc_column][vc_column_text]Mal Pelo, under its artistic co-directors Pep Ramis and Mar\u00eda Mu\u00f1oz, is a performance creation group whose joint authorship has so far produced over thirty pieces of work. Since 1989, Mal Pelo has developed its own artistic language through movement and compositions that include texts, original sound tracks, live music, set construction, lighting and video [&hellip;]","og_url":"https:\/\/www.malpelo.org\/en\/mal-pelo\/","og_site_name":"Mal Pelo","article_modified_time":"2024-02-23T14:08:45+00:00","twitter_card":"summary_large_image","twitter_misc":{"Est. reading time":"4 minutes"},"schema":{"@context":"https:\/\/schema.org","@graph":[{"@type":"WebPage","@id":"https:\/\/www.malpelo.org\/en\/mal-pelo\/","url":"https:\/\/www.malpelo.org\/en\/mal-pelo\/","name":"Mal Pelo - Mal Pelo","isPartOf":{"@id":"https:\/\/www.malpelo.org\/#website"},"datePublished":"2021-02-09T18:17:05+00:00","dateModified":"2024-02-23T14:08:45+00:00","breadcrumb":{"@id":"https:\/\/www.malpelo.org\/en\/mal-pelo\/#breadcrumb"},"inLanguage":"en-US","potentialAction":[{"@type":"ReadAction","target":["https:\/\/www.malpelo.org\/en\/mal-pelo\/"]}]},{"@type":"BreadcrumbList","@id":"https:\/\/www.malpelo.org\/en\/mal-pelo\/#breadcrumb","itemListElement":[{"@type":"ListItem","position":1,"name":"Inici","item":"https:\/\/www.malpelo.org\/en\/"},{"@type":"ListItem","position":2,"name":"Mal Pelo"}]},{"@type":"WebSite","@id":"https:\/\/www.malpelo.org\/#website","url":"https:\/\/www.malpelo.org\/","name":"Mal Pelo","description":"Mal Pelo","potentialAction":[{"@type":"SearchAction","target":{"@type":"EntryPoint","urlTemplate":"https:\/\/www.malpelo.org\/?s={search_term_string}"},"query-input":{"@type":"PropertyValueSpecification","valueRequired":true,"valueName":"search_term_string"}}],"inLanguage":"en-US"}]}},"_links":{"self":[{"href":"https:\/\/www.malpelo.org\/en\/wp-json\/wp\/v2\/pages\/2787","targetHints":{"allow":["GET"]}}],"collection":[{"href":"https:\/\/www.malpelo.org\/en\/wp-json\/wp\/v2\/pages"}],"about":[{"href":"https:\/\/www.malpelo.org\/en\/wp-json\/wp\/v2\/types\/page"}],"author":[{"embeddable":true,"href":"https:\/\/www.malpelo.org\/en\/wp-json\/wp\/v2\/users\/1"}],"replies":[{"embeddable":true,"href":"https:\/\/www.malpelo.org\/en\/wp-json\/wp\/v2\/comments?post=2787"}],"version-history":[{"count":19,"href":"https:\/\/www.malpelo.org\/en\/wp-json\/wp\/v2\/pages\/2787\/revisions"}],"predecessor-version":[{"id":2900,"href":"https:\/\/www.malpelo.org\/en\/wp-json\/wp\/v2\/pages\/2787\/revisions\/2900"}],"wp:attachment":[{"href":"https:\/\/www.malpelo.org\/en\/wp-json\/wp\/v2\/media?parent=2787"}],"curies":[{"name":"wp","href":"https:\/\/api.w.org\/{rel}","templated":true}]}}