{"id":2774,"date":"2021-02-05T12:24:26","date_gmt":"2021-02-05T10:24:26","guid":{"rendered":"https:\/\/www.malpelo.org\/?page_id=2774"},"modified":"2025-03-24T14:31:36","modified_gmt":"2025-03-24T12:31:36","slug":"start","status":"publish","type":"page","link":"https:\/\/www.malpelo.org\/en\/","title":{"rendered":"Start"},"content":{"rendered":"<div class=\"wpb-content-wrapper\"><p>[vc_section css=&#8221;.vc_custom_1591262090652{padding-top: 3rem !important;padding-bottom: 3rem !important;background-color: #eeeeee !important;}&#8221;][vc_row][vc_column][vc_column_text]<\/p>\n<h2 style=\"text-align: center;\">Diary<\/h2>\n<p>[\/vc_column_text]    \n    <div class=\"events-list--single\" x-data=\"infiniteScroll('upcoming', '', 4)\">\n                                    <h2 class=\"text-center\">Upcoming dates<\/h2>\n                            <div class=\"events-list__items\">\n            <template x-for=\"item in items\">\n            \n                <div class=\"events-list__item text-center text-md-left\">\n                    <div class=\"event d-flex flex-column flex-md-row align-items-center justify-content-between\">\n                        <div class=\"event__date\">\n                            <div class=\"event__date__top\" x-text=\"item.date\"><\/div>\n                            <div class=\"event__date__bottom\" x-text=\"item.year\"><\/div>\n                        <\/div>\n                        <div class=\"event__data\">\n                            <h2 x-html=\"item.show\"><\/h2>\n                            <div class=\"d-flex flex-column flex-md-row\">\n                                <strong class=\"event__title mr-2\" x-html=\"item.title\"><\/strong>\n                                <div class=\"event__town\" x-html=\"item.town\"><\/div>\n                            <\/div>\n                        <\/div>\n                        <div class=\"event__tickets\" x-show=\"item.upcoming\">\n                            <a x-bind:href=\"item.tickets.link\" class=\"btn btn-outline-primary\" x-bind:title=\"item.tickets.label\" x-text=\"item.tickets.label\"><\/a>\n                        <\/div>\n                    <\/div>\n                <\/div>\n            <\/template>\n            <div class=\"text-center\" id=\"infinite-scroll-trigger\">\n                <span>Loading...<\/span>\n            <\/div>\n        <\/div>\n    <\/div>\n\n\n    [vc_btn title=&#8221;All&#8221; style=&#8221;flat&#8221; shape=&#8221;square&#8221; color=&#8221;black&#8221; align=&#8221;center&#8221; link=&#8221;url:https%3A%2F%2Fwww.malpelo.org%2Fagenda%2F|title:Agenda||&#8221;][\/vc_column][\/vc_row][vc_row][vc_column][vc_row_inner][vc_column_inner][vc_separator][\/vc_column_inner][\/vc_row_inner][\/vc_column][\/vc_row][vc_row][vc_column][vc_column_text][\/vc_column_text][\/vc_column][\/vc_row][vc_row][vc_column][vc_empty_space][\/vc_column][\/vc_row][\/vc_section][vc_section][vc_row][vc_column][vc_column_text]<\/p>\n<h2 style=\"text-align: center;\">Work on tour<\/h2>\n<p>[\/vc_column_text]    \n    \n        <!-- the list loop -->\n        <div class=\"shows-grid\">\n                    <a href=\"https:\/\/www.malpelo.org\/en\/show\/we\/\" title=\"WE\" class=\"show row align-items-center mb-4\">\n                <div class=\"show__image col-md-6\">\n                    <img loading=\"lazy\" decoding=\"async\" width=\"690\" height=\"400\" src=\"https:\/\/www.malpelo.org\/wp-content\/uploads\/2025\/03\/MP-WE_1566web\u00a9Tristan-Perez-Martin-690x400.jpg\" class=\"img-fluid mb-2 mb-md-0 wp-post-image\" alt=\"\" \/>                <\/div>\n                <div class=\"col-md-6\">\n                    <div class=\"show__content p-md-4\">\n                        <div class=\"show__subtitle\">2025 NEW CREATION <\/div>\n                        <h2>WE<\/h2>\n                        <div class=\"show__excerpt\"><p>&nbsp; What do we leave in the palm of our hand to give to new generations? WE, us, a community that defines us as individuals? A sense of belonging, where? Across time and generations we continue to ask ourselves about our identity, our place, our future. Ours?<\/p>\n<\/div>\n                        <span class=\"btn btn-outline-primary\" target=\"_blank\" download>+ Info<\/span>\n                    <\/div>\n                <\/div>\n            <\/a>\n                    <a href=\"https:\/\/www.malpelo.org\/en\/show\/orfeo-ed-euridice\/\" title=\"Orfeo ed Euridice\" class=\"show row align-items-center mb-4\">\n                <div class=\"show__image col-md-6\">\n                    <img loading=\"lazy\" decoding=\"async\" width=\"690\" height=\"400\" src=\"https:\/\/www.malpelo.org\/wp-content\/uploads\/2025\/12\/COMPO--690x400.jpg\" class=\"img-fluid mb-2 mb-md-0 wp-post-image\" alt=\"\" \/>                <\/div>\n                <div class=\"col-md-6\">\n                    <div class=\"show__content p-md-4\">\n                        <div class=\"show__subtitle\">NEW CREATION 2026<\/div>\n                        <h2>Orfeo ed Euridice<\/h2>\n                        <div class=\"show__excerpt\"><p>For the first time, MAL PELO takes on the stage and choreographic direction of a classical opera: ORFEO ed EURIDICE by C. W. Gluck. In 2025, Jos\u00e9 Luis Rivero, Artistic Director of the Auditorio de Tenerife, invites Mar\u00eda Mu\u00f1oz and Pep Ramis to assume the stage and choreographic direction of the opera Orfeo and Euridice, [&hellip;]<\/p>\n<\/div>\n                        <span class=\"btn btn-outline-primary\" target=\"_blank\" download>+ Info<\/span>\n                    <\/div>\n                <\/div>\n            <\/a>\n                    <a href=\"https:\/\/www.malpelo.org\/en\/show\/double-infinite\/\" title=\"Double Infinite. The Bluebird Call\" class=\"show row align-items-center mb-4\">\n                <div class=\"show__image col-md-6\">\n                    <img loading=\"lazy\" decoding=\"async\" width=\"690\" height=\"400\" src=\"https:\/\/www.malpelo.org\/wp-content\/uploads\/2023\/02\/MP-TBCLAB_1289hdretoc\u00a9Tristan-Perez-Martin-copia-690x400.jpg\" class=\"img-fluid mb-2 mb-md-0 wp-post-image\" alt=\"\" \/>                <\/div>\n                <div class=\"col-md-6\">\n                    <div class=\"show__content p-md-4\">\n                        <div class=\"show__subtitle\">New project - 2023<\/div>\n                        <h2>Double Infinite. The Bluebird Call<\/h2>\n                        <div class=\"show__excerpt\"><p>The new duet by Mar\u00eda Mu\u00f1oz and Pep Ramis is estructured as a triptych, where we can enter into the intimacy of each of the characters. They imagine each others, remember each other, search for each other and meet again at the end to continue wondering about the blue bird.<\/p>\n<\/div>\n                        <span class=\"btn btn-outline-primary\" target=\"_blank\" download>+ Info<\/span>\n                    <\/div>\n                <\/div>\n            <\/a>\n                    <a href=\"https:\/\/www.malpelo.org\/en\/show\/bach\/\" title=\"Bach\" class=\"show row align-items-center mb-4\">\n                <div class=\"show__image col-md-6\">\n                    <img loading=\"lazy\" decoding=\"async\" width=\"690\" height=\"400\" src=\"https:\/\/www.malpelo.org\/wp-content\/uploads\/2020\/06\/BACH-2-4451-14-15x20-1-1024x669-2-e1603055267597-690x400.jpg\" class=\"img-fluid mb-2 mb-md-0 wp-post-image\" alt=\"\" \/>                <\/div>\n                <div class=\"col-md-6\">\n                    <div class=\"show__content p-md-4\">\n                        <div class=\"show__subtitle\">Bach Project I<\/div>\n                        <h2>Bach<\/h2>\n                        <div class=\"show__excerpt\"><p>Bach is presented as a study of movement, look, rhythm, breathing and presence in relation to musicality.<\/p>\n<\/div>\n                        <span class=\"btn btn-outline-primary\" target=\"_blank\" download>+ Info<\/span>\n                    <\/div>\n                <\/div>\n            <\/a>\n                    <a href=\"https:\/\/www.malpelo.org\/en\/show\/inventions\/\" title=\"Inventions\" class=\"show row align-items-center mb-4\">\n                <div class=\"show__image col-md-6\">\n                    <img loading=\"lazy\" decoding=\"async\" width=\"690\" height=\"400\" src=\"https:\/\/www.malpelo.org\/wp-content\/uploads\/2020\/06\/LPH3383011-690x400.jpg\" class=\"img-fluid mb-2 mb-md-0 wp-post-image\" alt=\"\" \/>                <\/div>\n                <div class=\"col-md-6\">\n                    <div class=\"show__content p-md-4\">\n                        <div class=\"show__subtitle\">Bach Project III<\/div>\n                        <h2>Inventions<\/h2>\n                        <div class=\"show__excerpt\"><p>A choral show with sixteen performances on stage. Eight dancers and eight musicians in the third piece of the Bach Project.<\/p>\n<\/div>\n                        <span class=\"btn btn-outline-primary\" target=\"_blank\" download>+ Info<\/span>\n                    <\/div>\n                <\/div>\n            <\/a>\n                    <a href=\"https:\/\/www.malpelo.org\/en\/show\/on-goldberg-variations-variations\/\" title=\"On Goldberg Variations\/Variations\" class=\"show row align-items-center mb-4\">\n                <div class=\"show__image col-md-6\">\n                    <img loading=\"lazy\" decoding=\"async\" width=\"690\" height=\"400\" src=\"https:\/\/www.malpelo.org\/wp-content\/uploads\/2020\/06\/MP-OGV_2179_Tristan-Perez-Martin-bin-690x400.jpg\" class=\"img-fluid mb-2 mb-md-0 wp-post-image\" alt=\"\" \/>                <\/div>\n                <div class=\"col-md-6\">\n                    <div class=\"show__content p-md-4\">\n                        <div class=\"show__subtitle\">Bach Project II<\/div>\n                        <h2>On Goldberg Variations\/Variations<\/h2>\n                        <div class=\"show__excerpt\"><p>Dance, the voice of John Berger, our own texts or projections come together to make up this approach to the world of J.S. Bach.<\/p>\n<\/div>\n                        <span class=\"btn btn-outline-primary\" target=\"_blank\" download>+ Info<\/span>\n                    <\/div>\n                <\/div>\n            <\/a>\n                    <a href=\"https:\/\/www.malpelo.org\/en\/show\/highlands\/\" title=\"Highlands\" class=\"show row align-items-center mb-4\">\n                <div class=\"show__image col-md-6\">\n                    <img loading=\"lazy\" decoding=\"async\" width=\"690\" height=\"400\" src=\"https:\/\/www.malpelo.org\/wp-content\/uploads\/2020\/05\/MP-HL_2653web\u00a9Tristan-Perez-Martin-690x400.jpg\" class=\"img-fluid mb-2 mb-md-0 wp-post-image\" alt=\"\" \/>                <\/div>\n                <div class=\"col-md-6\">\n                    <div class=\"show__content p-md-4\">\n                        <div class=\"show__subtitle\">Bach Project IV <\/div>\n                        <h2>Highlands<\/h2>\n                        <div class=\"show__excerpt\"><p>Highlands is the show that closes the Bach Project, a scenic proposal where the J.S. Bach music dialogues with movement, text and audiovisuals.\u00a0<\/p>\n<\/div>\n                        <span class=\"btn btn-outline-primary\" target=\"_blank\" download>+ Info<\/span>\n                    <\/div>\n                <\/div>\n            <\/a>\n                    <a href=\"https:\/\/www.malpelo.org\/en\/show\/the-mountain\/\" title=\"THE MOUNTAIN, THE TRUTH &#038; THE PARADISE\" class=\"show row align-items-center mb-4\">\n                <div class=\"show__image col-md-6\">\n                    <img loading=\"lazy\" decoding=\"async\" width=\"690\" height=\"400\" src=\"https:\/\/www.malpelo.org\/wp-content\/uploads\/2020\/06\/MP-MTP_1154hd\u220fTristan-Perez-Martin-690x400.jpg\" class=\"img-fluid mb-2 mb-md-0 wp-post-image\" alt=\"\" \/>                <\/div>\n                <div class=\"col-md-6\">\n                    <div class=\"show__content p-md-4\">\n                        <div class=\"show__subtitle\">.<\/div>\n                        <h2>THE MOUNTAIN, THE TRUTH &#038; THE PARADISE<\/h2>\n                        <div class=\"show__excerpt\"><p>Pep Ramis\u2019s solo piece. A\u00a0journey full of variety, feeling and stimulation.<\/p>\n<\/div>\n                        <span class=\"btn btn-outline-primary\" target=\"_blank\" download>+ Info<\/span>\n                    <\/div>\n                <\/div>\n            <\/a>\n                <!-- end of the loop -->\n        <\/div>\n                    \n    [\/vc_column][\/vc_row][\/vc_section][vc_section][vc_row][vc_column][vc_column_text]<\/p>\n<h2 style=\"text-align: center;\">News<\/h2>\n<p>[\/vc_column_text]    \n    \n        <!-- the list loop -->\n        <div class=\"shows-grid\">\n                    <a href=\"https:\/\/www.malpelo.org\/en\/show\/we\/\" title=\"WE\" class=\"show row align-items-center mb-4\">\n                <div class=\"show__image col-md-6\">\n                    <img loading=\"lazy\" decoding=\"async\" width=\"690\" height=\"400\" src=\"https:\/\/www.malpelo.org\/wp-content\/uploads\/2025\/03\/MP-WE_1566web\u00a9Tristan-Perez-Martin-690x400.jpg\" class=\"img-fluid mb-2 mb-md-0 wp-post-image\" alt=\"\" \/>                <\/div>\n                <div class=\"col-md-6\">\n                    <div class=\"show__content p-md-4\">\n                        <div class=\"show__subtitle\">2025 NEW CREATION <\/div>\n                        <h2>WE<\/h2>\n                        <div class=\"show__excerpt\"><p>&nbsp; What do we leave in the palm of our hand to give to new generations? WE, us, a community that defines us as individuals? A sense of belonging, where? Across time and generations we continue to ask ourselves about our identity, our place, our future. Ours?<\/p>\n<\/div>\n                        <span class=\"btn btn-outline-primary\" target=\"_blank\" download>+ Info<\/span>\n                    <\/div>\n                <\/div>\n            <\/a>\n                <!-- end of the loop -->\n        <\/div>\n                    \n    [\/vc_column][\/vc_row][\/vc_section][vc_section css=&#8221;.vc_custom_1592900218468{background-color: #eeeeee !important;}&#8221;][vc_row][vc_column]\t<div id=\"carouselExampleIndicators\" class=\"carousel slide reviews-slide\" data-ride=\"carousel\">\n\t\t<ol class=\"carousel-indicators\">\n\t\t\t\t\t\t\t<li data-target=\"#carouselExampleIndicators\" data-slide-to=\"0\" class=\"active\"><\/li>\n\t\t\t\t\t\t\t<li data-target=\"#carouselExampleIndicators\" data-slide-to=\"1\" class=\"\"><\/li>\n\t\t\t\t\t\t\t<li data-target=\"#carouselExampleIndicators\" data-slide-to=\"2\" class=\"\"><\/li>\n\t\t\t\t\t<\/ol>\n        <div class=\"carousel-inner\">\n\t\t\t\t<div class=\"carousel-item active\">\n\t\t<h3><\/h3>\n\t\t<div>&#8220;Her stage presence, raw and undeniable, is that of a magnetic actress: her movements don\u2019t just dance, they sculpt the space, ironical, despising anything merely agreeable.&#8221;<\/div>\n\t\tOn Mar\u00eda Mu\u00f1oz in <i>Bach<\/i>. AF. Le C\u00e9sar\t<\/div>\n\t\t<div class=\"carousel-item\">\n\t\t<h3><\/h3>\n\t\t<div>\u201c\u00ab\u201c<i>On Goldberg Variations\/Variations<\/i> is a beautiful and magnificent piece resulting from a research and creation workshop by Mal Pelo, that has become one best dance companies in Spain.\u201d <\/div>\n\t\tMarta Carrasco. ABC de Sevilla. 01\/20\t<\/div>\n\t\t<div class=\"carousel-item\">\n\t\t<h3><\/h3>\n\t\t<div>\u201cAs is usual in montages by Mal Pelo, the set is judged to the millimetre. That is to say, very well anchored.\u201d\u00a0<\/div>\n\t\tCarmen del Val. El Pa\u00eds\u201d\t<\/div>\n\t\t\t<\/div>\n\t\t<a class=\"carousel-control-prev\" href=\"#carouselExampleIndicators\" role=\"button\" data-slide=\"prev\">\n\t\t\t<span class=\"carousel-control-prev-icon\" aria-hidden=\"true\"><\/span>\n\t\t\t<span class=\"sr-only\">Previous<\/span>\n\t\t<\/a>\n\t\t<a class=\"carousel-control-next\" href=\"#carouselExampleIndicators\" role=\"button\" data-slide=\"next\">\n\t\t\t<span class=\"carousel-control-next-icon\" aria-hidden=\"true\"><\/span>\n\t\t\t<span class=\"sr-only\">Next<\/span>\n\t\t<\/a>\n\t<\/div>\n\t[\/vc_column][\/vc_row][vc_row][vc_column css=&#8221;.vc_custom_1607592211983{margin-bottom: 3rem !important;}&#8221;][vc_empty_space][vc_column_text]<\/p>\n<p style=\"text-align: right;\">*<em>The photographs on this web page are by Jordi Bover, Trist\u00e1n P\u00e9rez-Mart\u00edn and Mal Pelo, among others.<\/em><\/p>\n<p>[\/vc_column_text][\/vc_column][\/vc_row][\/vc_section][vc_section][vc_row][vc_column width=&#8221;1\/6&#8243;][\/vc_column][vc_column width=&#8221;2\/3&#8243;][vc_column_text]<\/p>\n<h3 style=\"text-align: center;\"><b>If you\u2019d like to receive news about Mal Pelo, please subscribe to our newsletter<\/b><\/h3>\n<p>[mc4wp_form id=&#8221;647&#8243;][\/vc_column_text][\/vc_column][vc_column width=&#8221;1\/6&#8243;][\/vc_column][\/vc_row][vc_row][vc_column][vc_empty_space][\/vc_column][\/vc_row][\/vc_section]<\/p>\n<\/div>","protected":false},"excerpt":{"rendered":"<p>[vc_section css=&#8221;.vc_custom_1591262090652{padding-top: 3rem !important;padding-bottom: 3rem !important;background-color: #eeeeee !important;}&#8221;][vc_row][vc_column][vc_column_text] Diary [\/vc_column_text][vc_btn title=&#8221;All&#8221; style=&#8221;flat&#8221; shape=&#8221;square&#8221; color=&#8221;black&#8221; align=&#8221;center&#8221; link=&#8221;url:https%3A%2F%2Fwww.malpelo.org%2Fagenda%2F|title:Agenda||&#8221;][\/vc_column][\/vc_row][vc_row][vc_column][vc_row_inner][vc_column_inner][vc_separator][\/vc_column_inner][\/vc_row_inner][\/vc_column][\/vc_row][vc_row][vc_column][vc_column_text][\/vc_column_text][\/vc_column][\/vc_row][vc_row][vc_column][vc_empty_space][\/vc_column][\/vc_row][\/vc_section][vc_section][vc_row][vc_column][vc_column_text] Work on tour [\/vc_column_text][\/vc_column][\/vc_row][\/vc_section][vc_section][vc_row][vc_column][vc_column_text] News [\/vc_column_text][\/vc_column][\/vc_row][\/vc_section][vc_section css=&#8221;.vc_custom_1592900218468{background-color: #eeeeee !important;}&#8221;][vc_row][vc_column][\/vc_column][\/vc_row][vc_row][vc_column css=&#8221;.vc_custom_1607592211983{margin-bottom: 3rem !important;}&#8221;][vc_empty_space][vc_column_text] *The photographs on this web page are by Jordi Bover, Trist\u00e1n P\u00e9rez-Mart\u00edn and Mal Pelo, among others. [\/vc_column_text][\/vc_column][\/vc_row][\/vc_section][vc_section][vc_row][vc_column width=&#8221;1\/6&#8243;][\/vc_column][vc_column width=&#8221;2\/3&#8243;][vc_column_text] If you\u2019d like to receive news about [&hellip;]<\/p>\n","protected":false},"author":1,"featured_media":0,"parent":0,"menu_order":0,"comment_status":"closed","ping_status":"open","template":"","meta":{"_acf_changed":false,"footnotes":""},"class_list":["post-2774","page","type-page","status-publish","hentry"],"acf":[],"yoast_head":"<!-- This site is optimized with the Yoast SEO plugin v27.3 - https:\/\/yoast.com\/product\/yoast-seo-wordpress\/ -->\n<title>Start - Mal Pelo<\/title>\n<meta name=\"description\" content=\"Mal Pelo, under its artistic co-directors Pep Ramis and Mar\u00eda Mu\u00f1oz, is a performance creation group. Since 1989, Mal Pelo has developed its own artistic language through movement and compositions that include texts, original sound tracks, live music, set construction, lighting and video design among other tools for the stage.\" \/>\n<meta name=\"robots\" content=\"index, follow, max-snippet:-1, max-image-preview:large, max-video-preview:-1\" \/>\n<link rel=\"canonical\" href=\"https:\/\/www.malpelo.org\/en\/\" \/>\n<meta property=\"og:locale\" content=\"en_US\" \/>\n<meta property=\"og:type\" content=\"article\" \/>\n<meta property=\"og:title\" content=\"Start - Mal Pelo\" \/>\n<meta property=\"og:description\" content=\"Mal Pelo, under its artistic co-directors Pep Ramis and Mar\u00eda Mu\u00f1oz, is a performance creation group. Since 1989, Mal Pelo has developed its own artistic language through movement and compositions that include texts, original sound tracks, live music, set construction, lighting and video design among other tools for the stage.\" \/>\n<meta property=\"og:url\" content=\"https:\/\/www.malpelo.org\/en\/\" \/>\n<meta property=\"og:site_name\" content=\"Mal Pelo\" \/>\n<meta property=\"article:modified_time\" content=\"2025-03-24T12:31:36+00:00\" \/>\n<meta name=\"twitter:card\" content=\"summary_large_image\" \/>\n<meta name=\"twitter:label1\" content=\"Est. reading time\" \/>\n\t<meta name=\"twitter:data1\" content=\"1 minute\" \/>\n<script type=\"application\/ld+json\" class=\"yoast-schema-graph\">{\"@context\":\"https:\\\/\\\/schema.org\",\"@graph\":[{\"@type\":\"WebPage\",\"@id\":\"https:\\\/\\\/www.malpelo.org\\\/en\\\/\",\"url\":\"https:\\\/\\\/www.malpelo.org\\\/en\\\/\",\"name\":\"Start - Mal Pelo\",\"isPartOf\":{\"@id\":\"https:\\\/\\\/www.malpelo.org\\\/#website\"},\"datePublished\":\"2021-02-05T10:24:26+00:00\",\"dateModified\":\"2025-03-24T12:31:36+00:00\",\"description\":\"Mal Pelo, under its artistic co-directors Pep Ramis and Mar\u00eda Mu\u00f1oz, is a performance creation group. Since 1989, Mal Pelo has developed its own artistic language through movement and compositions that include texts, original sound tracks, live music, set construction, lighting and video design among other tools for the stage.\",\"breadcrumb\":{\"@id\":\"https:\\\/\\\/www.malpelo.org\\\/en\\\/#breadcrumb\"},\"inLanguage\":\"en-US\",\"potentialAction\":[{\"@type\":\"ReadAction\",\"target\":[\"https:\\\/\\\/www.malpelo.org\\\/en\\\/\"]}]},{\"@type\":\"BreadcrumbList\",\"@id\":\"https:\\\/\\\/www.malpelo.org\\\/en\\\/#breadcrumb\",\"itemListElement\":[{\"@type\":\"ListItem\",\"position\":1,\"name\":\"Inici\",\"item\":\"https:\\\/\\\/www.malpelo.org\\\/en\\\/\"},{\"@type\":\"ListItem\",\"position\":2,\"name\":\"Start\"}]},{\"@type\":\"WebSite\",\"@id\":\"https:\\\/\\\/www.malpelo.org\\\/#website\",\"url\":\"https:\\\/\\\/www.malpelo.org\\\/\",\"name\":\"Mal Pelo\",\"description\":\"Mal Pelo\",\"potentialAction\":[{\"@type\":\"SearchAction\",\"target\":{\"@type\":\"EntryPoint\",\"urlTemplate\":\"https:\\\/\\\/www.malpelo.org\\\/?s={search_term_string}\"},\"query-input\":{\"@type\":\"PropertyValueSpecification\",\"valueRequired\":true,\"valueName\":\"search_term_string\"}}],\"inLanguage\":\"en-US\"}]}<\/script>\n<!-- \/ Yoast SEO plugin. -->","yoast_head_json":{"title":"Start - Mal Pelo","description":"Mal Pelo, under its artistic co-directors Pep Ramis and Mar\u00eda Mu\u00f1oz, is a performance creation group. Since 1989, Mal Pelo has developed its own artistic language through movement and compositions that include texts, original sound tracks, live music, set construction, lighting and video design among other tools for the stage.","robots":{"index":"index","follow":"follow","max-snippet":"max-snippet:-1","max-image-preview":"max-image-preview:large","max-video-preview":"max-video-preview:-1"},"canonical":"https:\/\/www.malpelo.org\/en\/","og_locale":"en_US","og_type":"article","og_title":"Start - Mal Pelo","og_description":"Mal Pelo, under its artistic co-directors Pep Ramis and Mar\u00eda Mu\u00f1oz, is a performance creation group. Since 1989, Mal Pelo has developed its own artistic language through movement and compositions that include texts, original sound tracks, live music, set construction, lighting and video design among other tools for the stage.","og_url":"https:\/\/www.malpelo.org\/en\/","og_site_name":"Mal Pelo","article_modified_time":"2025-03-24T12:31:36+00:00","twitter_card":"summary_large_image","twitter_misc":{"Est. reading time":"1 minute"},"schema":{"@context":"https:\/\/schema.org","@graph":[{"@type":"WebPage","@id":"https:\/\/www.malpelo.org\/en\/","url":"https:\/\/www.malpelo.org\/en\/","name":"Start - Mal Pelo","isPartOf":{"@id":"https:\/\/www.malpelo.org\/#website"},"datePublished":"2021-02-05T10:24:26+00:00","dateModified":"2025-03-24T12:31:36+00:00","description":"Mal Pelo, under its artistic co-directors Pep Ramis and Mar\u00eda Mu\u00f1oz, is a performance creation group. Since 1989, Mal Pelo has developed its own artistic language through movement and compositions that include texts, original sound tracks, live music, set construction, lighting and video design among other tools for the stage.","breadcrumb":{"@id":"https:\/\/www.malpelo.org\/en\/#breadcrumb"},"inLanguage":"en-US","potentialAction":[{"@type":"ReadAction","target":["https:\/\/www.malpelo.org\/en\/"]}]},{"@type":"BreadcrumbList","@id":"https:\/\/www.malpelo.org\/en\/#breadcrumb","itemListElement":[{"@type":"ListItem","position":1,"name":"Inici","item":"https:\/\/www.malpelo.org\/en\/"},{"@type":"ListItem","position":2,"name":"Start"}]},{"@type":"WebSite","@id":"https:\/\/www.malpelo.org\/#website","url":"https:\/\/www.malpelo.org\/","name":"Mal Pelo","description":"Mal Pelo","potentialAction":[{"@type":"SearchAction","target":{"@type":"EntryPoint","urlTemplate":"https:\/\/www.malpelo.org\/?s={search_term_string}"},"query-input":{"@type":"PropertyValueSpecification","valueRequired":true,"valueName":"search_term_string"}}],"inLanguage":"en-US"}]}},"_links":{"self":[{"href":"https:\/\/www.malpelo.org\/en\/wp-json\/wp\/v2\/pages\/2774","targetHints":{"allow":["GET"]}}],"collection":[{"href":"https:\/\/www.malpelo.org\/en\/wp-json\/wp\/v2\/pages"}],"about":[{"href":"https:\/\/www.malpelo.org\/en\/wp-json\/wp\/v2\/types\/page"}],"author":[{"embeddable":true,"href":"https:\/\/www.malpelo.org\/en\/wp-json\/wp\/v2\/users\/1"}],"replies":[{"embeddable":true,"href":"https:\/\/www.malpelo.org\/en\/wp-json\/wp\/v2\/comments?post=2774"}],"version-history":[{"count":10,"href":"https:\/\/www.malpelo.org\/en\/wp-json\/wp\/v2\/pages\/2774\/revisions"}],"predecessor-version":[{"id":3865,"href":"https:\/\/www.malpelo.org\/en\/wp-json\/wp\/v2\/pages\/2774\/revisions\/3865"}],"wp:attachment":[{"href":"https:\/\/www.malpelo.org\/en\/wp-json\/wp\/v2\/media?parent=2774"}],"curies":[{"name":"wp","href":"https:\/\/api.w.org\/{rel}","templated":true}]}}