{"id":2769,"date":"2021-02-05T12:11:44","date_gmt":"2021-02-05T10:11:44","guid":{"rendered":"https:\/\/www.malpelo.org\/?page_id=2769"},"modified":"2024-01-19T15:25:47","modified_gmt":"2024-01-19T13:25:47","slug":"collaborators","status":"publish","type":"page","link":"https:\/\/www.malpelo.org\/en\/collaborators\/","title":{"rendered":"COMPLICITIES"},"content":{"rendered":"<div class=\"wpb-content-wrapper\"><p>[vc_section][vc_row][vc_column][vc_column_text]\u00a0Mal Pelo has been constructing its dramatic world for over thirty years now, in an ongoing effort to experience creation through artistic collaborations. The nucleus of the group is formed by Mar\u00eda Mu\u00f1oz and Pep Ramis, who come together to seek out and study the language of the body and of movement. Mal Pelo\u2019s work has mingled different disciplines from the start.<\/p>\n<p>On this long journey, we have met writers, musicians, thinkers, audiovisual artists, set designers and choreographers, all people who have enriched our language and our way of seeing.<\/p>\n<p>In the same way, we have been able to enter other worlds as collaborators on the work of other artists. With some of them we have shared the stage: \u00c0ngels Margarit, Andr\u00e9s Corchero, Ni\u00f1o de Elche, Raffaella Giordano, Eduard Fern\u00e1ndez, Enric Ases, Piero Steiner, Lisa Nelson, Faustin Linyekula, Cesc Gelabert\u2026 and with others we have brought our external viewpoint to their processes of creation: Bar\u00f3 d&#8217;Evel, Leonor Leal, Marta Izquierdo, Colectivo La Bolsa \u2026<\/p>\n<p>Curiosity about others is what drives us to carry on discovering and sharing.<\/p>\n<p>Thank you to you all.\u00a0[\/vc_column_text][\/vc_column][\/vc_row][vc_row][vc_column][vc_column_text]<\/p>\n<h2 style=\"text-align: center;\">Colleagues, inspiration and collaborative working<\/h2>\n<p>[\/vc_column_text]    \n        <!-- pagination here -->\n    \n        <!-- the loop -->\n        <div class=\"row\">\n                    <div class=\"col-md-6 col-lg-4 mb4\">\n                    <div class=\"ps-image\" style=\"background-image: url(https:\/\/www.malpelo.org\/wp-content\/uploads\/2020\/10\/NURIA-FONT.jpg)\">\n        <div class=\"ps-image__content\">\n\t\t<h3>N\u00faria Font<\/h3>\n        <div><\/div>\n                <a class=\"btn btn-outline-light mt-3\" href=\"https:\/\/www.malpelo.org\/en\/collaborator\/nuria-font\/\" title=\"+info\" target=\"\">+info<\/a>\n        \t\t<\/div>\n\t<\/div>\n\t            <\/div>\n                    <div class=\"col-md-6 col-lg-4 mb4\">\n                    <div class=\"ps-image\" style=\"background-image: url(https:\/\/www.malpelo.org\/wp-content\/uploads\/2020\/11\/steve-paxton2-1024x614-1-e1605190066500.jpg)\">\n        <div class=\"ps-image__content\">\n\t\t<h3>Steve Paxton<\/h3>\n        <div><\/div>\n                <a class=\"btn btn-outline-light mt-3\" href=\"https:\/\/www.malpelo.org\/en\/collaborator\/steve-paxton\/\" title=\"+info\" target=\"\">+info<\/a>\n        \t\t<\/div>\n\t<\/div>\n\t            <\/div>\n                    <div class=\"col-md-6 col-lg-4 mb4\">\n                    <div class=\"ps-image\" style=\"background-image: url(https:\/\/www.malpelo.org\/wp-content\/uploads\/2020\/04\/JOHN-BERGER.jpg)\">\n        <div class=\"ps-image__content\">\n\t\t<h3>John Berger<\/h3>\n        <div><\/div>\n                <a class=\"btn btn-outline-light mt-3\" href=\"https:\/\/www.malpelo.org\/en\/collaborator\/john-berger\/\" title=\"+info\" target=\"\">+info<\/a>\n        \t\t<\/div>\n\t<\/div>\n\t            <\/div>\n                    <div class=\"col-md-6 col-lg-4 mb4\">\n                    <div class=\"ps-image\" style=\"background-image: url(https:\/\/www.malpelo.org\/wp-content\/uploads\/2020\/11\/BarodEvel-e1605864556182.jpg)\">\n        <div class=\"ps-image__content\">\n\t\t<h3>Baro d&#8217;Evel<\/h3>\n        <div><\/div>\n                <a class=\"btn btn-outline-light mt-3\" href=\"https:\/\/www.malpelo.org\/en\/collaborator\/baro-devel\/\" title=\"+info\" target=\"\">+info<\/a>\n        \t\t<\/div>\n\t<\/div>\n\t            <\/div>\n                    <div class=\"col-md-6 col-lg-4 mb4\">\n                    <div class=\"ps-image\" style=\"background-image: url(https:\/\/www.malpelo.org\/wp-content\/uploads\/2020\/04\/LISA-NELSON.jpg)\">\n        <div class=\"ps-image__content\">\n\t\t<h3>Lisa Nelson<\/h3>\n        <div><\/div>\n                <a class=\"btn btn-outline-light mt-3\" href=\"https:\/\/www.malpelo.org\/en\/collaborator\/lisa-nelson\/\" title=\"+info\" target=\"\">+info<\/a>\n        \t\t<\/div>\n\t<\/div>\n\t            <\/div>\n                    <div class=\"col-md-6 col-lg-4 mb4\">\n                    <div class=\"ps-image\" style=\"background-image: url(https:\/\/www.malpelo.org\/wp-content\/uploads\/2020\/04\/ERRI-DE-LUCA.jpg)\">\n        <div class=\"ps-image__content\">\n\t\t<h3>Erri de Luca<\/h3>\n        <div><\/div>\n                <a class=\"btn btn-outline-light mt-3\" href=\"https:\/\/www.malpelo.org\/en\/collaborator\/erri-de-luca\/\" title=\"+info\" target=\"\">+info<\/a>\n        \t\t<\/div>\n\t<\/div>\n\t            <\/div>\n                    <div class=\"col-md-6 col-lg-4 mb4\">\n                    <div class=\"ps-image\" style=\"background-image: url(https:\/\/www.malpelo.org\/wp-content\/uploads\/2020\/12\/danTepfer17thum.jpeg)\">\n        <div class=\"ps-image__content\">\n\t\t<h3>Dan Tepfer<\/h3>\n        <div><\/div>\n                <a class=\"btn btn-outline-light mt-3\" href=\"https:\/\/www.malpelo.org\/en\/collaborator\/dan-tepfer\/\" title=\"+info\" target=\"\">+info<\/a>\n        \t\t<\/div>\n\t<\/div>\n\t            <\/div>\n                    <div class=\"col-md-6 col-lg-4 mb4\">\n                    <div class=\"ps-image\" style=\"background-image: url(https:\/\/www.malpelo.org\/wp-content\/uploads\/2024\/02\/Leonor-Leal-previo-Jose-Albornoz-13.jpg)\">\n        <div class=\"ps-image__content\">\n\t\t<h3>Leonor Leal<\/h3>\n        <div><\/div>\n                <a class=\"btn btn-outline-light mt-3\" href=\"https:\/\/www.malpelo.org\/en\/collaborator\/dan-tepfer-copy\/\" title=\"+info\" target=\"\">+info<\/a>\n        \t\t<\/div>\n\t<\/div>\n\t            <\/div>\n                <!-- end of the loop -->\n        <\/div>\n    \n            \n    [\/vc_column][\/vc_row][\/vc_section][vc_row][vc_column][\/vc_column][\/vc_row]<\/p>\n<\/div>","protected":false},"excerpt":{"rendered":"<p>[vc_section][vc_row][vc_column][vc_column_text]\u00a0Mal Pelo has been constructing its dramatic world for over thirty years now, in an ongoing effort to experience creation through artistic collaborations. The nucleus of the group is formed by Mar\u00eda Mu\u00f1oz and Pep Ramis, who come together to seek out and study the language of the body and of movement. Mal Pelo\u2019s work [&hellip;]<\/p>\n","protected":false},"author":1,"featured_media":0,"parent":0,"menu_order":0,"comment_status":"closed","ping_status":"closed","template":"","meta":{"_acf_changed":false,"footnotes":""},"class_list":["post-2769","page","type-page","status-publish","hentry"],"acf":[],"yoast_head":"<!-- This site is optimized with the Yoast SEO plugin v27.3 - https:\/\/yoast.com\/product\/yoast-seo-wordpress\/ -->\n<title>COMPLICITIES - Mal Pelo<\/title>\n<meta name=\"robots\" content=\"index, follow, max-snippet:-1, max-image-preview:large, max-video-preview:-1\" \/>\n<link rel=\"canonical\" href=\"https:\/\/www.malpelo.org\/en\/collaborators\/\" \/>\n<meta property=\"og:locale\" content=\"en_US\" \/>\n<meta property=\"og:type\" content=\"article\" \/>\n<meta property=\"og:title\" content=\"COMPLICITIES - Mal Pelo\" \/>\n<meta property=\"og:description\" content=\"[vc_section][vc_row][vc_column][vc_column_text]\u00a0Mal Pelo has been constructing its dramatic world for over thirty years now, in an ongoing effort to experience creation through artistic collaborations. The nucleus of the group is formed by Mar\u00eda Mu\u00f1oz and Pep Ramis, who come together to seek out and study the language of the body and of movement. Mal Pelo\u2019s work [&hellip;]\" \/>\n<meta property=\"og:url\" content=\"https:\/\/www.malpelo.org\/en\/collaborators\/\" \/>\n<meta property=\"og:site_name\" content=\"Mal Pelo\" \/>\n<meta property=\"article:modified_time\" content=\"2024-01-19T13:25:47+00:00\" \/>\n<meta name=\"twitter:card\" content=\"summary_large_image\" \/>\n<meta name=\"twitter:label1\" content=\"Est. reading time\" \/>\n\t<meta name=\"twitter:data1\" content=\"2 minutes\" \/>\n<script type=\"application\/ld+json\" class=\"yoast-schema-graph\">{\"@context\":\"https:\\\/\\\/schema.org\",\"@graph\":[{\"@type\":\"WebPage\",\"@id\":\"https:\\\/\\\/www.malpelo.org\\\/en\\\/collaborators\\\/\",\"url\":\"https:\\\/\\\/www.malpelo.org\\\/en\\\/collaborators\\\/\",\"name\":\"COMPLICITIES - Mal Pelo\",\"isPartOf\":{\"@id\":\"https:\\\/\\\/www.malpelo.org\\\/#website\"},\"datePublished\":\"2021-02-05T10:11:44+00:00\",\"dateModified\":\"2024-01-19T13:25:47+00:00\",\"breadcrumb\":{\"@id\":\"https:\\\/\\\/www.malpelo.org\\\/en\\\/collaborators\\\/#breadcrumb\"},\"inLanguage\":\"en-US\",\"potentialAction\":[{\"@type\":\"ReadAction\",\"target\":[\"https:\\\/\\\/www.malpelo.org\\\/en\\\/collaborators\\\/\"]}]},{\"@type\":\"BreadcrumbList\",\"@id\":\"https:\\\/\\\/www.malpelo.org\\\/en\\\/collaborators\\\/#breadcrumb\",\"itemListElement\":[{\"@type\":\"ListItem\",\"position\":1,\"name\":\"Inici\",\"item\":\"https:\\\/\\\/www.malpelo.org\\\/en\\\/\"},{\"@type\":\"ListItem\",\"position\":2,\"name\":\"COMPLICITIES\"}]},{\"@type\":\"WebSite\",\"@id\":\"https:\\\/\\\/www.malpelo.org\\\/#website\",\"url\":\"https:\\\/\\\/www.malpelo.org\\\/\",\"name\":\"Mal Pelo\",\"description\":\"Mal Pelo\",\"potentialAction\":[{\"@type\":\"SearchAction\",\"target\":{\"@type\":\"EntryPoint\",\"urlTemplate\":\"https:\\\/\\\/www.malpelo.org\\\/?s={search_term_string}\"},\"query-input\":{\"@type\":\"PropertyValueSpecification\",\"valueRequired\":true,\"valueName\":\"search_term_string\"}}],\"inLanguage\":\"en-US\"}]}<\/script>\n<!-- \/ Yoast SEO plugin. -->","yoast_head_json":{"title":"COMPLICITIES - Mal Pelo","robots":{"index":"index","follow":"follow","max-snippet":"max-snippet:-1","max-image-preview":"max-image-preview:large","max-video-preview":"max-video-preview:-1"},"canonical":"https:\/\/www.malpelo.org\/en\/collaborators\/","og_locale":"en_US","og_type":"article","og_title":"COMPLICITIES - Mal Pelo","og_description":"[vc_section][vc_row][vc_column][vc_column_text]\u00a0Mal Pelo has been constructing its dramatic world for over thirty years now, in an ongoing effort to experience creation through artistic collaborations. The nucleus of the group is formed by Mar\u00eda Mu\u00f1oz and Pep Ramis, who come together to seek out and study the language of the body and of movement. Mal Pelo\u2019s work [&hellip;]","og_url":"https:\/\/www.malpelo.org\/en\/collaborators\/","og_site_name":"Mal Pelo","article_modified_time":"2024-01-19T13:25:47+00:00","twitter_card":"summary_large_image","twitter_misc":{"Est. reading time":"2 minutes"},"schema":{"@context":"https:\/\/schema.org","@graph":[{"@type":"WebPage","@id":"https:\/\/www.malpelo.org\/en\/collaborators\/","url":"https:\/\/www.malpelo.org\/en\/collaborators\/","name":"COMPLICITIES - Mal Pelo","isPartOf":{"@id":"https:\/\/www.malpelo.org\/#website"},"datePublished":"2021-02-05T10:11:44+00:00","dateModified":"2024-01-19T13:25:47+00:00","breadcrumb":{"@id":"https:\/\/www.malpelo.org\/en\/collaborators\/#breadcrumb"},"inLanguage":"en-US","potentialAction":[{"@type":"ReadAction","target":["https:\/\/www.malpelo.org\/en\/collaborators\/"]}]},{"@type":"BreadcrumbList","@id":"https:\/\/www.malpelo.org\/en\/collaborators\/#breadcrumb","itemListElement":[{"@type":"ListItem","position":1,"name":"Inici","item":"https:\/\/www.malpelo.org\/en\/"},{"@type":"ListItem","position":2,"name":"COMPLICITIES"}]},{"@type":"WebSite","@id":"https:\/\/www.malpelo.org\/#website","url":"https:\/\/www.malpelo.org\/","name":"Mal Pelo","description":"Mal Pelo","potentialAction":[{"@type":"SearchAction","target":{"@type":"EntryPoint","urlTemplate":"https:\/\/www.malpelo.org\/?s={search_term_string}"},"query-input":{"@type":"PropertyValueSpecification","valueRequired":true,"valueName":"search_term_string"}}],"inLanguage":"en-US"}]}},"_links":{"self":[{"href":"https:\/\/www.malpelo.org\/en\/wp-json\/wp\/v2\/pages\/2769","targetHints":{"allow":["GET"]}}],"collection":[{"href":"https:\/\/www.malpelo.org\/en\/wp-json\/wp\/v2\/pages"}],"about":[{"href":"https:\/\/www.malpelo.org\/en\/wp-json\/wp\/v2\/types\/page"}],"author":[{"embeddable":true,"href":"https:\/\/www.malpelo.org\/en\/wp-json\/wp\/v2\/users\/1"}],"replies":[{"embeddable":true,"href":"https:\/\/www.malpelo.org\/en\/wp-json\/wp\/v2\/comments?post=2769"}],"version-history":[{"count":4,"href":"https:\/\/www.malpelo.org\/en\/wp-json\/wp\/v2\/pages\/2769\/revisions"}],"predecessor-version":[{"id":2771,"href":"https:\/\/www.malpelo.org\/en\/wp-json\/wp\/v2\/pages\/2769\/revisions\/2771"}],"wp:attachment":[{"href":"https:\/\/www.malpelo.org\/en\/wp-json\/wp\/v2\/media?parent=2769"}],"curies":[{"name":"wp","href":"https:\/\/api.w.org\/{rel}","templated":true}]}}